{"id":10910,"date":"2022-03-02T11:21:55","date_gmt":"2022-03-02T10:21:55","guid":{"rendered":"https:\/\/a1-envirosciences.com\/produkte\/non%20class\u00e9\/pcr-clean-air-bubble\/"},"modified":"2025-11-04T17:44:44","modified_gmt":"2025-11-04T16:44:44","slug":"pcr-clean-air-bubble","status":"publish","type":"product","link":"https:\/\/a1-envirosciences.com\/fr\/produits\/confinement\/pcr-clean-air-bubble\/","title":{"rendered":"PCR Clean Air Bubble"},"content":{"rendered":"<p><strong>Syst\u00e8me de surpression filtr\u00e9 HEPA<\/strong>: g\u00e9n\u00e8re une couverture d&rsquo;air propre continue de classe ISO 5 au-dessus de la zone de pr\u00e9paration des \u00e9chantillons pour la manipulation des r\u00e9actifs PCR sensibles.<\/p>\n<p><strong>Lampe UV-C bact\u00e9ricide<\/strong>: assure une d\u00e9contamination biologique avant et apr\u00e8s l&rsquo;utilisation<\/p>\n<p><strong>Flexibilit\u00e9 locale maximale<\/strong>: que ce soit dans votre entreprise ou en d\u00e9placement. D\u00e9ballez, branchez, c&rsquo;est parti.<\/p>\n<p><strong>une libert\u00e9 de mouvement optimale<\/strong>: gr\u00e2ce \u00e0 une conception compacte et convexe, un encombrement super r\u00e9duit et une grande ouverture \u00e0 l&rsquo;avant<\/p>\n<p><strong>faible vitesse d&rsquo;\u00e9coulement : <\/strong>la bulle est silencieuse et \u00e9conome en \u00e9nergie, ce qui signifie de faibles co\u00fbts d&rsquo;exploitation.<\/p>\n<p><strong>longue dur\u00e9e de vie des filtres<\/strong>: les filtres peuvent \u00eatre utilis\u00e9s pendant environ 18 mois, selon l&rsquo;utilisation.<\/p>\n<p><strong>Remplacer le filtre soi-m\u00eame<\/strong>: Vous b\u00e9n\u00e9ficiez d&rsquo;une flexibilit\u00e9 maximale lors du remplacement du filtre, car vous pouvez facilement le faire vous-m\u00eame.<\/p>\n<p><strong>Nettoyage facile<\/strong>: gr\u00e2ce aux mat\u00e9riaux r\u00e9sistants aux produits chimiques (PEHD) et \u00e0 la hotte amovible.<\/p>\n<p><strong>Votre mini-poste de travail<\/strong>: avec des \u00e9tag\u00e8res int\u00e9gr\u00e9es \u00e0 l&rsquo;int\u00e9rieur de la bulle pour le rangement de l&rsquo;\u00e9quipement et un \u00e9clairage int\u00e9gr\u00e9 \u00e0 l&rsquo;arri\u00e8re, sans reflets.<\/p>\n<p><strong>Tout est sous contr\u00f4le<\/strong>: avec un r\u00e9gulateur de vitesse \u00e9lectronique pour contr\u00f4ler le d\u00e9bit avec une alarme sonore et visuelle<\/p>\n<p><strong>Travail sans vibrations<\/strong>: la ventilation\/aspiration\/filtration est compl\u00e8tement s\u00e9par\u00e9e du confinement<\/p>\n","protected":false},"excerpt":{"rendered":"<h5><strong><span style=\"color: #003671;\">Enceinte mobile de laboratoire PCR<\/span><\/strong><\/h5>\n<p><span style=\"color: #003671;\">\u2713 pour la protection et la pr\u00e9paration d&rsquo;\u00e9chantillons pour la duplication d&rsquo;ADN<\/span><\/p>\n<p><span style=\"color: #003671;\">\u2713 flexibilit\u00e9 maximale<\/span><\/p>\n<p><span style=\"color: #003671;\">\u2713 Mise en place, raccordement et travaux<\/span><\/p>\n<p><span style=\"color: #003671;\">\u2713 faible encombrement<\/span><\/p>\n<p><span style=\"color: #003671;\">\u2713 filtre HEPA H14 efficace \u00e0 99,995<\/span><\/p>\n<p><span style=\"color: #003671;\">\u2713 utilisable comme laboratoire mobile<\/span><\/p>\n","protected":false},"featured_media":7549,"template":"","meta":{"_acf_changed":false},"product_brand":[],"product_cat":[737],"product_tag":[],"class_list":{"0":"post-10910","1":"product","2":"type-product","3":"status-publish","4":"has-post-thumbnail","6":"product_cat-confinement","7":"pa_1-unterkategorie-laboratoire-mobile","8":"pa_anwenderschutz-x-fr","9":"pa_bakterizide-uv-c-lampe-ja-fr","10":"pa_einsatzgebiete-agriculture-alimentation","11":"pa_einsatzgebiete-environnement","12":"pa_einsatzgebiete-pharma-fr","13":"pa_filter-filtre-hepa-h14-et-filtre-a-charbon-actif","14":"pa_geraeteeinhausung-x-fr","15":"pa_handling-grosser-gebinde-x-fr","16":"pa_handling-von-dna-proben-ja-fr","17":"pa_handling-von-loesungsmitteln-ja-fr","18":"pa_hersteller-a1-fr","19":"pa_hoehe-575-fr","20":"pa_hoehenverstellbar-en-option","21":"pa_inerte-atmosphaere-x-fr","22":"pa_integrierte-handschuhe-x-fr","23":"pa_klimasteuerung-x-fr","24":"pa_laenge-800-fr","25":"pa_massanfertigung-moeglich-x-fr","26":"pa_maximierte-sicherheit-x-fr","27":"pa_mit-unterbau-en-option","28":"pa_mobiles-labor-ja-fr","29":"pa_normen-bs7989-fr","30":"pa_normen-en14175-fr","31":"pa_normen-iso-14644-1-fr","32":"pa_oel-640-fr","33":"pa_pat-cav-sash-fronts-x-fr","34":"pa_produktgruppe-mini-contenu","35":"pa_sprachversion-fr-fr","36":"pa_standardmethoden-en-14644-1-fr","37":"pa_tiefe-750-fr","38":"pa_weitere-groesse-vorhanden-x-fr","39":"pa_wiegen-x-fr","41":"first","42":"instock","43":"shipping-taxable","44":"product-type-simple"},"acf":[],"yoast_head":"<!-- This site is optimized with the Yoast SEO plugin v27.3 - https:\/\/yoast.com\/product\/yoast-seo-wordpress\/ -->\n<title>PCR Clean Air Bubble - a1 Envirosciences<\/title>\n<meta name=\"description\" content=\"Etabli PCR mobile pour la protection et la pr\u00e9paration d&#039;\u00e9chantillons pour l&#039;amplification d&#039;ADN, y compris une lampe UV bact\u00e9ricide 254 nm.\" \/>\n<meta name=\"robots\" content=\"index, follow, max-snippet:-1, max-image-preview:large, max-video-preview:-1\" \/>\n<link rel=\"canonical\" href=\"https:\/\/a1-envirosciences.com\/fr\/produits\/confinement\/pcr-clean-air-bubble\/\" \/>\n<meta property=\"og:locale\" content=\"fr_FR\" \/>\n<meta property=\"og:type\" content=\"article\" \/>\n<meta property=\"og:title\" content=\"PCR Clean Air Bubble - a1 Envirosciences\" \/>\n<meta property=\"og:description\" content=\"Etabli PCR mobile pour la protection et la pr\u00e9paration d&#039;\u00e9chantillons pour l&#039;amplification d&#039;ADN, y compris une lampe UV bact\u00e9ricide 254 nm.\" \/>\n<meta property=\"og:url\" content=\"https:\/\/a1-envirosciences.com\/fr\/produits\/confinement\/pcr-clean-air-bubble\/\" \/>\n<meta property=\"og:site_name\" content=\"a1 Envirosciences\" \/>\n<meta property=\"article:modified_time\" content=\"2025-11-04T16:44:44+00:00\" \/>\n<meta property=\"og:image\" content=\"https:\/\/a1-envirosciences.com\/wp-content\/uploads\/2022\/03\/PCR-Bubble_Titelbild-scaled.jpg\" \/>\n\t<meta property=\"og:image:width\" content=\"2560\" \/>\n\t<meta property=\"og:image:height\" content=\"2560\" \/>\n\t<meta property=\"og:image:type\" content=\"image\/jpeg\" \/>\n<meta name=\"twitter:card\" content=\"summary_large_image\" \/>\n<meta name=\"twitter:label1\" content=\"Dur\u00e9e de lecture estim\u00e9e\" \/>\n\t<meta name=\"twitter:data1\" content=\"2 minutes\" \/>\n<script type=\"application\/ld+json\" class=\"yoast-schema-graph\">{\"@context\":\"https:\\\/\\\/schema.org\",\"@graph\":[{\"@type\":\"WebPage\",\"@id\":\"https:\\\/\\\/a1-envirosciences.com\\\/fr\\\/produits\\\/confinement\\\/pcr-clean-air-bubble\\\/\",\"url\":\"https:\\\/\\\/a1-envirosciences.com\\\/fr\\\/produits\\\/confinement\\\/pcr-clean-air-bubble\\\/\",\"name\":\"PCR Clean Air Bubble - a1 Envirosciences\",\"isPartOf\":{\"@id\":\"https:\\\/\\\/a1-envirosciences.com\\\/fr\\\/#website\"},\"primaryImageOfPage\":{\"@id\":\"https:\\\/\\\/a1-envirosciences.com\\\/fr\\\/produits\\\/confinement\\\/pcr-clean-air-bubble\\\/#primaryimage\"},\"image\":{\"@id\":\"https:\\\/\\\/a1-envirosciences.com\\\/fr\\\/produits\\\/confinement\\\/pcr-clean-air-bubble\\\/#primaryimage\"},\"thumbnailUrl\":\"https:\\\/\\\/a1-envirosciences.com\\\/wp-content\\\/uploads\\\/2022\\\/03\\\/PCR-Bubble_Titelbild-scaled.jpg\",\"datePublished\":\"2022-03-02T10:21:55+00:00\",\"dateModified\":\"2025-11-04T16:44:44+00:00\",\"description\":\"Etabli PCR mobile pour la protection et la pr\u00e9paration d'\u00e9chantillons pour l'amplification d'ADN, y compris une lampe UV bact\u00e9ricide 254 nm.\",\"breadcrumb\":{\"@id\":\"https:\\\/\\\/a1-envirosciences.com\\\/fr\\\/produits\\\/confinement\\\/pcr-clean-air-bubble\\\/#breadcrumb\"},\"inLanguage\":\"fr-FR\",\"potentialAction\":[{\"@type\":\"ReadAction\",\"target\":[\"https:\\\/\\\/a1-envirosciences.com\\\/fr\\\/produits\\\/confinement\\\/pcr-clean-air-bubble\\\/\"]}]},{\"@type\":\"ImageObject\",\"inLanguage\":\"fr-FR\",\"@id\":\"https:\\\/\\\/a1-envirosciences.com\\\/fr\\\/produits\\\/confinement\\\/pcr-clean-air-bubble\\\/#primaryimage\",\"url\":\"https:\\\/\\\/a1-envirosciences.com\\\/wp-content\\\/uploads\\\/2022\\\/03\\\/PCR-Bubble_Titelbild-scaled.jpg\",\"contentUrl\":\"https:\\\/\\\/a1-envirosciences.com\\\/wp-content\\\/uploads\\\/2022\\\/03\\\/PCR-Bubble_Titelbild-scaled.jpg\",\"width\":2560,\"height\":2560,\"caption\":\"\u00c9tabli mobile pour PCR\"},{\"@type\":\"BreadcrumbList\",\"@id\":\"https:\\\/\\\/a1-envirosciences.com\\\/fr\\\/produits\\\/confinement\\\/pcr-clean-air-bubble\\\/#breadcrumb\",\"itemListElement\":[{\"@type\":\"ListItem\",\"position\":1,\"name\":\"Home\",\"item\":\"https:\\\/\\\/a1-envirosciences.com\\\/fr\\\/\"},{\"@type\":\"ListItem\",\"position\":2,\"name\":\"Produits\",\"item\":\"https:\\\/\\\/a1-envirosciences.com\\\/fr\\\/shop\\\/\"},{\"@type\":\"ListItem\",\"position\":3,\"name\":\"PCR Clean Air Bubble\"}]},{\"@type\":\"WebSite\",\"@id\":\"https:\\\/\\\/a1-envirosciences.com\\\/fr\\\/#website\",\"url\":\"https:\\\/\\\/a1-envirosciences.com\\\/fr\\\/\",\"name\":\"a1 Envirosciences\",\"description\":\"\",\"potentialAction\":[{\"@type\":\"SearchAction\",\"target\":{\"@type\":\"EntryPoint\",\"urlTemplate\":\"https:\\\/\\\/a1-envirosciences.com\\\/fr\\\/?s={search_term_string}\"},\"query-input\":{\"@type\":\"PropertyValueSpecification\",\"valueRequired\":true,\"valueName\":\"search_term_string\"}}],\"inLanguage\":\"fr-FR\"}]}<\/script>\n<!-- \/ Yoast SEO plugin. -->","yoast_head_json":{"title":"PCR Clean Air Bubble - a1 Envirosciences","description":"Etabli PCR mobile pour la protection et la pr\u00e9paration d'\u00e9chantillons pour l'amplification d'ADN, y compris une lampe UV bact\u00e9ricide 254 nm.","robots":{"index":"index","follow":"follow","max-snippet":"max-snippet:-1","max-image-preview":"max-image-preview:large","max-video-preview":"max-video-preview:-1"},"canonical":"https:\/\/a1-envirosciences.com\/fr\/produits\/confinement\/pcr-clean-air-bubble\/","og_locale":"fr_FR","og_type":"article","og_title":"PCR Clean Air Bubble - a1 Envirosciences","og_description":"Etabli PCR mobile pour la protection et la pr\u00e9paration d'\u00e9chantillons pour l'amplification d'ADN, y compris une lampe UV bact\u00e9ricide 254 nm.","og_url":"https:\/\/a1-envirosciences.com\/fr\/produits\/confinement\/pcr-clean-air-bubble\/","og_site_name":"a1 Envirosciences","article_modified_time":"2025-11-04T16:44:44+00:00","og_image":[{"width":2560,"height":2560,"url":"https:\/\/a1-envirosciences.com\/wp-content\/uploads\/2022\/03\/PCR-Bubble_Titelbild-scaled.jpg","type":"image\/jpeg"}],"twitter_card":"summary_large_image","twitter_misc":{"Dur\u00e9e de lecture estim\u00e9e":"2 minutes"},"schema":{"@context":"https:\/\/schema.org","@graph":[{"@type":"WebPage","@id":"https:\/\/a1-envirosciences.com\/fr\/produits\/confinement\/pcr-clean-air-bubble\/","url":"https:\/\/a1-envirosciences.com\/fr\/produits\/confinement\/pcr-clean-air-bubble\/","name":"PCR Clean Air Bubble - a1 Envirosciences","isPartOf":{"@id":"https:\/\/a1-envirosciences.com\/fr\/#website"},"primaryImageOfPage":{"@id":"https:\/\/a1-envirosciences.com\/fr\/produits\/confinement\/pcr-clean-air-bubble\/#primaryimage"},"image":{"@id":"https:\/\/a1-envirosciences.com\/fr\/produits\/confinement\/pcr-clean-air-bubble\/#primaryimage"},"thumbnailUrl":"https:\/\/a1-envirosciences.com\/wp-content\/uploads\/2022\/03\/PCR-Bubble_Titelbild-scaled.jpg","datePublished":"2022-03-02T10:21:55+00:00","dateModified":"2025-11-04T16:44:44+00:00","description":"Etabli PCR mobile pour la protection et la pr\u00e9paration d'\u00e9chantillons pour l'amplification d'ADN, y compris une lampe UV bact\u00e9ricide 254 nm.","breadcrumb":{"@id":"https:\/\/a1-envirosciences.com\/fr\/produits\/confinement\/pcr-clean-air-bubble\/#breadcrumb"},"inLanguage":"fr-FR","potentialAction":[{"@type":"ReadAction","target":["https:\/\/a1-envirosciences.com\/fr\/produits\/confinement\/pcr-clean-air-bubble\/"]}]},{"@type":"ImageObject","inLanguage":"fr-FR","@id":"https:\/\/a1-envirosciences.com\/fr\/produits\/confinement\/pcr-clean-air-bubble\/#primaryimage","url":"https:\/\/a1-envirosciences.com\/wp-content\/uploads\/2022\/03\/PCR-Bubble_Titelbild-scaled.jpg","contentUrl":"https:\/\/a1-envirosciences.com\/wp-content\/uploads\/2022\/03\/PCR-Bubble_Titelbild-scaled.jpg","width":2560,"height":2560,"caption":"\u00c9tabli mobile pour PCR"},{"@type":"BreadcrumbList","@id":"https:\/\/a1-envirosciences.com\/fr\/produits\/confinement\/pcr-clean-air-bubble\/#breadcrumb","itemListElement":[{"@type":"ListItem","position":1,"name":"Home","item":"https:\/\/a1-envirosciences.com\/fr\/"},{"@type":"ListItem","position":2,"name":"Produits","item":"https:\/\/a1-envirosciences.com\/fr\/shop\/"},{"@type":"ListItem","position":3,"name":"PCR Clean Air Bubble"}]},{"@type":"WebSite","@id":"https:\/\/a1-envirosciences.com\/fr\/#website","url":"https:\/\/a1-envirosciences.com\/fr\/","name":"a1 Envirosciences","description":"","potentialAction":[{"@type":"SearchAction","target":{"@type":"EntryPoint","urlTemplate":"https:\/\/a1-envirosciences.com\/fr\/?s={search_term_string}"},"query-input":{"@type":"PropertyValueSpecification","valueRequired":true,"valueName":"search_term_string"}}],"inLanguage":"fr-FR"}]}},"_links":{"self":[{"href":"https:\/\/a1-envirosciences.com\/fr\/wp-json\/wp\/v2\/product\/10910","targetHints":{"allow":["GET"]}}],"collection":[{"href":"https:\/\/a1-envirosciences.com\/fr\/wp-json\/wp\/v2\/product"}],"about":[{"href":"https:\/\/a1-envirosciences.com\/fr\/wp-json\/wp\/v2\/types\/product"}],"wp:featuredmedia":[{"embeddable":true,"href":"https:\/\/a1-envirosciences.com\/fr\/wp-json\/wp\/v2\/media\/7549"}],"wp:attachment":[{"href":"https:\/\/a1-envirosciences.com\/fr\/wp-json\/wp\/v2\/media?parent=10910"}],"wp:term":[{"taxonomy":"product_brand","embeddable":true,"href":"https:\/\/a1-envirosciences.com\/fr\/wp-json\/wp\/v2\/product_brand?post=10910"},{"taxonomy":"product_cat","embeddable":true,"href":"https:\/\/a1-envirosciences.com\/fr\/wp-json\/wp\/v2\/product_cat?post=10910"},{"taxonomy":"product_tag","embeddable":true,"href":"https:\/\/a1-envirosciences.com\/fr\/wp-json\/wp\/v2\/product_tag?post=10910"}],"curies":[{"name":"wp","href":"https:\/\/api.w.org\/{rel}","templated":true}]}}