{"id":10913,"date":"2022-03-03T11:08:28","date_gmt":"2022-03-03T10:08:28","guid":{"rendered":"https:\/\/a1-envirosciences.com\/produkte\/non%20class\u00e9\/gant-bubble\/"},"modified":"2025-11-04T17:44:57","modified_gmt":"2025-11-04T16:44:57","slug":"glove-bubble","status":"publish","type":"product","link":"https:\/\/a1-envirosciences.com\/fr\/produits\/confinement\/glove-bubble\/","title":{"rendered":"Glove Bubble"},"content":{"rendered":"<p><strong>Environnement confin\u00e9<\/strong>: avec une connexion de gaz inerte pour une atmosph\u00e8re contr\u00f4l\u00e9e pendant la manipulation des \u00e9chantillons.<\/p>\n<p><strong>Gants en nitrile antistatique<\/strong>: conformes aux normes EN374 et EN388, ils assurent un syst\u00e8me ferm\u00e9 pendant le travail.<\/p>\n<p><strong>Flexibilit\u00e9 locale maximale<\/strong>: que ce soit dans votre entreprise ou en d\u00e9placement. D\u00e9ballez, branchez, c&rsquo;est parti.<\/p>\n<p><strong>une libert\u00e9 de mouvement optimale<\/strong>: gr\u00e2ce \u00e0 une conception compacte et convexe, un encombrement super r\u00e9duit et une grande ouverture \u00e0 l&rsquo;avant<\/p>\n<p><strong>faible vitesse d&rsquo;\u00e9coulement : <\/strong>la bulle est silencieuse et \u00e9conome en \u00e9nergie, ce qui signifie de faibles co\u00fbts d&rsquo;exploitation.<\/p>\n<p><strong>longue dur\u00e9e de vie des filtres<\/strong>: les filtres peuvent \u00eatre utilis\u00e9s pendant environ 18 mois, selon l&rsquo;utilisation.<\/p>\n<p><strong>Remplacer le filtre soi-m\u00eame<\/strong>: Vous b\u00e9n\u00e9ficiez d&rsquo;une flexibilit\u00e9 maximale lors du remplacement du filtre, car vous pouvez facilement le faire vous-m\u00eame.<\/p>\n<p><strong>Nettoyage facile<\/strong>: gr\u00e2ce aux mat\u00e9riaux r\u00e9sistants aux produits chimiques (PEHD) et \u00e0 la hotte amovible.<\/p>\n<p><strong>Votre mini-poste de travail<\/strong>: avec des \u00e9tag\u00e8res int\u00e9gr\u00e9es \u00e0 l&rsquo;int\u00e9rieur de la bulle pour le rangement de l&rsquo;\u00e9quipement et un \u00e9clairage int\u00e9gr\u00e9 \u00e0 l&rsquo;arri\u00e8re, sans reflets.<\/p>\n<p><strong>protection \u00e9lev\u00e9e des personnes<\/strong>: gr\u00e2ce \u00e0 l&rsquo;efficacit\u00e9 du filtre H14 HEPA 99,995<\/p>\n","protected":false},"excerpt":{"rendered":"<h5><strong><span style=\"color: #003671;\">Enceinte mobile de laboratoire \u00e0 atmosph\u00e8re contr\u00f4lable<\/span><\/strong><\/h5>\n<p><span style=\"color: #003671;\">\u2713 atmosph\u00e8re scell\u00e9e et contr\u00f4l\u00e9e<\/span><\/p>\n<p><span style=\"color: #003671;\">\u2713 flexibilit\u00e9 maximale<\/span><\/p>\n<p><span style=\"color: #003671;\">\u2713 Mise en place, raccordement et travaux<\/span><\/p>\n<p><span style=\"color: #003671;\">\u2713 faible encombrement<\/span><\/p>\n<p><span style=\"color: #003671;\">\u2713 filtre HEPA H14 efficace \u00e0 99,995<\/span><\/p>\n<p><span style=\"color: #003671;\">\u2713 utilisable comme unit\u00e9 mobile<\/span><\/p>\n","protected":false},"featured_media":7543,"template":"","meta":{"_acf_changed":false},"product_brand":[],"product_cat":[737],"product_tag":[],"class_list":{"0":"post-10913","1":"product","2":"type-product","3":"status-publish","4":"has-post-thumbnail","6":"product_cat-confinement","7":"pa_1-unterkategorie-boite-a-gants","8":"pa_1-unterkategorie-boite-a-outils","9":"pa_1-unterkategorie-laboratoire-mobile","10":"pa_anwenderschutz-ja-fr","11":"pa_applikationen-dangereux","12":"pa_applikationen-environnement-controle","13":"pa_applikationen-manutention","14":"pa_bakterizide-uv-c-lampe-x","15":"pa_einsatzgebiete-agriculture-alimentation","16":"pa_einsatzgebiete-biens-de-consommation","17":"pa_einsatzgebiete-chimie","18":"pa_einsatzgebiete-energie-fr","19":"pa_einsatzgebiete-environnement","20":"pa_einsatzgebiete-petrochimie-petrole-gaz","21":"pa_einsatzgebiete-pharma-fr","22":"pa_filter-filtre-hepa-h14-et-filtre-a-charbon-actif","23":"pa_geraeteeinhausung-ja-fr","24":"pa_handling-grosser-gebinde-x-fr","25":"pa_handling-von-dna-proben-x","26":"pa_handling-von-loesungsmitteln-ja-fr","27":"pa_hersteller-a1-fr","28":"pa_hoehe-575-fr","29":"pa_hoehenverstellbar-en-option","30":"pa_inerte-atmosphaere-x-fr","31":"pa_integrierte-handschuhe-ja-fr","32":"pa_klimasteuerung-x-fr","33":"pa_laenge-950-fr","34":"pa_massanfertigung-moeglich-x-fr","35":"pa_maximierte-sicherheit-ja-fr","36":"pa_menge-petites-quantites-100-g","37":"pa_mit-unterbau-en-option","38":"pa_mobiles-labor-ja-fr","39":"pa_normen-en374-fr","40":"pa_normen-en388-fr","41":"pa_oel-640-fr","42":"pa_partikel-gaz","43":"pa_partikel-liquide","44":"pa_partikel-nanoparticules","45":"pa_pat-cav-sash-fronts-x-fr","46":"pa_produktgruppe-boite-a-gants","47":"pa_produktgruppe-climatezone-chambre-climatique","48":"pa_produktgruppe-mini-contenu","49":"pa_sprachversion-fr-fr","50":"pa_standardmethoden-en-14644-1-fr","51":"pa_standardmethoden-en-374-fr","52":"pa_standardmethoden-en-388-fr","53":"pa_tiefe-670-fr","54":"pa_weitere-groesse-vorhanden-x-fr","55":"pa_wiegen-x-fr","57":"first","58":"instock","59":"shipping-taxable","60":"product-type-simple"},"acf":[],"yoast_head":"<!-- This site is optimized with the Yoast SEO plugin v27.3 - https:\/\/yoast.com\/product\/yoast-seo-wordpress\/ -->\n<title>Glove Bubble - a1 Envirosciences<\/title>\n<meta name=\"description\" content=\"Bo\u00eete \u00e0 gants mobile - Cabine avec gants pour la manipulation d&#039;\u00e9chantillons sous atmosph\u00e8re protectrice ou dans un environnement sec. Mobile, plug &amp; play.\" \/>\n<meta name=\"robots\" content=\"index, follow, max-snippet:-1, max-image-preview:large, max-video-preview:-1\" \/>\n<link rel=\"canonical\" href=\"https:\/\/a1-envirosciences.com\/fr\/produits\/confinement\/glove-bubble\/\" \/>\n<meta property=\"og:locale\" content=\"fr_FR\" \/>\n<meta property=\"og:type\" content=\"article\" \/>\n<meta property=\"og:title\" content=\"Glove Bubble - a1 Envirosciences\" \/>\n<meta property=\"og:description\" content=\"Bo\u00eete \u00e0 gants mobile - Cabine avec gants pour la manipulation d&#039;\u00e9chantillons sous atmosph\u00e8re protectrice ou dans un environnement sec. Mobile, plug &amp; play.\" \/>\n<meta property=\"og:url\" content=\"https:\/\/a1-envirosciences.com\/fr\/produits\/confinement\/glove-bubble\/\" \/>\n<meta property=\"og:site_name\" content=\"a1 Envirosciences\" \/>\n<meta property=\"article:modified_time\" content=\"2025-11-04T16:44:57+00:00\" \/>\n<meta property=\"og:image\" content=\"https:\/\/a1-envirosciences.com\/wp-content\/uploads\/2022\/03\/Glove-Bubble_Titelbild-scaled.jpg\" \/>\n\t<meta property=\"og:image:width\" content=\"2560\" \/>\n\t<meta property=\"og:image:height\" content=\"2560\" \/>\n\t<meta property=\"og:image:type\" content=\"image\/jpeg\" \/>\n<meta name=\"twitter:card\" content=\"summary_large_image\" \/>\n<meta name=\"twitter:label1\" content=\"Dur\u00e9e de lecture estim\u00e9e\" \/>\n\t<meta name=\"twitter:data1\" content=\"2 minutes\" \/>\n<script type=\"application\/ld+json\" class=\"yoast-schema-graph\">{\"@context\":\"https:\\\/\\\/schema.org\",\"@graph\":[{\"@type\":\"WebPage\",\"@id\":\"https:\\\/\\\/a1-envirosciences.com\\\/fr\\\/produits\\\/confinement\\\/glove-bubble\\\/\",\"url\":\"https:\\\/\\\/a1-envirosciences.com\\\/fr\\\/produits\\\/confinement\\\/glove-bubble\\\/\",\"name\":\"Glove Bubble - a1 Envirosciences\",\"isPartOf\":{\"@id\":\"https:\\\/\\\/a1-envirosciences.com\\\/fr\\\/#website\"},\"primaryImageOfPage\":{\"@id\":\"https:\\\/\\\/a1-envirosciences.com\\\/fr\\\/produits\\\/confinement\\\/glove-bubble\\\/#primaryimage\"},\"image\":{\"@id\":\"https:\\\/\\\/a1-envirosciences.com\\\/fr\\\/produits\\\/confinement\\\/glove-bubble\\\/#primaryimage\"},\"thumbnailUrl\":\"https:\\\/\\\/a1-envirosciences.com\\\/wp-content\\\/uploads\\\/2022\\\/03\\\/Glove-Bubble_Titelbild-scaled.jpg\",\"datePublished\":\"2022-03-03T10:08:28+00:00\",\"dateModified\":\"2025-11-04T16:44:57+00:00\",\"description\":\"Bo\u00eete \u00e0 gants mobile - Cabine avec gants pour la manipulation d'\u00e9chantillons sous atmosph\u00e8re protectrice ou dans un environnement sec. Mobile, plug & play.\",\"breadcrumb\":{\"@id\":\"https:\\\/\\\/a1-envirosciences.com\\\/fr\\\/produits\\\/confinement\\\/glove-bubble\\\/#breadcrumb\"},\"inLanguage\":\"fr-FR\",\"potentialAction\":[{\"@type\":\"ReadAction\",\"target\":[\"https:\\\/\\\/a1-envirosciences.com\\\/fr\\\/produits\\\/confinement\\\/glove-bubble\\\/\"]}]},{\"@type\":\"ImageObject\",\"inLanguage\":\"fr-FR\",\"@id\":\"https:\\\/\\\/a1-envirosciences.com\\\/fr\\\/produits\\\/confinement\\\/glove-bubble\\\/#primaryimage\",\"url\":\"https:\\\/\\\/a1-envirosciences.com\\\/wp-content\\\/uploads\\\/2022\\\/03\\\/Glove-Bubble_Titelbild-scaled.jpg\",\"contentUrl\":\"https:\\\/\\\/a1-envirosciences.com\\\/wp-content\\\/uploads\\\/2022\\\/03\\\/Glove-Bubble_Titelbild-scaled.jpg\",\"width\":2560,\"height\":2560,\"caption\":\"Bo\u00eete \u00e0 gants mobile\"},{\"@type\":\"BreadcrumbList\",\"@id\":\"https:\\\/\\\/a1-envirosciences.com\\\/fr\\\/produits\\\/confinement\\\/glove-bubble\\\/#breadcrumb\",\"itemListElement\":[{\"@type\":\"ListItem\",\"position\":1,\"name\":\"Home\",\"item\":\"https:\\\/\\\/a1-envirosciences.com\\\/fr\\\/\"},{\"@type\":\"ListItem\",\"position\":2,\"name\":\"Produits\",\"item\":\"https:\\\/\\\/a1-envirosciences.com\\\/fr\\\/shop\\\/\"},{\"@type\":\"ListItem\",\"position\":3,\"name\":\"Glove Bubble\"}]},{\"@type\":\"WebSite\",\"@id\":\"https:\\\/\\\/a1-envirosciences.com\\\/fr\\\/#website\",\"url\":\"https:\\\/\\\/a1-envirosciences.com\\\/fr\\\/\",\"name\":\"a1 Envirosciences\",\"description\":\"\",\"potentialAction\":[{\"@type\":\"SearchAction\",\"target\":{\"@type\":\"EntryPoint\",\"urlTemplate\":\"https:\\\/\\\/a1-envirosciences.com\\\/fr\\\/?s={search_term_string}\"},\"query-input\":{\"@type\":\"PropertyValueSpecification\",\"valueRequired\":true,\"valueName\":\"search_term_string\"}}],\"inLanguage\":\"fr-FR\"}]}<\/script>\n<!-- \/ Yoast SEO plugin. -->","yoast_head_json":{"title":"Glove Bubble - a1 Envirosciences","description":"Bo\u00eete \u00e0 gants mobile - Cabine avec gants pour la manipulation d'\u00e9chantillons sous atmosph\u00e8re protectrice ou dans un environnement sec. Mobile, plug & play.","robots":{"index":"index","follow":"follow","max-snippet":"max-snippet:-1","max-image-preview":"max-image-preview:large","max-video-preview":"max-video-preview:-1"},"canonical":"https:\/\/a1-envirosciences.com\/fr\/produits\/confinement\/glove-bubble\/","og_locale":"fr_FR","og_type":"article","og_title":"Glove Bubble - a1 Envirosciences","og_description":"Bo\u00eete \u00e0 gants mobile - Cabine avec gants pour la manipulation d'\u00e9chantillons sous atmosph\u00e8re protectrice ou dans un environnement sec. Mobile, plug & play.","og_url":"https:\/\/a1-envirosciences.com\/fr\/produits\/confinement\/glove-bubble\/","og_site_name":"a1 Envirosciences","article_modified_time":"2025-11-04T16:44:57+00:00","og_image":[{"width":2560,"height":2560,"url":"https:\/\/a1-envirosciences.com\/wp-content\/uploads\/2022\/03\/Glove-Bubble_Titelbild-scaled.jpg","type":"image\/jpeg"}],"twitter_card":"summary_large_image","twitter_misc":{"Dur\u00e9e de lecture estim\u00e9e":"2 minutes"},"schema":{"@context":"https:\/\/schema.org","@graph":[{"@type":"WebPage","@id":"https:\/\/a1-envirosciences.com\/fr\/produits\/confinement\/glove-bubble\/","url":"https:\/\/a1-envirosciences.com\/fr\/produits\/confinement\/glove-bubble\/","name":"Glove Bubble - a1 Envirosciences","isPartOf":{"@id":"https:\/\/a1-envirosciences.com\/fr\/#website"},"primaryImageOfPage":{"@id":"https:\/\/a1-envirosciences.com\/fr\/produits\/confinement\/glove-bubble\/#primaryimage"},"image":{"@id":"https:\/\/a1-envirosciences.com\/fr\/produits\/confinement\/glove-bubble\/#primaryimage"},"thumbnailUrl":"https:\/\/a1-envirosciences.com\/wp-content\/uploads\/2022\/03\/Glove-Bubble_Titelbild-scaled.jpg","datePublished":"2022-03-03T10:08:28+00:00","dateModified":"2025-11-04T16:44:57+00:00","description":"Bo\u00eete \u00e0 gants mobile - Cabine avec gants pour la manipulation d'\u00e9chantillons sous atmosph\u00e8re protectrice ou dans un environnement sec. Mobile, plug & play.","breadcrumb":{"@id":"https:\/\/a1-envirosciences.com\/fr\/produits\/confinement\/glove-bubble\/#breadcrumb"},"inLanguage":"fr-FR","potentialAction":[{"@type":"ReadAction","target":["https:\/\/a1-envirosciences.com\/fr\/produits\/confinement\/glove-bubble\/"]}]},{"@type":"ImageObject","inLanguage":"fr-FR","@id":"https:\/\/a1-envirosciences.com\/fr\/produits\/confinement\/glove-bubble\/#primaryimage","url":"https:\/\/a1-envirosciences.com\/wp-content\/uploads\/2022\/03\/Glove-Bubble_Titelbild-scaled.jpg","contentUrl":"https:\/\/a1-envirosciences.com\/wp-content\/uploads\/2022\/03\/Glove-Bubble_Titelbild-scaled.jpg","width":2560,"height":2560,"caption":"Bo\u00eete \u00e0 gants mobile"},{"@type":"BreadcrumbList","@id":"https:\/\/a1-envirosciences.com\/fr\/produits\/confinement\/glove-bubble\/#breadcrumb","itemListElement":[{"@type":"ListItem","position":1,"name":"Home","item":"https:\/\/a1-envirosciences.com\/fr\/"},{"@type":"ListItem","position":2,"name":"Produits","item":"https:\/\/a1-envirosciences.com\/fr\/shop\/"},{"@type":"ListItem","position":3,"name":"Glove Bubble"}]},{"@type":"WebSite","@id":"https:\/\/a1-envirosciences.com\/fr\/#website","url":"https:\/\/a1-envirosciences.com\/fr\/","name":"a1 Envirosciences","description":"","potentialAction":[{"@type":"SearchAction","target":{"@type":"EntryPoint","urlTemplate":"https:\/\/a1-envirosciences.com\/fr\/?s={search_term_string}"},"query-input":{"@type":"PropertyValueSpecification","valueRequired":true,"valueName":"search_term_string"}}],"inLanguage":"fr-FR"}]}},"_links":{"self":[{"href":"https:\/\/a1-envirosciences.com\/fr\/wp-json\/wp\/v2\/product\/10913","targetHints":{"allow":["GET"]}}],"collection":[{"href":"https:\/\/a1-envirosciences.com\/fr\/wp-json\/wp\/v2\/product"}],"about":[{"href":"https:\/\/a1-envirosciences.com\/fr\/wp-json\/wp\/v2\/types\/product"}],"wp:featuredmedia":[{"embeddable":true,"href":"https:\/\/a1-envirosciences.com\/fr\/wp-json\/wp\/v2\/media\/7543"}],"wp:attachment":[{"href":"https:\/\/a1-envirosciences.com\/fr\/wp-json\/wp\/v2\/media?parent=10913"}],"wp:term":[{"taxonomy":"product_brand","embeddable":true,"href":"https:\/\/a1-envirosciences.com\/fr\/wp-json\/wp\/v2\/product_brand?post=10913"},{"taxonomy":"product_cat","embeddable":true,"href":"https:\/\/a1-envirosciences.com\/fr\/wp-json\/wp\/v2\/product_cat?post=10913"},{"taxonomy":"product_tag","embeddable":true,"href":"https:\/\/a1-envirosciences.com\/fr\/wp-json\/wp\/v2\/product_tag?post=10913"}],"curies":[{"name":"wp","href":"https:\/\/api.w.org\/{rel}","templated":true}]}}