{"id":10937,"date":"2022-01-15T12:20:56","date_gmt":"2022-01-15T11:20:56","guid":{"rendered":"https:\/\/a1-envirosciences.com\/produkte\/non%20class\u00e9\/zone-climatique\/"},"modified":"2025-07-23T14:26:48","modified_gmt":"2025-07-23T12:26:48","slug":"climate-zone","status":"publish","type":"product","link":"https:\/\/a1-envirosciences.com\/fr\/produits\/confinement\/climate-zone\/","title":{"rendered":"Climate Zone"},"content":{"rendered":"<h3><strong>S\u00e9curit\u00e9<\/strong><\/h3>\n<p><strong>Protection in\u00e9gal\u00e9e<\/strong>: protection de l&rsquo;utilisateur et des autres personnes pr\u00e9sentes dans la pi\u00e8ce contre les substances hautement actives pendant toute l&rsquo;application. Le port d&rsquo;un masque de protection n&rsquo;est pas n\u00e9cessaire.<\/p>\n<p><strong>Alarmes visuelles et sonores<\/strong>: vous avertissent imm\u00e9diatement lorsque votre action est requise<\/p>\n<h3><strong>Syst\u00e8me de filtrage<\/strong><\/h3>\n<p><strong>Syst\u00e8me de filtre \u00e0 particules HEPA H14 brevet\u00e9<\/strong>: avec un changement de filtre \u00e0 faible contamination<\/p>\n<h3><strong>Caract\u00e9ristiques du produit<\/strong><\/h3>\n<p><strong>Climat r\u00e9gul\u00e9<\/strong> <strong>\u00e0 l&rsquo;int\u00e9rieur de le poste:<\/strong>\u00a0Cela vous permet de manipuler l&rsquo;application dans des conditions climatiques r\u00e9gul\u00e9es. Vous pouvez r\u00e9gler l&rsquo;humidit\u00e9 et la temp\u00e9rature selon les besoins de votre \u00e9chantillon.<\/p>\n<p><strong>Pas besoin d&rsquo;un laboratoire enti\u00e8rement climatis\u00e9<\/strong>: la Climate Zone est con\u00e7ue pour travailler avec de petites quantit\u00e9s d&rsquo;\u00e9chantillons sous contr\u00f4le climatique total et s&rsquo;int\u00e8gre tr\u00e8s facilement dans votre laboratoire.<\/p>\n<p><strong>Plusieurs options d&rsquo;acc\u00e8s<\/strong>: par l&rsquo;ouverture du diaphragme (port iris ou gants) \u00e0 l&rsquo;avant<\/p>\n<p><strong>Nettoyage et maintenance faciles :<\/strong> la fa\u00e7ade compl\u00e8te peut \u00eatre ouverte pour les op\u00e9rations de r\u00e9vision et de nettoyage.<\/p>\n<p><strong>Construites pour durer : <\/strong>nos postes sont construites avec des mat\u00e9riaux de haute qualit\u00e9 pour une utilisation \u00e0 long terme<strong>. <\/strong><\/p>\n<h3><strong>Nos services pour vous<\/strong><\/h3>\n<p><strong>Qualification IQ\/OQ :<\/strong> la qualification de l&rsquo;installation (IQ) et la qualification fonctionnelle (OQ \u00ab\u00a0Operational Qualification\u00a0\u00bb) sont incluses sur votre site par notre \u00e9quipe d&rsquo;experts.<\/p>\n<p><strong>Formation compl\u00e8te :<\/strong> nous prenons en charge l&rsquo;int\u00e9gration et la formation de vos employ\u00e9s<\/p>\n<p><strong>M\u00eame apr\u00e8s l&rsquo;achat, nous sommes l\u00e0 pour vous aider :<\/strong> beaucoup de questions ne se posent que lorsque vous travaillez. Nous sommes l\u00e0 pour r\u00e9pondre \u00e0 toutes vos questions sur le poste<\/p>\n","protected":false},"excerpt":{"rendered":"<h5><span style=\"color: #003671;\"><strong>Enceinte\u00a0 climatique<\/strong><\/span><\/h5>\n<p><span style=\"color: #003671;\">\u2713 Contr\u00f4le du climat dans votre laboratoire<\/span><\/p>\n<p><span style=\"color: #003671;\">\u2713 Temp\u00e9rature et humidit\u00e9 r\u00e9glables<\/span><\/p>\n<p><span style=\"color: #003671;\">\u2713 Protection de l&rsquo;utilisateur et confinement de l&rsquo;\u00e9quipement en un seul produit<\/span><\/p>\n<p><span style=\"color: #003671;\">\u2713 convient \u00e9galement pour le pesage<\/span><\/p>\n<p><span style=\"color: #003671;\">\u2713 jusqu&rsquo;\u00e0 100% de protection personnelle<\/span><\/p>\n","protected":false},"featured_media":7369,"template":"","meta":{"_acf_changed":false},"product_brand":[],"product_cat":[737],"product_tag":[],"class_list":{"0":"post-10937","1":"product","2":"type-product","3":"status-publish","4":"has-post-thumbnail","6":"product_cat-confinement","7":"pa_1-unterkategorie-boite-a-outils","8":"pa_1-unterkategorie-cabine-sur-mesure","9":"pa_1-unterkategorie-chambre-climatique","10":"pa_anwenderschutz-ja-fr","11":"pa_applikationen-environnement-controle","12":"pa_bakterizide-uv-c-lampe-x","13":"pa_einsatzgebiete-chimie","14":"pa_einsatzgebiete-pharma-fr","15":"pa_filter-filtre-hepa-h14","16":"pa_geraeteeinhausung-ja-fr","17":"pa_handling-grosser-gebinde-x-fr","18":"pa_handling-von-dna-proben-x","19":"pa_handling-von-loesungsmitteln-x","20":"pa_hersteller-a1-fr","21":"pa_hoehe-750-fr","22":"pa_hoehenverstellbar-x","23":"pa_inerte-atmosphaere-x-fr","24":"pa_integrierte-handschuhe-x-fr","25":"pa_klimasteuerung-ja-fr","26":"pa_laenge-1500-fr","27":"pa_massanfertigung-moeglich-ja-fr","28":"pa_maximierte-sicherheit-x-fr","29":"pa_mit-unterbau-ja-fr","30":"pa_mobiles-labor-x","31":"pa_normen-15211-fr","32":"pa_normen-ashrae110-fr","33":"pa_normen-en14175-fr","34":"pa_oel-20ng-m-fr","35":"pa_partikel-gaz","36":"pa_partikel-poudre","37":"pa_pat-cav-sash-fronts-x-fr","38":"pa_produktgruppe-climatezone-chambre-climatique","39":"pa_produktgruppe-serie-bulkpowder","40":"pa_sprachversion-fr-fr","41":"pa_tiefe-1650-fr","42":"pa_weitere-groesse-vorhanden-ja-fr","43":"pa_wiegen-ja-fr","45":"first","46":"instock","47":"shipping-taxable","48":"product-type-simple"},"acf":[],"yoast_head":"<!-- This site is optimized with the Yoast SEO plugin v27.1.1 - https:\/\/yoast.com\/product\/yoast-seo-wordpress\/ -->\n<title>Climate Zone - a1 Envirosciences<\/title>\n<meta name=\"description\" content=\"La chambre climatique ClimateZone est une alternative \u00e9conomique particuli\u00e8rement int\u00e9ressante par rapport \u00e0 la construction d&#039;un laboratoire entier avec contr\u00f4le climatique.\" \/>\n<meta name=\"robots\" content=\"index, follow, max-snippet:-1, max-image-preview:large, max-video-preview:-1\" \/>\n<link rel=\"canonical\" href=\"https:\/\/a1-envirosciences.com\/fr\/produits\/confinement\/climate-zone\/\" \/>\n<meta property=\"og:locale\" content=\"fr_FR\" \/>\n<meta property=\"og:type\" content=\"article\" \/>\n<meta property=\"og:title\" content=\"Climate Zone - a1 Envirosciences\" \/>\n<meta property=\"og:description\" content=\"La chambre climatique ClimateZone est une alternative \u00e9conomique particuli\u00e8rement int\u00e9ressante par rapport \u00e0 la construction d&#039;un laboratoire entier avec contr\u00f4le climatique.\" \/>\n<meta property=\"og:url\" content=\"https:\/\/a1-envirosciences.com\/fr\/produits\/confinement\/climate-zone\/\" \/>\n<meta property=\"og:site_name\" content=\"a1 Envirosciences\" \/>\n<meta property=\"article:modified_time\" content=\"2025-07-23T12:26:48+00:00\" \/>\n<meta property=\"og:image\" content=\"https:\/\/a1-envirosciences.com\/wp-content\/uploads\/2022\/03\/Climate-Zone_Titelbild-scaled.jpg\" \/>\n\t<meta property=\"og:image:width\" content=\"2560\" \/>\n\t<meta property=\"og:image:height\" content=\"2560\" \/>\n\t<meta property=\"og:image:type\" content=\"image\/jpeg\" \/>\n<meta name=\"twitter:card\" content=\"summary_large_image\" \/>\n<meta name=\"twitter:label1\" content=\"Dur\u00e9e de lecture estim\u00e9e\" \/>\n\t<meta name=\"twitter:data1\" content=\"2 minutes\" \/>\n<script type=\"application\/ld+json\" class=\"yoast-schema-graph\">{\"@context\":\"https:\/\/schema.org\",\"@graph\":[{\"@type\":\"WebPage\",\"@id\":\"https:\/\/a1-envirosciences.com\/fr\/produits\/confinement\/climate-zone\/\",\"url\":\"https:\/\/a1-envirosciences.com\/fr\/produits\/confinement\/climate-zone\/\",\"name\":\"Climate Zone - a1 Envirosciences\",\"isPartOf\":{\"@id\":\"https:\/\/a1-envirosciences.com\/fr\/#website\"},\"primaryImageOfPage\":{\"@id\":\"https:\/\/a1-envirosciences.com\/fr\/produits\/confinement\/climate-zone\/#primaryimage\"},\"image\":{\"@id\":\"https:\/\/a1-envirosciences.com\/fr\/produits\/confinement\/climate-zone\/#primaryimage\"},\"thumbnailUrl\":\"https:\/\/a1-envirosciences.com\/wp-content\/uploads\/2022\/03\/Climate-Zone_Titelbild-scaled.jpg\",\"datePublished\":\"2022-01-15T11:20:56+00:00\",\"dateModified\":\"2025-07-23T12:26:48+00:00\",\"description\":\"La chambre climatique ClimateZone est une alternative \u00e9conomique particuli\u00e8rement int\u00e9ressante par rapport \u00e0 la construction d'un laboratoire entier avec contr\u00f4le climatique.\",\"breadcrumb\":{\"@id\":\"https:\/\/a1-envirosciences.com\/fr\/produits\/confinement\/climate-zone\/#breadcrumb\"},\"inLanguage\":\"fr-FR\",\"potentialAction\":[{\"@type\":\"ReadAction\",\"target\":[\"https:\/\/a1-envirosciences.com\/fr\/produits\/confinement\/climate-zone\/\"]}]},{\"@type\":\"ImageObject\",\"inLanguage\":\"fr-FR\",\"@id\":\"https:\/\/a1-envirosciences.com\/fr\/produits\/confinement\/climate-zone\/#primaryimage\",\"url\":\"https:\/\/a1-envirosciences.com\/wp-content\/uploads\/2022\/03\/Climate-Zone_Titelbild-scaled.jpg\",\"contentUrl\":\"https:\/\/a1-envirosciences.com\/wp-content\/uploads\/2022\/03\/Climate-Zone_Titelbild-scaled.jpg\",\"width\":2560,\"height\":2560,\"caption\":\"Chambre climatique\"},{\"@type\":\"BreadcrumbList\",\"@id\":\"https:\/\/a1-envirosciences.com\/fr\/produits\/confinement\/climate-zone\/#breadcrumb\",\"itemListElement\":[{\"@type\":\"ListItem\",\"position\":1,\"name\":\"Home\",\"item\":\"https:\/\/a1-envirosciences.com\/fr\/\"},{\"@type\":\"ListItem\",\"position\":2,\"name\":\"Produits\",\"item\":\"https:\/\/a1-envirosciences.com\/fr\/shop\/\"},{\"@type\":\"ListItem\",\"position\":3,\"name\":\"Climate Zone\"}]},{\"@type\":\"WebSite\",\"@id\":\"https:\/\/a1-envirosciences.com\/fr\/#website\",\"url\":\"https:\/\/a1-envirosciences.com\/fr\/\",\"name\":\"a1 Envirosciences\",\"description\":\"\",\"potentialAction\":[{\"@type\":\"SearchAction\",\"target\":{\"@type\":\"EntryPoint\",\"urlTemplate\":\"https:\/\/a1-envirosciences.com\/fr\/?s={search_term_string}\"},\"query-input\":{\"@type\":\"PropertyValueSpecification\",\"valueRequired\":true,\"valueName\":\"search_term_string\"}}],\"inLanguage\":\"fr-FR\"}]}<\/script>\n<!-- \/ Yoast SEO plugin. -->","yoast_head_json":{"title":"Climate Zone - a1 Envirosciences","description":"La chambre climatique ClimateZone est une alternative \u00e9conomique particuli\u00e8rement int\u00e9ressante par rapport \u00e0 la construction d'un laboratoire entier avec contr\u00f4le climatique.","robots":{"index":"index","follow":"follow","max-snippet":"max-snippet:-1","max-image-preview":"max-image-preview:large","max-video-preview":"max-video-preview:-1"},"canonical":"https:\/\/a1-envirosciences.com\/fr\/produits\/confinement\/climate-zone\/","og_locale":"fr_FR","og_type":"article","og_title":"Climate Zone - a1 Envirosciences","og_description":"La chambre climatique ClimateZone est une alternative \u00e9conomique particuli\u00e8rement int\u00e9ressante par rapport \u00e0 la construction d'un laboratoire entier avec contr\u00f4le climatique.","og_url":"https:\/\/a1-envirosciences.com\/fr\/produits\/confinement\/climate-zone\/","og_site_name":"a1 Envirosciences","article_modified_time":"2025-07-23T12:26:48+00:00","og_image":[{"width":2560,"height":2560,"url":"https:\/\/a1-envirosciences.com\/wp-content\/uploads\/2022\/03\/Climate-Zone_Titelbild-scaled.jpg","type":"image\/jpeg"}],"twitter_card":"summary_large_image","twitter_misc":{"Dur\u00e9e de lecture estim\u00e9e":"2 minutes"},"schema":{"@context":"https:\/\/schema.org","@graph":[{"@type":"WebPage","@id":"https:\/\/a1-envirosciences.com\/fr\/produits\/confinement\/climate-zone\/","url":"https:\/\/a1-envirosciences.com\/fr\/produits\/confinement\/climate-zone\/","name":"Climate Zone - a1 Envirosciences","isPartOf":{"@id":"https:\/\/a1-envirosciences.com\/fr\/#website"},"primaryImageOfPage":{"@id":"https:\/\/a1-envirosciences.com\/fr\/produits\/confinement\/climate-zone\/#primaryimage"},"image":{"@id":"https:\/\/a1-envirosciences.com\/fr\/produits\/confinement\/climate-zone\/#primaryimage"},"thumbnailUrl":"https:\/\/a1-envirosciences.com\/wp-content\/uploads\/2022\/03\/Climate-Zone_Titelbild-scaled.jpg","datePublished":"2022-01-15T11:20:56+00:00","dateModified":"2025-07-23T12:26:48+00:00","description":"La chambre climatique ClimateZone est une alternative \u00e9conomique particuli\u00e8rement int\u00e9ressante par rapport \u00e0 la construction d'un laboratoire entier avec contr\u00f4le climatique.","breadcrumb":{"@id":"https:\/\/a1-envirosciences.com\/fr\/produits\/confinement\/climate-zone\/#breadcrumb"},"inLanguage":"fr-FR","potentialAction":[{"@type":"ReadAction","target":["https:\/\/a1-envirosciences.com\/fr\/produits\/confinement\/climate-zone\/"]}]},{"@type":"ImageObject","inLanguage":"fr-FR","@id":"https:\/\/a1-envirosciences.com\/fr\/produits\/confinement\/climate-zone\/#primaryimage","url":"https:\/\/a1-envirosciences.com\/wp-content\/uploads\/2022\/03\/Climate-Zone_Titelbild-scaled.jpg","contentUrl":"https:\/\/a1-envirosciences.com\/wp-content\/uploads\/2022\/03\/Climate-Zone_Titelbild-scaled.jpg","width":2560,"height":2560,"caption":"Chambre climatique"},{"@type":"BreadcrumbList","@id":"https:\/\/a1-envirosciences.com\/fr\/produits\/confinement\/climate-zone\/#breadcrumb","itemListElement":[{"@type":"ListItem","position":1,"name":"Home","item":"https:\/\/a1-envirosciences.com\/fr\/"},{"@type":"ListItem","position":2,"name":"Produits","item":"https:\/\/a1-envirosciences.com\/fr\/shop\/"},{"@type":"ListItem","position":3,"name":"Climate Zone"}]},{"@type":"WebSite","@id":"https:\/\/a1-envirosciences.com\/fr\/#website","url":"https:\/\/a1-envirosciences.com\/fr\/","name":"a1 Envirosciences","description":"","potentialAction":[{"@type":"SearchAction","target":{"@type":"EntryPoint","urlTemplate":"https:\/\/a1-envirosciences.com\/fr\/?s={search_term_string}"},"query-input":{"@type":"PropertyValueSpecification","valueRequired":true,"valueName":"search_term_string"}}],"inLanguage":"fr-FR"}]}},"_links":{"self":[{"href":"https:\/\/a1-envirosciences.com\/fr\/wp-json\/wp\/v2\/product\/10937","targetHints":{"allow":["GET"]}}],"collection":[{"href":"https:\/\/a1-envirosciences.com\/fr\/wp-json\/wp\/v2\/product"}],"about":[{"href":"https:\/\/a1-envirosciences.com\/fr\/wp-json\/wp\/v2\/types\/product"}],"wp:featuredmedia":[{"embeddable":true,"href":"https:\/\/a1-envirosciences.com\/fr\/wp-json\/wp\/v2\/media\/7369"}],"wp:attachment":[{"href":"https:\/\/a1-envirosciences.com\/fr\/wp-json\/wp\/v2\/media?parent=10937"}],"wp:term":[{"taxonomy":"product_brand","embeddable":true,"href":"https:\/\/a1-envirosciences.com\/fr\/wp-json\/wp\/v2\/product_brand?post=10937"},{"taxonomy":"product_cat","embeddable":true,"href":"https:\/\/a1-envirosciences.com\/fr\/wp-json\/wp\/v2\/product_cat?post=10937"},{"taxonomy":"product_tag","embeddable":true,"href":"https:\/\/a1-envirosciences.com\/fr\/wp-json\/wp\/v2\/product_tag?post=10937"}],"curies":[{"name":"wp","href":"https:\/\/api.w.org\/{rel}","templated":true}]}}