{"id":10941,"date":"2022-01-15T13:44:32","date_gmt":"2022-01-15T12:44:32","guid":{"rendered":"https:\/\/a1-envirosciences.com\/produkte\/non%20class\u00e9\/bulle-de-securite\/"},"modified":"2025-10-30T15:42:06","modified_gmt":"2025-10-30T14:42:06","slug":"safety-bubble","status":"publish","type":"product","link":"https:\/\/a1-envirosciences.com\/fr\/produits\/confinement\/safety-bubble\/","title":{"rendered":"Safety Bubble"},"content":{"rendered":"<p><strong>Flexibilit\u00e9 locale maximale<\/strong>: que ce soit dans votre entreprise ou en d\u00e9placement. D\u00e9ballez, branchez, c\u2019est parti\u00a0!<\/p>\n<p><strong>Une libert\u00e9 de mouvement optimale<\/strong>: gr\u00e2ce \u00e0 la conception compacte et arrondie, un encombrement minimal et une large ouverture frontale<\/p>\n<p><strong>Faible vitesse d\u2019air :\u00a0<\/strong>la Bubble est silencieuse et \u00e9conome en \u00e9nergie, pour des co\u00fbts d\u2019exploitation r\u00e9duits.<\/p>\n<p><strong>Filtres longue dur\u00e9e<\/strong>: environ 18 mois d\u2019utilisation selon l\u2019usage<\/p>\n<p><strong>Filtre rempla\u00e7able par l\u2019utilisateur<\/strong>: un maximum de flexibilit\u00e9 gr\u00e2ce \u00e0 un changement simple, rapide et s\u00e9curis\u00e9.<\/p>\n<p><strong>Entretien simplifi\u00e9<\/strong>: gr\u00e2ce aux mat\u00e9riaux r\u00e9sistants aux produits chimiques (PEHD) et au capot amovible.<\/p>\n<p><strong>Poste de travail compact<\/strong>: rangements int\u00e9gr\u00e9s et \u00e9clairage arri\u00e8re anti-reflets pour plus de confort.<\/p>\n<p><strong>Tout est sous contr\u00f4le<\/strong>: r\u00e9gulateur \u00e9lectronique de d\u00e9bit avec alertes sonores et visuelles<\/p>\n<p><strong>Travail sans vibrations<\/strong>: ventilation, aspiration et filtration totalement isol\u00e9es de l\u2019enceinte.<\/p>\n<p><strong>Protection maximale des personnes<\/strong>: gr\u00e2ce \u00e0 l\u2019efficacit\u00e9 du filtre H14 HEPA 99,995<\/p>\n","protected":false},"excerpt":{"rendered":"<h5><span style=\"color: #003671;\"><strong>Enceinte mobile de laboratoire<\/strong><\/span><\/h5>\n<p><span style=\"color: #003671;\">\u2713 Flexibilit\u00e9 maximale<\/span><\/p>\n<p><span style=\"color: #003671;\">\u2713 Installez, connectez, travaillez<\/span><\/p>\n<p><span style=\"color: #003671;\">\u2713 Faible encombrement<\/span><\/p>\n<p><span style=\"color: #003671;\">\u2713 Filtre HEPA H14 efficace \u00e0 99,995<\/span><\/p>\n<p><span style=\"color: #003671;\">\u2713 Utilisable comme laboratoire mobile<\/span><\/p>\n","protected":false},"featured_media":7561,"template":"","meta":{"_acf_changed":false},"product_brand":[],"product_cat":[737],"product_tag":[],"class_list":{"0":"post-10941","1":"product","2":"type-product","3":"status-publish","4":"has-post-thumbnail","6":"product_cat-confinement","7":"pa_1-unterkategorie-laboratoire-mobile","8":"pa_anwenderschutz-ja-fr","9":"pa_applikationen-manutention","10":"pa_applikationen-peser","11":"pa_bakterizide-uv-c-lampe-x","12":"pa_einsatzgebiete-agriculture-alimentation","13":"pa_einsatzgebiete-biens-de-consommation","14":"pa_einsatzgebiete-chimie","15":"pa_einsatzgebiete-energie-fr","16":"pa_einsatzgebiete-environnement","17":"pa_einsatzgebiete-medecine","18":"pa_einsatzgebiete-petrochimie-petrole-gaz","19":"pa_einsatzgebiete-pharma-fr","20":"pa_element-parameter-mercure","21":"pa_element-parameter-teneur-en-eau-humidite-residuelle","22":"pa_filter-filtre-hepa-h14-et-filtre-a-charbon-actif","23":"pa_geraeteeinhausung-x-fr","24":"pa_handling-grosser-gebinde-x-fr","25":"pa_handling-von-dna-proben-x","26":"pa_handling-von-loesungsmitteln-ja-fr","27":"pa_hersteller-a1-fr","28":"pa_hoehe-575-fr","29":"pa_hoehenverstellbar-en-option","30":"pa_inerte-atmosphaere-x-fr","31":"pa_integrierte-handschuhe-x-fr","32":"pa_klimasteuerung-x-fr","33":"pa_laenge-800-fr","34":"pa_massanfertigung-moeglich-x-fr","35":"pa_maximierte-sicherheit-ja-fr","36":"pa_menge-petites-quantites-100-g","37":"pa_mit-unterbau-en-option","38":"pa_mobiles-labor-ja-fr","39":"pa_normen-bs7989-fr","40":"pa_normen-en14175-fr","41":"pa_oel-640-fr","42":"pa_partikel-gaz","43":"pa_partikel-liquide","44":"pa_partikel-nanoparticules","45":"pa_partikel-poudre","46":"pa_pat-cav-sash-fronts-x-fr","47":"pa_probentyp-fixe","48":"pa_probentyp-liquide","49":"pa_produktgruppe-cabines-de-pesee-de-securite","50":"pa_produktgruppe-mini-contenu","51":"pa_sprachversion-fr-fr","52":"pa_standardmethoden-ahrea110-fr","53":"pa_standardmethoden-bs-en-7989-fr","54":"pa_standardmethoden-en-14175-fr","55":"pa_standardmethoden-en-14175-partie-3","56":"pa_standardmethoden-nfx-15211-fr","57":"pa_tiefe-750-fr","58":"pa_weitere-groesse-vorhanden-x-fr","59":"pa_wiegen-x-fr","61":"first","62":"instock","63":"shipping-taxable","64":"product-type-simple"},"acf":[],"yoast_head":"<!-- This site is optimized with the Yoast SEO plugin v27.3 - https:\/\/yoast.com\/product\/yoast-seo-wordpress\/ -->\n<title>Safety Bubble - a1 Envirosciences<\/title>\n<meta name=\"description\" content=\"Plug &amp; Work - La s\u00e9rie Lab-Bubble offre des conditions s\u00fbres pour l&#039;utilisateur et prot\u00e8ge l&#039;environnement du lieu de travail.\" \/>\n<meta name=\"robots\" content=\"index, follow, max-snippet:-1, max-image-preview:large, max-video-preview:-1\" \/>\n<link rel=\"canonical\" href=\"https:\/\/a1-envirosciences.com\/fr\/produits\/confinement\/safety-bubble\/\" \/>\n<meta property=\"og:locale\" content=\"fr_FR\" \/>\n<meta property=\"og:type\" content=\"article\" \/>\n<meta property=\"og:title\" content=\"Safety Bubble - a1 Envirosciences\" \/>\n<meta property=\"og:description\" content=\"Plug &amp; Work - La s\u00e9rie Lab-Bubble offre des conditions s\u00fbres pour l&#039;utilisateur et prot\u00e8ge l&#039;environnement du lieu de travail.\" \/>\n<meta property=\"og:url\" content=\"https:\/\/a1-envirosciences.com\/fr\/produits\/confinement\/safety-bubble\/\" \/>\n<meta property=\"og:site_name\" content=\"a1 Envirosciences\" \/>\n<meta property=\"article:modified_time\" content=\"2025-10-30T14:42:06+00:00\" \/>\n<meta property=\"og:image\" content=\"https:\/\/a1-envirosciences.com\/wp-content\/uploads\/2022\/02\/Safety-Bubble_Titelbild-scaled.jpg\" \/>\n\t<meta property=\"og:image:width\" content=\"2560\" \/>\n\t<meta property=\"og:image:height\" content=\"2560\" \/>\n\t<meta property=\"og:image:type\" content=\"image\/jpeg\" \/>\n<meta name=\"twitter:card\" content=\"summary_large_image\" \/>\n<meta name=\"twitter:label1\" content=\"Dur\u00e9e de lecture estim\u00e9e\" \/>\n\t<meta name=\"twitter:data1\" content=\"1 minute\" \/>\n<script type=\"application\/ld+json\" class=\"yoast-schema-graph\">{\"@context\":\"https:\\\/\\\/schema.org\",\"@graph\":[{\"@type\":\"WebPage\",\"@id\":\"https:\\\/\\\/a1-envirosciences.com\\\/fr\\\/produits\\\/confinement\\\/safety-bubble\\\/\",\"url\":\"https:\\\/\\\/a1-envirosciences.com\\\/fr\\\/produits\\\/confinement\\\/safety-bubble\\\/\",\"name\":\"Safety Bubble - a1 Envirosciences\",\"isPartOf\":{\"@id\":\"https:\\\/\\\/a1-envirosciences.com\\\/fr\\\/#website\"},\"primaryImageOfPage\":{\"@id\":\"https:\\\/\\\/a1-envirosciences.com\\\/fr\\\/produits\\\/confinement\\\/safety-bubble\\\/#primaryimage\"},\"image\":{\"@id\":\"https:\\\/\\\/a1-envirosciences.com\\\/fr\\\/produits\\\/confinement\\\/safety-bubble\\\/#primaryimage\"},\"thumbnailUrl\":\"https:\\\/\\\/a1-envirosciences.com\\\/wp-content\\\/uploads\\\/2022\\\/02\\\/Safety-Bubble_Titelbild-scaled.jpg\",\"datePublished\":\"2022-01-15T12:44:32+00:00\",\"dateModified\":\"2025-10-30T14:42:06+00:00\",\"description\":\"Plug & Work - La s\u00e9rie Lab-Bubble offre des conditions s\u00fbres pour l'utilisateur et prot\u00e8ge l'environnement du lieu de travail.\",\"breadcrumb\":{\"@id\":\"https:\\\/\\\/a1-envirosciences.com\\\/fr\\\/produits\\\/confinement\\\/safety-bubble\\\/#breadcrumb\"},\"inLanguage\":\"fr-FR\",\"potentialAction\":[{\"@type\":\"ReadAction\",\"target\":[\"https:\\\/\\\/a1-envirosciences.com\\\/fr\\\/produits\\\/confinement\\\/safety-bubble\\\/\"]}]},{\"@type\":\"ImageObject\",\"inLanguage\":\"fr-FR\",\"@id\":\"https:\\\/\\\/a1-envirosciences.com\\\/fr\\\/produits\\\/confinement\\\/safety-bubble\\\/#primaryimage\",\"url\":\"https:\\\/\\\/a1-envirosciences.com\\\/wp-content\\\/uploads\\\/2022\\\/02\\\/Safety-Bubble_Titelbild-scaled.jpg\",\"contentUrl\":\"https:\\\/\\\/a1-envirosciences.com\\\/wp-content\\\/uploads\\\/2022\\\/02\\\/Safety-Bubble_Titelbild-scaled.jpg\",\"width\":2560,\"height\":2560,\"caption\":\"Bulle de laboratoire\"},{\"@type\":\"BreadcrumbList\",\"@id\":\"https:\\\/\\\/a1-envirosciences.com\\\/fr\\\/produits\\\/confinement\\\/safety-bubble\\\/#breadcrumb\",\"itemListElement\":[{\"@type\":\"ListItem\",\"position\":1,\"name\":\"Home\",\"item\":\"https:\\\/\\\/a1-envirosciences.com\\\/fr\\\/\"},{\"@type\":\"ListItem\",\"position\":2,\"name\":\"Produits\",\"item\":\"https:\\\/\\\/a1-envirosciences.com\\\/fr\\\/shop\\\/\"},{\"@type\":\"ListItem\",\"position\":3,\"name\":\"Safety Bubble\"}]},{\"@type\":\"WebSite\",\"@id\":\"https:\\\/\\\/a1-envirosciences.com\\\/fr\\\/#website\",\"url\":\"https:\\\/\\\/a1-envirosciences.com\\\/fr\\\/\",\"name\":\"a1 Envirosciences\",\"description\":\"\",\"potentialAction\":[{\"@type\":\"SearchAction\",\"target\":{\"@type\":\"EntryPoint\",\"urlTemplate\":\"https:\\\/\\\/a1-envirosciences.com\\\/fr\\\/?s={search_term_string}\"},\"query-input\":{\"@type\":\"PropertyValueSpecification\",\"valueRequired\":true,\"valueName\":\"search_term_string\"}}],\"inLanguage\":\"fr-FR\"}]}<\/script>\n<!-- \/ Yoast SEO plugin. -->","yoast_head_json":{"title":"Safety Bubble - a1 Envirosciences","description":"Plug & Work - La s\u00e9rie Lab-Bubble offre des conditions s\u00fbres pour l'utilisateur et prot\u00e8ge l'environnement du lieu de travail.","robots":{"index":"index","follow":"follow","max-snippet":"max-snippet:-1","max-image-preview":"max-image-preview:large","max-video-preview":"max-video-preview:-1"},"canonical":"https:\/\/a1-envirosciences.com\/fr\/produits\/confinement\/safety-bubble\/","og_locale":"fr_FR","og_type":"article","og_title":"Safety Bubble - a1 Envirosciences","og_description":"Plug & Work - La s\u00e9rie Lab-Bubble offre des conditions s\u00fbres pour l'utilisateur et prot\u00e8ge l'environnement du lieu de travail.","og_url":"https:\/\/a1-envirosciences.com\/fr\/produits\/confinement\/safety-bubble\/","og_site_name":"a1 Envirosciences","article_modified_time":"2025-10-30T14:42:06+00:00","og_image":[{"width":2560,"height":2560,"url":"https:\/\/a1-envirosciences.com\/wp-content\/uploads\/2022\/02\/Safety-Bubble_Titelbild-scaled.jpg","type":"image\/jpeg"}],"twitter_card":"summary_large_image","twitter_misc":{"Dur\u00e9e de lecture estim\u00e9e":"1 minute"},"schema":{"@context":"https:\/\/schema.org","@graph":[{"@type":"WebPage","@id":"https:\/\/a1-envirosciences.com\/fr\/produits\/confinement\/safety-bubble\/","url":"https:\/\/a1-envirosciences.com\/fr\/produits\/confinement\/safety-bubble\/","name":"Safety Bubble - a1 Envirosciences","isPartOf":{"@id":"https:\/\/a1-envirosciences.com\/fr\/#website"},"primaryImageOfPage":{"@id":"https:\/\/a1-envirosciences.com\/fr\/produits\/confinement\/safety-bubble\/#primaryimage"},"image":{"@id":"https:\/\/a1-envirosciences.com\/fr\/produits\/confinement\/safety-bubble\/#primaryimage"},"thumbnailUrl":"https:\/\/a1-envirosciences.com\/wp-content\/uploads\/2022\/02\/Safety-Bubble_Titelbild-scaled.jpg","datePublished":"2022-01-15T12:44:32+00:00","dateModified":"2025-10-30T14:42:06+00:00","description":"Plug & Work - La s\u00e9rie Lab-Bubble offre des conditions s\u00fbres pour l'utilisateur et prot\u00e8ge l'environnement du lieu de travail.","breadcrumb":{"@id":"https:\/\/a1-envirosciences.com\/fr\/produits\/confinement\/safety-bubble\/#breadcrumb"},"inLanguage":"fr-FR","potentialAction":[{"@type":"ReadAction","target":["https:\/\/a1-envirosciences.com\/fr\/produits\/confinement\/safety-bubble\/"]}]},{"@type":"ImageObject","inLanguage":"fr-FR","@id":"https:\/\/a1-envirosciences.com\/fr\/produits\/confinement\/safety-bubble\/#primaryimage","url":"https:\/\/a1-envirosciences.com\/wp-content\/uploads\/2022\/02\/Safety-Bubble_Titelbild-scaled.jpg","contentUrl":"https:\/\/a1-envirosciences.com\/wp-content\/uploads\/2022\/02\/Safety-Bubble_Titelbild-scaled.jpg","width":2560,"height":2560,"caption":"Bulle de laboratoire"},{"@type":"BreadcrumbList","@id":"https:\/\/a1-envirosciences.com\/fr\/produits\/confinement\/safety-bubble\/#breadcrumb","itemListElement":[{"@type":"ListItem","position":1,"name":"Home","item":"https:\/\/a1-envirosciences.com\/fr\/"},{"@type":"ListItem","position":2,"name":"Produits","item":"https:\/\/a1-envirosciences.com\/fr\/shop\/"},{"@type":"ListItem","position":3,"name":"Safety Bubble"}]},{"@type":"WebSite","@id":"https:\/\/a1-envirosciences.com\/fr\/#website","url":"https:\/\/a1-envirosciences.com\/fr\/","name":"a1 Envirosciences","description":"","potentialAction":[{"@type":"SearchAction","target":{"@type":"EntryPoint","urlTemplate":"https:\/\/a1-envirosciences.com\/fr\/?s={search_term_string}"},"query-input":{"@type":"PropertyValueSpecification","valueRequired":true,"valueName":"search_term_string"}}],"inLanguage":"fr-FR"}]}},"_links":{"self":[{"href":"https:\/\/a1-envirosciences.com\/fr\/wp-json\/wp\/v2\/product\/10941","targetHints":{"allow":["GET"]}}],"collection":[{"href":"https:\/\/a1-envirosciences.com\/fr\/wp-json\/wp\/v2\/product"}],"about":[{"href":"https:\/\/a1-envirosciences.com\/fr\/wp-json\/wp\/v2\/types\/product"}],"wp:featuredmedia":[{"embeddable":true,"href":"https:\/\/a1-envirosciences.com\/fr\/wp-json\/wp\/v2\/media\/7561"}],"wp:attachment":[{"href":"https:\/\/a1-envirosciences.com\/fr\/wp-json\/wp\/v2\/media?parent=10941"}],"wp:term":[{"taxonomy":"product_brand","embeddable":true,"href":"https:\/\/a1-envirosciences.com\/fr\/wp-json\/wp\/v2\/product_brand?post=10941"},{"taxonomy":"product_cat","embeddable":true,"href":"https:\/\/a1-envirosciences.com\/fr\/wp-json\/wp\/v2\/product_cat?post=10941"},{"taxonomy":"product_tag","embeddable":true,"href":"https:\/\/a1-envirosciences.com\/fr\/wp-json\/wp\/v2\/product_tag?post=10941"}],"curies":[{"name":"wp","href":"https:\/\/api.w.org\/{rel}","templated":true}]}}