{"id":10942,"date":"2022-01-15T12:16:39","date_gmt":"2022-01-15T11:16:39","guid":{"rendered":"https:\/\/a1-envirosciences.com\/produkte\/non%20class\u00e9\/cabine-bulkpowder\/"},"modified":"2025-11-04T17:43:06","modified_gmt":"2025-11-04T16:43:06","slug":"bulkpowder","status":"publish","type":"product","link":"https:\/\/a1-envirosciences.com\/fr\/produits\/confinement\/bulkpowder\/","title":{"rendered":"Bulkpowder"},"content":{"rendered":"<h3><strong>S\u00e9curit\u00e9<\/strong><\/h3>\n<p><strong>Protection in\u00e9gal\u00e9e<\/strong>: protection de l&rsquo;utilisateur et des autres personnes pr\u00e9sentes dans la pi\u00e8ce contre des substances hautement actives pendant tout le processus d&rsquo;application. Le port d&rsquo;EPI peut \u00eatre r\u00e9duit ou adapt\u00e9.<\/p>\n<p><strong>Niveau de s\u00e9curit\u00e9 maximum<\/strong>:<br \/>\nLimite d&rsquo;exposition professionnelle (OEL) &lt; 1\u00b5g\/m\u00b3.<\/p>\n<p><strong>Alarmes visuelles et sonores<\/strong>: surveillent le flux entrant .<\/p>\n<h3><strong>Syst\u00e8me de filtrage<\/strong><\/h3>\n<p><strong>Syst\u00e8me de filtre \u00e0 particules HEPA H14 pour mati\u00e8res en suspension<\/strong>: avec un changement de filtre \u00e0 faible contamination. Outre le filtre HEPA, d&rsquo;autres syst\u00e8mes de filtration peuvent \u00eatre utilis\u00e9s (par exemple pour les vapeurs de solvants).<\/p>\n<p><strong>Travail sans vibrations<\/strong>: Unit\u00e9 de filtration s\u00e9par\u00e9e pour \u00e9viter la transmission des vibrations \u00e0 l&rsquo;enceinte&#8230;<\/p>\n<p><strong>Les caissons filtrants<\/strong>: Les unit\u00e9s de filtration sont install\u00e9es de mani\u00e8re ind\u00e9pendante, le syst\u00e8me peut \u00eatre utilis\u00e9 en mode de recirculation ou \u00eatre directement connect\u00e9 au syst\u00e8me de ventilation de la maison.<\/p>\n<h3><strong>Peser<\/strong><\/h3>\n<p><strong>Pr\u00e9cision dans le processus de pesage<\/strong>: pesage sans erreur de l&rsquo;ordre du milligramme et utilisation de balances de microanalyse tr\u00e8s sensibles. Les surfaces de travail profondes permettent d&rsquo;utiliser de grands dispositifs de pesage, des balances de pr\u00e9cision ainsi que des microbalances.<\/p>\n<p><strong>Flux d&rsquo;air laminaire : <\/strong>un flux d&rsquo;air laminaire et horizontal permet d&rsquo;\u00e9viter pratiquement toute contamination de l&rsquo;utilisateur par des substances dangereuses qui s&rsquo;\u00e9chappent. Les substances dangereuses sont capt\u00e9es \u00e0 la source et \u00e9vacu\u00e9es en toute s\u00e9curit\u00e9 de l&rsquo;utilisateur par l&rsquo;arri\u00e8re de le poste vers le filtre pour mati\u00e8res en suspension (HEPA H14). Gr\u00e2ce au flux d&rsquo;air \u00e0 faible turbulence, il est \u00e9galement possible d&rsquo;utiliser des microbalances dans la zone de pes\u00e9e inf\u00e9rieure.<\/p>\n<h3><strong>Caract\u00e9ristiques du produit<\/strong><\/h3>\n<p><strong>Pour les laboratoires techniques, gal\u00e9niques et de production<\/strong>: le poste Bulkpowder a \u00e9t\u00e9 sp\u00e9cialement con\u00e7ue pour les laboratoires techniques, gal\u00e9niques et de production. Elle permet de transvaser et de peser en toute s\u00e9curit\u00e9 des substances dangereuses toxiques ou actives sous forme de poudre \u00e0 partir de grands r\u00e9cipients.<\/p>\n<p><strong>Manipulation de grands r\u00e9cipients directement sur place et sans protection totale<\/strong>: le transvasement \u00e0 partir de grands r\u00e9cipients n&rsquo;est possible sans cabine de protection personnelle que dans des locaux sp\u00e9ciaux sous protection totale. Cette m\u00e9thode de travail est tr\u00e8s compliqu\u00e9e et prend beaucoup de temps. Avec notre Bulkpowder, le transvasement ainsi que le pesage peuvent \u00eatre effectu\u00e9s directement sur place.<\/p>\n<p><strong>Soubassement avec membrane brevet\u00e9e<\/strong>: le poste dispose d&rsquo;une grande ouverture dans le sol, ferm\u00e9e par un syst\u00e8me brevet\u00e9 d&rsquo;anneau\/membrane. Les grands r\u00e9cipients sont introduits par le bas \u00e0 travers le plancher de le poste. Le syst\u00e8me de membrane assure l&rsquo;\u00e9tanch\u00e9it\u00e9 du plan de travail. Gr\u00e2ce \u00e0 la grande flexibilit\u00e9 du syst\u00e8me de membrane, il est possible de raccorder aussi bien des petits r\u00e9cipients que des f\u00fbts et de changer les r\u00e9cipients sans risque de contamination.<\/p>\n<p><strong>Syst\u00e8me de d\u00e9chets \u00e0 double sac : <\/strong>permet d&rsquo;\u00e9liminer les d\u00e9chets sans les contaminer et d&rsquo;\u00e9vacuer les emballages.<\/p>\n<p><strong>Construites pour durer : <\/strong>nos postes sont construites avec des mat\u00e9riaux de haute qualit\u00e9 pour une utilisation \u00e0 long terme. Avec un entretien ad\u00e9quat, vous pouvez vous attendre \u00e0 une tr\u00e8s longue dur\u00e9e de vie.<\/p>\n<p><strong>Nettoyage et entretien faciles :<\/strong> gr\u00e2ce \u00e0 une construction robuste et \u00e0 une fa\u00e7ade rabattable<\/p>\n<h3><strong>Nos services pour vous<\/strong><\/h3>\n<p><strong>Qualification IQ\/OQ :<\/strong> la qualification de l&rsquo;installation (IQ) et la qualification fonctionnelle (OQ \u00ab\u00a0Operational Qualification\u00a0\u00bb) sont incluses sur votre site par notre \u00e9quipe d&rsquo;experts.<\/p>\n<p><strong>Formation compl\u00e8te :<\/strong> nous prenons en charge l&rsquo;int\u00e9gration et la formation de vos employ\u00e9s<\/p>\n<p><strong>Installation polyvalente<\/strong>: installation ind\u00e9pendante avec recirculation (recyclage) de l&rsquo;air ambiant ou connexion \u00e0 l&rsquo;air vici\u00e9 interne de la maison via une connexion directe.<\/p>\n<p><strong>M\u00eame apr\u00e8s l&rsquo;achat, nous sommes l\u00e0 pour vous aider :<\/strong> de nombreuses questions ne se posent qu&rsquo;au moment de l&rsquo;utilisation. Nous sommes l\u00e0 pour r\u00e9pondre \u00e0 toutes vos questions sur les postes et la manipulation de produits dangereux.<\/p>\n","protected":false},"excerpt":{"rendered":"<h5><strong><span style=\"color: #003671;\">Manipulation de produits en vrac<\/span><\/strong><\/h5>\n<p><span style=\"color: #003671;\">\u2713 Transfert et\/ou pes\u00e9e de grandes quantit\u00e9s<\/span><\/p>\n<p><span style=\"color: #003671;\">\u2713 pour les substances dangereuses sous forme de poudre<\/span><\/p>\n<p><span style=\"color: #003671;\">\u2713 protection maximale des personnes<\/span><\/p>\n<p><span style=\"color: #003671;\">\u2713 \u00e9tanch\u00e9it\u00e9 de la membrane brevet\u00e9e <\/span><\/p>\n","protected":false},"featured_media":7258,"template":"","meta":{"_acf_changed":false},"product_brand":[],"product_cat":[737],"product_tag":[],"class_list":{"0":"post-10942","1":"product","2":"type-product","3":"status-publish","4":"has-post-thumbnail","6":"product_cat-confinement","7":"pa_1-unterkategorie-boite-a-outils","8":"pa_1-unterkategorie-cabine-sur-mesure","9":"pa_1-unterkategorie-protection-lors-de-la-pesee","10":"pa_anwenderschutz-ja-fr","11":"pa_applikationen-dangereux","12":"pa_applikationen-manutention","13":"pa_applikationen-peser","14":"pa_bakterizide-uv-c-lampe-x","15":"pa_einsatzgebiete-agriculture-alimentation","16":"pa_einsatzgebiete-biens-de-consommation","17":"pa_einsatzgebiete-chimie","18":"pa_einsatzgebiete-petrochimie-petrole-gaz","19":"pa_einsatzgebiete-pharma-fr","20":"pa_filter-filtre-hepa-h14","21":"pa_geraeteeinhausung-ja-fr","22":"pa_handling-grosser-gebinde-ja-fr","23":"pa_handling-von-dna-proben-x","24":"pa_handling-von-loesungsmitteln-ja-fr","25":"pa_hersteller-a1-fr","26":"pa_hoehe-1000-fr","27":"pa_hoehenverstellbar-en-option","28":"pa_inerte-atmosphaere-x-fr","29":"pa_integrierte-handschuhe-x-fr","30":"pa_klimasteuerung-x-fr","31":"pa_laenge-1200-fr","32":"pa_massanfertigung-moeglich-ja-fr","33":"pa_maximierte-sicherheit-ja-fr","34":"pa_menge-vrac-100-g","35":"pa_mit-unterbau-en-option","36":"pa_mobiles-labor-x","37":"pa_normen-ashrae110-fr","38":"pa_normen-en14175-fr","39":"pa_oel-1-g-m3-fr","40":"pa_partikel-nanoparticules","41":"pa_partikel-poudre","42":"pa_pat-cav-sash-fronts-x-fr","43":"pa_probentyp-fixe","44":"pa_produktgruppe-cabines-de-pesee-de-securite","45":"pa_produktgruppe-serie-bulkpowder","46":"pa_sprachversion-fr-fr","47":"pa_standardmethoden-oel-1g-m-fr","48":"pa_tiefe-1650-fr","49":"pa_weitere-groesse-vorhanden-ja-fr","50":"pa_wiegen-ja-fr","52":"first","53":"instock","54":"shipping-taxable","55":"product-type-simple"},"acf":[],"yoast_head":"<!-- This site is optimized with the Yoast SEO plugin v27.1.1 - https:\/\/yoast.com\/product\/yoast-seo-wordpress\/ -->\n<title>Bulkpowder - a1 Envirosciences<\/title>\n<meta name=\"description\" content=\"Les cabines de la s\u00e9rie Bulkpowder sont sp\u00e9cialement con\u00e7ues pour l&#039;industrie pharmaceutique. Elles offrent un niveau \u00e9lev\u00e9 de protection des personnes, sont ergonomiques et permettent d&#039;ouvrir les r\u00e9cipients dans le confinement.\" \/>\n<meta name=\"robots\" content=\"index, follow, max-snippet:-1, max-image-preview:large, max-video-preview:-1\" \/>\n<link rel=\"canonical\" href=\"https:\/\/a1-envirosciences.com\/fr\/produits\/confinement\/bulkpowder\/\" \/>\n<meta property=\"og:locale\" content=\"fr_FR\" \/>\n<meta property=\"og:type\" content=\"article\" \/>\n<meta property=\"og:title\" content=\"Bulkpowder - a1 Envirosciences\" \/>\n<meta property=\"og:description\" content=\"Les cabines de la s\u00e9rie Bulkpowder sont sp\u00e9cialement con\u00e7ues pour l&#039;industrie pharmaceutique. Elles offrent un niveau \u00e9lev\u00e9 de protection des personnes, sont ergonomiques et permettent d&#039;ouvrir les r\u00e9cipients dans le confinement.\" \/>\n<meta property=\"og:url\" content=\"https:\/\/a1-envirosciences.com\/fr\/produits\/confinement\/bulkpowder\/\" \/>\n<meta property=\"og:site_name\" content=\"a1 Envirosciences\" \/>\n<meta property=\"article:modified_time\" content=\"2025-11-04T16:43:06+00:00\" \/>\n<meta property=\"og:image\" content=\"https:\/\/a1-envirosciences.com\/wp-content\/uploads\/2022\/03\/Bulk-Powder_Titelbild-scaled.jpg\" \/>\n\t<meta property=\"og:image:width\" content=\"2560\" \/>\n\t<meta property=\"og:image:height\" content=\"2560\" \/>\n\t<meta property=\"og:image:type\" content=\"image\/jpeg\" \/>\n<meta name=\"twitter:card\" content=\"summary_large_image\" \/>\n<meta name=\"twitter:label1\" content=\"Dur\u00e9e de lecture estim\u00e9e\" \/>\n\t<meta name=\"twitter:data1\" content=\"4 minutes\" \/>\n<script type=\"application\/ld+json\" class=\"yoast-schema-graph\">{\"@context\":\"https:\/\/schema.org\",\"@graph\":[{\"@type\":\"WebPage\",\"@id\":\"https:\/\/a1-envirosciences.com\/fr\/produits\/confinement\/bulkpowder\/\",\"url\":\"https:\/\/a1-envirosciences.com\/fr\/produits\/confinement\/bulkpowder\/\",\"name\":\"Bulkpowder - a1 Envirosciences\",\"isPartOf\":{\"@id\":\"https:\/\/a1-envirosciences.com\/fr\/#website\"},\"primaryImageOfPage\":{\"@id\":\"https:\/\/a1-envirosciences.com\/fr\/produits\/confinement\/bulkpowder\/#primaryimage\"},\"image\":{\"@id\":\"https:\/\/a1-envirosciences.com\/fr\/produits\/confinement\/bulkpowder\/#primaryimage\"},\"thumbnailUrl\":\"https:\/\/a1-envirosciences.com\/wp-content\/uploads\/2022\/03\/Bulk-Powder_Titelbild-scaled.jpg\",\"datePublished\":\"2022-01-15T11:16:39+00:00\",\"dateModified\":\"2025-11-04T16:43:06+00:00\",\"description\":\"Les cabines de la s\u00e9rie Bulkpowder sont sp\u00e9cialement con\u00e7ues pour l'industrie pharmaceutique. Elles offrent un niveau \u00e9lev\u00e9 de protection des personnes, sont ergonomiques et permettent d'ouvrir les r\u00e9cipients dans le confinement.\",\"breadcrumb\":{\"@id\":\"https:\/\/a1-envirosciences.com\/fr\/produits\/confinement\/bulkpowder\/#breadcrumb\"},\"inLanguage\":\"fr-FR\",\"potentialAction\":[{\"@type\":\"ReadAction\",\"target\":[\"https:\/\/a1-envirosciences.com\/fr\/produits\/confinement\/bulkpowder\/\"]}]},{\"@type\":\"ImageObject\",\"inLanguage\":\"fr-FR\",\"@id\":\"https:\/\/a1-envirosciences.com\/fr\/produits\/confinement\/bulkpowder\/#primaryimage\",\"url\":\"https:\/\/a1-envirosciences.com\/wp-content\/uploads\/2022\/03\/Bulk-Powder_Titelbild-scaled.jpg\",\"contentUrl\":\"https:\/\/a1-envirosciences.com\/wp-content\/uploads\/2022\/03\/Bulk-Powder_Titelbild-scaled.jpg\",\"width\":2560,\"height\":2560,\"caption\":\"S\u00e9rie Bulkpowder\"},{\"@type\":\"BreadcrumbList\",\"@id\":\"https:\/\/a1-envirosciences.com\/fr\/produits\/confinement\/bulkpowder\/#breadcrumb\",\"itemListElement\":[{\"@type\":\"ListItem\",\"position\":1,\"name\":\"Home\",\"item\":\"https:\/\/a1-envirosciences.com\/fr\/\"},{\"@type\":\"ListItem\",\"position\":2,\"name\":\"Produits\",\"item\":\"https:\/\/a1-envirosciences.com\/fr\/shop\/\"},{\"@type\":\"ListItem\",\"position\":3,\"name\":\"Bulkpowder\"}]},{\"@type\":\"WebSite\",\"@id\":\"https:\/\/a1-envirosciences.com\/fr\/#website\",\"url\":\"https:\/\/a1-envirosciences.com\/fr\/\",\"name\":\"a1 Envirosciences\",\"description\":\"\",\"potentialAction\":[{\"@type\":\"SearchAction\",\"target\":{\"@type\":\"EntryPoint\",\"urlTemplate\":\"https:\/\/a1-envirosciences.com\/fr\/?s={search_term_string}\"},\"query-input\":{\"@type\":\"PropertyValueSpecification\",\"valueRequired\":true,\"valueName\":\"search_term_string\"}}],\"inLanguage\":\"fr-FR\"}]}<\/script>\n<!-- \/ Yoast SEO plugin. -->","yoast_head_json":{"title":"Bulkpowder - a1 Envirosciences","description":"Les cabines de la s\u00e9rie Bulkpowder sont sp\u00e9cialement con\u00e7ues pour l'industrie pharmaceutique. Elles offrent un niveau \u00e9lev\u00e9 de protection des personnes, sont ergonomiques et permettent d'ouvrir les r\u00e9cipients dans le confinement.","robots":{"index":"index","follow":"follow","max-snippet":"max-snippet:-1","max-image-preview":"max-image-preview:large","max-video-preview":"max-video-preview:-1"},"canonical":"https:\/\/a1-envirosciences.com\/fr\/produits\/confinement\/bulkpowder\/","og_locale":"fr_FR","og_type":"article","og_title":"Bulkpowder - a1 Envirosciences","og_description":"Les cabines de la s\u00e9rie Bulkpowder sont sp\u00e9cialement con\u00e7ues pour l'industrie pharmaceutique. Elles offrent un niveau \u00e9lev\u00e9 de protection des personnes, sont ergonomiques et permettent d'ouvrir les r\u00e9cipients dans le confinement.","og_url":"https:\/\/a1-envirosciences.com\/fr\/produits\/confinement\/bulkpowder\/","og_site_name":"a1 Envirosciences","article_modified_time":"2025-11-04T16:43:06+00:00","og_image":[{"width":2560,"height":2560,"url":"https:\/\/a1-envirosciences.com\/wp-content\/uploads\/2022\/03\/Bulk-Powder_Titelbild-scaled.jpg","type":"image\/jpeg"}],"twitter_card":"summary_large_image","twitter_misc":{"Dur\u00e9e de lecture estim\u00e9e":"4 minutes"},"schema":{"@context":"https:\/\/schema.org","@graph":[{"@type":"WebPage","@id":"https:\/\/a1-envirosciences.com\/fr\/produits\/confinement\/bulkpowder\/","url":"https:\/\/a1-envirosciences.com\/fr\/produits\/confinement\/bulkpowder\/","name":"Bulkpowder - a1 Envirosciences","isPartOf":{"@id":"https:\/\/a1-envirosciences.com\/fr\/#website"},"primaryImageOfPage":{"@id":"https:\/\/a1-envirosciences.com\/fr\/produits\/confinement\/bulkpowder\/#primaryimage"},"image":{"@id":"https:\/\/a1-envirosciences.com\/fr\/produits\/confinement\/bulkpowder\/#primaryimage"},"thumbnailUrl":"https:\/\/a1-envirosciences.com\/wp-content\/uploads\/2022\/03\/Bulk-Powder_Titelbild-scaled.jpg","datePublished":"2022-01-15T11:16:39+00:00","dateModified":"2025-11-04T16:43:06+00:00","description":"Les cabines de la s\u00e9rie Bulkpowder sont sp\u00e9cialement con\u00e7ues pour l'industrie pharmaceutique. Elles offrent un niveau \u00e9lev\u00e9 de protection des personnes, sont ergonomiques et permettent d'ouvrir les r\u00e9cipients dans le confinement.","breadcrumb":{"@id":"https:\/\/a1-envirosciences.com\/fr\/produits\/confinement\/bulkpowder\/#breadcrumb"},"inLanguage":"fr-FR","potentialAction":[{"@type":"ReadAction","target":["https:\/\/a1-envirosciences.com\/fr\/produits\/confinement\/bulkpowder\/"]}]},{"@type":"ImageObject","inLanguage":"fr-FR","@id":"https:\/\/a1-envirosciences.com\/fr\/produits\/confinement\/bulkpowder\/#primaryimage","url":"https:\/\/a1-envirosciences.com\/wp-content\/uploads\/2022\/03\/Bulk-Powder_Titelbild-scaled.jpg","contentUrl":"https:\/\/a1-envirosciences.com\/wp-content\/uploads\/2022\/03\/Bulk-Powder_Titelbild-scaled.jpg","width":2560,"height":2560,"caption":"S\u00e9rie Bulkpowder"},{"@type":"BreadcrumbList","@id":"https:\/\/a1-envirosciences.com\/fr\/produits\/confinement\/bulkpowder\/#breadcrumb","itemListElement":[{"@type":"ListItem","position":1,"name":"Home","item":"https:\/\/a1-envirosciences.com\/fr\/"},{"@type":"ListItem","position":2,"name":"Produits","item":"https:\/\/a1-envirosciences.com\/fr\/shop\/"},{"@type":"ListItem","position":3,"name":"Bulkpowder"}]},{"@type":"WebSite","@id":"https:\/\/a1-envirosciences.com\/fr\/#website","url":"https:\/\/a1-envirosciences.com\/fr\/","name":"a1 Envirosciences","description":"","potentialAction":[{"@type":"SearchAction","target":{"@type":"EntryPoint","urlTemplate":"https:\/\/a1-envirosciences.com\/fr\/?s={search_term_string}"},"query-input":{"@type":"PropertyValueSpecification","valueRequired":true,"valueName":"search_term_string"}}],"inLanguage":"fr-FR"}]}},"_links":{"self":[{"href":"https:\/\/a1-envirosciences.com\/fr\/wp-json\/wp\/v2\/product\/10942","targetHints":{"allow":["GET"]}}],"collection":[{"href":"https:\/\/a1-envirosciences.com\/fr\/wp-json\/wp\/v2\/product"}],"about":[{"href":"https:\/\/a1-envirosciences.com\/fr\/wp-json\/wp\/v2\/types\/product"}],"wp:featuredmedia":[{"embeddable":true,"href":"https:\/\/a1-envirosciences.com\/fr\/wp-json\/wp\/v2\/media\/7258"}],"wp:attachment":[{"href":"https:\/\/a1-envirosciences.com\/fr\/wp-json\/wp\/v2\/media?parent=10942"}],"wp:term":[{"taxonomy":"product_brand","embeddable":true,"href":"https:\/\/a1-envirosciences.com\/fr\/wp-json\/wp\/v2\/product_brand?post=10942"},{"taxonomy":"product_cat","embeddable":true,"href":"https:\/\/a1-envirosciences.com\/fr\/wp-json\/wp\/v2\/product_cat?post=10942"},{"taxonomy":"product_tag","embeddable":true,"href":"https:\/\/a1-envirosciences.com\/fr\/wp-json\/wp\/v2\/product_tag?post=10942"}],"curies":[{"name":"wp","href":"https:\/\/api.w.org\/{rel}","templated":true}]}}