{"id":10943,"date":"2022-01-15T12:17:39","date_gmt":"2022-01-15T11:17:39","guid":{"rendered":"https:\/\/a1-envirosciences.com\/produkte\/non%20class\u00e9\/safetybox\/"},"modified":"2025-10-30T15:16:47","modified_gmt":"2025-10-30T14:16:47","slug":"safetybox","status":"publish","type":"product","link":"https:\/\/a1-envirosciences.com\/fr\/produits\/confinement\/safetybox\/","title":{"rendered":"Safetybox"},"content":{"rendered":"<h3><strong>S\u00e9curit\u00e9<\/strong><\/h3>\n<p><strong>Les bo\u00eetes \u00e0 gants Safetybox\u00a0<\/strong>fonctionnent en pression n\u00e9gative avec circulation d\u2019air filtr\u00e9e HEPA. L\u2019air entre dans le volume par un filtre HEPA rempla\u00e7able, puis est \u00e9vacu\u00e9 via deux autres filtres HEPA ou, si n\u00e9cessaire, vers un rejet ext\u00e9rieur du b\u00e2timent.<\/p>\n<p><strong>La SafetyBox\u2122\u00a0<\/strong>est dot\u00e9e d\u2019angles p\u00e9riph\u00e9riques int\u00e9rieurs arrondis afin de faciliter le nettoyage des surfaces lors de la manipulation de hautement actives et dangereuses.<\/p>\n<p>&nbsp;<\/p>\n<h3><strong>Caract\u00e9ristiques du produit<\/strong><\/h3>\n<p><strong>Possibilit\u00e9 de fabrication sur mesure<\/strong>: conception et fabrication selon vos besoins. Vous d\u00e9finissez toutes les dimensions d\u00e9sir\u00e9es.<\/p>\n<p><strong>Pi\u00e9tement inclu<\/strong>: avec roulettes verrouillables<\/p>\n<p><strong>Nettoyage et entretien faciles :<\/strong>\u00a0gr\u00e2ce \u00e0 une fabrication robuste<\/p>\n<p><strong>R\u00e9gulation :\u00a0<\/strong>de l\u2019humidit\u00e9 relative (HR) et du niveau d\u2019oxyg\u00e8ne possibles en option<\/p>\n<p>&nbsp;<\/p>\n<h3><strong>Nos services \u00e0 disposition<\/strong><\/h3>\n<p><strong>Formation compl\u00e8te :<\/strong>\u00a0nous nous chargeons de vous initier \u00e0 l\u2019utilisation ainsi que de votre formation<\/p>\n<p><strong>M\u00eame apr\u00e8s l\u2019achat, nous sommes l\u00e0 pour<\/strong>\u00a0r\u00e9pondre \u00e0\u00a0<strong>vos<\/strong>\u00a0questions.<\/p>\n<p>Qui ne vous viennent \u00e0 l\u2019esprit qu\u2019apr\u00e8s avoir utilis\u00e9 l\u2019\u00e9quipement un certain temps. Nous sommes disponibles pour r\u00e9pondre \u00e0 toutes vos questions<\/p>\n<p><strong>Qualification IQ\/OQ :<\/strong>\u00a0la qualification de l\u2019installation (IQ) et la qualification fonctionnelle (OQ \u00ab\u00a0Operational Qualification\u00a0\u00bb) sont incluses sur votre site par notre \u00e9quipe d\u2019experts.<\/p>\n","protected":false},"excerpt":{"rendered":"<h5><span style=\"color: #003671;\"><strong>Pour un environnement contr\u00f4l\u00e9 s\u00e9curis\u00e9<\/strong><\/span><\/h5>\n<p><span style=\"color: #003671;\">\u2713 Safetybox-Glovebox pour la manipulation des poudres<\/span><\/p>\n<p><span style=\"color: #003671;\">\u2713 Environnement s\u00e9curis\u00e9 et contr\u00f4l\u00e9<\/span><\/p>\n<p><span style=\"color: #003671;\">\u2713 Pour la pes\u00e9e et\/ou la manipulation de substances tr\u00e8s actives et dangereuses avec des OEL inf\u00e9rieures \u00e0 1 \u03bcg\/m3<\/span><\/p>\n","protected":false},"featured_media":15000,"template":"","meta":{"_acf_changed":false},"product_brand":[],"product_cat":[737],"product_tag":[],"class_list":{"0":"post-10943","1":"product","2":"type-product","3":"status-publish","4":"has-post-thumbnail","6":"product_cat-confinement","7":"pa_1-unterkategorie-boite-a-gants","8":"pa_1-unterkategorie-boite-a-outils","9":"pa_1-unterkategorie-cabine-sur-mesure","10":"pa_1-unterkategorie-chambre-climatique","11":"pa_1-unterkategorie-protection-lors-de-la-pesee","12":"pa_anwenderschutz-ja-fr","13":"pa_bakterizide-uv-c-lampe-x","14":"pa_einsatzgebiete-chimie","15":"pa_einsatzgebiete-dechets-recyclage","16":"pa_einsatzgebiete-energie-renouvelable","17":"pa_einsatzgebiete-environnement","18":"pa_einsatzgebiete-medecine","19":"pa_einsatzgebiete-pharma-fr","20":"pa_einsatzgebiete-technologie-des-batteries","21":"pa_filter-filtre-hepa-h14","22":"pa_geraeteeinhausung-ja-fr","23":"pa_handling-grosser-gebinde-x-fr","24":"pa_handling-von-dna-proben-x","25":"pa_handling-von-loesungsmitteln-x","26":"pa_hoehe-650-fr","27":"pa_hoehenverstellbar-en-option","28":"pa_inerte-atmosphaere-en-option","29":"pa_integrierte-handschuhe-ja-fr","30":"pa_klimasteuerung-en-option","31":"pa_laenge-1200-fr","32":"pa_massanfertigung-moeglich-ja-fr","33":"pa_maximierte-sicherheit-ja-fr","34":"pa_menge-petites-quantites-100-g","35":"pa_mit-unterbau-en-option","36":"pa_mobiles-labor-x","37":"pa_normen-647-fr","38":"pa_oel-5ng-m-fr","39":"pa_partikel-nanoparticules","40":"pa_partikel-poudre","41":"pa_pat-cav-sash-fronts-x-fr","42":"pa_produktgruppe-boite-a-gants","43":"pa_produktgruppe-cabines-de-pesee-de-securite","44":"pa_tiefe-1450-fr","45":"pa_weitere-groesse-vorhanden-ja-fr","46":"pa_wiegen-ja-fr","48":"first","49":"instock","50":"shipping-taxable","51":"product-type-simple"},"acf":[],"yoast_head":"<!-- This site is optimized with the Yoast SEO plugin v27.1.1 - https:\/\/yoast.com\/product\/yoast-seo-wordpress\/ -->\n<title>Safetybox - a1 Envirosciences<\/title>\n<meta name=\"description\" content=\"Les syst\u00e8mes de bo\u00eetes \u00e0 gants pour la manipulation des poudres offrent un environnement contr\u00f4l\u00e9 s\u00fbr pour le pesage et la manipulation d&#039;ingr\u00e9dients actifs tr\u00e8s puissants.\" \/>\n<meta name=\"robots\" content=\"index, follow, max-snippet:-1, max-image-preview:large, max-video-preview:-1\" \/>\n<link rel=\"canonical\" href=\"https:\/\/a1-envirosciences.com\/fr\/produits\/confinement\/safetybox\/\" \/>\n<meta property=\"og:locale\" content=\"fr_FR\" \/>\n<meta property=\"og:type\" content=\"article\" \/>\n<meta property=\"og:title\" content=\"Safetybox - a1 Envirosciences\" \/>\n<meta property=\"og:description\" content=\"Les syst\u00e8mes de bo\u00eetes \u00e0 gants pour la manipulation des poudres offrent un environnement contr\u00f4l\u00e9 s\u00fbr pour le pesage et la manipulation d&#039;ingr\u00e9dients actifs tr\u00e8s puissants.\" \/>\n<meta property=\"og:url\" content=\"https:\/\/a1-envirosciences.com\/fr\/produits\/confinement\/safetybox\/\" \/>\n<meta property=\"og:site_name\" content=\"a1 Envirosciences\" \/>\n<meta property=\"article:modified_time\" content=\"2025-10-30T14:16:47+00:00\" \/>\n<meta property=\"og:image\" content=\"https:\/\/a1-envirosciences.com\/wp-content\/uploads\/2022\/01\/SafetyBox-4.jpg\" \/>\n\t<meta property=\"og:image:width\" content=\"533\" \/>\n\t<meta property=\"og:image:height\" content=\"533\" \/>\n\t<meta property=\"og:image:type\" content=\"image\/jpeg\" \/>\n<meta name=\"twitter:card\" content=\"summary_large_image\" \/>\n<meta name=\"twitter:label1\" content=\"Dur\u00e9e de lecture estim\u00e9e\" \/>\n\t<meta name=\"twitter:data1\" content=\"2 minutes\" \/>\n<script type=\"application\/ld+json\" class=\"yoast-schema-graph\">{\"@context\":\"https:\/\/schema.org\",\"@graph\":[{\"@type\":\"WebPage\",\"@id\":\"https:\/\/a1-envirosciences.com\/fr\/produits\/confinement\/safetybox\/\",\"url\":\"https:\/\/a1-envirosciences.com\/fr\/produits\/confinement\/safetybox\/\",\"name\":\"Safetybox - a1 Envirosciences\",\"isPartOf\":{\"@id\":\"https:\/\/a1-envirosciences.com\/fr\/#website\"},\"primaryImageOfPage\":{\"@id\":\"https:\/\/a1-envirosciences.com\/fr\/produits\/confinement\/safetybox\/#primaryimage\"},\"image\":{\"@id\":\"https:\/\/a1-envirosciences.com\/fr\/produits\/confinement\/safetybox\/#primaryimage\"},\"thumbnailUrl\":\"https:\/\/a1-envirosciences.com\/wp-content\/uploads\/2022\/01\/SafetyBox-4.jpg\",\"datePublished\":\"2022-01-15T11:17:39+00:00\",\"dateModified\":\"2025-10-30T14:16:47+00:00\",\"description\":\"Les syst\u00e8mes de bo\u00eetes \u00e0 gants pour la manipulation des poudres offrent un environnement contr\u00f4l\u00e9 s\u00fbr pour le pesage et la manipulation d'ingr\u00e9dients actifs tr\u00e8s puissants.\",\"breadcrumb\":{\"@id\":\"https:\/\/a1-envirosciences.com\/fr\/produits\/confinement\/safetybox\/#breadcrumb\"},\"inLanguage\":\"fr-FR\",\"potentialAction\":[{\"@type\":\"ReadAction\",\"target\":[\"https:\/\/a1-envirosciences.com\/fr\/produits\/confinement\/safetybox\/\"]}]},{\"@type\":\"ImageObject\",\"inLanguage\":\"fr-FR\",\"@id\":\"https:\/\/a1-envirosciences.com\/fr\/produits\/confinement\/safetybox\/#primaryimage\",\"url\":\"https:\/\/a1-envirosciences.com\/wp-content\/uploads\/2022\/01\/SafetyBox-4.jpg\",\"contentUrl\":\"https:\/\/a1-envirosciences.com\/wp-content\/uploads\/2022\/01\/SafetyBox-4.jpg\",\"width\":533,\"height\":533},{\"@type\":\"BreadcrumbList\",\"@id\":\"https:\/\/a1-envirosciences.com\/fr\/produits\/confinement\/safetybox\/#breadcrumb\",\"itemListElement\":[{\"@type\":\"ListItem\",\"position\":1,\"name\":\"Home\",\"item\":\"https:\/\/a1-envirosciences.com\/fr\/\"},{\"@type\":\"ListItem\",\"position\":2,\"name\":\"Produits\",\"item\":\"https:\/\/a1-envirosciences.com\/fr\/shop\/\"},{\"@type\":\"ListItem\",\"position\":3,\"name\":\"Safetybox\"}]},{\"@type\":\"WebSite\",\"@id\":\"https:\/\/a1-envirosciences.com\/fr\/#website\",\"url\":\"https:\/\/a1-envirosciences.com\/fr\/\",\"name\":\"a1 Envirosciences\",\"description\":\"\",\"potentialAction\":[{\"@type\":\"SearchAction\",\"target\":{\"@type\":\"EntryPoint\",\"urlTemplate\":\"https:\/\/a1-envirosciences.com\/fr\/?s={search_term_string}\"},\"query-input\":{\"@type\":\"PropertyValueSpecification\",\"valueRequired\":true,\"valueName\":\"search_term_string\"}}],\"inLanguage\":\"fr-FR\"}]}<\/script>\n<!-- \/ Yoast SEO plugin. -->","yoast_head_json":{"title":"Safetybox - a1 Envirosciences","description":"Les syst\u00e8mes de bo\u00eetes \u00e0 gants pour la manipulation des poudres offrent un environnement contr\u00f4l\u00e9 s\u00fbr pour le pesage et la manipulation d'ingr\u00e9dients actifs tr\u00e8s puissants.","robots":{"index":"index","follow":"follow","max-snippet":"max-snippet:-1","max-image-preview":"max-image-preview:large","max-video-preview":"max-video-preview:-1"},"canonical":"https:\/\/a1-envirosciences.com\/fr\/produits\/confinement\/safetybox\/","og_locale":"fr_FR","og_type":"article","og_title":"Safetybox - a1 Envirosciences","og_description":"Les syst\u00e8mes de bo\u00eetes \u00e0 gants pour la manipulation des poudres offrent un environnement contr\u00f4l\u00e9 s\u00fbr pour le pesage et la manipulation d'ingr\u00e9dients actifs tr\u00e8s puissants.","og_url":"https:\/\/a1-envirosciences.com\/fr\/produits\/confinement\/safetybox\/","og_site_name":"a1 Envirosciences","article_modified_time":"2025-10-30T14:16:47+00:00","og_image":[{"width":533,"height":533,"url":"https:\/\/a1-envirosciences.com\/wp-content\/uploads\/2022\/01\/SafetyBox-4.jpg","type":"image\/jpeg"}],"twitter_card":"summary_large_image","twitter_misc":{"Dur\u00e9e de lecture estim\u00e9e":"2 minutes"},"schema":{"@context":"https:\/\/schema.org","@graph":[{"@type":"WebPage","@id":"https:\/\/a1-envirosciences.com\/fr\/produits\/confinement\/safetybox\/","url":"https:\/\/a1-envirosciences.com\/fr\/produits\/confinement\/safetybox\/","name":"Safetybox - a1 Envirosciences","isPartOf":{"@id":"https:\/\/a1-envirosciences.com\/fr\/#website"},"primaryImageOfPage":{"@id":"https:\/\/a1-envirosciences.com\/fr\/produits\/confinement\/safetybox\/#primaryimage"},"image":{"@id":"https:\/\/a1-envirosciences.com\/fr\/produits\/confinement\/safetybox\/#primaryimage"},"thumbnailUrl":"https:\/\/a1-envirosciences.com\/wp-content\/uploads\/2022\/01\/SafetyBox-4.jpg","datePublished":"2022-01-15T11:17:39+00:00","dateModified":"2025-10-30T14:16:47+00:00","description":"Les syst\u00e8mes de bo\u00eetes \u00e0 gants pour la manipulation des poudres offrent un environnement contr\u00f4l\u00e9 s\u00fbr pour le pesage et la manipulation d'ingr\u00e9dients actifs tr\u00e8s puissants.","breadcrumb":{"@id":"https:\/\/a1-envirosciences.com\/fr\/produits\/confinement\/safetybox\/#breadcrumb"},"inLanguage":"fr-FR","potentialAction":[{"@type":"ReadAction","target":["https:\/\/a1-envirosciences.com\/fr\/produits\/confinement\/safetybox\/"]}]},{"@type":"ImageObject","inLanguage":"fr-FR","@id":"https:\/\/a1-envirosciences.com\/fr\/produits\/confinement\/safetybox\/#primaryimage","url":"https:\/\/a1-envirosciences.com\/wp-content\/uploads\/2022\/01\/SafetyBox-4.jpg","contentUrl":"https:\/\/a1-envirosciences.com\/wp-content\/uploads\/2022\/01\/SafetyBox-4.jpg","width":533,"height":533},{"@type":"BreadcrumbList","@id":"https:\/\/a1-envirosciences.com\/fr\/produits\/confinement\/safetybox\/#breadcrumb","itemListElement":[{"@type":"ListItem","position":1,"name":"Home","item":"https:\/\/a1-envirosciences.com\/fr\/"},{"@type":"ListItem","position":2,"name":"Produits","item":"https:\/\/a1-envirosciences.com\/fr\/shop\/"},{"@type":"ListItem","position":3,"name":"Safetybox"}]},{"@type":"WebSite","@id":"https:\/\/a1-envirosciences.com\/fr\/#website","url":"https:\/\/a1-envirosciences.com\/fr\/","name":"a1 Envirosciences","description":"","potentialAction":[{"@type":"SearchAction","target":{"@type":"EntryPoint","urlTemplate":"https:\/\/a1-envirosciences.com\/fr\/?s={search_term_string}"},"query-input":{"@type":"PropertyValueSpecification","valueRequired":true,"valueName":"search_term_string"}}],"inLanguage":"fr-FR"}]}},"_links":{"self":[{"href":"https:\/\/a1-envirosciences.com\/fr\/wp-json\/wp\/v2\/product\/10943","targetHints":{"allow":["GET"]}}],"collection":[{"href":"https:\/\/a1-envirosciences.com\/fr\/wp-json\/wp\/v2\/product"}],"about":[{"href":"https:\/\/a1-envirosciences.com\/fr\/wp-json\/wp\/v2\/types\/product"}],"wp:featuredmedia":[{"embeddable":true,"href":"https:\/\/a1-envirosciences.com\/fr\/wp-json\/wp\/v2\/media\/15000"}],"wp:attachment":[{"href":"https:\/\/a1-envirosciences.com\/fr\/wp-json\/wp\/v2\/media?parent=10943"}],"wp:term":[{"taxonomy":"product_brand","embeddable":true,"href":"https:\/\/a1-envirosciences.com\/fr\/wp-json\/wp\/v2\/product_brand?post=10943"},{"taxonomy":"product_cat","embeddable":true,"href":"https:\/\/a1-envirosciences.com\/fr\/wp-json\/wp\/v2\/product_cat?post=10943"},{"taxonomy":"product_tag","embeddable":true,"href":"https:\/\/a1-envirosciences.com\/fr\/wp-json\/wp\/v2\/product_tag?post=10943"}],"curies":[{"name":"wp","href":"https:\/\/api.w.org\/{rel}","templated":true}]}}