{"id":10949,"date":"2022-01-05T13:29:04","date_gmt":"2022-01-05T12:29:04","guid":{"rendered":"https:\/\/a1-envirosciences.com\/produkte\/non%20class\u00e9\/lev-ventilation-par-echappement-local\/"},"modified":"2025-10-30T14:58:18","modified_gmt":"2025-10-30T13:58:18","slug":"lev","status":"publish","type":"product","link":"https:\/\/a1-envirosciences.com\/fr\/produits\/confinement\/lev\/","title":{"rendered":"LEV - Local Exhaust Ventilation"},"content":{"rendered":"<h3>S\u00e9curit\u00e9<\/h3>\n<p><strong>S\u00e9curit\u00e9 sur mesure:<\/strong> Protection contre la lib\u00e9ration de substances dangereuses lors de l\u2019utilisation d\u2019\u00e9quipements (HPLC, robots de pipetage, broyeurs, tamiseurs etc.).<\/p>\n<p><strong>Niveau de s\u00e9curit\u00e9 maximal:<\/strong> pour les substances dangereuses G4 et OEB-5.<\/p>\n<p><strong>Alarme sonore et visuelle<\/strong>: avertissement imm\u00e9diat en cas de perturbation<\/p>\n<p><strong>Technologie de confinement approuv\u00e9e<\/strong>: garantie d\u2019un environnement de laboratoire s\u00e9curis\u00e9.<\/p>\n<h3><\/h3>\n<h3>Syst\u00e8me de filtration<\/h3>\n<p><strong>Les caissons de filtration:<\/strong> La filtration peut \u00eatre ind\u00e9pendante ou raccord\u00e9e \u00e0 l\u2019extraction du b\u00e2timent<\/p>\n<p><strong>Filtration sans vibrations:<\/strong> ensemble de filtration s\u00e9par\u00e9 pour \u00e9viter les perturbations.<\/p>\n<p><strong>Syst\u00e8me de filtre \u00e0 particules HEPA H14 brevet\u00e9<\/strong>: avec principe de changement de filtre sans contamination du milieu ambiant<\/p>\n<h3><\/h3>\n<h3>Caract\u00e9ristiques techniques<\/h3>\n<p><strong>Fabrication personnalis\u00e9e:<\/strong> Conception et fabrication selon vos sp\u00e9cification. (largeur, hauteur, profondeur, ouverture)<\/p>\n<p><strong>Conception ergonomique et fonctionnelle:<\/strong> Fa\u00e7ade mobile brevet\u00e9e CAV-SASH (Constant Air Volume) pour un acc\u00e8s utilisateur toute hauteur. Elle coulisse librement sans effort.<\/p>\n<p><strong>Profils lat\u00e9raux a\u00e9rodynamiques<\/strong>: Flux d\u2019air quasiment laminaire et sans turbulences pour assurer s\u00e9curit\u00e9 et pr\u00e9cision<\/p>\n<p><strong>Ouvertures suppl\u00e9mentaires<\/strong>: Possibilit\u00e9 d\u2019int\u00e9grer d\u2019autres ouvertures dans chaque parois pour r\u00e9pondre au mieux \u00e0 vos besoins<\/p>\n<p><strong>Construites pour durer<\/strong> : nos hottes sont construites avec les mat\u00e9riaux de la plus haute qualit\u00e9 pour un usage assur\u00e9 sur le long terme.<\/p>\n<p><strong>Nettoyage et entretien faciles<\/strong> : gr\u00e2ce \u00e0 une construction robuste<\/p>\n<h3><\/h3>\n<h3>Nos services pour vous<\/h3>\n<p><strong>Formation compl\u00e8te<\/strong> : nous prenons en charge l\u2019int\u00e9gration et la formation de vos employ\u00e9s<\/p>\n<p><strong>M\u00eame apr\u00e8s l\u2019achat, nous sommes l\u00e0 pour vous aider<\/strong> : beaucoup de questions ne se posent que lorsque vous travaillez. Nous sommes l\u00e0 pour r\u00e9pondre \u00e0 toutes vos questions sur le poste<\/p>\n<p><strong>Qualification IQ\/OQ<\/strong> : la qualification de l\u2019installation (IQ) et la qualification fonctionnelle (OQ \u00ab Operational Qualification \u00bb) sont incluses sur votre site par notre \u00e9quipe d\u2019experts.<\/p>\n<p><strong>Socle en option:<\/strong> installation possible sur des tables de laboratoire existantes ou nous fournissons le socle appropri\u00e9.<\/p>\n","protected":false},"excerpt":{"rendered":"<h5><span style=\"color: #003671;\"><strong>Poste de s\u00e9curit\u00e9 sur mesure<\/strong><\/span><\/h5>\n<p><span style=\"color: #003671;\">\u2713 S\u00e9curit\u00e9 sur mesure<\/span><\/p>\n<p><span style=\"color: #003671;\">\u2713 Personnalisation selon vos besoins<\/span><\/p>\n<p><span style=\"color: #003671;\">\u2713 Guillotine brevet\u00e9e CAV-SASH<\/span><\/p>\n<p><span style=\"color: #003671;\">\u2713 Protection des personnes \u00e0 100 %<\/span><\/p>\n<p><span style=\"color: #003671;\">\u2713 Dimensions personnalisables des ouvertures<\/span><\/p>\n","protected":false},"featured_media":7594,"template":"","meta":{"_acf_changed":false},"product_brand":[],"product_cat":[737],"product_tag":[],"class_list":{"0":"post-10949","1":"product","2":"type-product","3":"status-publish","4":"has-post-thumbnail","6":"product_cat-confinement","7":"pa_1-unterkategorie-boite-a-outils","8":"pa_1-unterkategorie-cabine-sur-mesure","9":"pa_1-unterkategorie-protection-lors-de-la-pesee","10":"pa_anwenderschutz-ja-fr","11":"pa_applikationen-dangereux","12":"pa_applikationen-environnement-controle","13":"pa_applikationen-manutention","14":"pa_applikationen-peser","15":"pa_bakterizide-uv-c-lampe-x","16":"pa_einsatzgebiete-agriculture-alimentation","17":"pa_einsatzgebiete-biens-de-consommation","18":"pa_einsatzgebiete-chimie","19":"pa_einsatzgebiete-energie-fr","20":"pa_einsatzgebiete-energie-renouvelable","21":"pa_einsatzgebiete-environnement","22":"pa_einsatzgebiete-petrochimie-petrole-gaz","23":"pa_einsatzgebiete-pharma-fr","24":"pa_einsatzgebiete-technologie-des-batteries","25":"pa_element-parameter-mercure","26":"pa_element-parameter-teneur-en-eau-humidite-residuelle","27":"pa_filter-filtre-hepa-h14","28":"pa_geraeteeinhausung-ja-fr","29":"pa_handling-grosser-gebinde-x-fr","30":"pa_handling-von-dna-proben-x","31":"pa_handling-von-loesungsmitteln-en-option","32":"pa_hersteller-a1-fr","33":"pa_hoehe-personnalise","34":"pa_hoehenverstellbar-en-option","35":"pa_inerte-atmosphaere-x-fr","36":"pa_integrierte-handschuhe-x-fr","37":"pa_klimasteuerung-x-fr","38":"pa_laenge-personnalise","39":"pa_massanfertigung-moeglich-ja-fr","40":"pa_maximierte-sicherheit-ja-fr","41":"pa_menge-petites-quantites-100-g","42":"pa_menge-vrac-100-g","43":"pa_mit-unterbau-en-option","44":"pa_mobiles-labor-x","45":"pa_normen-en14175-ashrae110-15211-fr","46":"pa_oel-20ng-m-fr","47":"pa_partikel-gaz","48":"pa_partikel-liquide","49":"pa_partikel-nanoparticules","50":"pa_partikel-poudre","51":"pa_pat-cav-sash-fronts-ja-fr","52":"pa_probentyp-fixe","53":"pa_produktgruppe-cabines-de-pesee-de-securite","54":"pa_produktgruppe-instrument-enclosure-cabines-de-table-lev","55":"pa_produktgruppe-serie-bulkpowder","56":"pa_sprachversion-fr-fr","57":"pa_standardmethoden-en-14175-fr","58":"pa_standardmethoden-en-14175-partie-3","59":"pa_standardmethoden-nfx-15211-fr","60":"pa_tiefe-personnalise","61":"pa_weitere-groesse-vorhanden-ja-fr","62":"pa_wiegen-ja-fr","64":"first","65":"instock","66":"shipping-taxable","67":"product-type-simple"},"acf":[],"yoast_head":"<!-- This site is optimized with the Yoast SEO plugin v27.1.1 - https:\/\/yoast.com\/product\/yoast-seo-wordpress\/ -->\n<title>LEV - Local Exhaust Ventilation - a1 Envirosciences<\/title>\n<meta name=\"description\" content=\"Les enceintes de ventilation \u00e0 \u00e9chappement local prot\u00e8gent l&#039;utilisateur contre d&#039;\u00e9ventuels rejets lors de l&#039;utilisation d&#039;appareils d&#039;analyse tels que les syst\u00e8mes HPLC ou les broyeurs.\" \/>\n<meta name=\"robots\" content=\"index, follow, max-snippet:-1, max-image-preview:large, max-video-preview:-1\" \/>\n<link rel=\"canonical\" href=\"https:\/\/a1-envirosciences.com\/fr\/produits\/confinement\/lev\/\" \/>\n<meta property=\"og:locale\" content=\"fr_FR\" \/>\n<meta property=\"og:type\" content=\"article\" \/>\n<meta property=\"og:title\" content=\"LEV - Local Exhaust Ventilation - a1 Envirosciences\" \/>\n<meta property=\"og:description\" content=\"Les enceintes de ventilation \u00e0 \u00e9chappement local prot\u00e8gent l&#039;utilisateur contre d&#039;\u00e9ventuels rejets lors de l&#039;utilisation d&#039;appareils d&#039;analyse tels que les syst\u00e8mes HPLC ou les broyeurs.\" \/>\n<meta property=\"og:url\" content=\"https:\/\/a1-envirosciences.com\/fr\/produits\/confinement\/lev\/\" \/>\n<meta property=\"og:site_name\" content=\"a1 Envirosciences\" \/>\n<meta property=\"article:modified_time\" content=\"2025-10-30T13:58:18+00:00\" \/>\n<meta property=\"og:image\" content=\"https:\/\/a1-envirosciences.com\/wp-content\/uploads\/2022\/02\/LEV_Titelbild-scaled.jpg\" \/>\n\t<meta property=\"og:image:width\" content=\"2560\" \/>\n\t<meta property=\"og:image:height\" content=\"2560\" \/>\n\t<meta property=\"og:image:type\" content=\"image\/jpeg\" \/>\n<meta name=\"twitter:card\" content=\"summary_large_image\" \/>\n<meta name=\"twitter:label1\" content=\"Dur\u00e9e de lecture estim\u00e9e\" \/>\n\t<meta name=\"twitter:data1\" content=\"2 minutes\" \/>\n<script type=\"application\/ld+json\" class=\"yoast-schema-graph\">{\"@context\":\"https:\/\/schema.org\",\"@graph\":[{\"@type\":\"WebPage\",\"@id\":\"https:\/\/a1-envirosciences.com\/fr\/produits\/confinement\/lev\/\",\"url\":\"https:\/\/a1-envirosciences.com\/fr\/produits\/confinement\/lev\/\",\"name\":\"LEV - Local Exhaust Ventilation - a1 Envirosciences\",\"isPartOf\":{\"@id\":\"https:\/\/a1-envirosciences.com\/fr\/#website\"},\"primaryImageOfPage\":{\"@id\":\"https:\/\/a1-envirosciences.com\/fr\/produits\/confinement\/lev\/#primaryimage\"},\"image\":{\"@id\":\"https:\/\/a1-envirosciences.com\/fr\/produits\/confinement\/lev\/#primaryimage\"},\"thumbnailUrl\":\"https:\/\/a1-envirosciences.com\/wp-content\/uploads\/2022\/02\/LEV_Titelbild-scaled.jpg\",\"datePublished\":\"2022-01-05T12:29:04+00:00\",\"dateModified\":\"2025-10-30T13:58:18+00:00\",\"description\":\"Les enceintes de ventilation \u00e0 \u00e9chappement local prot\u00e8gent l'utilisateur contre d'\u00e9ventuels rejets lors de l'utilisation d'appareils d'analyse tels que les syst\u00e8mes HPLC ou les broyeurs.\",\"breadcrumb\":{\"@id\":\"https:\/\/a1-envirosciences.com\/fr\/produits\/confinement\/lev\/#breadcrumb\"},\"inLanguage\":\"fr-FR\",\"potentialAction\":[{\"@type\":\"ReadAction\",\"target\":[\"https:\/\/a1-envirosciences.com\/fr\/produits\/confinement\/lev\/\"]}]},{\"@type\":\"ImageObject\",\"inLanguage\":\"fr-FR\",\"@id\":\"https:\/\/a1-envirosciences.com\/fr\/produits\/confinement\/lev\/#primaryimage\",\"url\":\"https:\/\/a1-envirosciences.com\/wp-content\/uploads\/2022\/02\/LEV_Titelbild-scaled.jpg\",\"contentUrl\":\"https:\/\/a1-envirosciences.com\/wp-content\/uploads\/2022\/02\/LEV_Titelbild-scaled.jpg\",\"width\":2560,\"height\":2560,\"caption\":\"Ventilation de l'\u00e9chappement local\"},{\"@type\":\"BreadcrumbList\",\"@id\":\"https:\/\/a1-envirosciences.com\/fr\/produits\/confinement\/lev\/#breadcrumb\",\"itemListElement\":[{\"@type\":\"ListItem\",\"position\":1,\"name\":\"Home\",\"item\":\"https:\/\/a1-envirosciences.com\/fr\/\"},{\"@type\":\"ListItem\",\"position\":2,\"name\":\"Produits\",\"item\":\"https:\/\/a1-envirosciences.com\/fr\/shop\/\"},{\"@type\":\"ListItem\",\"position\":3,\"name\":\"LEV - Local Exhaust Ventilation\"}]},{\"@type\":\"WebSite\",\"@id\":\"https:\/\/a1-envirosciences.com\/fr\/#website\",\"url\":\"https:\/\/a1-envirosciences.com\/fr\/\",\"name\":\"a1 Envirosciences\",\"description\":\"\",\"potentialAction\":[{\"@type\":\"SearchAction\",\"target\":{\"@type\":\"EntryPoint\",\"urlTemplate\":\"https:\/\/a1-envirosciences.com\/fr\/?s={search_term_string}\"},\"query-input\":{\"@type\":\"PropertyValueSpecification\",\"valueRequired\":true,\"valueName\":\"search_term_string\"}}],\"inLanguage\":\"fr-FR\"}]}<\/script>\n<!-- \/ Yoast SEO plugin. -->","yoast_head_json":{"title":"LEV - Local Exhaust Ventilation - a1 Envirosciences","description":"Les enceintes de ventilation \u00e0 \u00e9chappement local prot\u00e8gent l'utilisateur contre d'\u00e9ventuels rejets lors de l'utilisation d'appareils d'analyse tels que les syst\u00e8mes HPLC ou les broyeurs.","robots":{"index":"index","follow":"follow","max-snippet":"max-snippet:-1","max-image-preview":"max-image-preview:large","max-video-preview":"max-video-preview:-1"},"canonical":"https:\/\/a1-envirosciences.com\/fr\/produits\/confinement\/lev\/","og_locale":"fr_FR","og_type":"article","og_title":"LEV - Local Exhaust Ventilation - a1 Envirosciences","og_description":"Les enceintes de ventilation \u00e0 \u00e9chappement local prot\u00e8gent l'utilisateur contre d'\u00e9ventuels rejets lors de l'utilisation d'appareils d'analyse tels que les syst\u00e8mes HPLC ou les broyeurs.","og_url":"https:\/\/a1-envirosciences.com\/fr\/produits\/confinement\/lev\/","og_site_name":"a1 Envirosciences","article_modified_time":"2025-10-30T13:58:18+00:00","og_image":[{"width":2560,"height":2560,"url":"https:\/\/a1-envirosciences.com\/wp-content\/uploads\/2022\/02\/LEV_Titelbild-scaled.jpg","type":"image\/jpeg"}],"twitter_card":"summary_large_image","twitter_misc":{"Dur\u00e9e de lecture estim\u00e9e":"2 minutes"},"schema":{"@context":"https:\/\/schema.org","@graph":[{"@type":"WebPage","@id":"https:\/\/a1-envirosciences.com\/fr\/produits\/confinement\/lev\/","url":"https:\/\/a1-envirosciences.com\/fr\/produits\/confinement\/lev\/","name":"LEV - Local Exhaust Ventilation - a1 Envirosciences","isPartOf":{"@id":"https:\/\/a1-envirosciences.com\/fr\/#website"},"primaryImageOfPage":{"@id":"https:\/\/a1-envirosciences.com\/fr\/produits\/confinement\/lev\/#primaryimage"},"image":{"@id":"https:\/\/a1-envirosciences.com\/fr\/produits\/confinement\/lev\/#primaryimage"},"thumbnailUrl":"https:\/\/a1-envirosciences.com\/wp-content\/uploads\/2022\/02\/LEV_Titelbild-scaled.jpg","datePublished":"2022-01-05T12:29:04+00:00","dateModified":"2025-10-30T13:58:18+00:00","description":"Les enceintes de ventilation \u00e0 \u00e9chappement local prot\u00e8gent l'utilisateur contre d'\u00e9ventuels rejets lors de l'utilisation d'appareils d'analyse tels que les syst\u00e8mes HPLC ou les broyeurs.","breadcrumb":{"@id":"https:\/\/a1-envirosciences.com\/fr\/produits\/confinement\/lev\/#breadcrumb"},"inLanguage":"fr-FR","potentialAction":[{"@type":"ReadAction","target":["https:\/\/a1-envirosciences.com\/fr\/produits\/confinement\/lev\/"]}]},{"@type":"ImageObject","inLanguage":"fr-FR","@id":"https:\/\/a1-envirosciences.com\/fr\/produits\/confinement\/lev\/#primaryimage","url":"https:\/\/a1-envirosciences.com\/wp-content\/uploads\/2022\/02\/LEV_Titelbild-scaled.jpg","contentUrl":"https:\/\/a1-envirosciences.com\/wp-content\/uploads\/2022\/02\/LEV_Titelbild-scaled.jpg","width":2560,"height":2560,"caption":"Ventilation de l'\u00e9chappement local"},{"@type":"BreadcrumbList","@id":"https:\/\/a1-envirosciences.com\/fr\/produits\/confinement\/lev\/#breadcrumb","itemListElement":[{"@type":"ListItem","position":1,"name":"Home","item":"https:\/\/a1-envirosciences.com\/fr\/"},{"@type":"ListItem","position":2,"name":"Produits","item":"https:\/\/a1-envirosciences.com\/fr\/shop\/"},{"@type":"ListItem","position":3,"name":"LEV - Local Exhaust Ventilation"}]},{"@type":"WebSite","@id":"https:\/\/a1-envirosciences.com\/fr\/#website","url":"https:\/\/a1-envirosciences.com\/fr\/","name":"a1 Envirosciences","description":"","potentialAction":[{"@type":"SearchAction","target":{"@type":"EntryPoint","urlTemplate":"https:\/\/a1-envirosciences.com\/fr\/?s={search_term_string}"},"query-input":{"@type":"PropertyValueSpecification","valueRequired":true,"valueName":"search_term_string"}}],"inLanguage":"fr-FR"}]}},"_links":{"self":[{"href":"https:\/\/a1-envirosciences.com\/fr\/wp-json\/wp\/v2\/product\/10949","targetHints":{"allow":["GET"]}}],"collection":[{"href":"https:\/\/a1-envirosciences.com\/fr\/wp-json\/wp\/v2\/product"}],"about":[{"href":"https:\/\/a1-envirosciences.com\/fr\/wp-json\/wp\/v2\/types\/product"}],"wp:featuredmedia":[{"embeddable":true,"href":"https:\/\/a1-envirosciences.com\/fr\/wp-json\/wp\/v2\/media\/7594"}],"wp:attachment":[{"href":"https:\/\/a1-envirosciences.com\/fr\/wp-json\/wp\/v2\/media?parent=10949"}],"wp:term":[{"taxonomy":"product_brand","embeddable":true,"href":"https:\/\/a1-envirosciences.com\/fr\/wp-json\/wp\/v2\/product_brand?post=10949"},{"taxonomy":"product_cat","embeddable":true,"href":"https:\/\/a1-envirosciences.com\/fr\/wp-json\/wp\/v2\/product_cat?post=10949"},{"taxonomy":"product_tag","embeddable":true,"href":"https:\/\/a1-envirosciences.com\/fr\/wp-json\/wp\/v2\/product_tag?post=10949"}],"curies":[{"name":"wp","href":"https:\/\/api.w.org\/{rel}","templated":true}]}}