{"id":10950,"date":"2022-01-01T09:57:47","date_gmt":"2022-01-01T08:57:47","guid":{"rendered":"https:\/\/a1-envirosciences.com\/produkte\/non%20class\u00e9\/st1\/"},"modified":"2025-11-04T17:42:53","modified_gmt":"2025-11-04T16:42:53","slug":"st1","status":"publish","type":"product","link":"https:\/\/a1-envirosciences.com\/fr\/produits\/confinement\/st1\/","title":{"rendered":"ST1"},"content":{"rendered":"<h3><strong>S\u00e9curit\u00e9<\/strong><\/h3>\n<p><strong>Niveau de s\u00e9curit\u00e9 maximal<\/strong>\u00a0: Valeur limite d\u2019exposition (OEL) &lt; 20 ng\/m\u00b3, soit 20 fois sup\u00e9rieur aux exigences pour les substances dangereuses de cat\u00e9gories G4 et OEB-5.<\/p>\n<p><strong>Protection in\u00e9gal\u00e9e<\/strong>\u00a0: S\u00e9curit\u00e9 optimale pour l\u2019utilisateur et les personnes pr\u00e9sentes dans le laboratoire, m\u00eame lors de la manipulation de substances hautement actives. Le port d\u2019un masque de protection n\u2019est alors plus n\u00e9cessaire.<\/p>\n<p><strong>Alarmes visuelles et sonores<\/strong>\u00a0: Signalent imm\u00e9diatement tout probl\u00e8me.<\/p>\n<p>&nbsp;<\/p>\n<h3><strong>Syst\u00e8me de filtration<\/strong><\/h3>\n<p><strong>Ensemble de filtration modulable<\/strong>: \u00c9quip\u00e9 d\u2019un filtre HEPA H14, simple ou double couche et\/ou d\u2019un filtre \u00e0 charbon actif en option pour les vapeurs de solvants.<\/p>\n<p><strong>Filtration sans vibrations<\/strong>\u00a0: Caisson de filtration s\u00e9par\u00e9 pour \u00e9liminer toutes vibrations, garantir une stabilit\u00e9 parfaite des pes\u00e9es et faciliter la maintenance.<\/p>\n<p><strong>Syst\u00e8me brevet\u00e9 de filtration HEPA H14<\/strong>\u00a0: Permet un remplacement totalement s\u00e9curis\u00e9 du filtre sans aucune contamination du local.<\/p>\n<p>&nbsp;<\/p>\n<h3><span data-teams=\"true\"><strong>Pes\u00e9e<\/strong><\/span><\/h3>\n<p><strong>Pr\u00e9cision maximale<\/strong>\u00a0: Pes\u00e9e fiable au milli\u00e8me de milligramme pr\u00e8s lors de l\u2019utilisation de microbalances analytiques ultra-sensibles.<\/p>\n<p><strong>Environnement \u00e0 faible turbulence<\/strong>\u00a0: Assur\u00e9 par un flux d\u2019air laminaire horizontal pour une stabilit\u00e9 et une r\u00e9p\u00e9tabilit\u00e9 optimale des pes\u00e9es.<\/p>\n<p>&nbsp;<\/p>\n<h3><strong>Caract\u00e9ristiques du produit<\/strong><\/h3>\n<p><strong>Dimensions standards<\/strong>\u00a0: Largeurs disponibles de 900 mm, 1200 mm ou 1500 mm ; hauteur d\u2019environ 700 mm.<\/p>\n<p><strong>Options d\u2019installation<\/strong>\u00a0: Peut \u00eatre plac\u00e9 sur paillasse existante ou fourni avec un pi\u00e9tement support (bench) metallique ou granit.<\/p>\n<p><strong>Entretien simplifi\u00e9<\/strong>\u00a0: Conception robuste des postes de pes\u00e9e s\u00e9curis\u00e9s ST1 pour un nettoyage ais\u00e9 et une maintenance r\u00e9duite.<\/p>\n<p>&nbsp;<\/p>\n<h3><strong>Nos services<\/strong><\/h3>\n<p><strong>Formation compl\u00e8te<\/strong>\u00a0: Int\u00e9gration et formation de vos collaborateurs assur\u00e9es par nos soins.<\/p>\n<p><strong>Assistance continue<\/strong>\u00a0: Notre service apr\u00e8s-vente reste \u00e0 votre disposition pour r\u00e9pondre \u00e0 toutes vos questions li\u00e9es \u00e0 l\u2019utilisation de l\u2019\u00e9quipement.<\/p>\n<p><strong>Qualification QI\/QO<\/strong>\u00a0: Qualification d\u2019installation (QI) et qualification op\u00e9rationnelle (QO) r\u00e9alis\u00e9es sur site par notre \u00e9quipe d\u2019experts.<\/p>\n<p><strong>Installation polyvalente<\/strong>\u00a0: Fonctionnement autonome avec recirculation d\u2019air filtr\u00e9 ou raccordement \u00e0 l\u2019extraction externe du b\u00e2timent.<\/p>\n","protected":false},"excerpt":{"rendered":"<h5><strong><span style=\"color: #003671;\">Poste de pes\u00e9e s\u00e9curis\u00e9<\/span><\/strong><\/h5>\n<p><span style=\"color: #003671;\">\u2713 Protection maximale de l\u2019utilisateur lors du travail avec des substances dangereuses<\/span><\/p>\n<p><span style=\"color: #003671;\">\u2713 Niveau de s\u00e9curit\u00e9 le plus \u00e9lev\u00e9 gr\u00e2ce \u00e0 l\u2019utilisation du filtre HEPA H14<\/span><\/p>\n<p><span style=\"color: #003671;\">\u2713 Pes\u00e9e de pr\u00e9cision avec les balances d\u2019analyse<\/span><\/p>\n<p><span style=\"color: #003671;\">\u2713 Absence de vibrations<\/span><\/p>\n<p><span style=\"color: #003671;\">\u2713 Installation autonome avec recirculation d\u2019air filtr\u00e9 ou rejet ext\u00e9rieur<\/span><\/p>\n","protected":false},"featured_media":8812,"template":"","meta":{"_acf_changed":false},"product_brand":[],"product_cat":[737],"product_tag":[],"class_list":{"0":"post-10950","1":"product","2":"type-product","3":"status-publish","4":"has-post-thumbnail","6":"product_cat-confinement","7":"pa_1-unterkategorie-boite-a-outils","8":"pa_1-unterkategorie-protection-lors-de-la-pesee","9":"pa_anwenderschutz-ja-fr","10":"pa_applikationen-dangereux","11":"pa_applikationen-manutention","12":"pa_applikationen-peser","13":"pa_bakterizide-uv-c-lampe-x","14":"pa_einsatzgebiete-agriculture-alimentation","15":"pa_einsatzgebiete-biens-de-consommation","16":"pa_einsatzgebiete-chimie","17":"pa_einsatzgebiete-energie-fr","18":"pa_einsatzgebiete-energie-renouvelable","19":"pa_einsatzgebiete-environnement","20":"pa_einsatzgebiete-industrie-lourde-matieres-premieres","21":"pa_einsatzgebiete-medecine","22":"pa_einsatzgebiete-petrochimie-petrole-gaz","23":"pa_einsatzgebiete-pharma-fr","24":"pa_einsatzgebiete-technologie-des-batteries","25":"pa_element-parameter-mercure","26":"pa_filter-filtre-hepa-h14","27":"pa_geraeteeinhausung-ja-fr","28":"pa_handling-grosser-gebinde-x-fr","29":"pa_handling-von-dna-proben-x","30":"pa_handling-von-loesungsmitteln-ja-fr","31":"pa_hersteller-a1-fr","32":"pa_hoehe-700-fr","33":"pa_hoehenverstellbar-en-option","34":"pa_inerte-atmosphaere-x-fr","35":"pa_integrierte-handschuhe-x-fr","36":"pa_klimasteuerung-x-fr","37":"pa_laenge-900-fr","38":"pa_massanfertigung-moeglich-x-fr","39":"pa_maximierte-sicherheit-ja-fr","40":"pa_menge-petites-quantites-100-g","41":"pa_mit-unterbau-en-option","42":"pa_mobiles-labor-x","43":"pa_normen-en14175-ashrae110-15211-fr","44":"pa_oel-20ng-m-fr","45":"pa_partikel-gaz","46":"pa_partikel-liquide","47":"pa_partikel-nanoparticules","48":"pa_partikel-poudre","49":"pa_pat-cav-sash-fronts-x-fr","50":"pa_probentyp-fixe","51":"pa_probentyp-liquide","52":"pa_produktgruppe-cabines-de-pesee-de-securite","53":"pa_sprachversion-fr-fr","54":"pa_standardmethoden-en-14175-fr","55":"pa_standardmethoden-en-14175-partie-3","56":"pa_standardmethoden-en-1822-fr","57":"pa_standardmethoden-nfx-15211-fr","58":"pa_standardmethoden-oel-ecl-20-ng-m-fr","59":"pa_tiefe-780-fr","60":"pa_weitere-groesse-vorhanden-ja-fr","61":"pa_wiegen-ja-fr","63":"first","64":"instock","65":"shipping-taxable","66":"product-type-simple"},"acf":[],"yoast_head":"<!-- This site is optimized with the Yoast SEO plugin v27.1.1 - https:\/\/yoast.com\/product\/yoast-seo-wordpress\/ -->\n<title>ST1 - a1 Envirosciences<\/title>\n<meta name=\"description\" content=\"La cabine de pes\u00e9e s\u00e9curis\u00e9e ST1 offre des conditions optimales pour la s\u00e9curit\u00e9 des personnes et de l&#039;environnement du laboratoire (par exemple, contre les substances hautement actives).\" \/>\n<meta name=\"robots\" content=\"index, follow, max-snippet:-1, max-image-preview:large, max-video-preview:-1\" \/>\n<link rel=\"canonical\" href=\"https:\/\/a1-envirosciences.com\/fr\/produits\/confinement\/st1\/\" \/>\n<meta property=\"og:locale\" content=\"fr_FR\" \/>\n<meta property=\"og:type\" content=\"article\" \/>\n<meta property=\"og:title\" content=\"ST1 - a1 Envirosciences\" \/>\n<meta property=\"og:description\" content=\"La cabine de pes\u00e9e s\u00e9curis\u00e9e ST1 offre des conditions optimales pour la s\u00e9curit\u00e9 des personnes et de l&#039;environnement du laboratoire (par exemple, contre les substances hautement actives).\" \/>\n<meta property=\"og:url\" content=\"https:\/\/a1-envirosciences.com\/fr\/produits\/confinement\/st1\/\" \/>\n<meta property=\"og:site_name\" content=\"a1 Envirosciences\" \/>\n<meta property=\"article:modified_time\" content=\"2025-11-04T16:42:53+00:00\" \/>\n<meta property=\"og:image\" content=\"https:\/\/a1-envirosciences.com\/wp-content\/uploads\/2022\/01\/Quadratisch-ST1-V3_ST12-1.png\" \/>\n\t<meta property=\"og:image:width\" content=\"4167\" \/>\n\t<meta property=\"og:image:height\" content=\"4167\" \/>\n\t<meta property=\"og:image:type\" content=\"image\/png\" \/>\n<meta name=\"twitter:card\" content=\"summary_large_image\" \/>\n<meta name=\"twitter:label1\" content=\"Dur\u00e9e de lecture estim\u00e9e\" \/>\n\t<meta name=\"twitter:data1\" content=\"2 minutes\" \/>\n<script type=\"application\/ld+json\" class=\"yoast-schema-graph\">{\"@context\":\"https:\/\/schema.org\",\"@graph\":[{\"@type\":\"WebPage\",\"@id\":\"https:\/\/a1-envirosciences.com\/fr\/produits\/confinement\/st1\/\",\"url\":\"https:\/\/a1-envirosciences.com\/fr\/produits\/confinement\/st1\/\",\"name\":\"ST1 - a1 Envirosciences\",\"isPartOf\":{\"@id\":\"https:\/\/a1-envirosciences.com\/fr\/#website\"},\"primaryImageOfPage\":{\"@id\":\"https:\/\/a1-envirosciences.com\/fr\/produits\/confinement\/st1\/#primaryimage\"},\"image\":{\"@id\":\"https:\/\/a1-envirosciences.com\/fr\/produits\/confinement\/st1\/#primaryimage\"},\"thumbnailUrl\":\"https:\/\/a1-envirosciences.com\/wp-content\/uploads\/2022\/01\/Quadratisch-ST1-V3_ST12-1.png\",\"datePublished\":\"2022-01-01T08:57:47+00:00\",\"dateModified\":\"2025-11-04T16:42:53+00:00\",\"description\":\"La cabine de pes\u00e9e s\u00e9curis\u00e9e ST1 offre des conditions optimales pour la s\u00e9curit\u00e9 des personnes et de l'environnement du laboratoire (par exemple, contre les substances hautement actives).\",\"breadcrumb\":{\"@id\":\"https:\/\/a1-envirosciences.com\/fr\/produits\/confinement\/st1\/#breadcrumb\"},\"inLanguage\":\"fr-FR\",\"potentialAction\":[{\"@type\":\"ReadAction\",\"target\":[\"https:\/\/a1-envirosciences.com\/fr\/produits\/confinement\/st1\/\"]}]},{\"@type\":\"ImageObject\",\"inLanguage\":\"fr-FR\",\"@id\":\"https:\/\/a1-envirosciences.com\/fr\/produits\/confinement\/st1\/#primaryimage\",\"url\":\"https:\/\/a1-envirosciences.com\/wp-content\/uploads\/2022\/01\/Quadratisch-ST1-V3_ST12-1.png\",\"contentUrl\":\"https:\/\/a1-envirosciences.com\/wp-content\/uploads\/2022\/01\/Quadratisch-ST1-V3_ST12-1.png\",\"width\":4167,\"height\":4167},{\"@type\":\"BreadcrumbList\",\"@id\":\"https:\/\/a1-envirosciences.com\/fr\/produits\/confinement\/st1\/#breadcrumb\",\"itemListElement\":[{\"@type\":\"ListItem\",\"position\":1,\"name\":\"Home\",\"item\":\"https:\/\/a1-envirosciences.com\/fr\/\"},{\"@type\":\"ListItem\",\"position\":2,\"name\":\"Produits\",\"item\":\"https:\/\/a1-envirosciences.com\/fr\/shop\/\"},{\"@type\":\"ListItem\",\"position\":3,\"name\":\"ST1\"}]},{\"@type\":\"WebSite\",\"@id\":\"https:\/\/a1-envirosciences.com\/fr\/#website\",\"url\":\"https:\/\/a1-envirosciences.com\/fr\/\",\"name\":\"a1 Envirosciences\",\"description\":\"\",\"potentialAction\":[{\"@type\":\"SearchAction\",\"target\":{\"@type\":\"EntryPoint\",\"urlTemplate\":\"https:\/\/a1-envirosciences.com\/fr\/?s={search_term_string}\"},\"query-input\":{\"@type\":\"PropertyValueSpecification\",\"valueRequired\":true,\"valueName\":\"search_term_string\"}}],\"inLanguage\":\"fr-FR\"}]}<\/script>\n<!-- \/ Yoast SEO plugin. -->","yoast_head_json":{"title":"ST1 - a1 Envirosciences","description":"La cabine de pes\u00e9e s\u00e9curis\u00e9e ST1 offre des conditions optimales pour la s\u00e9curit\u00e9 des personnes et de l'environnement du laboratoire (par exemple, contre les substances hautement actives).","robots":{"index":"index","follow":"follow","max-snippet":"max-snippet:-1","max-image-preview":"max-image-preview:large","max-video-preview":"max-video-preview:-1"},"canonical":"https:\/\/a1-envirosciences.com\/fr\/produits\/confinement\/st1\/","og_locale":"fr_FR","og_type":"article","og_title":"ST1 - a1 Envirosciences","og_description":"La cabine de pes\u00e9e s\u00e9curis\u00e9e ST1 offre des conditions optimales pour la s\u00e9curit\u00e9 des personnes et de l'environnement du laboratoire (par exemple, contre les substances hautement actives).","og_url":"https:\/\/a1-envirosciences.com\/fr\/produits\/confinement\/st1\/","og_site_name":"a1 Envirosciences","article_modified_time":"2025-11-04T16:42:53+00:00","og_image":[{"width":4167,"height":4167,"url":"https:\/\/a1-envirosciences.com\/wp-content\/uploads\/2022\/01\/Quadratisch-ST1-V3_ST12-1.png","type":"image\/png"}],"twitter_card":"summary_large_image","twitter_misc":{"Dur\u00e9e de lecture estim\u00e9e":"2 minutes"},"schema":{"@context":"https:\/\/schema.org","@graph":[{"@type":"WebPage","@id":"https:\/\/a1-envirosciences.com\/fr\/produits\/confinement\/st1\/","url":"https:\/\/a1-envirosciences.com\/fr\/produits\/confinement\/st1\/","name":"ST1 - a1 Envirosciences","isPartOf":{"@id":"https:\/\/a1-envirosciences.com\/fr\/#website"},"primaryImageOfPage":{"@id":"https:\/\/a1-envirosciences.com\/fr\/produits\/confinement\/st1\/#primaryimage"},"image":{"@id":"https:\/\/a1-envirosciences.com\/fr\/produits\/confinement\/st1\/#primaryimage"},"thumbnailUrl":"https:\/\/a1-envirosciences.com\/wp-content\/uploads\/2022\/01\/Quadratisch-ST1-V3_ST12-1.png","datePublished":"2022-01-01T08:57:47+00:00","dateModified":"2025-11-04T16:42:53+00:00","description":"La cabine de pes\u00e9e s\u00e9curis\u00e9e ST1 offre des conditions optimales pour la s\u00e9curit\u00e9 des personnes et de l'environnement du laboratoire (par exemple, contre les substances hautement actives).","breadcrumb":{"@id":"https:\/\/a1-envirosciences.com\/fr\/produits\/confinement\/st1\/#breadcrumb"},"inLanguage":"fr-FR","potentialAction":[{"@type":"ReadAction","target":["https:\/\/a1-envirosciences.com\/fr\/produits\/confinement\/st1\/"]}]},{"@type":"ImageObject","inLanguage":"fr-FR","@id":"https:\/\/a1-envirosciences.com\/fr\/produits\/confinement\/st1\/#primaryimage","url":"https:\/\/a1-envirosciences.com\/wp-content\/uploads\/2022\/01\/Quadratisch-ST1-V3_ST12-1.png","contentUrl":"https:\/\/a1-envirosciences.com\/wp-content\/uploads\/2022\/01\/Quadratisch-ST1-V3_ST12-1.png","width":4167,"height":4167},{"@type":"BreadcrumbList","@id":"https:\/\/a1-envirosciences.com\/fr\/produits\/confinement\/st1\/#breadcrumb","itemListElement":[{"@type":"ListItem","position":1,"name":"Home","item":"https:\/\/a1-envirosciences.com\/fr\/"},{"@type":"ListItem","position":2,"name":"Produits","item":"https:\/\/a1-envirosciences.com\/fr\/shop\/"},{"@type":"ListItem","position":3,"name":"ST1"}]},{"@type":"WebSite","@id":"https:\/\/a1-envirosciences.com\/fr\/#website","url":"https:\/\/a1-envirosciences.com\/fr\/","name":"a1 Envirosciences","description":"","potentialAction":[{"@type":"SearchAction","target":{"@type":"EntryPoint","urlTemplate":"https:\/\/a1-envirosciences.com\/fr\/?s={search_term_string}"},"query-input":{"@type":"PropertyValueSpecification","valueRequired":true,"valueName":"search_term_string"}}],"inLanguage":"fr-FR"}]}},"_links":{"self":[{"href":"https:\/\/a1-envirosciences.com\/fr\/wp-json\/wp\/v2\/product\/10950","targetHints":{"allow":["GET"]}}],"collection":[{"href":"https:\/\/a1-envirosciences.com\/fr\/wp-json\/wp\/v2\/product"}],"about":[{"href":"https:\/\/a1-envirosciences.com\/fr\/wp-json\/wp\/v2\/types\/product"}],"wp:featuredmedia":[{"embeddable":true,"href":"https:\/\/a1-envirosciences.com\/fr\/wp-json\/wp\/v2\/media\/8812"}],"wp:attachment":[{"href":"https:\/\/a1-envirosciences.com\/fr\/wp-json\/wp\/v2\/media?parent=10950"}],"wp:term":[{"taxonomy":"product_brand","embeddable":true,"href":"https:\/\/a1-envirosciences.com\/fr\/wp-json\/wp\/v2\/product_brand?post=10950"},{"taxonomy":"product_cat","embeddable":true,"href":"https:\/\/a1-envirosciences.com\/fr\/wp-json\/wp\/v2\/product_cat?post=10950"},{"taxonomy":"product_tag","embeddable":true,"href":"https:\/\/a1-envirosciences.com\/fr\/wp-json\/wp\/v2\/product_tag?post=10950"}],"curies":[{"name":"wp","href":"https:\/\/api.w.org\/{rel}","templated":true}]}}