{"id":11394,"date":"2022-01-25T12:37:18","date_gmt":"2022-01-25T11:37:18","guid":{"rendered":"https:\/\/a1-envirosciences.com\/produkte\/non%20class\u00e9\/ma-3-solo\/"},"modified":"2025-11-04T17:47:25","modified_gmt":"2025-11-04T16:47:25","slug":"ma-3-solo","status":"publish","type":"product","link":"https:\/\/a1-envirosciences.com\/fr\/produits\/analyse\/ma-3-solo\/","title":{"rendered":"MA-3 Solo"},"content":{"rendered":"<h3><strong>Vos avantages<\/strong><\/h3>\n<p><strong>Rapide<\/strong>: R\u00e9sultats complets \u00e0 partir de 5 minutes d&rsquo;analyses<\/p>\n<p><strong>Petit, portable, pratique<\/strong>: l&rsquo;appareil ne p\u00e8se que 13 kg et tient sur un plan de travail A3.<\/p>\n<p><strong>Large plage de mesure<\/strong>: 0,01ng -10000ng absolu<\/p>\n<p><strong>D\u00e9termination de la teneur en mercure<\/strong>: dans les \u00e9chantillons les plus divers<strong><br \/>\n<\/strong><\/p>\n<p><strong>D\u00e9tection du mercure par combustion, suivi d&rsquo;une mesure sur spectrophotom\u00e8tre en absorption atomique \u00e0 vapeurs froides<\/strong><\/p>\n<h3><strong>Protection des ressources<\/strong><\/h3>\n<p><strong>Co\u00fbts d&rsquo;exploitation r\u00e9duits :<\/strong> gr\u00e2ce aux nacelles en c\u00e9ramique r\u00e9utilisables et l&rsquo;utilisation de l&rsquo;air filtr\u00e9 comme comburant<\/p>\n<p><strong>Fonctionnement efficace :<\/strong> gr\u00e2ce \u00e0 2 d\u00e9tecteurs \u00e0 semi-conducteurs robustes qui fournissent les mesures de quantification et de r\u00e9f\u00e9rence<\/p>\n<p><strong>Sensibilit\u00e9 sup\u00e9rieure : <\/strong>gr\u00e2ce \u00e0 des r\u00e9seaux optiques de haute qualit\u00e9 qui transmettent toute l&rsquo;intensit\u00e9 \u00e0 travers la cellule d&rsquo;\u00e9chantillonnage et le d\u00e9tecteur de r\u00e9f\u00e9rence.<\/p>\n<h3><strong>Facilit\u00e9 d&rsquo;utilisation<\/strong><\/h3>\n<p><strong>Con\u00e7u pour le mode manuel :<\/strong> le MA-3 Solo fonctionne sans \u00e9chantillonneur automatique.<\/p>\n<p><strong>Logiciel convivial<\/strong>: pour une utilisation, un reporting et un stockage de donn\u00e9es simplifi\u00e9es<\/p>\n<p><strong>Chargement tr\u00e8s simple des \u00e9chantillons : <\/strong>il suffit de d\u00e9poser les \u00e9chantillons solides, liquides ou p\u00e2teux sur les nacelles d&rsquo;\u00e9chantillonnage et de lancer la mesure.<\/p>\n<p><strong>Kits d&rsquo;extension<\/strong>: permettent de mesurer des \u00e9chantillons liquides et gazeux<\/p>\n<p><strong>Pas de gaz externe n\u00e9cessaire<\/strong>: permet de r\u00e9duire les co\u00fbts et offre une flexibilit\u00e9 maximale en termes de lieu d&rsquo;installation, car aucun raccordement au gaz n&rsquo;est n\u00e9cessaire.<\/p>\n<h3><strong>Nos services pour vous<br \/>\n<\/strong><\/h3>\n<p><strong>Expertise<\/strong>: l&rsquo;analyse du mercure est notre comp\u00e9tence principale depuis des d\u00e9cennies. Quel que soit votre d\u00e9fi analytique, nous vous aiderons \u00e0 le relever.<\/p>\n<p><strong>Formation compl\u00e8te :<\/strong> nous prenons en charge la formation de vos op\u00e9rateurs<\/p>\n<p><strong>M\u00eame apr\u00e8s l&rsquo;achat, nous sommes l\u00e0 pour vous aider :<\/strong> de nombreuses questions surgissent lorsque vous travaillez. Nous sommes \u00e0 votre disposition pour r\u00e9pondre \u00e0 toutes vos questions sur l&rsquo;appareil et vos mesures.<\/p>\n","protected":false},"excerpt":{"rendered":"<h5><strong><span style=\"color: #003671;\">Analyseur de mercure polyvalent<\/span><\/strong><\/h5>\n<p><span style=\"color: #003671;\">\u2713 Analyseur de paillasse et de terrain, avec une sensibilit\u00e9 sup\u00e9rieure<\/span><\/p>\n<p><span style=\"color: #003671;\">\u2713 Pour les \u00e9chantillons solides, liquides et gazeux<\/span><\/p>\n<p><span style=\"color: #003671;\">\u2713 Obtention des r\u00e9sultats entre 5 et 12 minutes<\/span><\/p>\n","protected":false},"featured_media":7612,"template":"","meta":{"_acf_changed":false},"product_brand":[],"product_cat":[988],"product_tag":[],"class_list":{"0":"post-11394","1":"product","2":"type-product","3":"status-publish","4":"has-post-thumbnail","6":"product_cat-analyse","7":"pa_1-unterkategorie-analyseurs-elementaires","8":"pa_2-unterkategorie-analyseurs-de-mercure","9":"pa_applikationen-liquide-alimentaire-jus-de-fruits","10":"pa_applikationen-liquide-alimentaire-lait","11":"pa_applikationen-liquide-alimentaire-lait-maternel","12":"pa_applikationen-liquide-objets-menagers-detergent","13":"pa_applikationen-liquide-objets-menagers-peinture","14":"pa_applikationen-liquide-organisme-sang","15":"pa_applikationen-liquide-organisme-urine","16":"pa_applikationen-liquide-petrole-condensat-de-gaz","17":"pa_applikationen-liquide-petrole-essence","18":"pa_applikationen-liquide-petrole-fioul-lourd","19":"pa_applikationen-liquide-petrole-goudron-de-houille","20":"pa_applikationen-liquide-petrole-naphta","21":"pa_applikationen-liquide-petrole-petrole","22":"pa_applikationen-matiere-solide-engrais-aliments-pour-animaux-aliments-pour-animaux","23":"pa_applikationen-matiere-solide-engrais-aliments-pour-animaux-engrais","24":"pa_applikationen-matiere-solide-ressources-naturelles-bois","25":"pa_applikationen-solide-alimentaire-beurre","26":"pa_applikationen-solide-alimentaire-legumes","27":"pa_applikationen-solide-alimentaire-margarine","28":"pa_applikationen-solide-alimentaire-poisson","29":"pa_applikationen-solide-alimentaire-riz","30":"pa_applikationen-solide-autre-charbon-actif","31":"pa_applikationen-solide-autre-ciment","32":"pa_applikationen-solide-autre-weee-rohs-elv","33":"pa_applikationen-solide-medicaments-cosmetiques-baton-de-soin-de-la-peau","34":"pa_applikationen-solide-medicaments-cosmetiques-capsule-de-gelatine","35":"pa_applikationen-solide-medicaments-cosmetiques-creme-pour-les-mains","36":"pa_applikationen-solide-medicaments-cosmetiques-rouge-a-levres","37":"pa_applikationen-solide-objets-menagers-adhesif","38":"pa_applikationen-solide-objets-menagers-cire","39":"pa_applikationen-solide-objets-menagers-tissu","40":"pa_applikationen-solide-organisme-cheveux","41":"pa_applikationen-solide-organisme-organe","42":"pa_applikationen-solide-organisme-plancton","43":"pa_applikationen-solide-organisme-tissu-cellulaire","44":"pa_applikationen-solide-ressources-naturelles-minerais","45":"pa_applikationen-solide-ressources-naturelles-terre","46":"pa_applikationen-solides-articles-menagers-papier","47":"pa_applikationen-solides-articles-menagers-produits-dhygiene","48":"pa_applikationen-solides-autres-boues-depuration","49":"pa_applikationen-solides-autres-sol-site-industriel","50":"pa_applikationen-solides-industrie-catalyseurs","51":"pa_applikationen-solides-industrie-plastique","52":"pa_applikationen-solides-ressources-naturelles-charbon","53":"pa_applikationen-solides-ressources-naturelles-feuilles","54":"pa_einsatzgebiete-agriculture-alimentation","55":"pa_einsatzgebiete-chimie","56":"pa_einsatzgebiete-energie-fr","57":"pa_einsatzgebiete-environnement","58":"pa_einsatzgebiete-industrie-lourde-matieres-premieres","59":"pa_einsatzgebiete-medecine","60":"pa_einsatzgebiete-petrochimie-petrole-gaz","61":"pa_element-parameter-mercure","62":"pa_hersteller-nippon-instrument-cooperation-fr","63":"pa_probentyp-fixe","64":"pa_probentyp-gazeux","65":"pa_probentyp-gpl-gnl","66":"pa_probentyp-liquide","67":"pa_probentyp-solution-de-digestion","68":"pa_produktgruppe-analyse-du-mercure","69":"pa_sprachversion-fr-fr","70":"pa_standardmethoden-30b-fr","71":"pa_standardmethoden-astm-d6722-fr","72":"pa_standardmethoden-astm-d7623-fr","73":"pa_standardmethoden-uop-1009-fr","74":"pa_standardmethoden-uop-938-fr","75":"pa_standardmethoden-usepa-7473-fr","76":"pa_verfahren-und-methoden-decomposition-thermique","77":"pa_verfahren-und-methoden-saa-a-vapeur-froide","79":"first","80":"instock","81":"shipping-taxable","82":"product-type-simple"},"acf":[],"yoast_head":"<!-- This site is optimized with the Yoast SEO plugin v27.3 - https:\/\/yoast.com\/product\/yoast-seo-wordpress\/ -->\n<title>MA-3 Solo - a1 Envirosciences<\/title>\n<meta name=\"description\" content=\"Analyseur de mercure polyvalent. Le MA-3 Solo est un instrument de table portable pour la mesure du mercure total dans les \u00e9chantillons solides, liquides et gazeux.\" \/>\n<meta name=\"robots\" content=\"index, follow, max-snippet:-1, max-image-preview:large, max-video-preview:-1\" \/>\n<link rel=\"canonical\" href=\"https:\/\/a1-envirosciences.com\/fr\/produits\/analyse\/ma-3-solo\/\" \/>\n<meta property=\"og:locale\" content=\"fr_FR\" \/>\n<meta property=\"og:type\" content=\"article\" \/>\n<meta property=\"og:title\" content=\"MA-3 Solo - a1 Envirosciences\" \/>\n<meta property=\"og:description\" content=\"Analyseur de mercure polyvalent. Le MA-3 Solo est un instrument de table portable pour la mesure du mercure total dans les \u00e9chantillons solides, liquides et gazeux.\" \/>\n<meta property=\"og:url\" content=\"https:\/\/a1-envirosciences.com\/fr\/produits\/analyse\/ma-3-solo\/\" \/>\n<meta property=\"og:site_name\" content=\"a1 Envirosciences\" \/>\n<meta property=\"article:modified_time\" content=\"2025-11-04T16:47:25+00:00\" \/>\n<meta property=\"og:image\" content=\"https:\/\/a1-envirosciences.com\/wp-content\/uploads\/2022\/03\/MA-3solo_Titelbild-scaled.jpg\" \/>\n\t<meta property=\"og:image:width\" content=\"2560\" \/>\n\t<meta property=\"og:image:height\" content=\"2560\" \/>\n\t<meta property=\"og:image:type\" content=\"image\/jpeg\" \/>\n<meta name=\"twitter:card\" content=\"summary_large_image\" \/>\n<meta name=\"twitter:label1\" content=\"Dur\u00e9e de lecture estim\u00e9e\" \/>\n\t<meta name=\"twitter:data1\" content=\"2 minutes\" \/>\n<script type=\"application\/ld+json\" class=\"yoast-schema-graph\">{\"@context\":\"https:\\\/\\\/schema.org\",\"@graph\":[{\"@type\":\"WebPage\",\"@id\":\"https:\\\/\\\/a1-envirosciences.com\\\/fr\\\/produits\\\/analyse\\\/ma-3-solo\\\/\",\"url\":\"https:\\\/\\\/a1-envirosciences.com\\\/fr\\\/produits\\\/analyse\\\/ma-3-solo\\\/\",\"name\":\"MA-3 Solo - a1 Envirosciences\",\"isPartOf\":{\"@id\":\"https:\\\/\\\/a1-envirosciences.com\\\/fr\\\/#website\"},\"primaryImageOfPage\":{\"@id\":\"https:\\\/\\\/a1-envirosciences.com\\\/fr\\\/produits\\\/analyse\\\/ma-3-solo\\\/#primaryimage\"},\"image\":{\"@id\":\"https:\\\/\\\/a1-envirosciences.com\\\/fr\\\/produits\\\/analyse\\\/ma-3-solo\\\/#primaryimage\"},\"thumbnailUrl\":\"https:\\\/\\\/a1-envirosciences.com\\\/wp-content\\\/uploads\\\/2022\\\/03\\\/MA-3solo_Titelbild-scaled.jpg\",\"datePublished\":\"2022-01-25T11:37:18+00:00\",\"dateModified\":\"2025-11-04T16:47:25+00:00\",\"description\":\"Analyseur de mercure polyvalent. Le MA-3 Solo est un instrument de table portable pour la mesure du mercure total dans les \u00e9chantillons solides, liquides et gazeux.\",\"breadcrumb\":{\"@id\":\"https:\\\/\\\/a1-envirosciences.com\\\/fr\\\/produits\\\/analyse\\\/ma-3-solo\\\/#breadcrumb\"},\"inLanguage\":\"fr-FR\",\"potentialAction\":[{\"@type\":\"ReadAction\",\"target\":[\"https:\\\/\\\/a1-envirosciences.com\\\/fr\\\/produits\\\/analyse\\\/ma-3-solo\\\/\"]}]},{\"@type\":\"ImageObject\",\"inLanguage\":\"fr-FR\",\"@id\":\"https:\\\/\\\/a1-envirosciences.com\\\/fr\\\/produits\\\/analyse\\\/ma-3-solo\\\/#primaryimage\",\"url\":\"https:\\\/\\\/a1-envirosciences.com\\\/wp-content\\\/uploads\\\/2022\\\/03\\\/MA-3solo_Titelbild-scaled.jpg\",\"contentUrl\":\"https:\\\/\\\/a1-envirosciences.com\\\/wp-content\\\/uploads\\\/2022\\\/03\\\/MA-3solo_Titelbild-scaled.jpg\",\"width\":2560,\"height\":2560,\"caption\":\"MA-3 Solo\"},{\"@type\":\"BreadcrumbList\",\"@id\":\"https:\\\/\\\/a1-envirosciences.com\\\/fr\\\/produits\\\/analyse\\\/ma-3-solo\\\/#breadcrumb\",\"itemListElement\":[{\"@type\":\"ListItem\",\"position\":1,\"name\":\"Home\",\"item\":\"https:\\\/\\\/a1-envirosciences.com\\\/fr\\\/\"},{\"@type\":\"ListItem\",\"position\":2,\"name\":\"Produits\",\"item\":\"https:\\\/\\\/a1-envirosciences.com\\\/fr\\\/shop\\\/\"},{\"@type\":\"ListItem\",\"position\":3,\"name\":\"MA-3 Solo\"}]},{\"@type\":\"WebSite\",\"@id\":\"https:\\\/\\\/a1-envirosciences.com\\\/fr\\\/#website\",\"url\":\"https:\\\/\\\/a1-envirosciences.com\\\/fr\\\/\",\"name\":\"a1 Envirosciences\",\"description\":\"\",\"potentialAction\":[{\"@type\":\"SearchAction\",\"target\":{\"@type\":\"EntryPoint\",\"urlTemplate\":\"https:\\\/\\\/a1-envirosciences.com\\\/fr\\\/?s={search_term_string}\"},\"query-input\":{\"@type\":\"PropertyValueSpecification\",\"valueRequired\":true,\"valueName\":\"search_term_string\"}}],\"inLanguage\":\"fr-FR\"}]}<\/script>\n<!-- \/ Yoast SEO plugin. -->","yoast_head_json":{"title":"MA-3 Solo - a1 Envirosciences","description":"Analyseur de mercure polyvalent. Le MA-3 Solo est un instrument de table portable pour la mesure du mercure total dans les \u00e9chantillons solides, liquides et gazeux.","robots":{"index":"index","follow":"follow","max-snippet":"max-snippet:-1","max-image-preview":"max-image-preview:large","max-video-preview":"max-video-preview:-1"},"canonical":"https:\/\/a1-envirosciences.com\/fr\/produits\/analyse\/ma-3-solo\/","og_locale":"fr_FR","og_type":"article","og_title":"MA-3 Solo - a1 Envirosciences","og_description":"Analyseur de mercure polyvalent. Le MA-3 Solo est un instrument de table portable pour la mesure du mercure total dans les \u00e9chantillons solides, liquides et gazeux.","og_url":"https:\/\/a1-envirosciences.com\/fr\/produits\/analyse\/ma-3-solo\/","og_site_name":"a1 Envirosciences","article_modified_time":"2025-11-04T16:47:25+00:00","og_image":[{"width":2560,"height":2560,"url":"https:\/\/a1-envirosciences.com\/wp-content\/uploads\/2022\/03\/MA-3solo_Titelbild-scaled.jpg","type":"image\/jpeg"}],"twitter_card":"summary_large_image","twitter_misc":{"Dur\u00e9e de lecture estim\u00e9e":"2 minutes"},"schema":{"@context":"https:\/\/schema.org","@graph":[{"@type":"WebPage","@id":"https:\/\/a1-envirosciences.com\/fr\/produits\/analyse\/ma-3-solo\/","url":"https:\/\/a1-envirosciences.com\/fr\/produits\/analyse\/ma-3-solo\/","name":"MA-3 Solo - a1 Envirosciences","isPartOf":{"@id":"https:\/\/a1-envirosciences.com\/fr\/#website"},"primaryImageOfPage":{"@id":"https:\/\/a1-envirosciences.com\/fr\/produits\/analyse\/ma-3-solo\/#primaryimage"},"image":{"@id":"https:\/\/a1-envirosciences.com\/fr\/produits\/analyse\/ma-3-solo\/#primaryimage"},"thumbnailUrl":"https:\/\/a1-envirosciences.com\/wp-content\/uploads\/2022\/03\/MA-3solo_Titelbild-scaled.jpg","datePublished":"2022-01-25T11:37:18+00:00","dateModified":"2025-11-04T16:47:25+00:00","description":"Analyseur de mercure polyvalent. Le MA-3 Solo est un instrument de table portable pour la mesure du mercure total dans les \u00e9chantillons solides, liquides et gazeux.","breadcrumb":{"@id":"https:\/\/a1-envirosciences.com\/fr\/produits\/analyse\/ma-3-solo\/#breadcrumb"},"inLanguage":"fr-FR","potentialAction":[{"@type":"ReadAction","target":["https:\/\/a1-envirosciences.com\/fr\/produits\/analyse\/ma-3-solo\/"]}]},{"@type":"ImageObject","inLanguage":"fr-FR","@id":"https:\/\/a1-envirosciences.com\/fr\/produits\/analyse\/ma-3-solo\/#primaryimage","url":"https:\/\/a1-envirosciences.com\/wp-content\/uploads\/2022\/03\/MA-3solo_Titelbild-scaled.jpg","contentUrl":"https:\/\/a1-envirosciences.com\/wp-content\/uploads\/2022\/03\/MA-3solo_Titelbild-scaled.jpg","width":2560,"height":2560,"caption":"MA-3 Solo"},{"@type":"BreadcrumbList","@id":"https:\/\/a1-envirosciences.com\/fr\/produits\/analyse\/ma-3-solo\/#breadcrumb","itemListElement":[{"@type":"ListItem","position":1,"name":"Home","item":"https:\/\/a1-envirosciences.com\/fr\/"},{"@type":"ListItem","position":2,"name":"Produits","item":"https:\/\/a1-envirosciences.com\/fr\/shop\/"},{"@type":"ListItem","position":3,"name":"MA-3 Solo"}]},{"@type":"WebSite","@id":"https:\/\/a1-envirosciences.com\/fr\/#website","url":"https:\/\/a1-envirosciences.com\/fr\/","name":"a1 Envirosciences","description":"","potentialAction":[{"@type":"SearchAction","target":{"@type":"EntryPoint","urlTemplate":"https:\/\/a1-envirosciences.com\/fr\/?s={search_term_string}"},"query-input":{"@type":"PropertyValueSpecification","valueRequired":true,"valueName":"search_term_string"}}],"inLanguage":"fr-FR"}]}},"_links":{"self":[{"href":"https:\/\/a1-envirosciences.com\/fr\/wp-json\/wp\/v2\/product\/11394","targetHints":{"allow":["GET"]}}],"collection":[{"href":"https:\/\/a1-envirosciences.com\/fr\/wp-json\/wp\/v2\/product"}],"about":[{"href":"https:\/\/a1-envirosciences.com\/fr\/wp-json\/wp\/v2\/types\/product"}],"wp:featuredmedia":[{"embeddable":true,"href":"https:\/\/a1-envirosciences.com\/fr\/wp-json\/wp\/v2\/media\/7612"}],"wp:attachment":[{"href":"https:\/\/a1-envirosciences.com\/fr\/wp-json\/wp\/v2\/media?parent=11394"}],"wp:term":[{"taxonomy":"product_brand","embeddable":true,"href":"https:\/\/a1-envirosciences.com\/fr\/wp-json\/wp\/v2\/product_brand?post=11394"},{"taxonomy":"product_cat","embeddable":true,"href":"https:\/\/a1-envirosciences.com\/fr\/wp-json\/wp\/v2\/product_cat?post=11394"},{"taxonomy":"product_tag","embeddable":true,"href":"https:\/\/a1-envirosciences.com\/fr\/wp-json\/wp\/v2\/product_tag?post=11394"}],"curies":[{"name":"wp","href":"https:\/\/api.w.org\/{rel}","templated":true}]}}