{"id":11395,"date":"2022-03-05T11:21:31","date_gmt":"2022-03-05T10:21:31","guid":{"rendered":"https:\/\/a1-envirosciences.com\/produkte\/non%20class\u00e9\/emp-3\/"},"modified":"2025-11-04T17:50:43","modified_gmt":"2025-11-04T16:50:43","slug":"emp-3","status":"publish","type":"product","link":"https:\/\/a1-envirosciences.com\/fr\/produits\/analyse\/emp-3\/","title":{"rendered":"EMP-3"},"content":{"rendered":"<h3><strong>Vos avantages<\/strong><\/h3>\n<p><strong>D\u00e9tecteur AAS (spectroscopie d&rsquo;absorption atomique) \u00e0 vapeur froide<\/strong> : pour une mesure instantan\u00e9e et en continue<\/p>\n<p><strong>Protection optimale des personnes<\/strong>: la sonde de mesure peut \u00eatre fix\u00e9e \u00e0 la bandouli\u00e8re dans la zone de respiration du porteur<\/p>\n<p><strong>Avertissement sonore<\/strong>: 1 seconde apr\u00e8s le d\u00e9passement du seuil d&rsquo;alerte<\/p>\n<p><strong>Pr\u00eat \u00e0 mesurer<\/strong>: 10 minutes apr\u00e8s la mise sous tension<\/p>\n<p>&nbsp;<\/p>\n<h3><strong>Sp\u00e9cifications<\/strong><\/h3>\n<p><strong>Plage de mesure<\/strong>: 0,1 \u00b5g\/m\u00b3 \u00e0 2 000 \u00b5g\/m\u00b3<\/p>\n<p><strong>Petit et l\u00e9ger<\/strong>: L20,7cm, P11,5cm, H14cm \/\/ 1,6 kg<\/p>\n<p><strong>Affichage :<br \/>\n<\/strong>-R\u00e9sultats des mesures en \u00b5g\/m\u00b3 ou mg\/m\u00b3<br \/>\n-Graphique \u00e0 barres avec seuils d&rsquo;alerte et de d\u00e9passement<br \/>\n-Concentrations moyennes et valeurs maximales<\/p>\n<p><strong>Fonction Autozero<\/strong>: qui d\u00e9marre automatiquement et ne n\u00e9cessite pas de r\u00e9g\u00e9n\u00e9ration du capteur<\/p>\n<p><strong>Option Hi-Lutor<\/strong>: extension possible de la plage de mesure jusqu&rsquo;\u00e0 20.000 \u00b5g\/m\u00b3.<\/p>\n<p><strong>Sonde t\u00e9lescopique en option<\/strong>: pour les endroits difficiles d&rsquo;acc\u00e8s<\/p>\n<p>&nbsp;<\/p>\n<h3><strong>Facilit\u00e9 d&rsquo;utilisation<\/strong><\/h3>\n<p><strong>Mains libres<\/strong>: pour travailler et\/ou grimper, gr\u00e2ce aux sangles d&rsquo;\u00e9paule et de hanche<\/p>\n<p><strong>Utilisation<\/strong>: via un \u00e9cran tactile LCD couleur r\u00e9sistant aux \u00e9claboussures, sur lequel les diff\u00e9rents modes de mesure et les unit\u00e9s peuvent \u00eatre s\u00e9lectionn\u00e9s.<\/p>\n<p><strong>Stockage<\/strong>: les valeurs sont stock\u00e9es sur une carte SD et peuvent \u00eatre transf\u00e9r\u00e9es ult\u00e9rieurement vers un PC.<\/p>\n<p>Possibilit\u00e9 de <strong>surveillance non surveill\u00e9e<\/strong> de la concentration de mercure dans l&rsquo;air ambiant<\/p>\n<p><strong>les sensibilit\u00e9s crois\u00e9es<\/strong>: V\u00e9rification\/compensation par simple pression sur un bouton<\/p>\n<p>&nbsp;<\/p>\n<h3><strong>Nos services pour vous<\/strong><\/h3>\n<p><strong>\u00c9talonnage<\/strong>: stable, entretien annuel par notre service ou \u00e0 effectuer soi-m\u00eame<\/p>\n<p><strong>Formation compl\u00e8te :<\/strong> nous prenons en charge la formation de vos employ\u00e9s<\/p>\n<p><strong>M\u00eame apr\u00e8s l&rsquo;achat, nous sommes l\u00e0 pour vous aider :<\/strong> de nombreuses questions surgissent lorsque vous travaillez. Nous sommes \u00e0 votre disposition pour r\u00e9pondre \u00e0 toutes vos questions sur l&rsquo;appareil et vos mesures.<\/p>\n","protected":false},"excerpt":{"rendered":"<h5><strong><span style=\"color: #003671;\">Analyseur de mercure portable pour la sant\u00e9 et la s\u00e9curit\u00e9 au travail<\/span><\/strong><\/h5>\n<p><span style=\"color: #003671;\">\u2713 Pour la mesure des VME et VLE du mercure en entreprise et espaces publics<\/span><\/p>\n<p><span style=\"color: #003671;\">\u2713 Analyseur portatif pour l&rsquo;extraction du gaz naturel, les gazoducs et le recyclage<\/span><\/p>\n<p><span style=\"color: #003671;\">\u2713 Petit &amp; l\u00e9ger<\/span><\/p>\n<p><span style=\"color: #003671;\">\u2713 Utilise l&rsquo;AAS \u00e0 vapeur froide<\/span><\/p>\n","protected":false},"featured_media":7417,"template":"","meta":{"_acf_changed":false},"product_brand":[],"product_cat":[988],"product_tag":[],"class_list":{"0":"post-11395","1":"product","2":"type-product","3":"status-publish","4":"has-post-thumbnail","6":"product_cat-analyse","7":"pa_1-unterkategorie-analyseurs-elementaires","8":"pa_2-unterkategorie-analyseurs-de-mercure","9":"pa_applikationen-gaz-conditions-de-travail-a-linterieur-des-reservoirs-de-gaz","10":"pa_applikationen-gaz-conditions-de-travail-air-dans-lenvironnement-de-travail","11":"pa_applikationen-gaz-exploration-de-matieres-premieres-gaz-souterrain","12":"pa_einsatzgebiete-energie-fr","13":"pa_einsatzgebiete-environnement","14":"pa_einsatzgebiete-petrochimie-petrole-gaz","15":"pa_element-parameter-mercure","16":"pa_hersteller-nippon-instrument-cooperation-fr","17":"pa_probentyp-gazeux","18":"pa_probentyp-gpl-gnl","19":"pa_probentyp-liquide","20":"pa_produktgruppe-analyse-du-mercure","21":"pa_sprachversion-fr-fr","22":"pa_sprachversion-fr-fr-2","23":"pa_sprachversion-nl-fr","24":"pa_sprachversion-uk-fr","25":"pa_verfahren-und-methoden-saa-a-vapeur-froide","27":"first","28":"instock","29":"shipping-taxable","30":"product-type-simple"},"acf":[],"yoast_head":"<!-- This site is optimized with the Yoast SEO plugin v27.3 - https:\/\/yoast.com\/product\/yoast-seo-wordpress\/ -->\n<title>EMP-3 - a1 Envirosciences<\/title>\n<meta name=\"description\" content=\"Analyseur de mercure portable EMP-3 - petit, l\u00e9ger, compact et aliment\u00e9 par batterie. D\u00e9termine avec une grande sensibilit\u00e9 la teneur en mercure \u00e9l\u00e9mentaire dans les gaz.\" \/>\n<meta name=\"robots\" content=\"index, follow, max-snippet:-1, max-image-preview:large, max-video-preview:-1\" \/>\n<link rel=\"canonical\" href=\"https:\/\/a1-envirosciences.com\/fr\/produits\/analyse\/emp-3\/\" \/>\n<meta property=\"og:locale\" content=\"fr_FR\" \/>\n<meta property=\"og:type\" content=\"article\" \/>\n<meta property=\"og:title\" content=\"EMP-3 - a1 Envirosciences\" \/>\n<meta property=\"og:description\" content=\"Analyseur de mercure portable EMP-3 - petit, l\u00e9ger, compact et aliment\u00e9 par batterie. D\u00e9termine avec une grande sensibilit\u00e9 la teneur en mercure \u00e9l\u00e9mentaire dans les gaz.\" \/>\n<meta property=\"og:url\" content=\"https:\/\/a1-envirosciences.com\/fr\/produits\/analyse\/emp-3\/\" \/>\n<meta property=\"og:site_name\" content=\"a1 Envirosciences\" \/>\n<meta property=\"article:modified_time\" content=\"2025-11-04T16:50:43+00:00\" \/>\n<meta property=\"og:image\" content=\"https:\/\/a1-envirosciences.com\/wp-content\/uploads\/2022\/02\/EMP-3_Titelbild-scaled.jpg\" \/>\n\t<meta property=\"og:image:width\" content=\"2560\" \/>\n\t<meta property=\"og:image:height\" content=\"2560\" \/>\n\t<meta property=\"og:image:type\" content=\"image\/jpeg\" \/>\n<meta name=\"twitter:card\" content=\"summary_large_image\" \/>\n<meta name=\"twitter:label1\" content=\"Dur\u00e9e de lecture estim\u00e9e\" \/>\n\t<meta name=\"twitter:data1\" content=\"2 minutes\" \/>\n<script type=\"application\/ld+json\" class=\"yoast-schema-graph\">{\"@context\":\"https:\\\/\\\/schema.org\",\"@graph\":[{\"@type\":\"WebPage\",\"@id\":\"https:\\\/\\\/a1-envirosciences.com\\\/fr\\\/produits\\\/analyse\\\/emp-3\\\/\",\"url\":\"https:\\\/\\\/a1-envirosciences.com\\\/fr\\\/produits\\\/analyse\\\/emp-3\\\/\",\"name\":\"EMP-3 - a1 Envirosciences\",\"isPartOf\":{\"@id\":\"https:\\\/\\\/a1-envirosciences.com\\\/fr\\\/#website\"},\"primaryImageOfPage\":{\"@id\":\"https:\\\/\\\/a1-envirosciences.com\\\/fr\\\/produits\\\/analyse\\\/emp-3\\\/#primaryimage\"},\"image\":{\"@id\":\"https:\\\/\\\/a1-envirosciences.com\\\/fr\\\/produits\\\/analyse\\\/emp-3\\\/#primaryimage\"},\"thumbnailUrl\":\"https:\\\/\\\/a1-envirosciences.com\\\/wp-content\\\/uploads\\\/2022\\\/02\\\/EMP-3_Titelbild-scaled.jpg\",\"datePublished\":\"2022-03-05T10:21:31+00:00\",\"dateModified\":\"2025-11-04T16:50:43+00:00\",\"description\":\"Analyseur de mercure portable EMP-3 - petit, l\u00e9ger, compact et aliment\u00e9 par batterie. D\u00e9termine avec une grande sensibilit\u00e9 la teneur en mercure \u00e9l\u00e9mentaire dans les gaz.\",\"breadcrumb\":{\"@id\":\"https:\\\/\\\/a1-envirosciences.com\\\/fr\\\/produits\\\/analyse\\\/emp-3\\\/#breadcrumb\"},\"inLanguage\":\"fr-FR\",\"potentialAction\":[{\"@type\":\"ReadAction\",\"target\":[\"https:\\\/\\\/a1-envirosciences.com\\\/fr\\\/produits\\\/analyse\\\/emp-3\\\/\"]}]},{\"@type\":\"ImageObject\",\"inLanguage\":\"fr-FR\",\"@id\":\"https:\\\/\\\/a1-envirosciences.com\\\/fr\\\/produits\\\/analyse\\\/emp-3\\\/#primaryimage\",\"url\":\"https:\\\/\\\/a1-envirosciences.com\\\/wp-content\\\/uploads\\\/2022\\\/02\\\/EMP-3_Titelbild-scaled.jpg\",\"contentUrl\":\"https:\\\/\\\/a1-envirosciences.com\\\/wp-content\\\/uploads\\\/2022\\\/02\\\/EMP-3_Titelbild-scaled.jpg\",\"width\":2560,\"height\":2560,\"caption\":\"EMP-3\"},{\"@type\":\"BreadcrumbList\",\"@id\":\"https:\\\/\\\/a1-envirosciences.com\\\/fr\\\/produits\\\/analyse\\\/emp-3\\\/#breadcrumb\",\"itemListElement\":[{\"@type\":\"ListItem\",\"position\":1,\"name\":\"Home\",\"item\":\"https:\\\/\\\/a1-envirosciences.com\\\/fr\\\/\"},{\"@type\":\"ListItem\",\"position\":2,\"name\":\"Produits\",\"item\":\"https:\\\/\\\/a1-envirosciences.com\\\/fr\\\/shop\\\/\"},{\"@type\":\"ListItem\",\"position\":3,\"name\":\"EMP-3\"}]},{\"@type\":\"WebSite\",\"@id\":\"https:\\\/\\\/a1-envirosciences.com\\\/fr\\\/#website\",\"url\":\"https:\\\/\\\/a1-envirosciences.com\\\/fr\\\/\",\"name\":\"a1 Envirosciences\",\"description\":\"\",\"potentialAction\":[{\"@type\":\"SearchAction\",\"target\":{\"@type\":\"EntryPoint\",\"urlTemplate\":\"https:\\\/\\\/a1-envirosciences.com\\\/fr\\\/?s={search_term_string}\"},\"query-input\":{\"@type\":\"PropertyValueSpecification\",\"valueRequired\":true,\"valueName\":\"search_term_string\"}}],\"inLanguage\":\"fr-FR\"}]}<\/script>\n<!-- \/ Yoast SEO plugin. -->","yoast_head_json":{"title":"EMP-3 - a1 Envirosciences","description":"Analyseur de mercure portable EMP-3 - petit, l\u00e9ger, compact et aliment\u00e9 par batterie. D\u00e9termine avec une grande sensibilit\u00e9 la teneur en mercure \u00e9l\u00e9mentaire dans les gaz.","robots":{"index":"index","follow":"follow","max-snippet":"max-snippet:-1","max-image-preview":"max-image-preview:large","max-video-preview":"max-video-preview:-1"},"canonical":"https:\/\/a1-envirosciences.com\/fr\/produits\/analyse\/emp-3\/","og_locale":"fr_FR","og_type":"article","og_title":"EMP-3 - a1 Envirosciences","og_description":"Analyseur de mercure portable EMP-3 - petit, l\u00e9ger, compact et aliment\u00e9 par batterie. D\u00e9termine avec une grande sensibilit\u00e9 la teneur en mercure \u00e9l\u00e9mentaire dans les gaz.","og_url":"https:\/\/a1-envirosciences.com\/fr\/produits\/analyse\/emp-3\/","og_site_name":"a1 Envirosciences","article_modified_time":"2025-11-04T16:50:43+00:00","og_image":[{"width":2560,"height":2560,"url":"https:\/\/a1-envirosciences.com\/wp-content\/uploads\/2022\/02\/EMP-3_Titelbild-scaled.jpg","type":"image\/jpeg"}],"twitter_card":"summary_large_image","twitter_misc":{"Dur\u00e9e de lecture estim\u00e9e":"2 minutes"},"schema":{"@context":"https:\/\/schema.org","@graph":[{"@type":"WebPage","@id":"https:\/\/a1-envirosciences.com\/fr\/produits\/analyse\/emp-3\/","url":"https:\/\/a1-envirosciences.com\/fr\/produits\/analyse\/emp-3\/","name":"EMP-3 - a1 Envirosciences","isPartOf":{"@id":"https:\/\/a1-envirosciences.com\/fr\/#website"},"primaryImageOfPage":{"@id":"https:\/\/a1-envirosciences.com\/fr\/produits\/analyse\/emp-3\/#primaryimage"},"image":{"@id":"https:\/\/a1-envirosciences.com\/fr\/produits\/analyse\/emp-3\/#primaryimage"},"thumbnailUrl":"https:\/\/a1-envirosciences.com\/wp-content\/uploads\/2022\/02\/EMP-3_Titelbild-scaled.jpg","datePublished":"2022-03-05T10:21:31+00:00","dateModified":"2025-11-04T16:50:43+00:00","description":"Analyseur de mercure portable EMP-3 - petit, l\u00e9ger, compact et aliment\u00e9 par batterie. D\u00e9termine avec une grande sensibilit\u00e9 la teneur en mercure \u00e9l\u00e9mentaire dans les gaz.","breadcrumb":{"@id":"https:\/\/a1-envirosciences.com\/fr\/produits\/analyse\/emp-3\/#breadcrumb"},"inLanguage":"fr-FR","potentialAction":[{"@type":"ReadAction","target":["https:\/\/a1-envirosciences.com\/fr\/produits\/analyse\/emp-3\/"]}]},{"@type":"ImageObject","inLanguage":"fr-FR","@id":"https:\/\/a1-envirosciences.com\/fr\/produits\/analyse\/emp-3\/#primaryimage","url":"https:\/\/a1-envirosciences.com\/wp-content\/uploads\/2022\/02\/EMP-3_Titelbild-scaled.jpg","contentUrl":"https:\/\/a1-envirosciences.com\/wp-content\/uploads\/2022\/02\/EMP-3_Titelbild-scaled.jpg","width":2560,"height":2560,"caption":"EMP-3"},{"@type":"BreadcrumbList","@id":"https:\/\/a1-envirosciences.com\/fr\/produits\/analyse\/emp-3\/#breadcrumb","itemListElement":[{"@type":"ListItem","position":1,"name":"Home","item":"https:\/\/a1-envirosciences.com\/fr\/"},{"@type":"ListItem","position":2,"name":"Produits","item":"https:\/\/a1-envirosciences.com\/fr\/shop\/"},{"@type":"ListItem","position":3,"name":"EMP-3"}]},{"@type":"WebSite","@id":"https:\/\/a1-envirosciences.com\/fr\/#website","url":"https:\/\/a1-envirosciences.com\/fr\/","name":"a1 Envirosciences","description":"","potentialAction":[{"@type":"SearchAction","target":{"@type":"EntryPoint","urlTemplate":"https:\/\/a1-envirosciences.com\/fr\/?s={search_term_string}"},"query-input":{"@type":"PropertyValueSpecification","valueRequired":true,"valueName":"search_term_string"}}],"inLanguage":"fr-FR"}]}},"_links":{"self":[{"href":"https:\/\/a1-envirosciences.com\/fr\/wp-json\/wp\/v2\/product\/11395","targetHints":{"allow":["GET"]}}],"collection":[{"href":"https:\/\/a1-envirosciences.com\/fr\/wp-json\/wp\/v2\/product"}],"about":[{"href":"https:\/\/a1-envirosciences.com\/fr\/wp-json\/wp\/v2\/types\/product"}],"wp:featuredmedia":[{"embeddable":true,"href":"https:\/\/a1-envirosciences.com\/fr\/wp-json\/wp\/v2\/media\/7417"}],"wp:attachment":[{"href":"https:\/\/a1-envirosciences.com\/fr\/wp-json\/wp\/v2\/media?parent=11395"}],"wp:term":[{"taxonomy":"product_brand","embeddable":true,"href":"https:\/\/a1-envirosciences.com\/fr\/wp-json\/wp\/v2\/product_brand?post=11395"},{"taxonomy":"product_cat","embeddable":true,"href":"https:\/\/a1-envirosciences.com\/fr\/wp-json\/wp\/v2\/product_cat?post=11395"},{"taxonomy":"product_tag","embeddable":true,"href":"https:\/\/a1-envirosciences.com\/fr\/wp-json\/wp\/v2\/product_tag?post=11395"}],"curies":[{"name":"wp","href":"https:\/\/api.w.org\/{rel}","templated":true}]}}