{"id":11400,"date":"2022-02-25T10:50:32","date_gmt":"2022-02-25T09:50:32","guid":{"rendered":"https:\/\/a1-envirosciences.com\/produkte\/non%20class\u00e9\/pe-1000\/"},"modified":"2025-11-04T17:50:19","modified_gmt":"2025-11-04T16:50:19","slug":"pe-1000","status":"publish","type":"product","link":"https:\/\/a1-envirosciences.com\/fr\/produits\/analyse\/pe-1000\/","title":{"rendered":"PE-1000"},"content":{"rendered":"<h3><strong>Vos avantages<br \/>\n<\/strong><\/h3>\n<p><strong>D\u00e9termination enti\u00e8rement automatis\u00e9e de la teneur en mercure<\/strong>: \u00e0 partir de matrices p\u00e9trochimiques liquides ou liqu\u00e9fi\u00e9es comme le p\u00e9trole brut, le condensat, le naphta et d&rsquo;autres fractions liquides raffin\u00e9es<br \/>\n<strong>Pas de pr\u00e9paration d&rsquo;\u00e9chantillon<\/strong>: conform\u00e9ment \u00e0 UOP-938-20<br \/>\n<strong>Spectroscopie d&rsquo;absorption atomique en phase vapeur \u00e0 froid (AAS)<\/strong>: proc\u00e9d\u00e9 semi-automatique par lots<br \/>\n<strong>Automatisation<\/strong>: jusqu&rsquo;\u00e0 15 \u00e9chantillons<br \/>\n<strong>Sensibilit\u00e9 ultra-\u00e9lev\u00e9e : <\/strong>limite de d\u00e9tection de seulement 0,003 ng<\/p>\n<h3><strong>Facilit\u00e9 d&rsquo;utilisation<\/strong><\/h3>\n<p><strong>Mise en \u0153uvre hautement efficace : <\/strong>la technique de combustion innovante de pr\u00e9concentration \u00e9vite toute formation de suie.<br \/>\n<strong>Technologie de combustion innovante brevet\u00e9e<\/strong>: permet l&rsquo;analyse des mati\u00e8res premi\u00e8res<strong><br \/>\nChargement des \u00e9chantillons<\/strong>: manuel ou par passeur automatique avec jusqu&rsquo;\u00e0 121 positions<br \/>\n<strong>Extensible : <\/strong>pour l&rsquo;analyse des gaz, du GPL et du GNL<\/p>\n<h3><strong>Nos services pour vous<br \/>\n<\/strong><\/h3>\n<p><strong>Expertise<\/strong>: Nous ma\u00eetrisons l\u2019analyse du mercure, et ce depuis des d\u00e9cennies. Quel que soit votre d\u00e9fi analytique, nous vous aiderons \u00e0 le relever.<br \/>\n<strong>Formation compl\u00e8te :<\/strong> nous prenons en charge la formation de vos op\u00e9rateurs<br \/>\n<strong>M\u00eame apr\u00e8s l&rsquo;achat, nous sommes l\u00e0 pour vous aider :<\/strong> de nombreuses questions surgissent lorsque vous travaillez. Nous sommes \u00e0 votre disposition pour r\u00e9pondre \u00e0 toutes vos questions sur l&rsquo;appareil et vos mesures.<\/p>\n","protected":false},"excerpt":{"rendered":"<h5><strong><span style=\"color: #003671;\">Analyseur de mercure \u00e0 haute temp\u00e9rature enti\u00e8rement automatique pour les \u00e9chantillons p\u00e9trochimiques<\/span><\/strong><\/h5>\n<p><span style=\"color: #003671;\">\u2713 Syst\u00e8me enti\u00e8rement automatis\u00e9<\/span><\/p>\n<p><span style=\"color: #003671;\">\u2713 Pour la mesure du mercure dans les \u00e9chantillons p\u00e9trochimiques<\/span><\/p>\n<p><span style=\"color: #003671;\">\u2713 Conforme \u00e0 UOP-938-20<\/span><\/p>\n<p><span style=\"color: #003671;\">\u2713 Limite de d\u00e9tection de seulement 0,003 ng<\/span><\/p>\n<p><span style=\"color: #003671;\">\u2713 Technologie de combustion innovante brevet\u00e9e<\/span><\/p>\n","protected":false},"featured_media":7690,"template":"","meta":{"_acf_changed":false},"product_brand":[],"product_cat":[988],"product_tag":[],"class_list":{"0":"post-11400","1":"product","2":"type-product","3":"status-publish","4":"has-post-thumbnail","6":"product_cat-analyse","7":"pa_1-unterkategorie-analyseurs-elementaires","8":"pa_2-unterkategorie-analyseurs-de-mercure","9":"pa_applikationen-liquide-petrole-condensat-de-gaz","10":"pa_applikationen-liquide-petrole-essence","11":"pa_applikationen-liquide-petrole-fioul-lourd","12":"pa_applikationen-liquide-petrole-goudron-de-houille","13":"pa_applikationen-liquide-petrole-naphta","14":"pa_applikationen-liquide-petrole-petrole","15":"pa_einsatzgebiete-energie-fr","16":"pa_einsatzgebiete-petrochimie-petrole-gaz","17":"pa_element-parameter-mercure","18":"pa_hersteller-nippon-instrument-cooperation-fr","19":"pa_probentyp-gazeux","20":"pa_probentyp-gpl-gnl","21":"pa_probentyp-liquide","22":"pa_produktgruppe-analyse-du-mercure","23":"pa_sprachversion-fr-fr-2","24":"pa_sprachversion-fr-fr","25":"pa_sprachversion-nl-fr","26":"pa_sprachversion-uk-fr","27":"pa_standardmethoden-uop-938-fr","28":"pa_verfahren-und-methoden-petro-pyrolyse-fr","29":"pa_verfahren-und-methoden-saa-a-vapeur-froide","30":"pa_verfahren-und-methoden-spectroscopie-de-fluorescence-atomique","32":"first","33":"instock","34":"shipping-taxable","35":"product-type-simple"},"acf":[],"yoast_head":"<!-- This site is optimized with the Yoast SEO plugin v27.3 - https:\/\/yoast.com\/product\/yoast-seo-wordpress\/ -->\n<title>PE-1000 - a1 Envirosciences<\/title>\n<meta name=\"description\" content=\"Le PE-1000 est un analyseur de mercure par p\u00e9tro-pyrolyse enti\u00e8rement automatis\u00e9, con\u00e7u pour mesurer le mercure dans les matrices liquides \u00e0 base de p\u00e9trole, telles que le p\u00e9trole brut, le condensat, le naphta et autres fractions liquides raffin\u00e9es.\" \/>\n<meta name=\"robots\" content=\"index, follow, max-snippet:-1, max-image-preview:large, max-video-preview:-1\" \/>\n<link rel=\"canonical\" href=\"https:\/\/a1-envirosciences.com\/fr\/produits\/analyse\/pe-1000\/\" \/>\n<meta property=\"og:locale\" content=\"fr_FR\" \/>\n<meta property=\"og:type\" content=\"article\" \/>\n<meta property=\"og:title\" content=\"PE-1000 - a1 Envirosciences\" \/>\n<meta property=\"og:description\" content=\"Le PE-1000 est un analyseur de mercure par p\u00e9tro-pyrolyse enti\u00e8rement automatis\u00e9, con\u00e7u pour mesurer le mercure dans les matrices liquides \u00e0 base de p\u00e9trole, telles que le p\u00e9trole brut, le condensat, le naphta et autres fractions liquides raffin\u00e9es.\" \/>\n<meta property=\"og:url\" content=\"https:\/\/a1-envirosciences.com\/fr\/produits\/analyse\/pe-1000\/\" \/>\n<meta property=\"og:site_name\" content=\"a1 Envirosciences\" \/>\n<meta property=\"article:modified_time\" content=\"2025-11-04T16:50:19+00:00\" \/>\n<meta property=\"og:image\" content=\"https:\/\/a1-envirosciences.com\/wp-content\/uploads\/2022\/02\/PE-1000_Titelbild-scaled.jpg\" \/>\n\t<meta property=\"og:image:width\" content=\"2560\" \/>\n\t<meta property=\"og:image:height\" content=\"2560\" \/>\n\t<meta property=\"og:image:type\" content=\"image\/jpeg\" \/>\n<meta name=\"twitter:card\" content=\"summary_large_image\" \/>\n<meta name=\"twitter:label1\" content=\"Dur\u00e9e de lecture estim\u00e9e\" \/>\n\t<meta name=\"twitter:data1\" content=\"2 minutes\" \/>\n<script type=\"application\/ld+json\" class=\"yoast-schema-graph\">{\"@context\":\"https:\\\/\\\/schema.org\",\"@graph\":[{\"@type\":\"WebPage\",\"@id\":\"https:\\\/\\\/a1-envirosciences.com\\\/fr\\\/produits\\\/analyse\\\/pe-1000\\\/\",\"url\":\"https:\\\/\\\/a1-envirosciences.com\\\/fr\\\/produits\\\/analyse\\\/pe-1000\\\/\",\"name\":\"PE-1000 - a1 Envirosciences\",\"isPartOf\":{\"@id\":\"https:\\\/\\\/a1-envirosciences.com\\\/fr\\\/#website\"},\"primaryImageOfPage\":{\"@id\":\"https:\\\/\\\/a1-envirosciences.com\\\/fr\\\/produits\\\/analyse\\\/pe-1000\\\/#primaryimage\"},\"image\":{\"@id\":\"https:\\\/\\\/a1-envirosciences.com\\\/fr\\\/produits\\\/analyse\\\/pe-1000\\\/#primaryimage\"},\"thumbnailUrl\":\"https:\\\/\\\/a1-envirosciences.com\\\/wp-content\\\/uploads\\\/2022\\\/02\\\/PE-1000_Titelbild-scaled.jpg\",\"datePublished\":\"2022-02-25T09:50:32+00:00\",\"dateModified\":\"2025-11-04T16:50:19+00:00\",\"description\":\"Le PE-1000 est un analyseur de mercure par p\u00e9tro-pyrolyse enti\u00e8rement automatis\u00e9, con\u00e7u pour mesurer le mercure dans les matrices liquides \u00e0 base de p\u00e9trole, telles que le p\u00e9trole brut, le condensat, le naphta et autres fractions liquides raffin\u00e9es.\",\"breadcrumb\":{\"@id\":\"https:\\\/\\\/a1-envirosciences.com\\\/fr\\\/produits\\\/analyse\\\/pe-1000\\\/#breadcrumb\"},\"inLanguage\":\"fr-FR\",\"potentialAction\":[{\"@type\":\"ReadAction\",\"target\":[\"https:\\\/\\\/a1-envirosciences.com\\\/fr\\\/produits\\\/analyse\\\/pe-1000\\\/\"]}]},{\"@type\":\"ImageObject\",\"inLanguage\":\"fr-FR\",\"@id\":\"https:\\\/\\\/a1-envirosciences.com\\\/fr\\\/produits\\\/analyse\\\/pe-1000\\\/#primaryimage\",\"url\":\"https:\\\/\\\/a1-envirosciences.com\\\/wp-content\\\/uploads\\\/2022\\\/02\\\/PE-1000_Titelbild-scaled.jpg\",\"contentUrl\":\"https:\\\/\\\/a1-envirosciences.com\\\/wp-content\\\/uploads\\\/2022\\\/02\\\/PE-1000_Titelbild-scaled.jpg\",\"width\":2560,\"height\":2560,\"caption\":\"PE-1000\"},{\"@type\":\"BreadcrumbList\",\"@id\":\"https:\\\/\\\/a1-envirosciences.com\\\/fr\\\/produits\\\/analyse\\\/pe-1000\\\/#breadcrumb\",\"itemListElement\":[{\"@type\":\"ListItem\",\"position\":1,\"name\":\"Home\",\"item\":\"https:\\\/\\\/a1-envirosciences.com\\\/fr\\\/\"},{\"@type\":\"ListItem\",\"position\":2,\"name\":\"Produits\",\"item\":\"https:\\\/\\\/a1-envirosciences.com\\\/fr\\\/shop\\\/\"},{\"@type\":\"ListItem\",\"position\":3,\"name\":\"PE-1000\"}]},{\"@type\":\"WebSite\",\"@id\":\"https:\\\/\\\/a1-envirosciences.com\\\/fr\\\/#website\",\"url\":\"https:\\\/\\\/a1-envirosciences.com\\\/fr\\\/\",\"name\":\"a1 Envirosciences\",\"description\":\"\",\"potentialAction\":[{\"@type\":\"SearchAction\",\"target\":{\"@type\":\"EntryPoint\",\"urlTemplate\":\"https:\\\/\\\/a1-envirosciences.com\\\/fr\\\/?s={search_term_string}\"},\"query-input\":{\"@type\":\"PropertyValueSpecification\",\"valueRequired\":true,\"valueName\":\"search_term_string\"}}],\"inLanguage\":\"fr-FR\"}]}<\/script>\n<!-- \/ Yoast SEO plugin. -->","yoast_head_json":{"title":"PE-1000 - a1 Envirosciences","description":"Le PE-1000 est un analyseur de mercure par p\u00e9tro-pyrolyse enti\u00e8rement automatis\u00e9, con\u00e7u pour mesurer le mercure dans les matrices liquides \u00e0 base de p\u00e9trole, telles que le p\u00e9trole brut, le condensat, le naphta et autres fractions liquides raffin\u00e9es.","robots":{"index":"index","follow":"follow","max-snippet":"max-snippet:-1","max-image-preview":"max-image-preview:large","max-video-preview":"max-video-preview:-1"},"canonical":"https:\/\/a1-envirosciences.com\/fr\/produits\/analyse\/pe-1000\/","og_locale":"fr_FR","og_type":"article","og_title":"PE-1000 - a1 Envirosciences","og_description":"Le PE-1000 est un analyseur de mercure par p\u00e9tro-pyrolyse enti\u00e8rement automatis\u00e9, con\u00e7u pour mesurer le mercure dans les matrices liquides \u00e0 base de p\u00e9trole, telles que le p\u00e9trole brut, le condensat, le naphta et autres fractions liquides raffin\u00e9es.","og_url":"https:\/\/a1-envirosciences.com\/fr\/produits\/analyse\/pe-1000\/","og_site_name":"a1 Envirosciences","article_modified_time":"2025-11-04T16:50:19+00:00","og_image":[{"width":2560,"height":2560,"url":"https:\/\/a1-envirosciences.com\/wp-content\/uploads\/2022\/02\/PE-1000_Titelbild-scaled.jpg","type":"image\/jpeg"}],"twitter_card":"summary_large_image","twitter_misc":{"Dur\u00e9e de lecture estim\u00e9e":"2 minutes"},"schema":{"@context":"https:\/\/schema.org","@graph":[{"@type":"WebPage","@id":"https:\/\/a1-envirosciences.com\/fr\/produits\/analyse\/pe-1000\/","url":"https:\/\/a1-envirosciences.com\/fr\/produits\/analyse\/pe-1000\/","name":"PE-1000 - a1 Envirosciences","isPartOf":{"@id":"https:\/\/a1-envirosciences.com\/fr\/#website"},"primaryImageOfPage":{"@id":"https:\/\/a1-envirosciences.com\/fr\/produits\/analyse\/pe-1000\/#primaryimage"},"image":{"@id":"https:\/\/a1-envirosciences.com\/fr\/produits\/analyse\/pe-1000\/#primaryimage"},"thumbnailUrl":"https:\/\/a1-envirosciences.com\/wp-content\/uploads\/2022\/02\/PE-1000_Titelbild-scaled.jpg","datePublished":"2022-02-25T09:50:32+00:00","dateModified":"2025-11-04T16:50:19+00:00","description":"Le PE-1000 est un analyseur de mercure par p\u00e9tro-pyrolyse enti\u00e8rement automatis\u00e9, con\u00e7u pour mesurer le mercure dans les matrices liquides \u00e0 base de p\u00e9trole, telles que le p\u00e9trole brut, le condensat, le naphta et autres fractions liquides raffin\u00e9es.","breadcrumb":{"@id":"https:\/\/a1-envirosciences.com\/fr\/produits\/analyse\/pe-1000\/#breadcrumb"},"inLanguage":"fr-FR","potentialAction":[{"@type":"ReadAction","target":["https:\/\/a1-envirosciences.com\/fr\/produits\/analyse\/pe-1000\/"]}]},{"@type":"ImageObject","inLanguage":"fr-FR","@id":"https:\/\/a1-envirosciences.com\/fr\/produits\/analyse\/pe-1000\/#primaryimage","url":"https:\/\/a1-envirosciences.com\/wp-content\/uploads\/2022\/02\/PE-1000_Titelbild-scaled.jpg","contentUrl":"https:\/\/a1-envirosciences.com\/wp-content\/uploads\/2022\/02\/PE-1000_Titelbild-scaled.jpg","width":2560,"height":2560,"caption":"PE-1000"},{"@type":"BreadcrumbList","@id":"https:\/\/a1-envirosciences.com\/fr\/produits\/analyse\/pe-1000\/#breadcrumb","itemListElement":[{"@type":"ListItem","position":1,"name":"Home","item":"https:\/\/a1-envirosciences.com\/fr\/"},{"@type":"ListItem","position":2,"name":"Produits","item":"https:\/\/a1-envirosciences.com\/fr\/shop\/"},{"@type":"ListItem","position":3,"name":"PE-1000"}]},{"@type":"WebSite","@id":"https:\/\/a1-envirosciences.com\/fr\/#website","url":"https:\/\/a1-envirosciences.com\/fr\/","name":"a1 Envirosciences","description":"","potentialAction":[{"@type":"SearchAction","target":{"@type":"EntryPoint","urlTemplate":"https:\/\/a1-envirosciences.com\/fr\/?s={search_term_string}"},"query-input":{"@type":"PropertyValueSpecification","valueRequired":true,"valueName":"search_term_string"}}],"inLanguage":"fr-FR"}]}},"_links":{"self":[{"href":"https:\/\/a1-envirosciences.com\/fr\/wp-json\/wp\/v2\/product\/11400","targetHints":{"allow":["GET"]}}],"collection":[{"href":"https:\/\/a1-envirosciences.com\/fr\/wp-json\/wp\/v2\/product"}],"about":[{"href":"https:\/\/a1-envirosciences.com\/fr\/wp-json\/wp\/v2\/types\/product"}],"wp:featuredmedia":[{"embeddable":true,"href":"https:\/\/a1-envirosciences.com\/fr\/wp-json\/wp\/v2\/media\/7690"}],"wp:attachment":[{"href":"https:\/\/a1-envirosciences.com\/fr\/wp-json\/wp\/v2\/media?parent=11400"}],"wp:term":[{"taxonomy":"product_brand","embeddable":true,"href":"https:\/\/a1-envirosciences.com\/fr\/wp-json\/wp\/v2\/product_brand?post=11400"},{"taxonomy":"product_cat","embeddable":true,"href":"https:\/\/a1-envirosciences.com\/fr\/wp-json\/wp\/v2\/product_cat?post=11400"},{"taxonomy":"product_tag","embeddable":true,"href":"https:\/\/a1-envirosciences.com\/fr\/wp-json\/wp\/v2\/product_tag?post=11400"}],"curies":[{"name":"wp","href":"https:\/\/api.w.org\/{rel}","templated":true}]}}