{"id":11408,"date":"2022-01-15T17:38:31","date_gmt":"2022-01-15T16:38:31","guid":{"rendered":"https:\/\/a1-envirosciences.com\/produkte\/non%20class\u00e9\/systemes-de-confinement-accessoires\/"},"modified":"2025-11-04T17:44:25","modified_gmt":"2025-11-04T16:44:25","slug":"accessoires","status":"publish","type":"product","link":"https:\/\/a1-envirosciences.com\/fr\/produits\/confinement\/accessoires\/","title":{"rendered":"Solutions de confinement Accessoires"},"content":{"rendered":"<h3>La date cl\u00e9<\/h3>\n<ul>\n<li>con\u00e7u pour nos syst\u00e8mes de confinement<\/li>\n<li>compatibilit\u00e9 garantie avec les enceintes de protection des personnes utilis\u00e9es<\/li>\n<li>facilitent la manipulation dans le confinement<\/li>\n<\/ul>\n<p>&nbsp;<\/p>\n","protected":false},"excerpt":{"rendered":"<h5><strong><span style=\"color: #003671;\">Accessoires et consommables pour nos syst\u00e8mes de confinement<\/span><\/strong><\/h5>\n<p><span style=\"color: #003671;\">\u2713 pour un travail optimal avec des cabines de pes\u00e9e de s\u00e9curit\u00e9 ou des enceintes de confinement<\/span><\/p>\n","protected":false},"featured_media":8410,"template":"","meta":{"_acf_changed":false},"product_brand":[],"product_cat":[737],"product_tag":[],"class_list":{"0":"post-11408","1":"product","2":"type-product","3":"status-publish","4":"has-post-thumbnail","6":"product_cat-confinement","7":"pa_einsatzgebiete-agriculture-alimentation","8":"pa_einsatzgebiete-biens-de-consommation","9":"pa_einsatzgebiete-chimie","10":"pa_einsatzgebiete-energie-fr","11":"pa_einsatzgebiete-environnement","12":"pa_einsatzgebiete-medecine","13":"pa_einsatzgebiete-petrochimie-petrole-gaz","14":"pa_einsatzgebiete-pharma-fr","15":"pa_hersteller-a1-fr","16":"pa_produktgruppe-accessoires-et-consommables","17":"pa_sprachversion-fr-fr","19":"first","20":"instock","21":"shipping-taxable","22":"product-type-simple"},"acf":[],"yoast_head":"<!-- This site is optimized with the Yoast SEO plugin v27.3 - https:\/\/yoast.com\/product\/yoast-seo-wordpress\/ -->\n<title>Solutions de confinement Accessoires - a1 Envirosciences<\/title>\n<meta name=\"description\" content=\"Afin de pouvoir travailler de mani\u00e8re optimale avec vos cabines de pes\u00e9e de s\u00e9curit\u00e9 ou autres enceintes, nous proposons une s\u00e9rie d&#039;accessoires et de consommables sp\u00e9ciaux.\" \/>\n<meta name=\"robots\" content=\"index, follow, max-snippet:-1, max-image-preview:large, max-video-preview:-1\" \/>\n<link rel=\"canonical\" href=\"https:\/\/a1-envirosciences.com\/fr\/produits\/confinement\/accessoires\/\" \/>\n<meta property=\"og:locale\" content=\"fr_FR\" \/>\n<meta property=\"og:type\" content=\"article\" \/>\n<meta property=\"og:title\" content=\"Solutions de confinement Accessoires - a1 Envirosciences\" \/>\n<meta property=\"og:description\" content=\"Afin de pouvoir travailler de mani\u00e8re optimale avec vos cabines de pes\u00e9e de s\u00e9curit\u00e9 ou autres enceintes, nous proposons une s\u00e9rie d&#039;accessoires et de consommables sp\u00e9ciaux.\" \/>\n<meta property=\"og:url\" content=\"https:\/\/a1-envirosciences.com\/fr\/produits\/confinement\/accessoires\/\" \/>\n<meta property=\"og:site_name\" content=\"a1 Envirosciences\" \/>\n<meta property=\"article:modified_time\" content=\"2025-11-04T16:44:25+00:00\" \/>\n<meta property=\"og:image\" content=\"https:\/\/a1-envirosciences.com\/wp-content\/uploads\/2022\/03\/ST-SIL-DS-V3-scaled.jpg\" \/>\n\t<meta property=\"og:image:width\" content=\"2560\" \/>\n\t<meta property=\"og:image:height\" content=\"1440\" \/>\n\t<meta property=\"og:image:type\" content=\"image\/jpeg\" \/>\n<meta name=\"twitter:card\" content=\"summary_large_image\" \/>\n<meta name=\"twitter:label1\" content=\"Dur\u00e9e de lecture estim\u00e9e\" \/>\n\t<meta name=\"twitter:data1\" content=\"1 minute\" \/>\n<script type=\"application\/ld+json\" class=\"yoast-schema-graph\">{\"@context\":\"https:\\\/\\\/schema.org\",\"@graph\":[{\"@type\":\"WebPage\",\"@id\":\"https:\\\/\\\/a1-envirosciences.com\\\/fr\\\/produits\\\/confinement\\\/accessoires\\\/\",\"url\":\"https:\\\/\\\/a1-envirosciences.com\\\/fr\\\/produits\\\/confinement\\\/accessoires\\\/\",\"name\":\"Solutions de confinement Accessoires - a1 Envirosciences\",\"isPartOf\":{\"@id\":\"https:\\\/\\\/a1-envirosciences.com\\\/fr\\\/#website\"},\"primaryImageOfPage\":{\"@id\":\"https:\\\/\\\/a1-envirosciences.com\\\/fr\\\/produits\\\/confinement\\\/accessoires\\\/#primaryimage\"},\"image\":{\"@id\":\"https:\\\/\\\/a1-envirosciences.com\\\/fr\\\/produits\\\/confinement\\\/accessoires\\\/#primaryimage\"},\"thumbnailUrl\":\"https:\\\/\\\/a1-envirosciences.com\\\/wp-content\\\/uploads\\\/2022\\\/03\\\/ST-SIL-DS-V3-scaled.jpg\",\"datePublished\":\"2022-01-15T16:38:31+00:00\",\"dateModified\":\"2025-11-04T16:44:25+00:00\",\"description\":\"Afin de pouvoir travailler de mani\u00e8re optimale avec vos cabines de pes\u00e9e de s\u00e9curit\u00e9 ou autres enceintes, nous proposons une s\u00e9rie d'accessoires et de consommables sp\u00e9ciaux.\",\"breadcrumb\":{\"@id\":\"https:\\\/\\\/a1-envirosciences.com\\\/fr\\\/produits\\\/confinement\\\/accessoires\\\/#breadcrumb\"},\"inLanguage\":\"fr-FR\",\"potentialAction\":[{\"@type\":\"ReadAction\",\"target\":[\"https:\\\/\\\/a1-envirosciences.com\\\/fr\\\/produits\\\/confinement\\\/accessoires\\\/\"]}]},{\"@type\":\"ImageObject\",\"inLanguage\":\"fr-FR\",\"@id\":\"https:\\\/\\\/a1-envirosciences.com\\\/fr\\\/produits\\\/confinement\\\/accessoires\\\/#primaryimage\",\"url\":\"https:\\\/\\\/a1-envirosciences.com\\\/wp-content\\\/uploads\\\/2022\\\/03\\\/ST-SIL-DS-V3-scaled.jpg\",\"contentUrl\":\"https:\\\/\\\/a1-envirosciences.com\\\/wp-content\\\/uploads\\\/2022\\\/03\\\/ST-SIL-DS-V3-scaled.jpg\",\"width\":2560,\"height\":1440},{\"@type\":\"BreadcrumbList\",\"@id\":\"https:\\\/\\\/a1-envirosciences.com\\\/fr\\\/produits\\\/confinement\\\/accessoires\\\/#breadcrumb\",\"itemListElement\":[{\"@type\":\"ListItem\",\"position\":1,\"name\":\"Home\",\"item\":\"https:\\\/\\\/a1-envirosciences.com\\\/fr\\\/\"},{\"@type\":\"ListItem\",\"position\":2,\"name\":\"Produits\",\"item\":\"https:\\\/\\\/a1-envirosciences.com\\\/fr\\\/shop\\\/\"},{\"@type\":\"ListItem\",\"position\":3,\"name\":\"Solutions de confinement Accessoires\"}]},{\"@type\":\"WebSite\",\"@id\":\"https:\\\/\\\/a1-envirosciences.com\\\/fr\\\/#website\",\"url\":\"https:\\\/\\\/a1-envirosciences.com\\\/fr\\\/\",\"name\":\"a1 Envirosciences\",\"description\":\"\",\"potentialAction\":[{\"@type\":\"SearchAction\",\"target\":{\"@type\":\"EntryPoint\",\"urlTemplate\":\"https:\\\/\\\/a1-envirosciences.com\\\/fr\\\/?s={search_term_string}\"},\"query-input\":{\"@type\":\"PropertyValueSpecification\",\"valueRequired\":true,\"valueName\":\"search_term_string\"}}],\"inLanguage\":\"fr-FR\"}]}<\/script>\n<!-- \/ Yoast SEO plugin. -->","yoast_head_json":{"title":"Solutions de confinement Accessoires - a1 Envirosciences","description":"Afin de pouvoir travailler de mani\u00e8re optimale avec vos cabines de pes\u00e9e de s\u00e9curit\u00e9 ou autres enceintes, nous proposons une s\u00e9rie d'accessoires et de consommables sp\u00e9ciaux.","robots":{"index":"index","follow":"follow","max-snippet":"max-snippet:-1","max-image-preview":"max-image-preview:large","max-video-preview":"max-video-preview:-1"},"canonical":"https:\/\/a1-envirosciences.com\/fr\/produits\/confinement\/accessoires\/","og_locale":"fr_FR","og_type":"article","og_title":"Solutions de confinement Accessoires - a1 Envirosciences","og_description":"Afin de pouvoir travailler de mani\u00e8re optimale avec vos cabines de pes\u00e9e de s\u00e9curit\u00e9 ou autres enceintes, nous proposons une s\u00e9rie d'accessoires et de consommables sp\u00e9ciaux.","og_url":"https:\/\/a1-envirosciences.com\/fr\/produits\/confinement\/accessoires\/","og_site_name":"a1 Envirosciences","article_modified_time":"2025-11-04T16:44:25+00:00","og_image":[{"width":2560,"height":1440,"url":"https:\/\/a1-envirosciences.com\/wp-content\/uploads\/2022\/03\/ST-SIL-DS-V3-scaled.jpg","type":"image\/jpeg"}],"twitter_card":"summary_large_image","twitter_misc":{"Dur\u00e9e de lecture estim\u00e9e":"1 minute"},"schema":{"@context":"https:\/\/schema.org","@graph":[{"@type":"WebPage","@id":"https:\/\/a1-envirosciences.com\/fr\/produits\/confinement\/accessoires\/","url":"https:\/\/a1-envirosciences.com\/fr\/produits\/confinement\/accessoires\/","name":"Solutions de confinement Accessoires - a1 Envirosciences","isPartOf":{"@id":"https:\/\/a1-envirosciences.com\/fr\/#website"},"primaryImageOfPage":{"@id":"https:\/\/a1-envirosciences.com\/fr\/produits\/confinement\/accessoires\/#primaryimage"},"image":{"@id":"https:\/\/a1-envirosciences.com\/fr\/produits\/confinement\/accessoires\/#primaryimage"},"thumbnailUrl":"https:\/\/a1-envirosciences.com\/wp-content\/uploads\/2022\/03\/ST-SIL-DS-V3-scaled.jpg","datePublished":"2022-01-15T16:38:31+00:00","dateModified":"2025-11-04T16:44:25+00:00","description":"Afin de pouvoir travailler de mani\u00e8re optimale avec vos cabines de pes\u00e9e de s\u00e9curit\u00e9 ou autres enceintes, nous proposons une s\u00e9rie d'accessoires et de consommables sp\u00e9ciaux.","breadcrumb":{"@id":"https:\/\/a1-envirosciences.com\/fr\/produits\/confinement\/accessoires\/#breadcrumb"},"inLanguage":"fr-FR","potentialAction":[{"@type":"ReadAction","target":["https:\/\/a1-envirosciences.com\/fr\/produits\/confinement\/accessoires\/"]}]},{"@type":"ImageObject","inLanguage":"fr-FR","@id":"https:\/\/a1-envirosciences.com\/fr\/produits\/confinement\/accessoires\/#primaryimage","url":"https:\/\/a1-envirosciences.com\/wp-content\/uploads\/2022\/03\/ST-SIL-DS-V3-scaled.jpg","contentUrl":"https:\/\/a1-envirosciences.com\/wp-content\/uploads\/2022\/03\/ST-SIL-DS-V3-scaled.jpg","width":2560,"height":1440},{"@type":"BreadcrumbList","@id":"https:\/\/a1-envirosciences.com\/fr\/produits\/confinement\/accessoires\/#breadcrumb","itemListElement":[{"@type":"ListItem","position":1,"name":"Home","item":"https:\/\/a1-envirosciences.com\/fr\/"},{"@type":"ListItem","position":2,"name":"Produits","item":"https:\/\/a1-envirosciences.com\/fr\/shop\/"},{"@type":"ListItem","position":3,"name":"Solutions de confinement Accessoires"}]},{"@type":"WebSite","@id":"https:\/\/a1-envirosciences.com\/fr\/#website","url":"https:\/\/a1-envirosciences.com\/fr\/","name":"a1 Envirosciences","description":"","potentialAction":[{"@type":"SearchAction","target":{"@type":"EntryPoint","urlTemplate":"https:\/\/a1-envirosciences.com\/fr\/?s={search_term_string}"},"query-input":{"@type":"PropertyValueSpecification","valueRequired":true,"valueName":"search_term_string"}}],"inLanguage":"fr-FR"}]}},"_links":{"self":[{"href":"https:\/\/a1-envirosciences.com\/fr\/wp-json\/wp\/v2\/product\/11408","targetHints":{"allow":["GET"]}}],"collection":[{"href":"https:\/\/a1-envirosciences.com\/fr\/wp-json\/wp\/v2\/product"}],"about":[{"href":"https:\/\/a1-envirosciences.com\/fr\/wp-json\/wp\/v2\/types\/product"}],"wp:featuredmedia":[{"embeddable":true,"href":"https:\/\/a1-envirosciences.com\/fr\/wp-json\/wp\/v2\/media\/8410"}],"wp:attachment":[{"href":"https:\/\/a1-envirosciences.com\/fr\/wp-json\/wp\/v2\/media?parent=11408"}],"wp:term":[{"taxonomy":"product_brand","embeddable":true,"href":"https:\/\/a1-envirosciences.com\/fr\/wp-json\/wp\/v2\/product_brand?post=11408"},{"taxonomy":"product_cat","embeddable":true,"href":"https:\/\/a1-envirosciences.com\/fr\/wp-json\/wp\/v2\/product_cat?post=11408"},{"taxonomy":"product_tag","embeddable":true,"href":"https:\/\/a1-envirosciences.com\/fr\/wp-json\/wp\/v2\/product_tag?post=11408"}],"curies":[{"name":"wp","href":"https:\/\/api.w.org\/{rel}","templated":true}]}}