{"id":11413,"date":"2022-01-15T16:59:03","date_gmt":"2022-01-15T15:59:03","guid":{"rendered":"https:\/\/a1-envirosciences.com\/produkte\/non%20class\u00e9\/air-safecheck\/"},"modified":"2025-11-04T17:44:23","modified_gmt":"2025-11-04T16:44:23","slug":"air-safecheck","status":"publish","type":"product","link":"https:\/\/a1-envirosciences.com\/fr\/produits\/confinement\/air-safecheck\/","title":{"rendered":"Air SafeCheck"},"content":{"rendered":"<p><strong>En temps r\u00e9el :<\/strong> qualit\u00e9 et d\u00e9tection de l&rsquo;air int\u00e9rieur<\/p>\n<p><strong>Sensibilit\u00e9 \u00e9lev\u00e9e<\/strong>: aux COV et autres gaz contaminants en int\u00e9rieur<\/p>\n<p><strong>D\u00e9tection et affichage :<\/strong> de la temp\u00e9rature et de l&rsquo;humidit\u00e9<\/p>\n<p><strong>\u00c9cran LCD<\/strong>: avec r\u00e9tro\u00e9clairage et alarme sonore<\/p>\n<p><strong>1 sortie on\/off<\/strong>: pour contr\u00f4ler un ventilateur<\/p>\n<h3>Application<\/h3>\n<p>- D\u00e9tection et alarme de la qualit\u00e9 de l&rsquo;air ambiant<br \/>\n- Syst\u00e8mes de ventilation<br \/>\n- Syst\u00e8mes de purification de l&rsquo;air<br \/>\n- Lieux d&rsquo;utilisation : laboratoire, bureau, chambre \u00e0 coucher, salon et salle \u00e0 manger, \u00e9cole maternelle, salle de classe, voiture, restaurant, h\u00f4tel et autres lieux publics<\/p>\n<p>Remarque : l&rsquo;Air SafeCheck est un instrument con\u00e7u pour donner une indication de la concentration totale de polluants dans l&rsquo;air \u00e0 titre d&rsquo;information. Bien qu&rsquo;il soit tr\u00e8s pr\u00e9cis et r\u00e9actif, il ne peut pas \u00eatre consid\u00e9r\u00e9 comme un instrument de mesure scientifique.<\/p>\n","protected":false},"excerpt":{"rendered":"<h5><strong><span style=\"color: #003671;\">Surveillance de la qualit\u00e9 de l&rsquo;air int\u00e9rieur<\/span><\/strong><\/h5>\n<p><span style=\"color: #003671;\">\u2713 Surveillance en temps r\u00e9el de la qualit\u00e9 de l&rsquo;air ambiant<\/span><\/p>\n<p><span style=\"color: #003671;\">\u2713 D\u00e9tection de gaz<\/span><\/p>\n<p><span style=\"color: #003671;\">\u2713 Affichage de la temp\u00e9rature et de l&rsquo;humidit\u00e9 relative<\/span><\/p>\n","protected":false},"featured_media":8497,"template":"","meta":{"_acf_changed":false},"product_brand":[],"product_cat":[737],"product_tag":[],"class_list":{"0":"post-11413","1":"product","2":"type-product","3":"status-publish","4":"has-post-thumbnail","6":"product_cat-confinement","7":"pa_produktgruppe-accessoires-et-consommables","9":"first","10":"instock","11":"shipping-taxable","12":"product-type-simple"},"acf":[],"yoast_head":"<!-- This site is optimized with the Yoast SEO plugin v27.3 - https:\/\/yoast.com\/product\/yoast-seo-wordpress\/ -->\n<title>Air SafeCheck - a1 Envirosciences<\/title>\n<meta name=\"robots\" content=\"index, follow, max-snippet:-1, max-image-preview:large, max-video-preview:-1\" \/>\n<link rel=\"canonical\" href=\"https:\/\/a1-envirosciences.com\/fr\/produits\/confinement\/air-safecheck\/\" \/>\n<meta property=\"og:locale\" content=\"fr_FR\" \/>\n<meta property=\"og:type\" content=\"article\" \/>\n<meta property=\"og:title\" content=\"Air SafeCheck - a1 Envirosciences\" \/>\n<meta property=\"og:description\" content=\"Surveillance de la qualit\u00e9 de l&#039;air int\u00e9rieur \u2713 Surveillance en temps r\u00e9el de la qualit\u00e9 de l&#039;air ambiant  \u2713 D\u00e9tection de gaz  \u2713 Affichage de la temp\u00e9rature et de l&#039;humidit\u00e9 relative\" \/>\n<meta property=\"og:url\" content=\"https:\/\/a1-envirosciences.com\/fr\/produits\/confinement\/air-safecheck\/\" \/>\n<meta property=\"og:site_name\" content=\"a1 Envirosciences\" \/>\n<meta property=\"article:modified_time\" content=\"2025-11-04T16:44:23+00:00\" \/>\n<meta property=\"og:image\" content=\"https:\/\/a1-envirosciences.com\/wp-content\/uploads\/2023\/02\/air-safecheck-Titelbild.jpg\" \/>\n\t<meta property=\"og:image:width\" content=\"600\" \/>\n\t<meta property=\"og:image:height\" content=\"600\" \/>\n\t<meta property=\"og:image:type\" content=\"image\/jpeg\" \/>\n<meta name=\"twitter:card\" content=\"summary_large_image\" \/>\n<meta name=\"twitter:label1\" content=\"Dur\u00e9e de lecture estim\u00e9e\" \/>\n\t<meta name=\"twitter:data1\" content=\"1 minute\" \/>\n<script type=\"application\/ld+json\" class=\"yoast-schema-graph\">{\"@context\":\"https:\\\/\\\/schema.org\",\"@graph\":[{\"@type\":\"WebPage\",\"@id\":\"https:\\\/\\\/a1-envirosciences.com\\\/fr\\\/produits\\\/confinement\\\/air-safecheck\\\/\",\"url\":\"https:\\\/\\\/a1-envirosciences.com\\\/fr\\\/produits\\\/confinement\\\/air-safecheck\\\/\",\"name\":\"Air SafeCheck - a1 Envirosciences\",\"isPartOf\":{\"@id\":\"https:\\\/\\\/a1-envirosciences.com\\\/fr\\\/#website\"},\"primaryImageOfPage\":{\"@id\":\"https:\\\/\\\/a1-envirosciences.com\\\/fr\\\/produits\\\/confinement\\\/air-safecheck\\\/#primaryimage\"},\"image\":{\"@id\":\"https:\\\/\\\/a1-envirosciences.com\\\/fr\\\/produits\\\/confinement\\\/air-safecheck\\\/#primaryimage\"},\"thumbnailUrl\":\"https:\\\/\\\/a1-envirosciences.com\\\/wp-content\\\/uploads\\\/2023\\\/02\\\/air-safecheck-Titelbild.jpg\",\"datePublished\":\"2022-01-15T15:59:03+00:00\",\"dateModified\":\"2025-11-04T16:44:23+00:00\",\"breadcrumb\":{\"@id\":\"https:\\\/\\\/a1-envirosciences.com\\\/fr\\\/produits\\\/confinement\\\/air-safecheck\\\/#breadcrumb\"},\"inLanguage\":\"fr-FR\",\"potentialAction\":[{\"@type\":\"ReadAction\",\"target\":[\"https:\\\/\\\/a1-envirosciences.com\\\/fr\\\/produits\\\/confinement\\\/air-safecheck\\\/\"]}]},{\"@type\":\"ImageObject\",\"inLanguage\":\"fr-FR\",\"@id\":\"https:\\\/\\\/a1-envirosciences.com\\\/fr\\\/produits\\\/confinement\\\/air-safecheck\\\/#primaryimage\",\"url\":\"https:\\\/\\\/a1-envirosciences.com\\\/wp-content\\\/uploads\\\/2023\\\/02\\\/air-safecheck-Titelbild.jpg\",\"contentUrl\":\"https:\\\/\\\/a1-envirosciences.com\\\/wp-content\\\/uploads\\\/2023\\\/02\\\/air-safecheck-Titelbild.jpg\",\"width\":600,\"height\":600,\"caption\":\"air safecheck\"},{\"@type\":\"BreadcrumbList\",\"@id\":\"https:\\\/\\\/a1-envirosciences.com\\\/fr\\\/produits\\\/confinement\\\/air-safecheck\\\/#breadcrumb\",\"itemListElement\":[{\"@type\":\"ListItem\",\"position\":1,\"name\":\"Home\",\"item\":\"https:\\\/\\\/a1-envirosciences.com\\\/fr\\\/\"},{\"@type\":\"ListItem\",\"position\":2,\"name\":\"Produits\",\"item\":\"https:\\\/\\\/a1-envirosciences.com\\\/fr\\\/shop\\\/\"},{\"@type\":\"ListItem\",\"position\":3,\"name\":\"Air SafeCheck\"}]},{\"@type\":\"WebSite\",\"@id\":\"https:\\\/\\\/a1-envirosciences.com\\\/fr\\\/#website\",\"url\":\"https:\\\/\\\/a1-envirosciences.com\\\/fr\\\/\",\"name\":\"a1 Envirosciences\",\"description\":\"\",\"potentialAction\":[{\"@type\":\"SearchAction\",\"target\":{\"@type\":\"EntryPoint\",\"urlTemplate\":\"https:\\\/\\\/a1-envirosciences.com\\\/fr\\\/?s={search_term_string}\"},\"query-input\":{\"@type\":\"PropertyValueSpecification\",\"valueRequired\":true,\"valueName\":\"search_term_string\"}}],\"inLanguage\":\"fr-FR\"}]}<\/script>\n<!-- \/ Yoast SEO plugin. -->","yoast_head_json":{"title":"Air SafeCheck - a1 Envirosciences","robots":{"index":"index","follow":"follow","max-snippet":"max-snippet:-1","max-image-preview":"max-image-preview:large","max-video-preview":"max-video-preview:-1"},"canonical":"https:\/\/a1-envirosciences.com\/fr\/produits\/confinement\/air-safecheck\/","og_locale":"fr_FR","og_type":"article","og_title":"Air SafeCheck - a1 Envirosciences","og_description":"Surveillance de la qualit\u00e9 de l'air int\u00e9rieur \u2713 Surveillance en temps r\u00e9el de la qualit\u00e9 de l'air ambiant  \u2713 D\u00e9tection de gaz  \u2713 Affichage de la temp\u00e9rature et de l'humidit\u00e9 relative","og_url":"https:\/\/a1-envirosciences.com\/fr\/produits\/confinement\/air-safecheck\/","og_site_name":"a1 Envirosciences","article_modified_time":"2025-11-04T16:44:23+00:00","og_image":[{"width":600,"height":600,"url":"https:\/\/a1-envirosciences.com\/wp-content\/uploads\/2023\/02\/air-safecheck-Titelbild.jpg","type":"image\/jpeg"}],"twitter_card":"summary_large_image","twitter_misc":{"Dur\u00e9e de lecture estim\u00e9e":"1 minute"},"schema":{"@context":"https:\/\/schema.org","@graph":[{"@type":"WebPage","@id":"https:\/\/a1-envirosciences.com\/fr\/produits\/confinement\/air-safecheck\/","url":"https:\/\/a1-envirosciences.com\/fr\/produits\/confinement\/air-safecheck\/","name":"Air SafeCheck - a1 Envirosciences","isPartOf":{"@id":"https:\/\/a1-envirosciences.com\/fr\/#website"},"primaryImageOfPage":{"@id":"https:\/\/a1-envirosciences.com\/fr\/produits\/confinement\/air-safecheck\/#primaryimage"},"image":{"@id":"https:\/\/a1-envirosciences.com\/fr\/produits\/confinement\/air-safecheck\/#primaryimage"},"thumbnailUrl":"https:\/\/a1-envirosciences.com\/wp-content\/uploads\/2023\/02\/air-safecheck-Titelbild.jpg","datePublished":"2022-01-15T15:59:03+00:00","dateModified":"2025-11-04T16:44:23+00:00","breadcrumb":{"@id":"https:\/\/a1-envirosciences.com\/fr\/produits\/confinement\/air-safecheck\/#breadcrumb"},"inLanguage":"fr-FR","potentialAction":[{"@type":"ReadAction","target":["https:\/\/a1-envirosciences.com\/fr\/produits\/confinement\/air-safecheck\/"]}]},{"@type":"ImageObject","inLanguage":"fr-FR","@id":"https:\/\/a1-envirosciences.com\/fr\/produits\/confinement\/air-safecheck\/#primaryimage","url":"https:\/\/a1-envirosciences.com\/wp-content\/uploads\/2023\/02\/air-safecheck-Titelbild.jpg","contentUrl":"https:\/\/a1-envirosciences.com\/wp-content\/uploads\/2023\/02\/air-safecheck-Titelbild.jpg","width":600,"height":600,"caption":"air safecheck"},{"@type":"BreadcrumbList","@id":"https:\/\/a1-envirosciences.com\/fr\/produits\/confinement\/air-safecheck\/#breadcrumb","itemListElement":[{"@type":"ListItem","position":1,"name":"Home","item":"https:\/\/a1-envirosciences.com\/fr\/"},{"@type":"ListItem","position":2,"name":"Produits","item":"https:\/\/a1-envirosciences.com\/fr\/shop\/"},{"@type":"ListItem","position":3,"name":"Air SafeCheck"}]},{"@type":"WebSite","@id":"https:\/\/a1-envirosciences.com\/fr\/#website","url":"https:\/\/a1-envirosciences.com\/fr\/","name":"a1 Envirosciences","description":"","potentialAction":[{"@type":"SearchAction","target":{"@type":"EntryPoint","urlTemplate":"https:\/\/a1-envirosciences.com\/fr\/?s={search_term_string}"},"query-input":{"@type":"PropertyValueSpecification","valueRequired":true,"valueName":"search_term_string"}}],"inLanguage":"fr-FR"}]}},"_links":{"self":[{"href":"https:\/\/a1-envirosciences.com\/fr\/wp-json\/wp\/v2\/product\/11413","targetHints":{"allow":["GET"]}}],"collection":[{"href":"https:\/\/a1-envirosciences.com\/fr\/wp-json\/wp\/v2\/product"}],"about":[{"href":"https:\/\/a1-envirosciences.com\/fr\/wp-json\/wp\/v2\/types\/product"}],"wp:featuredmedia":[{"embeddable":true,"href":"https:\/\/a1-envirosciences.com\/fr\/wp-json\/wp\/v2\/media\/8497"}],"wp:attachment":[{"href":"https:\/\/a1-envirosciences.com\/fr\/wp-json\/wp\/v2\/media?parent=11413"}],"wp:term":[{"taxonomy":"product_brand","embeddable":true,"href":"https:\/\/a1-envirosciences.com\/fr\/wp-json\/wp\/v2\/product_brand?post=11413"},{"taxonomy":"product_cat","embeddable":true,"href":"https:\/\/a1-envirosciences.com\/fr\/wp-json\/wp\/v2\/product_cat?post=11413"},{"taxonomy":"product_tag","embeddable":true,"href":"https:\/\/a1-envirosciences.com\/fr\/wp-json\/wp\/v2\/product_tag?post=11413"}],"curies":[{"name":"wp","href":"https:\/\/api.w.org\/{rel}","templated":true}]}}