{"id":11414,"date":"2022-03-01T10:44:06","date_gmt":"2022-03-01T09:44:06","guid":{"rendered":"https:\/\/a1-envirosciences.com\/produkte\/non%20class\u00e9\/unite-de-ventilation\/"},"modified":"2025-11-04T17:44:35","modified_gmt":"2025-11-04T16:44:35","slug":"unite-de-ventilation","status":"publish","type":"product","link":"https:\/\/a1-envirosciences.com\/fr\/produits\/confinement\/unite-de-ventilation\/","title":{"rendered":"Unit\u00e9 de ventilation"},"content":{"rendered":"<p><strong>Unit\u00e9s de filtration pour retenir<\/strong>: les expositions aux particules solides et aux a\u00e9rosols (filtres HEPA) ou d&rsquo;autres substances, telles que les vapeurs de solvants (filtres \u00e0 charbon actif).<\/p>\n<p><span style=\"color: #003671;\"><strong>Unit\u00e9 de filtration HEPA<\/strong>: motoris\u00e9e &amp; ind\u00e9pendante <\/span><\/p>\n<p><span style=\"color: #003671;\"><strong>Utilisation universelle<\/strong>: filtre les particules de toutes tailles (y compris les nanoparticules)<\/span><\/p>\n<p><span style=\"color: #003671;\"><strong>Peut \u00eatre connect\u00e9 \u00e0 tout type d&rsquo;\u00e9quipement<\/strong>,<\/span><span style=\"color: #003671;\"> qui n\u00e9cessite une aspiration \/ une d\u00e9pression<\/span><\/p>\n<p><span style=\"color: #003671;\"><strong>Int\u00e9gr\u00e9<\/strong>: sur toutes les enceintes de protection personnelle a1 <\/span><\/p>\n<p>&nbsp;<\/p>\n","protected":false},"excerpt":{"rendered":"<h5><strong><span style=\"color: #003671;\">Unit\u00e9 de filtration compacte avec filtre HEPA H14 et ventilateur int\u00e9gr\u00e9<\/span><\/strong><\/h5>\n<p><span style=\"color: #003671;\">\u2713 Unit\u00e9 de filtration HEPA motoris\u00e9e et ind\u00e9pendante <\/span><\/p>\n<p><span style=\"color: #003671;\">\u2713 Filtrer les particules de toutes tailles (y compris les nanoparticules)<\/span><\/p>\n<p><span style=\"color: #003671;\">\u2713 peut \u00eatre raccord\u00e9 \u00e0 tout type d&rsquo;\u00e9quipement<\/span><span style=\"color: #003671;\">qui n\u00e9cessite une aspiration \/ une pression n\u00e9gative<\/span><\/p>\n<p><span style=\"color: #003671;\">\u2713 int\u00e9gr\u00e9 \u00e0 toutes les enceintes de protection personnelle a1<\/span><\/p>\n","protected":false},"featured_media":7435,"template":"","meta":{"_acf_changed":false},"product_brand":[],"product_cat":[737],"product_tag":[],"class_list":{"0":"post-11414","1":"product","2":"type-product","3":"status-publish","4":"has-post-thumbnail","6":"product_cat-confinement","7":"pa_einsatzgebiete-agriculture-alimentation","8":"pa_einsatzgebiete-biens-de-consommation","9":"pa_einsatzgebiete-chimie","10":"pa_einsatzgebiete-energie-fr","11":"pa_einsatzgebiete-environnement","12":"pa_einsatzgebiete-petrochimie-petrole-gaz","13":"pa_hersteller-a1-fr","14":"pa_produktgruppe-accessoires-et-consommables","15":"pa_sprachversion-fr-fr","16":"pa_standardmethoden-en-1822-fr","18":"first","19":"instock","20":"shipping-taxable","21":"product-type-simple"},"acf":[],"yoast_head":"<!-- This site is optimized with the Yoast SEO plugin v27.3 - https:\/\/yoast.com\/product\/yoast-seo-wordpress\/ -->\n<title>Unit\u00e9 de ventilation - a1 Envirosciences<\/title>\n<meta name=\"description\" content=\"Unit\u00e9 FAN avec filtre HEPA H14 et ventilateur - unit\u00e9 de filtration motoris\u00e9e et ind\u00e9pendante pour filtrer les particules de toutes tailles (y compris les nanoparticules).\" \/>\n<meta name=\"robots\" content=\"index, follow, max-snippet:-1, max-image-preview:large, max-video-preview:-1\" \/>\n<link rel=\"canonical\" href=\"https:\/\/a1-envirosciences.com\/fr\/produits\/confinement\/unite-de-ventilation\/\" \/>\n<meta property=\"og:locale\" content=\"fr_FR\" \/>\n<meta property=\"og:type\" content=\"article\" \/>\n<meta property=\"og:title\" content=\"Unit\u00e9 de ventilation - a1 Envirosciences\" \/>\n<meta property=\"og:description\" content=\"Unit\u00e9 FAN avec filtre HEPA H14 et ventilateur - unit\u00e9 de filtration motoris\u00e9e et ind\u00e9pendante pour filtrer les particules de toutes tailles (y compris les nanoparticules).\" \/>\n<meta property=\"og:url\" content=\"https:\/\/a1-envirosciences.com\/fr\/produits\/confinement\/unite-de-ventilation\/\" \/>\n<meta property=\"og:site_name\" content=\"a1 Envirosciences\" \/>\n<meta property=\"article:modified_time\" content=\"2025-11-04T16:44:35+00:00\" \/>\n<meta property=\"og:image\" content=\"https:\/\/a1-envirosciences.com\/wp-content\/uploads\/2022\/03\/Fan-Unit_Titelbild-scaled.jpg\" \/>\n\t<meta property=\"og:image:width\" content=\"2560\" \/>\n\t<meta property=\"og:image:height\" content=\"2560\" \/>\n\t<meta property=\"og:image:type\" content=\"image\/jpeg\" \/>\n<meta name=\"twitter:card\" content=\"summary_large_image\" \/>\n<meta name=\"twitter:label1\" content=\"Dur\u00e9e de lecture estim\u00e9e\" \/>\n\t<meta name=\"twitter:data1\" content=\"1 minute\" \/>\n<script type=\"application\/ld+json\" class=\"yoast-schema-graph\">{\"@context\":\"https:\\\/\\\/schema.org\",\"@graph\":[{\"@type\":\"WebPage\",\"@id\":\"https:\\\/\\\/a1-envirosciences.com\\\/fr\\\/produits\\\/confinement\\\/unite-de-ventilation\\\/\",\"url\":\"https:\\\/\\\/a1-envirosciences.com\\\/fr\\\/produits\\\/confinement\\\/unite-de-ventilation\\\/\",\"name\":\"Unit\u00e9 de ventilation - a1 Envirosciences\",\"isPartOf\":{\"@id\":\"https:\\\/\\\/a1-envirosciences.com\\\/fr\\\/#website\"},\"primaryImageOfPage\":{\"@id\":\"https:\\\/\\\/a1-envirosciences.com\\\/fr\\\/produits\\\/confinement\\\/unite-de-ventilation\\\/#primaryimage\"},\"image\":{\"@id\":\"https:\\\/\\\/a1-envirosciences.com\\\/fr\\\/produits\\\/confinement\\\/unite-de-ventilation\\\/#primaryimage\"},\"thumbnailUrl\":\"https:\\\/\\\/a1-envirosciences.com\\\/wp-content\\\/uploads\\\/2022\\\/03\\\/Fan-Unit_Titelbild-scaled.jpg\",\"datePublished\":\"2022-03-01T09:44:06+00:00\",\"dateModified\":\"2025-11-04T16:44:35+00:00\",\"description\":\"Unit\u00e9 FAN avec filtre HEPA H14 et ventilateur - unit\u00e9 de filtration motoris\u00e9e et ind\u00e9pendante pour filtrer les particules de toutes tailles (y compris les nanoparticules).\",\"breadcrumb\":{\"@id\":\"https:\\\/\\\/a1-envirosciences.com\\\/fr\\\/produits\\\/confinement\\\/unite-de-ventilation\\\/#breadcrumb\"},\"inLanguage\":\"fr-FR\",\"potentialAction\":[{\"@type\":\"ReadAction\",\"target\":[\"https:\\\/\\\/a1-envirosciences.com\\\/fr\\\/produits\\\/confinement\\\/unite-de-ventilation\\\/\"]}]},{\"@type\":\"ImageObject\",\"inLanguage\":\"fr-FR\",\"@id\":\"https:\\\/\\\/a1-envirosciences.com\\\/fr\\\/produits\\\/confinement\\\/unite-de-ventilation\\\/#primaryimage\",\"url\":\"https:\\\/\\\/a1-envirosciences.com\\\/wp-content\\\/uploads\\\/2022\\\/03\\\/Fan-Unit_Titelbild-scaled.jpg\",\"contentUrl\":\"https:\\\/\\\/a1-envirosciences.com\\\/wp-content\\\/uploads\\\/2022\\\/03\\\/Fan-Unit_Titelbild-scaled.jpg\",\"width\":2560,\"height\":2560,\"caption\":\"Filtre HEPA\"},{\"@type\":\"BreadcrumbList\",\"@id\":\"https:\\\/\\\/a1-envirosciences.com\\\/fr\\\/produits\\\/confinement\\\/unite-de-ventilation\\\/#breadcrumb\",\"itemListElement\":[{\"@type\":\"ListItem\",\"position\":1,\"name\":\"Home\",\"item\":\"https:\\\/\\\/a1-envirosciences.com\\\/fr\\\/\"},{\"@type\":\"ListItem\",\"position\":2,\"name\":\"Produits\",\"item\":\"https:\\\/\\\/a1-envirosciences.com\\\/fr\\\/shop\\\/\"},{\"@type\":\"ListItem\",\"position\":3,\"name\":\"Unit\u00e9 de ventilation\"}]},{\"@type\":\"WebSite\",\"@id\":\"https:\\\/\\\/a1-envirosciences.com\\\/fr\\\/#website\",\"url\":\"https:\\\/\\\/a1-envirosciences.com\\\/fr\\\/\",\"name\":\"a1 Envirosciences\",\"description\":\"\",\"potentialAction\":[{\"@type\":\"SearchAction\",\"target\":{\"@type\":\"EntryPoint\",\"urlTemplate\":\"https:\\\/\\\/a1-envirosciences.com\\\/fr\\\/?s={search_term_string}\"},\"query-input\":{\"@type\":\"PropertyValueSpecification\",\"valueRequired\":true,\"valueName\":\"search_term_string\"}}],\"inLanguage\":\"fr-FR\"}]}<\/script>\n<!-- \/ Yoast SEO plugin. -->","yoast_head_json":{"title":"Unit\u00e9 de ventilation - a1 Envirosciences","description":"Unit\u00e9 FAN avec filtre HEPA H14 et ventilateur - unit\u00e9 de filtration motoris\u00e9e et ind\u00e9pendante pour filtrer les particules de toutes tailles (y compris les nanoparticules).","robots":{"index":"index","follow":"follow","max-snippet":"max-snippet:-1","max-image-preview":"max-image-preview:large","max-video-preview":"max-video-preview:-1"},"canonical":"https:\/\/a1-envirosciences.com\/fr\/produits\/confinement\/unite-de-ventilation\/","og_locale":"fr_FR","og_type":"article","og_title":"Unit\u00e9 de ventilation - a1 Envirosciences","og_description":"Unit\u00e9 FAN avec filtre HEPA H14 et ventilateur - unit\u00e9 de filtration motoris\u00e9e et ind\u00e9pendante pour filtrer les particules de toutes tailles (y compris les nanoparticules).","og_url":"https:\/\/a1-envirosciences.com\/fr\/produits\/confinement\/unite-de-ventilation\/","og_site_name":"a1 Envirosciences","article_modified_time":"2025-11-04T16:44:35+00:00","og_image":[{"width":2560,"height":2560,"url":"https:\/\/a1-envirosciences.com\/wp-content\/uploads\/2022\/03\/Fan-Unit_Titelbild-scaled.jpg","type":"image\/jpeg"}],"twitter_card":"summary_large_image","twitter_misc":{"Dur\u00e9e de lecture estim\u00e9e":"1 minute"},"schema":{"@context":"https:\/\/schema.org","@graph":[{"@type":"WebPage","@id":"https:\/\/a1-envirosciences.com\/fr\/produits\/confinement\/unite-de-ventilation\/","url":"https:\/\/a1-envirosciences.com\/fr\/produits\/confinement\/unite-de-ventilation\/","name":"Unit\u00e9 de ventilation - a1 Envirosciences","isPartOf":{"@id":"https:\/\/a1-envirosciences.com\/fr\/#website"},"primaryImageOfPage":{"@id":"https:\/\/a1-envirosciences.com\/fr\/produits\/confinement\/unite-de-ventilation\/#primaryimage"},"image":{"@id":"https:\/\/a1-envirosciences.com\/fr\/produits\/confinement\/unite-de-ventilation\/#primaryimage"},"thumbnailUrl":"https:\/\/a1-envirosciences.com\/wp-content\/uploads\/2022\/03\/Fan-Unit_Titelbild-scaled.jpg","datePublished":"2022-03-01T09:44:06+00:00","dateModified":"2025-11-04T16:44:35+00:00","description":"Unit\u00e9 FAN avec filtre HEPA H14 et ventilateur - unit\u00e9 de filtration motoris\u00e9e et ind\u00e9pendante pour filtrer les particules de toutes tailles (y compris les nanoparticules).","breadcrumb":{"@id":"https:\/\/a1-envirosciences.com\/fr\/produits\/confinement\/unite-de-ventilation\/#breadcrumb"},"inLanguage":"fr-FR","potentialAction":[{"@type":"ReadAction","target":["https:\/\/a1-envirosciences.com\/fr\/produits\/confinement\/unite-de-ventilation\/"]}]},{"@type":"ImageObject","inLanguage":"fr-FR","@id":"https:\/\/a1-envirosciences.com\/fr\/produits\/confinement\/unite-de-ventilation\/#primaryimage","url":"https:\/\/a1-envirosciences.com\/wp-content\/uploads\/2022\/03\/Fan-Unit_Titelbild-scaled.jpg","contentUrl":"https:\/\/a1-envirosciences.com\/wp-content\/uploads\/2022\/03\/Fan-Unit_Titelbild-scaled.jpg","width":2560,"height":2560,"caption":"Filtre HEPA"},{"@type":"BreadcrumbList","@id":"https:\/\/a1-envirosciences.com\/fr\/produits\/confinement\/unite-de-ventilation\/#breadcrumb","itemListElement":[{"@type":"ListItem","position":1,"name":"Home","item":"https:\/\/a1-envirosciences.com\/fr\/"},{"@type":"ListItem","position":2,"name":"Produits","item":"https:\/\/a1-envirosciences.com\/fr\/shop\/"},{"@type":"ListItem","position":3,"name":"Unit\u00e9 de ventilation"}]},{"@type":"WebSite","@id":"https:\/\/a1-envirosciences.com\/fr\/#website","url":"https:\/\/a1-envirosciences.com\/fr\/","name":"a1 Envirosciences","description":"","potentialAction":[{"@type":"SearchAction","target":{"@type":"EntryPoint","urlTemplate":"https:\/\/a1-envirosciences.com\/fr\/?s={search_term_string}"},"query-input":{"@type":"PropertyValueSpecification","valueRequired":true,"valueName":"search_term_string"}}],"inLanguage":"fr-FR"}]}},"_links":{"self":[{"href":"https:\/\/a1-envirosciences.com\/fr\/wp-json\/wp\/v2\/product\/11414","targetHints":{"allow":["GET"]}}],"collection":[{"href":"https:\/\/a1-envirosciences.com\/fr\/wp-json\/wp\/v2\/product"}],"about":[{"href":"https:\/\/a1-envirosciences.com\/fr\/wp-json\/wp\/v2\/types\/product"}],"wp:featuredmedia":[{"embeddable":true,"href":"https:\/\/a1-envirosciences.com\/fr\/wp-json\/wp\/v2\/media\/7435"}],"wp:attachment":[{"href":"https:\/\/a1-envirosciences.com\/fr\/wp-json\/wp\/v2\/media?parent=11414"}],"wp:term":[{"taxonomy":"product_brand","embeddable":true,"href":"https:\/\/a1-envirosciences.com\/fr\/wp-json\/wp\/v2\/product_brand?post=11414"},{"taxonomy":"product_cat","embeddable":true,"href":"https:\/\/a1-envirosciences.com\/fr\/wp-json\/wp\/v2\/product_cat?post=11414"},{"taxonomy":"product_tag","embeddable":true,"href":"https:\/\/a1-envirosciences.com\/fr\/wp-json\/wp\/v2\/product_tag?post=11414"}],"curies":[{"name":"wp","href":"https:\/\/api.w.org\/{rel}","templated":true}]}}