{"id":11418,"date":"2022-03-10T10:31:47","date_gmt":"2022-03-10T09:31:47","guid":{"rendered":"https:\/\/a1-envirosciences.com\/produkte\/non%20class\u00e9\/aquamicron\/"},"modified":"2025-11-04T17:50:55","modified_gmt":"2025-11-04T16:50:55","slug":"aquamicron","status":"publish","type":"product","link":"https:\/\/a1-envirosciences.com\/fr\/produits\/analyse\/aquamicron\/","title":{"rendered":"Aquamicron"},"content":{"rendered":"<h3><strong>Vos avantages<\/strong><\/h3>\n<p><strong>Convient<\/strong> : pour tous les appareils sur le march\u00e9<\/p>\n<p><strong>Conformit\u00e9<\/strong>: sont fournis avec un certificat d&rsquo;analyse<\/p>\n<p><strong>D\u00e9termination fiable de la teneur en eau<\/strong>: dans toutes les plages de mesure<\/p>\n<p>&nbsp;<\/p>\n<h3><strong>Protection des ressources<\/strong><\/h3>\n<p><strong>Durabilit\u00e9 : <\/strong>longue dur\u00e9e de conservation. Date de production et de conservation sur l&rsquo;\u00e9tiquette<\/p>\n<p><strong>Compatibilit\u00e9<\/strong>: avec tous les appareils de mesure Karl-Fischer<\/p>\n<p>&nbsp;<\/p>\n<h3><strong>Facilit\u00e9 d&rsquo;utilisation<\/strong><\/h3>\n<p><strong>Analyser imm\u00e9diatement : <\/strong>gr\u00e2ce aux emballages pr\u00eates \u00e0 l&#8217;emploi<\/p>\n<p><strong>Normes :<\/strong> disponibles en solide et en liquide<\/p>\n<p><strong>Large choix <\/strong>de mat\u00e9riaux de r\u00e9f\u00e9rence<\/p>\n<p><strong>Des mesures pr\u00e9cises<\/strong> avec une grande stabilit\u00e9 du point final<\/p>\n<p>&nbsp;<\/p>\n<h3><strong>Nos services pour vous<\/strong><\/h3>\n<p><strong>Formation compl\u00e8te :<\/strong> nous prenons en charge la formation de vos op\u00e9rateurs<\/p>\n<p><strong>M\u00eame apr\u00e8s l&rsquo;achat, nous sommes l\u00e0 pour vous aider :<\/strong> de nombreuses questions surgissent lorsque vous travaillez. Nous sommes \u00e0 votre disposition pour r\u00e9pondre \u00e0 toutes vos questions sur l&rsquo;appareil et vos mesures.<\/p>\n<p><strong>Unique :<\/strong> un seul fournisseur pour les instruments de mesure et les r\u00e9actifs<\/p>\n<p>&nbsp;<\/p>\n","protected":false},"excerpt":{"rendered":"<h5><strong><span style=\"color: #003671;\">R\u00e9actifs, \u00e9talons et mat\u00e9riaux de r\u00e9f\u00e9rence Karl Fischer<\/span><\/strong><\/h5>\n<p><span style=\"color: #003671;\">\u2713 R\u00e9actifs et \u00e9talons pour tous les appareils de mesure Karl Fischer<\/span><\/p>\n<p><span style=\"color: #003671;\">\u2713 Convient \u00e9galement aux appareils d&rsquo;autres fabricants<\/span><\/p>\n<p><span style=\"color: #003671;\">\u2713 D\u00e9termination fiable de la teneur en eau dans toutes les plages de mesure<\/span><\/p>\n<p><span style=\"color: #003671;\">\u2713 Emballages pr\u00eates \u00e0 l&#8217;emploi<\/span><\/p>\n","protected":false},"featured_media":7516,"template":"","meta":{"_acf_changed":false},"product_brand":[],"product_cat":[988],"product_tag":[],"class_list":{"0":"post-11418","1":"product","2":"type-product","3":"status-publish","4":"has-post-thumbnail","6":"product_cat-analyse","7":"pa_1-unterkategorie-instruments-de-mesure-de-lhumidite-et-de-la-stabilite-a-loxydation","8":"pa_2-unterkategorie-humidimetres","9":"pa_einsatzgebiete-agriculture-alimentation","10":"pa_einsatzgebiete-chimie","11":"pa_einsatzgebiete-energie-fr","12":"pa_einsatzgebiete-industrie-lourde-matieres-premieres","13":"pa_einsatzgebiete-petrochimie-petrole-gaz","14":"pa_einsatzgebiete-pharma-fr","15":"pa_element-parameter-teneur-en-eau-humidite-residuelle","16":"pa_hersteller-nittoseiko-analytech-fr","17":"pa_produktgruppe-karl-fischer-et-le-titrage","18":"pa_sprachversion-fr-fr","19":"pa_standardmethoden-astm-d1159-fr","20":"pa_standardmethoden-astm-d1364-fr","21":"pa_standardmethoden-astm-d1533-fr","22":"pa_standardmethoden-astm-d2710-fr","23":"pa_standardmethoden-astm-d3401-fr","24":"pa_standardmethoden-astm-d4017-fr","25":"pa_standardmethoden-astm-d4377-fr","26":"pa_standardmethoden-astm-d5460-fr","27":"pa_standardmethoden-astm-d5530-fr","28":"pa_standardmethoden-astm-d6304-fr","29":"pa_standardmethoden-astm-d6869-fr","30":"pa_standardmethoden-astm-d7375-fr","31":"pa_standardmethoden-astm-d890-fr","32":"pa_standardmethoden-astm-e1064-fr","33":"pa_standardmethoden-astm-e203-fr","34":"pa_standardmethoden-iec-60814-fr","35":"pa_standardmethoden-iso-10101-fr","36":"pa_standardmethoden-iso-10336-fr","37":"pa_standardmethoden-iso-10337-fr","38":"pa_standardmethoden-iso-10362-fr","39":"pa_standardmethoden-iso-11021-fr","40":"pa_standardmethoden-iso-12779-fr","41":"pa_standardmethoden-iso-12937-fr","42":"pa_standardmethoden-iso-14897-fr","43":"pa_standardmethoden-iso-15512-fr","44":"pa_standardmethoden-iso-20764-fr","45":"pa_standardmethoden-iso-20938-fr","46":"pa_standardmethoden-iso-3699-fr","47":"pa_standardmethoden-iso-3839-fr","48":"pa_standardmethoden-iso-4317-fr","49":"pa_standardmethoden-iso-5381-fr","50":"pa_standardmethoden-iso-5536-fr","51":"pa_standardmethoden-iso-6296-fr","52":"pa_standardmethoden-iso-6488-fr","53":"pa_standardmethoden-iso-7105-fr","54":"pa_standardmethoden-iso-7335-fr","55":"pa_standardmethoden-iso-760-fr","56":"pa_standardmethoden-iso-8534-fr","57":"pa_verfahren-und-methoden-karl-fischer-titration-fr","59":"first","60":"instock","61":"shipping-taxable","62":"product-type-simple"},"acf":[],"yoast_head":"<!-- This site is optimized with the Yoast SEO plugin v27.3 - https:\/\/yoast.com\/product\/yoast-seo-wordpress\/ -->\n<title>Aquamicron - a1 Envirosciences<\/title>\n<meta name=\"description\" content=\"Pour la d\u00e9termination de l&#039;humidit\u00e9 selon Karl Fischer, a1-envirosciences propose la gamme appropri\u00e9e de r\u00e9actifs et d&#039;\u00e9talons AQUAMICRON pour tous les analyseurs KF.\" \/>\n<meta name=\"robots\" content=\"index, follow, max-snippet:-1, max-image-preview:large, max-video-preview:-1\" \/>\n<link rel=\"canonical\" href=\"https:\/\/a1-envirosciences.com\/fr\/produits\/analyse\/aquamicron\/\" \/>\n<meta property=\"og:locale\" content=\"fr_FR\" \/>\n<meta property=\"og:type\" content=\"article\" \/>\n<meta property=\"og:title\" content=\"Aquamicron - a1 Envirosciences\" \/>\n<meta property=\"og:description\" content=\"Pour la d\u00e9termination de l&#039;humidit\u00e9 selon Karl Fischer, a1-envirosciences propose la gamme appropri\u00e9e de r\u00e9actifs et d&#039;\u00e9talons AQUAMICRON pour tous les analyseurs KF.\" \/>\n<meta property=\"og:url\" content=\"https:\/\/a1-envirosciences.com\/fr\/produits\/analyse\/aquamicron\/\" \/>\n<meta property=\"og:site_name\" content=\"a1 Envirosciences\" \/>\n<meta property=\"article:modified_time\" content=\"2025-11-04T16:50:55+00:00\" \/>\n<meta property=\"og:image\" content=\"https:\/\/a1-envirosciences.com\/wp-content\/uploads\/2022\/03\/Aquamicron_Titelbild-scaled.jpg\" \/>\n\t<meta property=\"og:image:width\" content=\"2560\" \/>\n\t<meta property=\"og:image:height\" content=\"2560\" \/>\n\t<meta property=\"og:image:type\" content=\"image\/jpeg\" \/>\n<meta name=\"twitter:card\" content=\"summary_large_image\" \/>\n<meta name=\"twitter:label1\" content=\"Dur\u00e9e de lecture estim\u00e9e\" \/>\n\t<meta name=\"twitter:data1\" content=\"2 minutes\" \/>\n<script type=\"application\/ld+json\" class=\"yoast-schema-graph\">{\"@context\":\"https:\\\/\\\/schema.org\",\"@graph\":[{\"@type\":\"WebPage\",\"@id\":\"https:\\\/\\\/a1-envirosciences.com\\\/fr\\\/produits\\\/analyse\\\/aquamicron\\\/\",\"url\":\"https:\\\/\\\/a1-envirosciences.com\\\/fr\\\/produits\\\/analyse\\\/aquamicron\\\/\",\"name\":\"Aquamicron - a1 Envirosciences\",\"isPartOf\":{\"@id\":\"https:\\\/\\\/a1-envirosciences.com\\\/fr\\\/#website\"},\"primaryImageOfPage\":{\"@id\":\"https:\\\/\\\/a1-envirosciences.com\\\/fr\\\/produits\\\/analyse\\\/aquamicron\\\/#primaryimage\"},\"image\":{\"@id\":\"https:\\\/\\\/a1-envirosciences.com\\\/fr\\\/produits\\\/analyse\\\/aquamicron\\\/#primaryimage\"},\"thumbnailUrl\":\"https:\\\/\\\/a1-envirosciences.com\\\/wp-content\\\/uploads\\\/2022\\\/03\\\/Aquamicron_Titelbild-scaled.jpg\",\"datePublished\":\"2022-03-10T09:31:47+00:00\",\"dateModified\":\"2025-11-04T16:50:55+00:00\",\"description\":\"Pour la d\u00e9termination de l'humidit\u00e9 selon Karl Fischer, a1-envirosciences propose la gamme appropri\u00e9e de r\u00e9actifs et d'\u00e9talons AQUAMICRON pour tous les analyseurs KF.\",\"breadcrumb\":{\"@id\":\"https:\\\/\\\/a1-envirosciences.com\\\/fr\\\/produits\\\/analyse\\\/aquamicron\\\/#breadcrumb\"},\"inLanguage\":\"fr-FR\",\"potentialAction\":[{\"@type\":\"ReadAction\",\"target\":[\"https:\\\/\\\/a1-envirosciences.com\\\/fr\\\/produits\\\/analyse\\\/aquamicron\\\/\"]}]},{\"@type\":\"ImageObject\",\"inLanguage\":\"fr-FR\",\"@id\":\"https:\\\/\\\/a1-envirosciences.com\\\/fr\\\/produits\\\/analyse\\\/aquamicron\\\/#primaryimage\",\"url\":\"https:\\\/\\\/a1-envirosciences.com\\\/wp-content\\\/uploads\\\/2022\\\/03\\\/Aquamicron_Titelbild-scaled.jpg\",\"contentUrl\":\"https:\\\/\\\/a1-envirosciences.com\\\/wp-content\\\/uploads\\\/2022\\\/03\\\/Aquamicron_Titelbild-scaled.jpg\",\"width\":2560,\"height\":2560,\"caption\":\"AQUAMICRON\"},{\"@type\":\"BreadcrumbList\",\"@id\":\"https:\\\/\\\/a1-envirosciences.com\\\/fr\\\/produits\\\/analyse\\\/aquamicron\\\/#breadcrumb\",\"itemListElement\":[{\"@type\":\"ListItem\",\"position\":1,\"name\":\"Home\",\"item\":\"https:\\\/\\\/a1-envirosciences.com\\\/fr\\\/\"},{\"@type\":\"ListItem\",\"position\":2,\"name\":\"Produits\",\"item\":\"https:\\\/\\\/a1-envirosciences.com\\\/fr\\\/shop\\\/\"},{\"@type\":\"ListItem\",\"position\":3,\"name\":\"Aquamicron\"}]},{\"@type\":\"WebSite\",\"@id\":\"https:\\\/\\\/a1-envirosciences.com\\\/fr\\\/#website\",\"url\":\"https:\\\/\\\/a1-envirosciences.com\\\/fr\\\/\",\"name\":\"a1 Envirosciences\",\"description\":\"\",\"potentialAction\":[{\"@type\":\"SearchAction\",\"target\":{\"@type\":\"EntryPoint\",\"urlTemplate\":\"https:\\\/\\\/a1-envirosciences.com\\\/fr\\\/?s={search_term_string}\"},\"query-input\":{\"@type\":\"PropertyValueSpecification\",\"valueRequired\":true,\"valueName\":\"search_term_string\"}}],\"inLanguage\":\"fr-FR\"}]}<\/script>\n<!-- \/ Yoast SEO plugin. -->","yoast_head_json":{"title":"Aquamicron - a1 Envirosciences","description":"Pour la d\u00e9termination de l'humidit\u00e9 selon Karl Fischer, a1-envirosciences propose la gamme appropri\u00e9e de r\u00e9actifs et d'\u00e9talons AQUAMICRON pour tous les analyseurs KF.","robots":{"index":"index","follow":"follow","max-snippet":"max-snippet:-1","max-image-preview":"max-image-preview:large","max-video-preview":"max-video-preview:-1"},"canonical":"https:\/\/a1-envirosciences.com\/fr\/produits\/analyse\/aquamicron\/","og_locale":"fr_FR","og_type":"article","og_title":"Aquamicron - a1 Envirosciences","og_description":"Pour la d\u00e9termination de l'humidit\u00e9 selon Karl Fischer, a1-envirosciences propose la gamme appropri\u00e9e de r\u00e9actifs et d'\u00e9talons AQUAMICRON pour tous les analyseurs KF.","og_url":"https:\/\/a1-envirosciences.com\/fr\/produits\/analyse\/aquamicron\/","og_site_name":"a1 Envirosciences","article_modified_time":"2025-11-04T16:50:55+00:00","og_image":[{"width":2560,"height":2560,"url":"https:\/\/a1-envirosciences.com\/wp-content\/uploads\/2022\/03\/Aquamicron_Titelbild-scaled.jpg","type":"image\/jpeg"}],"twitter_card":"summary_large_image","twitter_misc":{"Dur\u00e9e de lecture estim\u00e9e":"2 minutes"},"schema":{"@context":"https:\/\/schema.org","@graph":[{"@type":"WebPage","@id":"https:\/\/a1-envirosciences.com\/fr\/produits\/analyse\/aquamicron\/","url":"https:\/\/a1-envirosciences.com\/fr\/produits\/analyse\/aquamicron\/","name":"Aquamicron - a1 Envirosciences","isPartOf":{"@id":"https:\/\/a1-envirosciences.com\/fr\/#website"},"primaryImageOfPage":{"@id":"https:\/\/a1-envirosciences.com\/fr\/produits\/analyse\/aquamicron\/#primaryimage"},"image":{"@id":"https:\/\/a1-envirosciences.com\/fr\/produits\/analyse\/aquamicron\/#primaryimage"},"thumbnailUrl":"https:\/\/a1-envirosciences.com\/wp-content\/uploads\/2022\/03\/Aquamicron_Titelbild-scaled.jpg","datePublished":"2022-03-10T09:31:47+00:00","dateModified":"2025-11-04T16:50:55+00:00","description":"Pour la d\u00e9termination de l'humidit\u00e9 selon Karl Fischer, a1-envirosciences propose la gamme appropri\u00e9e de r\u00e9actifs et d'\u00e9talons AQUAMICRON pour tous les analyseurs KF.","breadcrumb":{"@id":"https:\/\/a1-envirosciences.com\/fr\/produits\/analyse\/aquamicron\/#breadcrumb"},"inLanguage":"fr-FR","potentialAction":[{"@type":"ReadAction","target":["https:\/\/a1-envirosciences.com\/fr\/produits\/analyse\/aquamicron\/"]}]},{"@type":"ImageObject","inLanguage":"fr-FR","@id":"https:\/\/a1-envirosciences.com\/fr\/produits\/analyse\/aquamicron\/#primaryimage","url":"https:\/\/a1-envirosciences.com\/wp-content\/uploads\/2022\/03\/Aquamicron_Titelbild-scaled.jpg","contentUrl":"https:\/\/a1-envirosciences.com\/wp-content\/uploads\/2022\/03\/Aquamicron_Titelbild-scaled.jpg","width":2560,"height":2560,"caption":"AQUAMICRON"},{"@type":"BreadcrumbList","@id":"https:\/\/a1-envirosciences.com\/fr\/produits\/analyse\/aquamicron\/#breadcrumb","itemListElement":[{"@type":"ListItem","position":1,"name":"Home","item":"https:\/\/a1-envirosciences.com\/fr\/"},{"@type":"ListItem","position":2,"name":"Produits","item":"https:\/\/a1-envirosciences.com\/fr\/shop\/"},{"@type":"ListItem","position":3,"name":"Aquamicron"}]},{"@type":"WebSite","@id":"https:\/\/a1-envirosciences.com\/fr\/#website","url":"https:\/\/a1-envirosciences.com\/fr\/","name":"a1 Envirosciences","description":"","potentialAction":[{"@type":"SearchAction","target":{"@type":"EntryPoint","urlTemplate":"https:\/\/a1-envirosciences.com\/fr\/?s={search_term_string}"},"query-input":{"@type":"PropertyValueSpecification","valueRequired":true,"valueName":"search_term_string"}}],"inLanguage":"fr-FR"}]}},"_links":{"self":[{"href":"https:\/\/a1-envirosciences.com\/fr\/wp-json\/wp\/v2\/product\/11418","targetHints":{"allow":["GET"]}}],"collection":[{"href":"https:\/\/a1-envirosciences.com\/fr\/wp-json\/wp\/v2\/product"}],"about":[{"href":"https:\/\/a1-envirosciences.com\/fr\/wp-json\/wp\/v2\/types\/product"}],"wp:featuredmedia":[{"embeddable":true,"href":"https:\/\/a1-envirosciences.com\/fr\/wp-json\/wp\/v2\/media\/7516"}],"wp:attachment":[{"href":"https:\/\/a1-envirosciences.com\/fr\/wp-json\/wp\/v2\/media?parent=11418"}],"wp:term":[{"taxonomy":"product_brand","embeddable":true,"href":"https:\/\/a1-envirosciences.com\/fr\/wp-json\/wp\/v2\/product_brand?post=11418"},{"taxonomy":"product_cat","embeddable":true,"href":"https:\/\/a1-envirosciences.com\/fr\/wp-json\/wp\/v2\/product_cat?post=11418"},{"taxonomy":"product_tag","embeddable":true,"href":"https:\/\/a1-envirosciences.com\/fr\/wp-json\/wp\/v2\/product_tag?post=11418"}],"curies":[{"name":"wp","href":"https:\/\/api.w.org\/{rel}","templated":true}]}}