{"id":11419,"date":"2022-03-01T13:04:29","date_gmt":"2022-03-01T12:04:29","guid":{"rendered":"https:\/\/a1-envirosciences.com\/produkte\/non%20class\u00e9\/wa-5\/"},"modified":"2025-11-04T17:50:33","modified_gmt":"2025-11-04T16:50:33","slug":"wa-5","status":"publish","type":"product","link":"https:\/\/a1-envirosciences.com\/fr\/produits\/analyse\/wa-5\/","title":{"rendered":"WA-5"},"content":{"rendered":"<h3><strong>Vos avantages<\/strong><\/h3>\n<p><strong>Grande flexibilit\u00e9 <\/strong>: gr\u00e2ce \u00e0 divers \u00e9chantillonneurs automatiques et modules d&rsquo;alimentation<\/p>\n<p><strong>D\u00e9tecteur AAS ou AFS <\/strong>: selon votre demande<\/p>\n<p><strong>Large plage de mesure <\/strong>: 0,1pg \u00e0 1,000 ng Hg absolu<\/p>\n<p>&nbsp;<\/p>\n<h3><strong>Protection des ressources<\/strong><\/h3>\n<p><strong>Co\u00fbts d&rsquo;exploitation r\u00e9duits <\/strong>: pas de gaz vecteur n\u00e9cessaire &amp; tube d&rsquo;adsorption de mercure r\u00e9utilisable<\/p>\n<p><strong>Pas de gaz vecteur n\u00e9cessaire pour la m\u00e9thode AAS :<\/strong> r\u00e9duit les co\u00fbts d&rsquo;exploitation et facilite la mesure des matrices gazeuses en laboratoire ou sur le terrain<\/p>\n<p><strong>Une technologie patent\u00e9e depuis plus de 40 ans : <\/strong>pour les tubes de sable dor\u00e9 r\u00e9utilisables<\/p>\n<p>&nbsp;<\/p>\n<h3><strong>Facilit\u00e9 d&rsquo;utilisation<\/strong><\/h3>\n<p><strong>Compact et l\u00e9ger <\/strong>: avec seulement 13 kg et un faible encombrement, parfait pour une utilisation mobile<\/p>\n<p><strong>Chargement direct <\/strong>: de gaz et de GPL ou mesure de tubes d&rsquo;absorption<\/p>\n<p><strong>Double amalgame sur or :<\/strong> pour l&rsquo;analyse du mercure \u00e0 l&rsquo;ultra-trace<\/p>\n<p><strong>Passeur automatique<\/strong> : avec 30 emplacements<\/p>\n<p><strong>Grande flexibilit\u00e9 : <\/strong>possibilit\u00e9 de connecter diff\u00e9rents passeurs d&rsquo;\u00e9chantillons en amont<\/p>\n<p><strong>Logiciel convivial <\/strong>: pour une utilisation, un reporting et un stockage de donn\u00e9es simples<\/p>\n<p>&nbsp;<\/p>\n<h3><strong>Nos services pour vous<\/strong><\/h3>\n<p><strong>Expertise <\/strong>: l&rsquo;analyse du mercure est notre comp\u00e9tence principale depuis des d\u00e9cennies. Quel que soit votre d\u00e9fi analytique, nous vous aidons \u00e0 le relever.<\/p>\n<p><strong>Formation compl\u00e8te :<\/strong> nous prenons en charge la formation de vos op\u00e9rateurs<\/p>\n<p><strong>M\u00eame apr\u00e8s l&rsquo;achat, nous sommes l\u00e0 pour vous aider :<\/strong> de nombreuses questions surgissent lorsque vous travaillez. Nous sommes \u00e0 votre disposition pour r\u00e9pondre \u00e0 toutes vos questions sur l&rsquo;appareil et vos mesures.<\/p>\n","protected":false},"excerpt":{"rendered":"<h5><strong><span style=\"color: #003671;\">Analyse du mercure pour les gaz\/gaz naturels et l&rsquo;air ambiant et les GPL\/GNP<\/span><\/strong><\/h5>\n<p><span style=\"color: #003671;\">\u2713 Appareil mobile<\/span><\/p>\n<p><span style=\"color: #003671;\">\u2713 Pour les \u00e9chantillons gazeux<\/span><\/p>\n<p><span style=\"color: #003671;\">\u2713 A<\/span><span style=\"color: #003671;\">AS ou AFS<\/span><\/p>\n<p><span style=\"color: #003671;\">\u2713 F<\/span><span style=\"color: #003671;\">aibles co\u00fbts d&rsquo;exploitation<\/span><\/p>\n<p><span style=\"color: #003671;\">\u2713 <\/span><span style=\"color: #003671;\">Possibilit\u00e9 de mesure en ultra-trace<\/span><\/p>\n","protected":false},"featured_media":8089,"template":"","meta":{"_acf_changed":false},"product_brand":[],"product_cat":[988],"product_tag":[],"class_list":{"0":"post-11419","1":"product","2":"type-product","3":"status-publish","4":"has-post-thumbnail","6":"product_cat-analyse","7":"pa_1-unterkategorie-analyseurs-elementaires","8":"pa_2-unterkategorie-analyseurs-de-mercure","9":"pa_applikationen-gaz-conditions-de-travail-air-dans-lenvironnement-de-travail","10":"pa_applikationen-gaz-environnement-air-ambiant","11":"pa_applikationen-gaz-exploration-de-matieres-premieres-gaz-souterrain","12":"pa_applikationen-gaz-industrie-processus-de-fabrication-de-semi-conducteurs","13":"pa_applikationen-gaz-ressources-petrolieres-gaz-liquefie","14":"pa_applikationen-gaz-ressources-petrolieres-gaz-naturel","15":"pa_einsatzgebiete-chimie","16":"pa_einsatzgebiete-energie-fr","17":"pa_einsatzgebiete-environnement","18":"pa_einsatzgebiete-petrochimie-petrole-gaz","19":"pa_element-parameter-mercure","20":"pa_hersteller-nippon-instrument-cooperation-fr","21":"pa_probentyp-gazeux","22":"pa_probentyp-gpl-gnl","23":"pa_produktgruppe-analyse-du-mercure","24":"pa_sprachversion-fr-fr","25":"pa_standardmethoden-astm-d5954-fr","26":"pa_standardmethoden-astm-d6350-fr","27":"pa_standardmethoden-iso-20552-fr","28":"pa_standardmethoden-iso-6978-fr","29":"pa_standardmethoden-jlpga-s-07-fr","30":"pa_standardmethoden-uop-1033-19-fr","31":"pa_standardmethoden-usepa-io-5-fr","32":"pa_verfahren-und-methoden-saa-a-vapeur-froide","33":"pa_verfahren-und-methoden-spectroscopie-de-fluorescence-atomique","35":"first","36":"instock","37":"shipping-taxable","38":"product-type-simple"},"acf":[],"yoast_head":"<!-- This site is optimized with the Yoast SEO plugin v27.3 - https:\/\/yoast.com\/product\/yoast-seo-wordpress\/ -->\n<title>WA-5 - a1 Envirosciences<\/title>\n<meta name=\"description\" content=\"Analyse du mercure pour les gaz et les GPL. Avec le WA-5, d\u00e9terminez le mercure dans les gaz et les GPL de mani\u00e8re rentable et compacte avec une sensibilit\u00e9 maximale.\" \/>\n<meta name=\"robots\" content=\"index, follow, max-snippet:-1, max-image-preview:large, max-video-preview:-1\" \/>\n<link rel=\"canonical\" href=\"https:\/\/a1-envirosciences.com\/fr\/produits\/analyse\/wa-5\/\" \/>\n<meta property=\"og:locale\" content=\"fr_FR\" \/>\n<meta property=\"og:type\" content=\"article\" \/>\n<meta property=\"og:title\" content=\"WA-5 - a1 Envirosciences\" \/>\n<meta property=\"og:description\" content=\"Analyse du mercure pour les gaz et les GPL. Avec le WA-5, d\u00e9terminez le mercure dans les gaz et les GPL de mani\u00e8re rentable et compacte avec une sensibilit\u00e9 maximale.\" \/>\n<meta property=\"og:url\" content=\"https:\/\/a1-envirosciences.com\/fr\/produits\/analyse\/wa-5\/\" \/>\n<meta property=\"og:site_name\" content=\"a1 Envirosciences\" \/>\n<meta property=\"article:modified_time\" content=\"2025-11-04T16:50:33+00:00\" \/>\n<meta property=\"og:image\" content=\"https:\/\/a1-envirosciences.com\/wp-content\/uploads\/2022\/03\/WA-5_Titelbild-scaled.jpg\" \/>\n\t<meta property=\"og:image:width\" content=\"2560\" \/>\n\t<meta property=\"og:image:height\" content=\"2560\" \/>\n\t<meta property=\"og:image:type\" content=\"image\/jpeg\" \/>\n<meta name=\"twitter:card\" content=\"summary_large_image\" \/>\n<meta name=\"twitter:label1\" content=\"Dur\u00e9e de lecture estim\u00e9e\" \/>\n\t<meta name=\"twitter:data1\" content=\"2 minutes\" \/>\n<script type=\"application\/ld+json\" class=\"yoast-schema-graph\">{\"@context\":\"https:\\\/\\\/schema.org\",\"@graph\":[{\"@type\":\"WebPage\",\"@id\":\"https:\\\/\\\/a1-envirosciences.com\\\/fr\\\/produits\\\/analyse\\\/wa-5\\\/\",\"url\":\"https:\\\/\\\/a1-envirosciences.com\\\/fr\\\/produits\\\/analyse\\\/wa-5\\\/\",\"name\":\"WA-5 - a1 Envirosciences\",\"isPartOf\":{\"@id\":\"https:\\\/\\\/a1-envirosciences.com\\\/fr\\\/#website\"},\"primaryImageOfPage\":{\"@id\":\"https:\\\/\\\/a1-envirosciences.com\\\/fr\\\/produits\\\/analyse\\\/wa-5\\\/#primaryimage\"},\"image\":{\"@id\":\"https:\\\/\\\/a1-envirosciences.com\\\/fr\\\/produits\\\/analyse\\\/wa-5\\\/#primaryimage\"},\"thumbnailUrl\":\"https:\\\/\\\/a1-envirosciences.com\\\/wp-content\\\/uploads\\\/2022\\\/03\\\/WA-5_Titelbild-scaled.jpg\",\"datePublished\":\"2022-03-01T12:04:29+00:00\",\"dateModified\":\"2025-11-04T16:50:33+00:00\",\"description\":\"Analyse du mercure pour les gaz et les GPL. Avec le WA-5, d\u00e9terminez le mercure dans les gaz et les GPL de mani\u00e8re rentable et compacte avec une sensibilit\u00e9 maximale.\",\"breadcrumb\":{\"@id\":\"https:\\\/\\\/a1-envirosciences.com\\\/fr\\\/produits\\\/analyse\\\/wa-5\\\/#breadcrumb\"},\"inLanguage\":\"fr-FR\",\"potentialAction\":[{\"@type\":\"ReadAction\",\"target\":[\"https:\\\/\\\/a1-envirosciences.com\\\/fr\\\/produits\\\/analyse\\\/wa-5\\\/\"]}]},{\"@type\":\"ImageObject\",\"inLanguage\":\"fr-FR\",\"@id\":\"https:\\\/\\\/a1-envirosciences.com\\\/fr\\\/produits\\\/analyse\\\/wa-5\\\/#primaryimage\",\"url\":\"https:\\\/\\\/a1-envirosciences.com\\\/wp-content\\\/uploads\\\/2022\\\/03\\\/WA-5_Titelbild-scaled.jpg\",\"contentUrl\":\"https:\\\/\\\/a1-envirosciences.com\\\/wp-content\\\/uploads\\\/2022\\\/03\\\/WA-5_Titelbild-scaled.jpg\",\"width\":2560,\"height\":2560,\"caption\":\"WA-5\"},{\"@type\":\"BreadcrumbList\",\"@id\":\"https:\\\/\\\/a1-envirosciences.com\\\/fr\\\/produits\\\/analyse\\\/wa-5\\\/#breadcrumb\",\"itemListElement\":[{\"@type\":\"ListItem\",\"position\":1,\"name\":\"Home\",\"item\":\"https:\\\/\\\/a1-envirosciences.com\\\/fr\\\/\"},{\"@type\":\"ListItem\",\"position\":2,\"name\":\"Produits\",\"item\":\"https:\\\/\\\/a1-envirosciences.com\\\/fr\\\/shop\\\/\"},{\"@type\":\"ListItem\",\"position\":3,\"name\":\"WA-5\"}]},{\"@type\":\"WebSite\",\"@id\":\"https:\\\/\\\/a1-envirosciences.com\\\/fr\\\/#website\",\"url\":\"https:\\\/\\\/a1-envirosciences.com\\\/fr\\\/\",\"name\":\"a1 Envirosciences\",\"description\":\"\",\"potentialAction\":[{\"@type\":\"SearchAction\",\"target\":{\"@type\":\"EntryPoint\",\"urlTemplate\":\"https:\\\/\\\/a1-envirosciences.com\\\/fr\\\/?s={search_term_string}\"},\"query-input\":{\"@type\":\"PropertyValueSpecification\",\"valueRequired\":true,\"valueName\":\"search_term_string\"}}],\"inLanguage\":\"fr-FR\"}]}<\/script>\n<!-- \/ Yoast SEO plugin. -->","yoast_head_json":{"title":"WA-5 - a1 Envirosciences","description":"Analyse du mercure pour les gaz et les GPL. Avec le WA-5, d\u00e9terminez le mercure dans les gaz et les GPL de mani\u00e8re rentable et compacte avec une sensibilit\u00e9 maximale.","robots":{"index":"index","follow":"follow","max-snippet":"max-snippet:-1","max-image-preview":"max-image-preview:large","max-video-preview":"max-video-preview:-1"},"canonical":"https:\/\/a1-envirosciences.com\/fr\/produits\/analyse\/wa-5\/","og_locale":"fr_FR","og_type":"article","og_title":"WA-5 - a1 Envirosciences","og_description":"Analyse du mercure pour les gaz et les GPL. Avec le WA-5, d\u00e9terminez le mercure dans les gaz et les GPL de mani\u00e8re rentable et compacte avec une sensibilit\u00e9 maximale.","og_url":"https:\/\/a1-envirosciences.com\/fr\/produits\/analyse\/wa-5\/","og_site_name":"a1 Envirosciences","article_modified_time":"2025-11-04T16:50:33+00:00","og_image":[{"width":2560,"height":2560,"url":"https:\/\/a1-envirosciences.com\/wp-content\/uploads\/2022\/03\/WA-5_Titelbild-scaled.jpg","type":"image\/jpeg"}],"twitter_card":"summary_large_image","twitter_misc":{"Dur\u00e9e de lecture estim\u00e9e":"2 minutes"},"schema":{"@context":"https:\/\/schema.org","@graph":[{"@type":"WebPage","@id":"https:\/\/a1-envirosciences.com\/fr\/produits\/analyse\/wa-5\/","url":"https:\/\/a1-envirosciences.com\/fr\/produits\/analyse\/wa-5\/","name":"WA-5 - a1 Envirosciences","isPartOf":{"@id":"https:\/\/a1-envirosciences.com\/fr\/#website"},"primaryImageOfPage":{"@id":"https:\/\/a1-envirosciences.com\/fr\/produits\/analyse\/wa-5\/#primaryimage"},"image":{"@id":"https:\/\/a1-envirosciences.com\/fr\/produits\/analyse\/wa-5\/#primaryimage"},"thumbnailUrl":"https:\/\/a1-envirosciences.com\/wp-content\/uploads\/2022\/03\/WA-5_Titelbild-scaled.jpg","datePublished":"2022-03-01T12:04:29+00:00","dateModified":"2025-11-04T16:50:33+00:00","description":"Analyse du mercure pour les gaz et les GPL. Avec le WA-5, d\u00e9terminez le mercure dans les gaz et les GPL de mani\u00e8re rentable et compacte avec une sensibilit\u00e9 maximale.","breadcrumb":{"@id":"https:\/\/a1-envirosciences.com\/fr\/produits\/analyse\/wa-5\/#breadcrumb"},"inLanguage":"fr-FR","potentialAction":[{"@type":"ReadAction","target":["https:\/\/a1-envirosciences.com\/fr\/produits\/analyse\/wa-5\/"]}]},{"@type":"ImageObject","inLanguage":"fr-FR","@id":"https:\/\/a1-envirosciences.com\/fr\/produits\/analyse\/wa-5\/#primaryimage","url":"https:\/\/a1-envirosciences.com\/wp-content\/uploads\/2022\/03\/WA-5_Titelbild-scaled.jpg","contentUrl":"https:\/\/a1-envirosciences.com\/wp-content\/uploads\/2022\/03\/WA-5_Titelbild-scaled.jpg","width":2560,"height":2560,"caption":"WA-5"},{"@type":"BreadcrumbList","@id":"https:\/\/a1-envirosciences.com\/fr\/produits\/analyse\/wa-5\/#breadcrumb","itemListElement":[{"@type":"ListItem","position":1,"name":"Home","item":"https:\/\/a1-envirosciences.com\/fr\/"},{"@type":"ListItem","position":2,"name":"Produits","item":"https:\/\/a1-envirosciences.com\/fr\/shop\/"},{"@type":"ListItem","position":3,"name":"WA-5"}]},{"@type":"WebSite","@id":"https:\/\/a1-envirosciences.com\/fr\/#website","url":"https:\/\/a1-envirosciences.com\/fr\/","name":"a1 Envirosciences","description":"","potentialAction":[{"@type":"SearchAction","target":{"@type":"EntryPoint","urlTemplate":"https:\/\/a1-envirosciences.com\/fr\/?s={search_term_string}"},"query-input":{"@type":"PropertyValueSpecification","valueRequired":true,"valueName":"search_term_string"}}],"inLanguage":"fr-FR"}]}},"_links":{"self":[{"href":"https:\/\/a1-envirosciences.com\/fr\/wp-json\/wp\/v2\/product\/11419","targetHints":{"allow":["GET"]}}],"collection":[{"href":"https:\/\/a1-envirosciences.com\/fr\/wp-json\/wp\/v2\/product"}],"about":[{"href":"https:\/\/a1-envirosciences.com\/fr\/wp-json\/wp\/v2\/types\/product"}],"wp:featuredmedia":[{"embeddable":true,"href":"https:\/\/a1-envirosciences.com\/fr\/wp-json\/wp\/v2\/media\/8089"}],"wp:attachment":[{"href":"https:\/\/a1-envirosciences.com\/fr\/wp-json\/wp\/v2\/media?parent=11419"}],"wp:term":[{"taxonomy":"product_brand","embeddable":true,"href":"https:\/\/a1-envirosciences.com\/fr\/wp-json\/wp\/v2\/product_brand?post=11419"},{"taxonomy":"product_cat","embeddable":true,"href":"https:\/\/a1-envirosciences.com\/fr\/wp-json\/wp\/v2\/product_cat?post=11419"},{"taxonomy":"product_tag","embeddable":true,"href":"https:\/\/a1-envirosciences.com\/fr\/wp-json\/wp\/v2\/product_tag?post=11419"}],"curies":[{"name":"wp","href":"https:\/\/api.w.org\/{rel}","templated":true}]}}