{"id":11423,"date":"2022-03-10T11:47:57","date_gmt":"2022-03-10T10:47:57","guid":{"rendered":"https:\/\/a1-envirosciences.com\/produkte\/non%20class\u00e9\/colonnes-de-charbon-actif\/"},"modified":"2025-11-04T17:51:18","modified_gmt":"2025-11-04T16:51:18","slug":"colonnes-de-charbon-actif","status":"publish","type":"product","link":"https:\/\/a1-envirosciences.com\/fr\/produits\/analyse\/colonnes-de-charbon-actif\/","title":{"rendered":"Colonnes de charbon actif"},"content":{"rendered":"<h3><strong>Vos avantages<\/strong><\/h3>\n<p><strong>100 colonnes par paquet<\/strong>: conditionnement pratique<\/p>\n<p><strong>Polyvalent<\/strong>: pour l&rsquo;analyse des AOX, la d\u00e9termination des AOF par combustion-IC (et la d\u00e9composition des AOX en AOCl, AOBr et AOI)<\/p>\n<p><strong>Distribution granulom\u00e9trique \u00e9troite<\/strong>: qualit\u00e9 uniforme du charbon actif<\/p>\n<p>&nbsp;<\/p>\n<h3><strong>Protection des ressources<\/strong><\/h3>\n<p><strong>Emballage \u00e9tanche aux gaz<\/strong>: protection contre les polluants ext\u00e9rieures<\/p>\n<p><strong>Conservation<\/strong>: 12 mois Dur\u00e9e de conservation<\/p>\n<p><strong>Gain de temps et d&rsquo;argent<\/strong>: utilisation efficace, stockage et \u00e9limination facile dans la poubelle du verre \u00e0 recycler<\/p>\n<p>&nbsp;<\/p>\n<h3><strong>Facilit\u00e9 d&rsquo;utilisation<\/strong><\/h3>\n<p><strong>Sans effort<\/strong>: manipulation et application faciles<\/p>\n<p><strong>Manipulation s\u00fbre<\/strong>: grande s\u00e9curit\u00e9 d&rsquo;utilisation<\/p>\n<p>&nbsp;<\/p>\n<h3><strong>Nos services pour vous<\/strong><\/h3>\n<p><strong>Contr\u00f4le de la qualit\u00e9<\/strong>: Emballages avec num\u00e9ro de lot, date et contr\u00f4le individuel du blanc<\/p>\n<p><strong>Surveillance permanente<\/strong>: pour une qualit\u00e9 constante<\/p>\n<p><strong>Certifi\u00e9 faible taux de blanc<\/strong>: Haute pr\u00e9cision et fiabilit\u00e9<\/p>\n","protected":false},"excerpt":{"rendered":"<h5><strong><span style=\"color: #003671;\">Colonnes AOX et AOF pr\u00e9-tar\u00e9es<\/span><\/strong><\/h5>\n<p><span style=\"color: #003671;\">\u2713 Emball\u00e9s en paquets de 10<\/span><\/p>\n<p><span style=\"color: #003671;\">\u2713 Faibles valeurs de blanc certifi\u00e9es<\/span><\/p>\n<p><span style=\"color: #003671;\">\u2713 Pour l&rsquo;analyse des AOX et AOF<\/span><\/p>\n<p><span style=\"color: #003671;\">\u2713 \u00c9limination facile (verre usag\u00e9)<\/span><\/p>\n<p><span style=\"color: #003671;\">\u2713 Longue dur\u00e9e de vie<\/span><\/p>\n","protected":false},"featured_media":7195,"template":"","meta":{"_acf_changed":false},"product_brand":[],"product_cat":[988],"product_tag":[],"class_list":{"0":"post-11423","1":"product","2":"type-product","3":"status-publish","4":"has-post-thumbnail","6":"product_cat-analyse","7":"pa_1-unterkategorie-preparation-des-echantillons","8":"pa_2-unterkategorie-enrichissements","9":"pa_applikationen-liquide-eau-eau-de-mer-fr","10":"pa_applikationen-liquide-eau-eau-de-mer","11":"pa_applikationen-liquide-eau-eau-de-pluie","12":"pa_applikationen-liquide-eau-eau-de-riviere","13":"pa_applikationen-liquide-eau-eau-souterraine","14":"pa_applikationen-liquide-eau-eaux-usees","15":"pa_einsatzgebiete-environnement","16":"pa_element-parameter-aof-aocl-aobr-aoi-fr","17":"pa_element-parameter-aox-eox-pox-fr","18":"pa_hersteller-a1-fr","19":"pa_hersteller-nittoseiko-analytech-fr","20":"pa_produktgruppe-parametres-totaux","21":"pa_sprachversion-fr-fr","22":"pa_standardmethoden-astm-d4744-fr","23":"pa_standardmethoden-din-38409-22-fr","24":"pa_standardmethoden-din-38409-59-fr","25":"pa_standardmethoden-din-38409-h14-fr","26":"pa_standardmethoden-din-38414-18-fr","27":"pa_standardmethoden-din-en-1485-fr","28":"pa_standardmethoden-en-iso-9562-fr","29":"pa_standardmethoden-epa-1650b-fr","30":"pa_standardmethoden-epa-9020b-fr","31":"pa_standardmethoden-epa-9021-fr","32":"pa_standardmethoden-gb-t-15959-fr","33":"pa_standardmethoden-iso-11480-fr","34":"pa_verfahren-und-methoden-enrichissement-des-echantillons","35":"pa_verfahren-und-methoden-methode-des-colonnes","36":"pa_verfahren-und-methoden-methode-spe","38":"first","39":"instock","40":"shipping-taxable","41":"product-type-simple"},"acf":[],"yoast_head":"<!-- This site is optimized with the Yoast SEO plugin v27.3 - https:\/\/yoast.com\/product\/yoast-seo-wordpress\/ -->\n<title>Colonnes de charbon actif - a1 Envirosciences<\/title>\n<meta name=\"description\" content=\"AOXPack \/ PremiumPack sont des colonnes de charbon actif pr\u00e9-emball\u00e9es pour l&#039;analyse AOX, AOF, AOCl, AOBr, AOI selon la m\u00e9thode sur colonne. Facile \u00e0 utiliser. Rentable et \u00e9conomique. S\u00fbr.\" \/>\n<meta name=\"robots\" content=\"index, follow, max-snippet:-1, max-image-preview:large, max-video-preview:-1\" \/>\n<link rel=\"canonical\" href=\"https:\/\/a1-envirosciences.com\/fr\/produits\/analyse\/colonnes-de-charbon-actif\/\" \/>\n<meta property=\"og:locale\" content=\"fr_FR\" \/>\n<meta property=\"og:type\" content=\"article\" \/>\n<meta property=\"og:title\" content=\"Colonnes de charbon actif - a1 Envirosciences\" \/>\n<meta property=\"og:description\" content=\"AOXPack \/ PremiumPack sont des colonnes de charbon actif pr\u00e9-emball\u00e9es pour l&#039;analyse AOX, AOF, AOCl, AOBr, AOI selon la m\u00e9thode sur colonne. Facile \u00e0 utiliser. Rentable et \u00e9conomique. S\u00fbr.\" \/>\n<meta property=\"og:url\" content=\"https:\/\/a1-envirosciences.com\/fr\/produits\/analyse\/colonnes-de-charbon-actif\/\" \/>\n<meta property=\"og:site_name\" content=\"a1 Envirosciences\" \/>\n<meta property=\"article:modified_time\" content=\"2025-11-04T16:51:18+00:00\" \/>\n<meta property=\"og:image\" content=\"https:\/\/a1-envirosciences.com\/wp-content\/uploads\/2022\/03\/AOX-Aktivkohle_Titelbild-scaled.jpg\" \/>\n\t<meta property=\"og:image:width\" content=\"2560\" \/>\n\t<meta property=\"og:image:height\" content=\"2560\" \/>\n\t<meta property=\"og:image:type\" content=\"image\/jpeg\" \/>\n<meta name=\"twitter:card\" content=\"summary_large_image\" \/>\n<meta name=\"twitter:label1\" content=\"Dur\u00e9e de lecture estim\u00e9e\" \/>\n\t<meta name=\"twitter:data1\" content=\"1 minute\" \/>\n<script type=\"application\/ld+json\" class=\"yoast-schema-graph\">{\"@context\":\"https:\\\/\\\/schema.org\",\"@graph\":[{\"@type\":\"WebPage\",\"@id\":\"https:\\\/\\\/a1-envirosciences.com\\\/fr\\\/produits\\\/analyse\\\/colonnes-de-charbon-actif\\\/\",\"url\":\"https:\\\/\\\/a1-envirosciences.com\\\/fr\\\/produits\\\/analyse\\\/colonnes-de-charbon-actif\\\/\",\"name\":\"Colonnes de charbon actif - a1 Envirosciences\",\"isPartOf\":{\"@id\":\"https:\\\/\\\/a1-envirosciences.com\\\/fr\\\/#website\"},\"primaryImageOfPage\":{\"@id\":\"https:\\\/\\\/a1-envirosciences.com\\\/fr\\\/produits\\\/analyse\\\/colonnes-de-charbon-actif\\\/#primaryimage\"},\"image\":{\"@id\":\"https:\\\/\\\/a1-envirosciences.com\\\/fr\\\/produits\\\/analyse\\\/colonnes-de-charbon-actif\\\/#primaryimage\"},\"thumbnailUrl\":\"https:\\\/\\\/a1-envirosciences.com\\\/wp-content\\\/uploads\\\/2022\\\/03\\\/AOX-Aktivkohle_Titelbild-scaled.jpg\",\"datePublished\":\"2022-03-10T10:47:57+00:00\",\"dateModified\":\"2025-11-04T16:51:18+00:00\",\"description\":\"AOXPack \\\/ PremiumPack sont des colonnes de charbon actif pr\u00e9-emball\u00e9es pour l'analyse AOX, AOF, AOCl, AOBr, AOI selon la m\u00e9thode sur colonne. Facile \u00e0 utiliser. Rentable et \u00e9conomique. S\u00fbr.\",\"breadcrumb\":{\"@id\":\"https:\\\/\\\/a1-envirosciences.com\\\/fr\\\/produits\\\/analyse\\\/colonnes-de-charbon-actif\\\/#breadcrumb\"},\"inLanguage\":\"fr-FR\",\"potentialAction\":[{\"@type\":\"ReadAction\",\"target\":[\"https:\\\/\\\/a1-envirosciences.com\\\/fr\\\/produits\\\/analyse\\\/colonnes-de-charbon-actif\\\/\"]}]},{\"@type\":\"ImageObject\",\"inLanguage\":\"fr-FR\",\"@id\":\"https:\\\/\\\/a1-envirosciences.com\\\/fr\\\/produits\\\/analyse\\\/colonnes-de-charbon-actif\\\/#primaryimage\",\"url\":\"https:\\\/\\\/a1-envirosciences.com\\\/wp-content\\\/uploads\\\/2022\\\/03\\\/AOX-Aktivkohle_Titelbild-scaled.jpg\",\"contentUrl\":\"https:\\\/\\\/a1-envirosciences.com\\\/wp-content\\\/uploads\\\/2022\\\/03\\\/AOX-Aktivkohle_Titelbild-scaled.jpg\",\"width\":2560,\"height\":2560,\"caption\":\"Colonnes de charbon actif\"},{\"@type\":\"BreadcrumbList\",\"@id\":\"https:\\\/\\\/a1-envirosciences.com\\\/fr\\\/produits\\\/analyse\\\/colonnes-de-charbon-actif\\\/#breadcrumb\",\"itemListElement\":[{\"@type\":\"ListItem\",\"position\":1,\"name\":\"Home\",\"item\":\"https:\\\/\\\/a1-envirosciences.com\\\/fr\\\/\"},{\"@type\":\"ListItem\",\"position\":2,\"name\":\"Produits\",\"item\":\"https:\\\/\\\/a1-envirosciences.com\\\/fr\\\/shop\\\/\"},{\"@type\":\"ListItem\",\"position\":3,\"name\":\"Colonnes de charbon actif\"}]},{\"@type\":\"WebSite\",\"@id\":\"https:\\\/\\\/a1-envirosciences.com\\\/fr\\\/#website\",\"url\":\"https:\\\/\\\/a1-envirosciences.com\\\/fr\\\/\",\"name\":\"a1 Envirosciences\",\"description\":\"\",\"potentialAction\":[{\"@type\":\"SearchAction\",\"target\":{\"@type\":\"EntryPoint\",\"urlTemplate\":\"https:\\\/\\\/a1-envirosciences.com\\\/fr\\\/?s={search_term_string}\"},\"query-input\":{\"@type\":\"PropertyValueSpecification\",\"valueRequired\":true,\"valueName\":\"search_term_string\"}}],\"inLanguage\":\"fr-FR\"}]}<\/script>\n<!-- \/ Yoast SEO plugin. -->","yoast_head_json":{"title":"Colonnes de charbon actif - a1 Envirosciences","description":"AOXPack \/ PremiumPack sont des colonnes de charbon actif pr\u00e9-emball\u00e9es pour l'analyse AOX, AOF, AOCl, AOBr, AOI selon la m\u00e9thode sur colonne. Facile \u00e0 utiliser. Rentable et \u00e9conomique. S\u00fbr.","robots":{"index":"index","follow":"follow","max-snippet":"max-snippet:-1","max-image-preview":"max-image-preview:large","max-video-preview":"max-video-preview:-1"},"canonical":"https:\/\/a1-envirosciences.com\/fr\/produits\/analyse\/colonnes-de-charbon-actif\/","og_locale":"fr_FR","og_type":"article","og_title":"Colonnes de charbon actif - a1 Envirosciences","og_description":"AOXPack \/ PremiumPack sont des colonnes de charbon actif pr\u00e9-emball\u00e9es pour l'analyse AOX, AOF, AOCl, AOBr, AOI selon la m\u00e9thode sur colonne. Facile \u00e0 utiliser. Rentable et \u00e9conomique. S\u00fbr.","og_url":"https:\/\/a1-envirosciences.com\/fr\/produits\/analyse\/colonnes-de-charbon-actif\/","og_site_name":"a1 Envirosciences","article_modified_time":"2025-11-04T16:51:18+00:00","og_image":[{"width":2560,"height":2560,"url":"https:\/\/a1-envirosciences.com\/wp-content\/uploads\/2022\/03\/AOX-Aktivkohle_Titelbild-scaled.jpg","type":"image\/jpeg"}],"twitter_card":"summary_large_image","twitter_misc":{"Dur\u00e9e de lecture estim\u00e9e":"1 minute"},"schema":{"@context":"https:\/\/schema.org","@graph":[{"@type":"WebPage","@id":"https:\/\/a1-envirosciences.com\/fr\/produits\/analyse\/colonnes-de-charbon-actif\/","url":"https:\/\/a1-envirosciences.com\/fr\/produits\/analyse\/colonnes-de-charbon-actif\/","name":"Colonnes de charbon actif - a1 Envirosciences","isPartOf":{"@id":"https:\/\/a1-envirosciences.com\/fr\/#website"},"primaryImageOfPage":{"@id":"https:\/\/a1-envirosciences.com\/fr\/produits\/analyse\/colonnes-de-charbon-actif\/#primaryimage"},"image":{"@id":"https:\/\/a1-envirosciences.com\/fr\/produits\/analyse\/colonnes-de-charbon-actif\/#primaryimage"},"thumbnailUrl":"https:\/\/a1-envirosciences.com\/wp-content\/uploads\/2022\/03\/AOX-Aktivkohle_Titelbild-scaled.jpg","datePublished":"2022-03-10T10:47:57+00:00","dateModified":"2025-11-04T16:51:18+00:00","description":"AOXPack \/ PremiumPack sont des colonnes de charbon actif pr\u00e9-emball\u00e9es pour l'analyse AOX, AOF, AOCl, AOBr, AOI selon la m\u00e9thode sur colonne. Facile \u00e0 utiliser. Rentable et \u00e9conomique. S\u00fbr.","breadcrumb":{"@id":"https:\/\/a1-envirosciences.com\/fr\/produits\/analyse\/colonnes-de-charbon-actif\/#breadcrumb"},"inLanguage":"fr-FR","potentialAction":[{"@type":"ReadAction","target":["https:\/\/a1-envirosciences.com\/fr\/produits\/analyse\/colonnes-de-charbon-actif\/"]}]},{"@type":"ImageObject","inLanguage":"fr-FR","@id":"https:\/\/a1-envirosciences.com\/fr\/produits\/analyse\/colonnes-de-charbon-actif\/#primaryimage","url":"https:\/\/a1-envirosciences.com\/wp-content\/uploads\/2022\/03\/AOX-Aktivkohle_Titelbild-scaled.jpg","contentUrl":"https:\/\/a1-envirosciences.com\/wp-content\/uploads\/2022\/03\/AOX-Aktivkohle_Titelbild-scaled.jpg","width":2560,"height":2560,"caption":"Colonnes de charbon actif"},{"@type":"BreadcrumbList","@id":"https:\/\/a1-envirosciences.com\/fr\/produits\/analyse\/colonnes-de-charbon-actif\/#breadcrumb","itemListElement":[{"@type":"ListItem","position":1,"name":"Home","item":"https:\/\/a1-envirosciences.com\/fr\/"},{"@type":"ListItem","position":2,"name":"Produits","item":"https:\/\/a1-envirosciences.com\/fr\/shop\/"},{"@type":"ListItem","position":3,"name":"Colonnes de charbon actif"}]},{"@type":"WebSite","@id":"https:\/\/a1-envirosciences.com\/fr\/#website","url":"https:\/\/a1-envirosciences.com\/fr\/","name":"a1 Envirosciences","description":"","potentialAction":[{"@type":"SearchAction","target":{"@type":"EntryPoint","urlTemplate":"https:\/\/a1-envirosciences.com\/fr\/?s={search_term_string}"},"query-input":{"@type":"PropertyValueSpecification","valueRequired":true,"valueName":"search_term_string"}}],"inLanguage":"fr-FR"}]}},"_links":{"self":[{"href":"https:\/\/a1-envirosciences.com\/fr\/wp-json\/wp\/v2\/product\/11423","targetHints":{"allow":["GET"]}}],"collection":[{"href":"https:\/\/a1-envirosciences.com\/fr\/wp-json\/wp\/v2\/product"}],"about":[{"href":"https:\/\/a1-envirosciences.com\/fr\/wp-json\/wp\/v2\/types\/product"}],"wp:featuredmedia":[{"embeddable":true,"href":"https:\/\/a1-envirosciences.com\/fr\/wp-json\/wp\/v2\/media\/7195"}],"wp:attachment":[{"href":"https:\/\/a1-envirosciences.com\/fr\/wp-json\/wp\/v2\/media?parent=11423"}],"wp:term":[{"taxonomy":"product_brand","embeddable":true,"href":"https:\/\/a1-envirosciences.com\/fr\/wp-json\/wp\/v2\/product_brand?post=11423"},{"taxonomy":"product_cat","embeddable":true,"href":"https:\/\/a1-envirosciences.com\/fr\/wp-json\/wp\/v2\/product_cat?post=11423"},{"taxonomy":"product_tag","embeddable":true,"href":"https:\/\/a1-envirosciences.com\/fr\/wp-json\/wp\/v2\/product_tag?post=11423"}],"curies":[{"name":"wp","href":"https:\/\/api.w.org\/{rel}","templated":true}]}}