{"id":11553,"date":"2022-01-10T11:00:56","date_gmt":"2022-01-10T10:00:56","guid":{"rendered":"https:\/\/a1-envirosciences.com\/produkte\/non%20class\u00e9\/couverture-de-linstrument\/"},"modified":"2025-11-04T17:42:57","modified_gmt":"2025-11-04T16:42:57","slug":"ie","status":"publish","type":"product","link":"https:\/\/a1-envirosciences.com\/fr\/produits\/confinement\/ie\/","title":{"rendered":"IE - Instrument Enclosure"},"content":{"rendered":"<h3><strong>S\u00e9curit\u00e9<\/strong><\/h3>\n<p><strong>Protection in\u00e9gal\u00e9e<\/strong>: S\u00e9curit\u00e9 optimale pour l\u2019utilisateur et les personnes pr\u00e9sentes dans le laboratoire vis-\u00e0-vis des substances hautement actives tout au long du processus de pesage ou d\u2019exp\u00e9rimentations, ainsi que lors de l\u2019utilisation d\u2019\u00e9quipements \u00e9mettant des vapeurs nocives. Le port d\u2019un masque de protection n\u2019est alors plus n\u00e9cessaire.<\/p>\n<p>Niveau\u00a0<strong>de s\u00e9curit\u00e9 le plus \u00e9lev\u00e9<\/strong>: OEL &lt; 20ng\/m\u00b3, 50x inf\u00e9rieur \u00e0 celui requis pour les substances dangereuses G4 et OEB-5.<\/p>\n<p><strong>Alarme sonore et visuelle<\/strong>: vous pr\u00e9vient imm\u00e9diatement si la s\u00e9curit\u00e9 est compromise<\/p>\n<h3><strong>Syst\u00e8me de filtration<\/strong><\/h3>\n<p><strong>Les ensembles de filtration<\/strong>: La filtration peut rejeter l\u2019air dans la pi\u00e8ce ou \u00eatre raccord\u00e9e \u00e0 l\u2019extraction du b\u00e2timent.<\/p>\n<p><strong>Filtration sans vibration<\/strong>: caisson de filtration s\u00e9par\u00e9 pour \u00e9viter toute vibration.<\/p>\n<p><strong>Syst\u00e8me de filtre \u00e0 particules HEPA H14 brevet\u00e9<\/strong>: avec un changement de filtre 100% s\u00e9curis\u00e9<\/p>\n<h3><strong>Caract\u00e9ristiques du produit<\/strong><\/h3>\n<p><strong>Grand volume<\/strong>: la hotte IE est plus grande que le poste de pes\u00e9e s\u00e9curis\u00e9 ST1, ce qui offre l\u2019avantage, en plus de la pes\u00e9e, de pouvoir installer des \u00e9quipements volumineux \u00e0 l\u2019int\u00e9rieur.<\/p>\n<p><strong>Construits pour durer: <\/strong>Nos hottes s\u00e9curis\u00e9es sont construites avec des mat\u00e9riaux de la plus haute qualit\u00e9 pour une utilisation sur le long terme.<\/p>\n<p><strong>Nettoyage et entretien faciles :<\/strong>\u00a0gr\u00e2ce \u00e0 une construction robuste<\/p>\n<h3><strong>Nos services pour vous<\/strong><\/h3>\n<p><strong>Qualification IQ\/OQ :<\/strong>\u00a0la qualification de l\u2019installation (IQ) et la qualification fonctionnelle (OQ \u00ab\u00a0Operational Qualification\u00a0\u00bb) sont r\u00e9alis\u00e9es sur votre site par notre \u00e9quipe d\u2019experts.<\/p>\n<p><strong>Support en option<\/strong>: installation possible sur les paillasses existantes, ou fourniture optionnelle de support adapt\u00e9s.<\/p>\n<p><strong>Formation compl\u00e8te :<\/strong>\u00a0Int\u00e9gration et formation de vos collaborateurs assur\u00e9es par nos soins<\/p>\n<p><strong>Installation polyvalente<\/strong>: Fonctionnement autonome avec recirculation d\u2019air filtr\u00e9 ou raccordement \u00e0 l\u2019extraction externe du b\u00e2timent.<\/p>\n<p><strong>Nous assurons un suivi rapproch\u00e9 apr\u00e8s achat:<\/strong>\u00a0beaucoup de questions surviennent \u00e0 l\u2019usage. Nous sommes toujours disponibles pour y r\u00e9pondre<\/p>\n","protected":false},"excerpt":{"rendered":"<h5><strong><span style=\"color: #003671;\">Protection de l&rsquo;utilisateur et confinement des appareils<\/span><\/strong><\/h5>\n<p><span style=\"color: #003671;\">\u2713 Protection de l\u2019utilisateur et confinement des instruments dans une m\u00eame solution<\/span><\/p>\n<p><span style=\"color: #003671;\">\u2713 hotte de laboratoire de grand volume pour les appareils analytiques<\/span><\/p>\n<p><span style=\"color: #003671;\">\u2713 Parfaitement adapt\u00e9 pour la pes\u00e9e<\/span><\/p>\n<p><span style=\"color: #003671;\">\u2713 jusqu\u2019\u00e0 100% de protection du personnel<\/span><\/p>\n","protected":false},"featured_media":7456,"template":"","meta":{"_acf_changed":false},"product_brand":[],"product_cat":[737],"product_tag":[],"class_list":{"0":"post-11553","1":"product","2":"type-product","3":"status-publish","4":"has-post-thumbnail","6":"product_cat-confinement","7":"pa_1-unterkategorie-boite-a-outils","8":"pa_1-unterkategorie-protection-lors-de-la-pesee","9":"pa_anwenderschutz-ja-fr","10":"pa_applikationen-dangereux","11":"pa_applikationen-manutention","12":"pa_applikationen-peser","13":"pa_bakterizide-uv-c-lampe-x","14":"pa_einsatzgebiete-agriculture-alimentation","15":"pa_einsatzgebiete-biens-de-consommation","16":"pa_einsatzgebiete-chimie","17":"pa_einsatzgebiete-energie-fr","18":"pa_einsatzgebiete-energie-renouvelable","19":"pa_einsatzgebiete-environnement","20":"pa_einsatzgebiete-petrochimie-petrole-gaz","21":"pa_einsatzgebiete-pharma-fr","22":"pa_einsatzgebiete-technologie-des-batteries","23":"pa_element-parameter-mercure","24":"pa_element-parameter-teneur-en-eau-humidite-residuelle","25":"pa_filter-filtre-hepa-h14","26":"pa_geraeteeinhausung-ja-fr","27":"pa_handling-grosser-gebinde-ja-fr","28":"pa_handling-von-dna-proben-x","29":"pa_handling-von-loesungsmitteln-en-option","30":"pa_hersteller-a1-fr","31":"pa_hoehe-863-fr","32":"pa_hoehenverstellbar-en-option","33":"pa_inerte-atmosphaere-x-fr","34":"pa_integrierte-handschuhe-x-fr","35":"pa_klimasteuerung-x-fr","36":"pa_laenge-1200-fr","37":"pa_massanfertigung-moeglich-x-fr","38":"pa_maximierte-sicherheit-ja-fr","39":"pa_menge-petites-quantites-100-g","40":"pa_menge-vrac-100-g","41":"pa_mit-unterbau-en-option","42":"pa_mobiles-labor-x","43":"pa_normen-en14175-ashrae110-15211-fr","44":"pa_oel-20ng-m-fr","45":"pa_partikel-gaz","46":"pa_partikel-liquide","47":"pa_partikel-nanoparticules","48":"pa_partikel-poudre","49":"pa_pat-cav-sash-fronts-x-fr","50":"pa_probentyp-fixe","51":"pa_probentyp-liquide","52":"pa_produktgruppe-cabines-de-pesee-de-securite","53":"pa_produktgruppe-instrument-enclosure-cabines-de-table-lev","54":"pa_produktgruppe-serie-bulkpowder","55":"pa_sprachversion-fr-fr","56":"pa_standardmethoden-en-14175-fr","57":"pa_standardmethoden-en-14175-partie-3","58":"pa_standardmethoden-nfx-15211-fr","59":"pa_tiefe-797-fr","60":"pa_weitere-groesse-vorhanden-ja-fr","61":"pa_wiegen-ja-fr","63":"first","64":"instock","65":"shipping-taxable","66":"product-type-simple"},"acf":[],"yoast_head":"<!-- This site is optimized with the Yoast SEO plugin v27.1.1 - https:\/\/yoast.com\/product\/yoast-seo-wordpress\/ -->\n<title>IE - Instrument Enclosure - a1 Envirosciences<\/title>\n<meta name=\"description\" content=\"La s\u00e9rie IE (Instrument Enclosure) a \u00e9t\u00e9 sp\u00e9cialement con\u00e7ue pour les applications intensives en espace afin de prot\u00e9ger l&#039;utilisateur contre l&#039;exposition aux substances dangereuses.\" \/>\n<meta name=\"robots\" content=\"index, follow, max-snippet:-1, max-image-preview:large, max-video-preview:-1\" \/>\n<link rel=\"canonical\" href=\"https:\/\/a1-envirosciences.com\/fr\/produits\/confinement\/ie\/\" \/>\n<meta property=\"og:locale\" content=\"fr_FR\" \/>\n<meta property=\"og:type\" content=\"article\" \/>\n<meta property=\"og:title\" content=\"IE - Instrument Enclosure - a1 Envirosciences\" \/>\n<meta property=\"og:description\" content=\"La s\u00e9rie IE (Instrument Enclosure) a \u00e9t\u00e9 sp\u00e9cialement con\u00e7ue pour les applications intensives en espace afin de prot\u00e9ger l&#039;utilisateur contre l&#039;exposition aux substances dangereuses.\" \/>\n<meta property=\"og:url\" content=\"https:\/\/a1-envirosciences.com\/fr\/produits\/confinement\/ie\/\" \/>\n<meta property=\"og:site_name\" content=\"a1 Envirosciences\" \/>\n<meta property=\"article:modified_time\" content=\"2025-11-04T16:42:57+00:00\" \/>\n<meta property=\"og:image\" content=\"https:\/\/a1-envirosciences.com\/wp-content\/uploads\/2022\/03\/IE_Titelbild-scaled.jpg\" \/>\n\t<meta property=\"og:image:width\" content=\"2560\" \/>\n\t<meta property=\"og:image:height\" content=\"2560\" \/>\n\t<meta property=\"og:image:type\" content=\"image\/jpeg\" \/>\n<meta name=\"twitter:card\" content=\"summary_large_image\" \/>\n<meta name=\"twitter:label1\" content=\"Dur\u00e9e de lecture estim\u00e9e\" \/>\n\t<meta name=\"twitter:data1\" content=\"2 minutes\" \/>\n<script type=\"application\/ld+json\" class=\"yoast-schema-graph\">{\"@context\":\"https:\/\/schema.org\",\"@graph\":[{\"@type\":\"WebPage\",\"@id\":\"https:\/\/a1-envirosciences.com\/fr\/produits\/confinement\/ie\/\",\"url\":\"https:\/\/a1-envirosciences.com\/fr\/produits\/confinement\/ie\/\",\"name\":\"IE - Instrument Enclosure - a1 Envirosciences\",\"isPartOf\":{\"@id\":\"https:\/\/a1-envirosciences.com\/fr\/#website\"},\"primaryImageOfPage\":{\"@id\":\"https:\/\/a1-envirosciences.com\/fr\/produits\/confinement\/ie\/#primaryimage\"},\"image\":{\"@id\":\"https:\/\/a1-envirosciences.com\/fr\/produits\/confinement\/ie\/#primaryimage\"},\"thumbnailUrl\":\"https:\/\/a1-envirosciences.com\/wp-content\/uploads\/2022\/03\/IE_Titelbild-scaled.jpg\",\"datePublished\":\"2022-01-10T10:00:56+00:00\",\"dateModified\":\"2025-11-04T16:42:57+00:00\",\"description\":\"La s\u00e9rie IE (Instrument Enclosure) a \u00e9t\u00e9 sp\u00e9cialement con\u00e7ue pour les applications intensives en espace afin de prot\u00e9ger l'utilisateur contre l'exposition aux substances dangereuses.\",\"breadcrumb\":{\"@id\":\"https:\/\/a1-envirosciences.com\/fr\/produits\/confinement\/ie\/#breadcrumb\"},\"inLanguage\":\"fr-FR\",\"potentialAction\":[{\"@type\":\"ReadAction\",\"target\":[\"https:\/\/a1-envirosciences.com\/fr\/produits\/confinement\/ie\/\"]}]},{\"@type\":\"ImageObject\",\"inLanguage\":\"fr-FR\",\"@id\":\"https:\/\/a1-envirosciences.com\/fr\/produits\/confinement\/ie\/#primaryimage\",\"url\":\"https:\/\/a1-envirosciences.com\/wp-content\/uploads\/2022\/03\/IE_Titelbild-scaled.jpg\",\"contentUrl\":\"https:\/\/a1-envirosciences.com\/wp-content\/uploads\/2022\/03\/IE_Titelbild-scaled.jpg\",\"width\":2560,\"height\":2560,\"caption\":\"Couverture de l'instrument\"},{\"@type\":\"BreadcrumbList\",\"@id\":\"https:\/\/a1-envirosciences.com\/fr\/produits\/confinement\/ie\/#breadcrumb\",\"itemListElement\":[{\"@type\":\"ListItem\",\"position\":1,\"name\":\"Home\",\"item\":\"https:\/\/a1-envirosciences.com\/fr\/\"},{\"@type\":\"ListItem\",\"position\":2,\"name\":\"Produits\",\"item\":\"https:\/\/a1-envirosciences.com\/fr\/shop\/\"},{\"@type\":\"ListItem\",\"position\":3,\"name\":\"IE - Instrument Enclosure\"}]},{\"@type\":\"WebSite\",\"@id\":\"https:\/\/a1-envirosciences.com\/fr\/#website\",\"url\":\"https:\/\/a1-envirosciences.com\/fr\/\",\"name\":\"a1 Envirosciences\",\"description\":\"\",\"potentialAction\":[{\"@type\":\"SearchAction\",\"target\":{\"@type\":\"EntryPoint\",\"urlTemplate\":\"https:\/\/a1-envirosciences.com\/fr\/?s={search_term_string}\"},\"query-input\":{\"@type\":\"PropertyValueSpecification\",\"valueRequired\":true,\"valueName\":\"search_term_string\"}}],\"inLanguage\":\"fr-FR\"}]}<\/script>\n<!-- \/ Yoast SEO plugin. -->","yoast_head_json":{"title":"IE - Instrument Enclosure - a1 Envirosciences","description":"La s\u00e9rie IE (Instrument Enclosure) a \u00e9t\u00e9 sp\u00e9cialement con\u00e7ue pour les applications intensives en espace afin de prot\u00e9ger l'utilisateur contre l'exposition aux substances dangereuses.","robots":{"index":"index","follow":"follow","max-snippet":"max-snippet:-1","max-image-preview":"max-image-preview:large","max-video-preview":"max-video-preview:-1"},"canonical":"https:\/\/a1-envirosciences.com\/fr\/produits\/confinement\/ie\/","og_locale":"fr_FR","og_type":"article","og_title":"IE - Instrument Enclosure - a1 Envirosciences","og_description":"La s\u00e9rie IE (Instrument Enclosure) a \u00e9t\u00e9 sp\u00e9cialement con\u00e7ue pour les applications intensives en espace afin de prot\u00e9ger l'utilisateur contre l'exposition aux substances dangereuses.","og_url":"https:\/\/a1-envirosciences.com\/fr\/produits\/confinement\/ie\/","og_site_name":"a1 Envirosciences","article_modified_time":"2025-11-04T16:42:57+00:00","og_image":[{"width":2560,"height":2560,"url":"https:\/\/a1-envirosciences.com\/wp-content\/uploads\/2022\/03\/IE_Titelbild-scaled.jpg","type":"image\/jpeg"}],"twitter_card":"summary_large_image","twitter_misc":{"Dur\u00e9e de lecture estim\u00e9e":"2 minutes"},"schema":{"@context":"https:\/\/schema.org","@graph":[{"@type":"WebPage","@id":"https:\/\/a1-envirosciences.com\/fr\/produits\/confinement\/ie\/","url":"https:\/\/a1-envirosciences.com\/fr\/produits\/confinement\/ie\/","name":"IE - Instrument Enclosure - a1 Envirosciences","isPartOf":{"@id":"https:\/\/a1-envirosciences.com\/fr\/#website"},"primaryImageOfPage":{"@id":"https:\/\/a1-envirosciences.com\/fr\/produits\/confinement\/ie\/#primaryimage"},"image":{"@id":"https:\/\/a1-envirosciences.com\/fr\/produits\/confinement\/ie\/#primaryimage"},"thumbnailUrl":"https:\/\/a1-envirosciences.com\/wp-content\/uploads\/2022\/03\/IE_Titelbild-scaled.jpg","datePublished":"2022-01-10T10:00:56+00:00","dateModified":"2025-11-04T16:42:57+00:00","description":"La s\u00e9rie IE (Instrument Enclosure) a \u00e9t\u00e9 sp\u00e9cialement con\u00e7ue pour les applications intensives en espace afin de prot\u00e9ger l'utilisateur contre l'exposition aux substances dangereuses.","breadcrumb":{"@id":"https:\/\/a1-envirosciences.com\/fr\/produits\/confinement\/ie\/#breadcrumb"},"inLanguage":"fr-FR","potentialAction":[{"@type":"ReadAction","target":["https:\/\/a1-envirosciences.com\/fr\/produits\/confinement\/ie\/"]}]},{"@type":"ImageObject","inLanguage":"fr-FR","@id":"https:\/\/a1-envirosciences.com\/fr\/produits\/confinement\/ie\/#primaryimage","url":"https:\/\/a1-envirosciences.com\/wp-content\/uploads\/2022\/03\/IE_Titelbild-scaled.jpg","contentUrl":"https:\/\/a1-envirosciences.com\/wp-content\/uploads\/2022\/03\/IE_Titelbild-scaled.jpg","width":2560,"height":2560,"caption":"Couverture de l'instrument"},{"@type":"BreadcrumbList","@id":"https:\/\/a1-envirosciences.com\/fr\/produits\/confinement\/ie\/#breadcrumb","itemListElement":[{"@type":"ListItem","position":1,"name":"Home","item":"https:\/\/a1-envirosciences.com\/fr\/"},{"@type":"ListItem","position":2,"name":"Produits","item":"https:\/\/a1-envirosciences.com\/fr\/shop\/"},{"@type":"ListItem","position":3,"name":"IE - Instrument Enclosure"}]},{"@type":"WebSite","@id":"https:\/\/a1-envirosciences.com\/fr\/#website","url":"https:\/\/a1-envirosciences.com\/fr\/","name":"a1 Envirosciences","description":"","potentialAction":[{"@type":"SearchAction","target":{"@type":"EntryPoint","urlTemplate":"https:\/\/a1-envirosciences.com\/fr\/?s={search_term_string}"},"query-input":{"@type":"PropertyValueSpecification","valueRequired":true,"valueName":"search_term_string"}}],"inLanguage":"fr-FR"}]}},"_links":{"self":[{"href":"https:\/\/a1-envirosciences.com\/fr\/wp-json\/wp\/v2\/product\/11553","targetHints":{"allow":["GET"]}}],"collection":[{"href":"https:\/\/a1-envirosciences.com\/fr\/wp-json\/wp\/v2\/product"}],"about":[{"href":"https:\/\/a1-envirosciences.com\/fr\/wp-json\/wp\/v2\/types\/product"}],"wp:featuredmedia":[{"embeddable":true,"href":"https:\/\/a1-envirosciences.com\/fr\/wp-json\/wp\/v2\/media\/7456"}],"wp:attachment":[{"href":"https:\/\/a1-envirosciences.com\/fr\/wp-json\/wp\/v2\/media?parent=11553"}],"wp:term":[{"taxonomy":"product_brand","embeddable":true,"href":"https:\/\/a1-envirosciences.com\/fr\/wp-json\/wp\/v2\/product_brand?post=11553"},{"taxonomy":"product_cat","embeddable":true,"href":"https:\/\/a1-envirosciences.com\/fr\/wp-json\/wp\/v2\/product_cat?post=11553"},{"taxonomy":"product_tag","embeddable":true,"href":"https:\/\/a1-envirosciences.com\/fr\/wp-json\/wp\/v2\/product_tag?post=11553"}],"curies":[{"name":"wp","href":"https:\/\/api.w.org\/{rel}","templated":true}]}}