{"id":11560,"date":"2025-06-03T10:45:01","date_gmt":"2025-06-03T08:45:01","guid":{"rendered":"https:\/\/a1-envirosciences.com\/produkte\/non%20class\u00e9\/p3\/"},"modified":"2025-09-29T14:57:41","modified_gmt":"2025-09-29T12:57:41","slug":"p3","status":"publish","type":"product","link":"https:\/\/a1-envirosciences.com\/fr\/produits\/analyse\/p3\/","title":{"rendered":"P3"},"content":{"rendered":"<p><strong>La nouvelle g\u00e9n\u00e9ration de robots \u2013 digesteurs \u00e0 micro-ondes <\/strong><\/p>\n<p>Avec l&rsquo;introduction du P3, la digestion par micro-ondes n&rsquo;a jamais \u00e9t\u00e9 aussi simple. Il suffit de verser l&rsquo;\u00e9chantillon dans le r\u00e9cipient et le P3 g\u00e8re automatiquement toutes les \u00e9tapes restantes\u00a0: dosage de l&rsquo;acide, m\u00e9lange, manipulation et transport du r\u00e9cipient, chauffage, refroidissement, dilution, etc. Le P3 augmente non seulement consid\u00e9rablement la productivit\u00e9 du laboratoire, mais aussi la reproductibilit\u00e9 des r\u00e9sultats.<\/p>\n<p><strong>Vitesse de digestion in\u00e9gal\u00e9e<\/strong><\/p>\n<p>Gr\u00e2ce \u00e0 la technologie \u00ab\u00a0Mono-Wave\u00a0\u00bb, chaque digestion prend au maximum 20\u00a0minutes et jusqu&rsquo;\u00e0 200\u00a0\u00e9chantillons peuvent \u00eatre trait\u00e9s par jour dans trois chambres de digestion individuelles et en simultan\u00e9.<\/p>\n<p><strong>Contr\u00f4le polyvalent<\/strong><\/p>\n<ul>\n<li>Programme de chauffage individualis\u00e9e pour chaque \u00e9chantillon<\/li>\n<li>Avec possibilit\u00e9 d\u2019ajustement de la s\u00e9quence pendant le cycle de min\u00e9ralisation<\/li>\n<\/ul>\n<p><strong>D\u00e9veloppement de m\u00e9thodes efficace<\/strong><\/p>\n<p>Un outil puissant pour la recherche et le d\u00e9veloppement\u00a0: jusqu&rsquo;\u00e0 10 fois plus rapide que le d\u00e9veloppement qu\u2019avec des appareils classiques\u00a0:<\/p>\n<p><strong>Suivi complet du processus<\/strong><\/p>\n<p>Fonctionnalit\u00e9s du logiciel<strong>\u00a0:<\/strong><\/p>\n<ul>\n<li>S\u00e9quences facilement programmables pour chaque \u00e9chantillon<\/li>\n<li>Quatre niveaux d\u2019accessibilit\u00e9 aux utilisateurs<\/li>\n<li>Surveillance vid\u00e9o en direct des cuves<\/li>\n<li>Cr\u00e9ation automatique des rapports avec statistiques individuelles pour chaque \u00e9chantillon<\/li>\n<\/ul>\n<p><strong>Conformit\u00e9 aux normes<\/strong><\/p>\n<p>Le P3 r\u00e9pond \u00e0 toutes les exigences r\u00e9glementaires en vigueur en mati\u00e8re de min\u00e9ralisation par micro-ondes.<\/p>\n","protected":false},"excerpt":{"rendered":"<h5><span style=\"color: #003671;\"><strong>La derni\u00e8re g\u00e9n\u00e9ration de digesteurs \u00e0 micro-ondes robotis\u00e9s<\/strong><\/span><\/h5>\n<p><span style=\"color: #003671;\">\u2713 Tr\u00e8s peu de pr\u00e9paration en amont<\/span><\/p>\n<p><span style=\"color: #003671;\">\u2713 R\u00e9sultats de digestion garantis avec une excellente reproductibilit\u00e9<\/span><\/p>\n<p><span style=\"color: #003671;\">\u2713 Erreurs minimis\u00e9es<\/span><\/p>\n<p><span style=\"color: #003671;\">\u2713 Rentabilit\u00e9 \u00e9lev\u00e9e gr\u00e2ce \u00e0 des m\u00e9thodes personnalis\u00e9es<\/span><\/p>\n","protected":false},"featured_media":9238,"template":"","meta":{"_acf_changed":false},"product_brand":[],"product_cat":[988],"product_tag":[],"class_list":{"0":"post-11560","1":"product","2":"type-product","3":"status-publish","4":"has-post-thumbnail","6":"product_cat-analyse","7":"pa_1-unterkategorie-preparation-des-echantillons","8":"pa_2-unterkategorie-appareils-de-mineralisation","9":"pa_einsatzgebiete-agriculture-alimentation","10":"pa_einsatzgebiete-alimentation","11":"pa_einsatzgebiete-alimentation-boissons","12":"pa_einsatzgebiete-chimie","13":"pa_einsatzgebiete-cosmetiques","14":"pa_einsatzgebiete-medecine","15":"pa_einsatzgebiete-petrochimie-petrole-gaz","16":"pa_einsatzgebiete-pharma-fr","17":"pa_einsatzgebiete-sciences-de-la-vie","18":"pa_element-parameter-graisse","19":"pa_element-parameter-stabilite","20":"pa_probentyp-fixe","21":"pa_probentyp-liquide","22":"pa_probentyp-pateux","23":"pa_produktgruppe-reacteur-a-stabilite-doxydation","24":"pa_produktgruppe-velp","25":"pa_verfahren-und-methoden-stabilite-a-loxydation","27":"first","28":"instock","29":"shipping-taxable","30":"product-type-simple"},"acf":[],"yoast_head":"<!-- This site is optimized with the Yoast SEO plugin v27.3 - https:\/\/yoast.com\/product\/yoast-seo-wordpress\/ -->\n<title>P3 - a1 Envirosciences<\/title>\n<meta name=\"description\" content=\"Le r\u00e9acteur VELP OXITEST acc\u00e9l\u00e8re le processus d&#039;oxydation des graisses, qui peut prendre des semaines ou des mois dans des conditions normales.\" \/>\n<meta name=\"robots\" content=\"index, follow, max-snippet:-1, max-image-preview:large, max-video-preview:-1\" \/>\n<link rel=\"canonical\" href=\"https:\/\/a1-envirosciences.com\/fr\/produits\/analyse\/p3\/\" \/>\n<meta property=\"og:locale\" content=\"fr_FR\" \/>\n<meta property=\"og:type\" content=\"article\" \/>\n<meta property=\"og:title\" content=\"P3 - a1 Envirosciences\" \/>\n<meta property=\"og:description\" content=\"Le r\u00e9acteur VELP OXITEST acc\u00e9l\u00e8re le processus d&#039;oxydation des graisses, qui peut prendre des semaines ou des mois dans des conditions normales.\" \/>\n<meta property=\"og:url\" content=\"https:\/\/a1-envirosciences.com\/fr\/produits\/analyse\/p3\/\" \/>\n<meta property=\"og:site_name\" content=\"a1 Envirosciences\" \/>\n<meta property=\"article:modified_time\" content=\"2025-09-29T12:57:41+00:00\" \/>\n<meta property=\"og:image\" content=\"https:\/\/a1-envirosciences.com\/wp-content\/uploads\/2025\/06\/2-scaled.jpg\" \/>\n\t<meta property=\"og:image:width\" content=\"2560\" \/>\n\t<meta property=\"og:image:height\" content=\"2135\" \/>\n\t<meta property=\"og:image:type\" content=\"image\/jpeg\" \/>\n<meta name=\"twitter:card\" content=\"summary_large_image\" \/>\n<meta name=\"twitter:label1\" content=\"Dur\u00e9e de lecture estim\u00e9e\" \/>\n\t<meta name=\"twitter:data1\" content=\"2 minutes\" \/>\n<script type=\"application\/ld+json\" class=\"yoast-schema-graph\">{\"@context\":\"https:\\\/\\\/schema.org\",\"@graph\":[{\"@type\":\"WebPage\",\"@id\":\"https:\\\/\\\/a1-envirosciences.com\\\/fr\\\/produits\\\/analyse\\\/p3\\\/\",\"url\":\"https:\\\/\\\/a1-envirosciences.com\\\/fr\\\/produits\\\/analyse\\\/p3\\\/\",\"name\":\"P3 - a1 Envirosciences\",\"isPartOf\":{\"@id\":\"https:\\\/\\\/a1-envirosciences.com\\\/fr\\\/#website\"},\"primaryImageOfPage\":{\"@id\":\"https:\\\/\\\/a1-envirosciences.com\\\/fr\\\/produits\\\/analyse\\\/p3\\\/#primaryimage\"},\"image\":{\"@id\":\"https:\\\/\\\/a1-envirosciences.com\\\/fr\\\/produits\\\/analyse\\\/p3\\\/#primaryimage\"},\"thumbnailUrl\":\"https:\\\/\\\/a1-envirosciences.com\\\/wp-content\\\/uploads\\\/2025\\\/06\\\/2-scaled.jpg\",\"datePublished\":\"2025-06-03T08:45:01+00:00\",\"dateModified\":\"2025-09-29T12:57:41+00:00\",\"description\":\"Le r\u00e9acteur VELP OXITEST acc\u00e9l\u00e8re le processus d'oxydation des graisses, qui peut prendre des semaines ou des mois dans des conditions normales.\",\"breadcrumb\":{\"@id\":\"https:\\\/\\\/a1-envirosciences.com\\\/fr\\\/produits\\\/analyse\\\/p3\\\/#breadcrumb\"},\"inLanguage\":\"fr-FR\",\"potentialAction\":[{\"@type\":\"ReadAction\",\"target\":[\"https:\\\/\\\/a1-envirosciences.com\\\/fr\\\/produits\\\/analyse\\\/p3\\\/\"]}]},{\"@type\":\"ImageObject\",\"inLanguage\":\"fr-FR\",\"@id\":\"https:\\\/\\\/a1-envirosciences.com\\\/fr\\\/produits\\\/analyse\\\/p3\\\/#primaryimage\",\"url\":\"https:\\\/\\\/a1-envirosciences.com\\\/wp-content\\\/uploads\\\/2025\\\/06\\\/2-scaled.jpg\",\"contentUrl\":\"https:\\\/\\\/a1-envirosciences.com\\\/wp-content\\\/uploads\\\/2025\\\/06\\\/2-scaled.jpg\",\"width\":2560,\"height\":2135},{\"@type\":\"BreadcrumbList\",\"@id\":\"https:\\\/\\\/a1-envirosciences.com\\\/fr\\\/produits\\\/analyse\\\/p3\\\/#breadcrumb\",\"itemListElement\":[{\"@type\":\"ListItem\",\"position\":1,\"name\":\"Home\",\"item\":\"https:\\\/\\\/a1-envirosciences.com\\\/fr\\\/\"},{\"@type\":\"ListItem\",\"position\":2,\"name\":\"Produits\",\"item\":\"https:\\\/\\\/a1-envirosciences.com\\\/fr\\\/shop\\\/\"},{\"@type\":\"ListItem\",\"position\":3,\"name\":\"P3\"}]},{\"@type\":\"WebSite\",\"@id\":\"https:\\\/\\\/a1-envirosciences.com\\\/fr\\\/#website\",\"url\":\"https:\\\/\\\/a1-envirosciences.com\\\/fr\\\/\",\"name\":\"a1 Envirosciences\",\"description\":\"\",\"potentialAction\":[{\"@type\":\"SearchAction\",\"target\":{\"@type\":\"EntryPoint\",\"urlTemplate\":\"https:\\\/\\\/a1-envirosciences.com\\\/fr\\\/?s={search_term_string}\"},\"query-input\":{\"@type\":\"PropertyValueSpecification\",\"valueRequired\":true,\"valueName\":\"search_term_string\"}}],\"inLanguage\":\"fr-FR\"}]}<\/script>\n<!-- \/ Yoast SEO plugin. -->","yoast_head_json":{"title":"P3 - a1 Envirosciences","description":"Le r\u00e9acteur VELP OXITEST acc\u00e9l\u00e8re le processus d'oxydation des graisses, qui peut prendre des semaines ou des mois dans des conditions normales.","robots":{"index":"index","follow":"follow","max-snippet":"max-snippet:-1","max-image-preview":"max-image-preview:large","max-video-preview":"max-video-preview:-1"},"canonical":"https:\/\/a1-envirosciences.com\/fr\/produits\/analyse\/p3\/","og_locale":"fr_FR","og_type":"article","og_title":"P3 - a1 Envirosciences","og_description":"Le r\u00e9acteur VELP OXITEST acc\u00e9l\u00e8re le processus d'oxydation des graisses, qui peut prendre des semaines ou des mois dans des conditions normales.","og_url":"https:\/\/a1-envirosciences.com\/fr\/produits\/analyse\/p3\/","og_site_name":"a1 Envirosciences","article_modified_time":"2025-09-29T12:57:41+00:00","og_image":[{"width":2560,"height":2135,"url":"https:\/\/a1-envirosciences.com\/wp-content\/uploads\/2025\/06\/2-scaled.jpg","type":"image\/jpeg"}],"twitter_card":"summary_large_image","twitter_misc":{"Dur\u00e9e de lecture estim\u00e9e":"2 minutes"},"schema":{"@context":"https:\/\/schema.org","@graph":[{"@type":"WebPage","@id":"https:\/\/a1-envirosciences.com\/fr\/produits\/analyse\/p3\/","url":"https:\/\/a1-envirosciences.com\/fr\/produits\/analyse\/p3\/","name":"P3 - a1 Envirosciences","isPartOf":{"@id":"https:\/\/a1-envirosciences.com\/fr\/#website"},"primaryImageOfPage":{"@id":"https:\/\/a1-envirosciences.com\/fr\/produits\/analyse\/p3\/#primaryimage"},"image":{"@id":"https:\/\/a1-envirosciences.com\/fr\/produits\/analyse\/p3\/#primaryimage"},"thumbnailUrl":"https:\/\/a1-envirosciences.com\/wp-content\/uploads\/2025\/06\/2-scaled.jpg","datePublished":"2025-06-03T08:45:01+00:00","dateModified":"2025-09-29T12:57:41+00:00","description":"Le r\u00e9acteur VELP OXITEST acc\u00e9l\u00e8re le processus d'oxydation des graisses, qui peut prendre des semaines ou des mois dans des conditions normales.","breadcrumb":{"@id":"https:\/\/a1-envirosciences.com\/fr\/produits\/analyse\/p3\/#breadcrumb"},"inLanguage":"fr-FR","potentialAction":[{"@type":"ReadAction","target":["https:\/\/a1-envirosciences.com\/fr\/produits\/analyse\/p3\/"]}]},{"@type":"ImageObject","inLanguage":"fr-FR","@id":"https:\/\/a1-envirosciences.com\/fr\/produits\/analyse\/p3\/#primaryimage","url":"https:\/\/a1-envirosciences.com\/wp-content\/uploads\/2025\/06\/2-scaled.jpg","contentUrl":"https:\/\/a1-envirosciences.com\/wp-content\/uploads\/2025\/06\/2-scaled.jpg","width":2560,"height":2135},{"@type":"BreadcrumbList","@id":"https:\/\/a1-envirosciences.com\/fr\/produits\/analyse\/p3\/#breadcrumb","itemListElement":[{"@type":"ListItem","position":1,"name":"Home","item":"https:\/\/a1-envirosciences.com\/fr\/"},{"@type":"ListItem","position":2,"name":"Produits","item":"https:\/\/a1-envirosciences.com\/fr\/shop\/"},{"@type":"ListItem","position":3,"name":"P3"}]},{"@type":"WebSite","@id":"https:\/\/a1-envirosciences.com\/fr\/#website","url":"https:\/\/a1-envirosciences.com\/fr\/","name":"a1 Envirosciences","description":"","potentialAction":[{"@type":"SearchAction","target":{"@type":"EntryPoint","urlTemplate":"https:\/\/a1-envirosciences.com\/fr\/?s={search_term_string}"},"query-input":{"@type":"PropertyValueSpecification","valueRequired":true,"valueName":"search_term_string"}}],"inLanguage":"fr-FR"}]}},"_links":{"self":[{"href":"https:\/\/a1-envirosciences.com\/fr\/wp-json\/wp\/v2\/product\/11560","targetHints":{"allow":["GET"]}}],"collection":[{"href":"https:\/\/a1-envirosciences.com\/fr\/wp-json\/wp\/v2\/product"}],"about":[{"href":"https:\/\/a1-envirosciences.com\/fr\/wp-json\/wp\/v2\/types\/product"}],"wp:featuredmedia":[{"embeddable":true,"href":"https:\/\/a1-envirosciences.com\/fr\/wp-json\/wp\/v2\/media\/9238"}],"wp:attachment":[{"href":"https:\/\/a1-envirosciences.com\/fr\/wp-json\/wp\/v2\/media?parent=11560"}],"wp:term":[{"taxonomy":"product_brand","embeddable":true,"href":"https:\/\/a1-envirosciences.com\/fr\/wp-json\/wp\/v2\/product_brand?post=11560"},{"taxonomy":"product_cat","embeddable":true,"href":"https:\/\/a1-envirosciences.com\/fr\/wp-json\/wp\/v2\/product_cat?post=11560"},{"taxonomy":"product_tag","embeddable":true,"href":"https:\/\/a1-envirosciences.com\/fr\/wp-json\/wp\/v2\/product_tag?post=11560"}],"curies":[{"name":"wp","href":"https:\/\/api.w.org\/{rel}","templated":true}]}}