{"id":11561,"date":"2022-01-19T14:57:21","date_gmt":"2022-01-19T13:57:21","guid":{"rendered":"https:\/\/a1-envirosciences.com\/produkte\/non%20class\u00e9\/ra-7000a\/"},"modified":"2025-11-20T10:50:00","modified_gmt":"2025-11-20T09:50:00","slug":"ra-7000a","status":"publish","type":"product","link":"https:\/\/a1-envirosciences.com\/fr\/produits\/analyse\/ra-7000a\/","title":{"rendered":"RA-7000"},"content":{"rendered":"<h3><strong>Vos avantages<\/strong><\/h3>\n<p><strong>D\u00e9termination de la teneur en mercure<\/strong>: dans l&rsquo;eau potable, les eaux souterraines, l&rsquo;eau de mer, les eaux us\u00e9es, les eaux de surface, les eaux de pluie<\/p>\n<p><strong>Absence de d\u00e9placement<\/strong>: pas d&rsquo;effet de m\u00e9moire du mercure<\/p>\n<p><strong>AAS \u00e0 vapeur froide<\/strong> (Spectroscopie d\u2019absorption atomique \u00e0 vapeur froide \u2013 RA-7000A) : proc\u00e9d\u00e9 semi-automatique par groupes<\/p>\n<p><strong>AFS \u00e0 vapeur froide<\/strong> (Spectroscopie de fluorescence atomique \u00e0 vapeur froide \u2013 RA-7000F)<br \/>\nSANPRA\u2122 3F \u2013 Echantillonneur automatique dans une enceinte sous filtration d\u2019air HEPA, avec 80 positions d\u2019\u00e9chantillons pour le RA-7000F (analyse ultra-traces)<\/p>\n<p><strong>Technique Discrete-Direct-Purge (DDP) (r\u00e9actions en statique et analyse Hg en dynamique)<\/strong><\/p>\n<p><strong>En option :<\/strong> analyse d&rsquo;\u00e9chantillons solides et gazeux pour le mercure \u00e9l\u00e9mentaire<\/p>\n<p><strong>D\u00e9bit<\/strong> jusqu&rsquo;\u00e0 240 \u00e9chantillons avec un minimum de personnel<\/p>\n<h3><strong>Protection des ressources<\/strong><\/h3>\n<p><strong>Peu de d\u00e9chets : <\/strong>seulement 600 ml de d\u00e9chets pour 80 \u00e9chantillons avec auto-digestion<\/p>\n<p><strong>Temps d&rsquo;analyse<\/strong> r\u00e9duit de 22% par rapport au mod\u00e8le pr\u00e9c\u00e9dent<\/p>\n<p><strong>Consommation \u00e9lectrique <\/strong>r\u00e9duite de 30% par rapport au mod\u00e8le pr\u00e9c\u00e9dent<\/p>\n<p>Faible <strong>co\u00fbt des consommables<\/strong> en raison de la faible consommation de r\u00e9actifs (chlorure d&rsquo;\u00e9tain, chlorure d&rsquo;hydroxyle d&rsquo;ammonium), seulement environ 0,5 ml par \u00e9chantillon<\/p>\n<p><strong>Aucun s\u00e9parateur gaz-liquide :<\/strong> \u00e9conomies suppl\u00e9mentaires et moins de maintenance<\/p>\n<h3><strong>Facilit\u00e9 d&rsquo;utilisation<br \/>\n<\/strong><\/h3>\n<p><strong>Syst\u00e8me modulaire<\/strong>: adapt\u00e9 \u00e0 vos besoins<strong><br \/>\n<\/strong><\/p>\n<p><strong>Fa\u00e7ade \u00e0 charni\u00e8res<\/strong>: acc\u00e8s facile \u00e0 tous les composants importants<\/p>\n<p><strong>Pas de gaz externe n\u00e9cessaire<\/strong>: permet de r\u00e9aliser des \u00e9conomies et offre une flexibilit\u00e9 maximale au niveau du lieu d&rsquo;installation, car aucun raccordement au gaz n&rsquo;est n\u00e9cessaire.<\/p>\n<p><strong>Filtration des \u00e9chantillons<\/strong>: pas n\u00e9cessaire, car les \u00e9chantillons restent dans les r\u00e9cipients d&rsquo;\u00e9chantillonnage<\/p>\n<h3><strong>Nos services pour vous<br \/>\n<\/strong><\/h3>\n<p><strong>Expertise<\/strong>: nous maitrisons l&rsquo;analyse du mercure, et ce depuis des d\u00e9cennies. Quel que soit votre d\u00e9fi analytique, nous vous aiderons \u00e0 le relever.<\/p>\n<p><strong>Formation compl\u00e8te :<\/strong> nous prenons en charge la formation de vos op\u00e9rateurs<\/p>\n<p><strong>M\u00eame apr\u00e8s l&rsquo;achat, nous sommes l\u00e0 pour vous aider :<\/strong> de nombreuses questions surgissent lorsque vous travaillez. Nous sommes \u00e0 votre disposition pour r\u00e9pondre \u00e0 toutes vos questions sur l&rsquo;appareil et vos mesures.<\/p>\n","protected":false},"excerpt":{"rendered":"<h5><strong><span style=\"color: #003671;\">Nouvelle g\u00e9n\u00e9ration d&rsquo;analyseur de mercure<\/span><\/strong><\/h5>\n<p><span style=\"color: #003671;\">\u2713 Analyse automatique jusqu&rsquo;\u00e0 240 \u00e9chantillons<\/span><\/p>\n<p><span style=\"color: #003671;\">\u2713 Pas de transfert de l&rsquo;\u00e9chantillon<\/span><\/p>\n<p><span style=\"color: #003671;\">\u2713 Syst\u00e8me modulaire<\/span><\/p>\n<p><span style=\"color: #003671;\">\u2713 Disponible avec d\u00e9tecteur AAS (7000A) ou avec d\u00e9tecteur AFS (7000F)<\/span><\/p>\n","protected":false},"featured_media":8848,"template":"","meta":{"_acf_changed":false},"product_brand":[],"product_cat":[988],"product_tag":[],"class_list":{"0":"post-11561","1":"product","2":"type-product","3":"status-publish","4":"has-post-thumbnail","6":"product_cat-analyse","7":"pa_1-unterkategorie-analyseurs-elementaires","8":"pa_2-unterkategorie-analyseurs-de-mercure","9":"pa_applikationen-liquide-eau-eau-de-mer","10":"pa_applikationen-liquide-eau-eau-de-mer-fr","11":"pa_applikationen-liquide-eau-eau-de-pluie","12":"pa_applikationen-liquide-eau-eau-de-riviere","13":"pa_applikationen-liquide-eau-eau-souterraine","14":"pa_applikationen-liquide-eau-eaux-usees","15":"pa_einsatzgebiete-agriculture-alimentation","16":"pa_einsatzgebiete-environnement","17":"pa_einsatzgebiete-pharma-fr","18":"pa_element-parameter-mercure","19":"pa_hersteller-nippon-instrument-cooperation-fr","20":"pa_probentyp-fixe","21":"pa_probentyp-liquide","22":"pa_probentyp-solution-de-digestion","23":"pa_produktgruppe-analyse-du-mercure","24":"pa_sprachversion-fr-fr","25":"pa_standardmethoden-apha-3112-fr","26":"pa_standardmethoden-astm-d3223-fr","27":"pa_standardmethoden-en-1483-fr","28":"pa_standardmethoden-iso-12846-fr","29":"pa_standardmethoden-iso-16772-fr","30":"pa_standardmethoden-iso-5666-fr","31":"pa_standardmethoden-jis-k0102-fr","32":"pa_standardmethoden-usepa-245-1-fr","33":"pa_standardmethoden-usepa-245-2-fr","34":"pa_standardmethoden-usepa-245-5-fr","35":"pa_standardmethoden-usepa-7470a-fr","36":"pa_standardmethoden-usepa-7471b-fr","37":"pa_verfahren-und-methoden-digestion-des-echantillons","38":"pa_verfahren-und-methoden-saa-a-vapeur-froide","40":"first","41":"instock","42":"shipping-taxable","43":"product-type-simple"},"acf":[],"yoast_head":"<!-- This site is optimized with the Yoast SEO plugin v27.3 - https:\/\/yoast.com\/product\/yoast-seo-wordpress\/ -->\n<title>RA-7000 - a1 Envirosciences<\/title>\n<meta name=\"description\" content=\"Digestion des \u00e9chantillons et mesure du mercure conform\u00e9ment \u00e0 la norme EN 1483 avec le RA-4500 - analyseur de mercure CVAAS discret avec digestion acide int\u00e9gr\u00e9e.\" \/>\n<meta name=\"robots\" content=\"index, follow, max-snippet:-1, max-image-preview:large, max-video-preview:-1\" \/>\n<link rel=\"canonical\" href=\"https:\/\/a1-envirosciences.com\/fr\/produits\/analyse\/ra-7000a\/\" \/>\n<meta property=\"og:locale\" content=\"fr_FR\" \/>\n<meta property=\"og:type\" content=\"article\" \/>\n<meta property=\"og:title\" content=\"RA-7000 - a1 Envirosciences\" \/>\n<meta property=\"og:description\" content=\"Digestion des \u00e9chantillons et mesure du mercure conform\u00e9ment \u00e0 la norme EN 1483 avec le RA-4500 - analyseur de mercure CVAAS discret avec digestion acide int\u00e9gr\u00e9e.\" \/>\n<meta property=\"og:url\" content=\"https:\/\/a1-envirosciences.com\/fr\/produits\/analyse\/ra-7000a\/\" \/>\n<meta property=\"og:site_name\" content=\"a1 Envirosciences\" \/>\n<meta property=\"article:modified_time\" content=\"2025-11-20T09:50:00+00:00\" \/>\n<meta property=\"og:image\" content=\"https:\/\/a1-envirosciences.com\/wp-content\/uploads\/2023\/09\/Quadratisch-RA-7000A.png\" \/>\n\t<meta property=\"og:image:width\" content=\"4167\" \/>\n\t<meta property=\"og:image:height\" content=\"4167\" \/>\n\t<meta property=\"og:image:type\" content=\"image\/png\" \/>\n<meta name=\"twitter:card\" content=\"summary_large_image\" \/>\n<meta name=\"twitter:label1\" content=\"Dur\u00e9e de lecture estim\u00e9e\" \/>\n\t<meta name=\"twitter:data1\" content=\"2 minutes\" \/>\n<script type=\"application\/ld+json\" class=\"yoast-schema-graph\">{\"@context\":\"https:\\\/\\\/schema.org\",\"@graph\":[{\"@type\":\"WebPage\",\"@id\":\"https:\\\/\\\/a1-envirosciences.com\\\/fr\\\/produits\\\/analyse\\\/ra-7000a\\\/\",\"url\":\"https:\\\/\\\/a1-envirosciences.com\\\/fr\\\/produits\\\/analyse\\\/ra-7000a\\\/\",\"name\":\"RA-7000 - a1 Envirosciences\",\"isPartOf\":{\"@id\":\"https:\\\/\\\/a1-envirosciences.com\\\/fr\\\/#website\"},\"primaryImageOfPage\":{\"@id\":\"https:\\\/\\\/a1-envirosciences.com\\\/fr\\\/produits\\\/analyse\\\/ra-7000a\\\/#primaryimage\"},\"image\":{\"@id\":\"https:\\\/\\\/a1-envirosciences.com\\\/fr\\\/produits\\\/analyse\\\/ra-7000a\\\/#primaryimage\"},\"thumbnailUrl\":\"https:\\\/\\\/a1-envirosciences.com\\\/wp-content\\\/uploads\\\/2023\\\/09\\\/Quadratisch-RA-7000A.png\",\"datePublished\":\"2022-01-19T13:57:21+00:00\",\"dateModified\":\"2025-11-20T09:50:00+00:00\",\"description\":\"Digestion des \u00e9chantillons et mesure du mercure conform\u00e9ment \u00e0 la norme EN 1483 avec le RA-4500 - analyseur de mercure CVAAS discret avec digestion acide int\u00e9gr\u00e9e.\",\"breadcrumb\":{\"@id\":\"https:\\\/\\\/a1-envirosciences.com\\\/fr\\\/produits\\\/analyse\\\/ra-7000a\\\/#breadcrumb\"},\"inLanguage\":\"fr-FR\",\"potentialAction\":[{\"@type\":\"ReadAction\",\"target\":[\"https:\\\/\\\/a1-envirosciences.com\\\/fr\\\/produits\\\/analyse\\\/ra-7000a\\\/\"]}]},{\"@type\":\"ImageObject\",\"inLanguage\":\"fr-FR\",\"@id\":\"https:\\\/\\\/a1-envirosciences.com\\\/fr\\\/produits\\\/analyse\\\/ra-7000a\\\/#primaryimage\",\"url\":\"https:\\\/\\\/a1-envirosciences.com\\\/wp-content\\\/uploads\\\/2023\\\/09\\\/Quadratisch-RA-7000A.png\",\"contentUrl\":\"https:\\\/\\\/a1-envirosciences.com\\\/wp-content\\\/uploads\\\/2023\\\/09\\\/Quadratisch-RA-7000A.png\",\"width\":4167,\"height\":4167},{\"@type\":\"BreadcrumbList\",\"@id\":\"https:\\\/\\\/a1-envirosciences.com\\\/fr\\\/produits\\\/analyse\\\/ra-7000a\\\/#breadcrumb\",\"itemListElement\":[{\"@type\":\"ListItem\",\"position\":1,\"name\":\"Home\",\"item\":\"https:\\\/\\\/a1-envirosciences.com\\\/fr\\\/\"},{\"@type\":\"ListItem\",\"position\":2,\"name\":\"Produits\",\"item\":\"https:\\\/\\\/a1-envirosciences.com\\\/fr\\\/shop\\\/\"},{\"@type\":\"ListItem\",\"position\":3,\"name\":\"RA-7000\"}]},{\"@type\":\"WebSite\",\"@id\":\"https:\\\/\\\/a1-envirosciences.com\\\/fr\\\/#website\",\"url\":\"https:\\\/\\\/a1-envirosciences.com\\\/fr\\\/\",\"name\":\"a1 Envirosciences\",\"description\":\"\",\"potentialAction\":[{\"@type\":\"SearchAction\",\"target\":{\"@type\":\"EntryPoint\",\"urlTemplate\":\"https:\\\/\\\/a1-envirosciences.com\\\/fr\\\/?s={search_term_string}\"},\"query-input\":{\"@type\":\"PropertyValueSpecification\",\"valueRequired\":true,\"valueName\":\"search_term_string\"}}],\"inLanguage\":\"fr-FR\"}]}<\/script>\n<!-- \/ Yoast SEO plugin. -->","yoast_head_json":{"title":"RA-7000 - a1 Envirosciences","description":"Digestion des \u00e9chantillons et mesure du mercure conform\u00e9ment \u00e0 la norme EN 1483 avec le RA-4500 - analyseur de mercure CVAAS discret avec digestion acide int\u00e9gr\u00e9e.","robots":{"index":"index","follow":"follow","max-snippet":"max-snippet:-1","max-image-preview":"max-image-preview:large","max-video-preview":"max-video-preview:-1"},"canonical":"https:\/\/a1-envirosciences.com\/fr\/produits\/analyse\/ra-7000a\/","og_locale":"fr_FR","og_type":"article","og_title":"RA-7000 - a1 Envirosciences","og_description":"Digestion des \u00e9chantillons et mesure du mercure conform\u00e9ment \u00e0 la norme EN 1483 avec le RA-4500 - analyseur de mercure CVAAS discret avec digestion acide int\u00e9gr\u00e9e.","og_url":"https:\/\/a1-envirosciences.com\/fr\/produits\/analyse\/ra-7000a\/","og_site_name":"a1 Envirosciences","article_modified_time":"2025-11-20T09:50:00+00:00","og_image":[{"width":4167,"height":4167,"url":"https:\/\/a1-envirosciences.com\/wp-content\/uploads\/2023\/09\/Quadratisch-RA-7000A.png","type":"image\/png"}],"twitter_card":"summary_large_image","twitter_misc":{"Dur\u00e9e de lecture estim\u00e9e":"2 minutes"},"schema":{"@context":"https:\/\/schema.org","@graph":[{"@type":"WebPage","@id":"https:\/\/a1-envirosciences.com\/fr\/produits\/analyse\/ra-7000a\/","url":"https:\/\/a1-envirosciences.com\/fr\/produits\/analyse\/ra-7000a\/","name":"RA-7000 - a1 Envirosciences","isPartOf":{"@id":"https:\/\/a1-envirosciences.com\/fr\/#website"},"primaryImageOfPage":{"@id":"https:\/\/a1-envirosciences.com\/fr\/produits\/analyse\/ra-7000a\/#primaryimage"},"image":{"@id":"https:\/\/a1-envirosciences.com\/fr\/produits\/analyse\/ra-7000a\/#primaryimage"},"thumbnailUrl":"https:\/\/a1-envirosciences.com\/wp-content\/uploads\/2023\/09\/Quadratisch-RA-7000A.png","datePublished":"2022-01-19T13:57:21+00:00","dateModified":"2025-11-20T09:50:00+00:00","description":"Digestion des \u00e9chantillons et mesure du mercure conform\u00e9ment \u00e0 la norme EN 1483 avec le RA-4500 - analyseur de mercure CVAAS discret avec digestion acide int\u00e9gr\u00e9e.","breadcrumb":{"@id":"https:\/\/a1-envirosciences.com\/fr\/produits\/analyse\/ra-7000a\/#breadcrumb"},"inLanguage":"fr-FR","potentialAction":[{"@type":"ReadAction","target":["https:\/\/a1-envirosciences.com\/fr\/produits\/analyse\/ra-7000a\/"]}]},{"@type":"ImageObject","inLanguage":"fr-FR","@id":"https:\/\/a1-envirosciences.com\/fr\/produits\/analyse\/ra-7000a\/#primaryimage","url":"https:\/\/a1-envirosciences.com\/wp-content\/uploads\/2023\/09\/Quadratisch-RA-7000A.png","contentUrl":"https:\/\/a1-envirosciences.com\/wp-content\/uploads\/2023\/09\/Quadratisch-RA-7000A.png","width":4167,"height":4167},{"@type":"BreadcrumbList","@id":"https:\/\/a1-envirosciences.com\/fr\/produits\/analyse\/ra-7000a\/#breadcrumb","itemListElement":[{"@type":"ListItem","position":1,"name":"Home","item":"https:\/\/a1-envirosciences.com\/fr\/"},{"@type":"ListItem","position":2,"name":"Produits","item":"https:\/\/a1-envirosciences.com\/fr\/shop\/"},{"@type":"ListItem","position":3,"name":"RA-7000"}]},{"@type":"WebSite","@id":"https:\/\/a1-envirosciences.com\/fr\/#website","url":"https:\/\/a1-envirosciences.com\/fr\/","name":"a1 Envirosciences","description":"","potentialAction":[{"@type":"SearchAction","target":{"@type":"EntryPoint","urlTemplate":"https:\/\/a1-envirosciences.com\/fr\/?s={search_term_string}"},"query-input":{"@type":"PropertyValueSpecification","valueRequired":true,"valueName":"search_term_string"}}],"inLanguage":"fr-FR"}]}},"_links":{"self":[{"href":"https:\/\/a1-envirosciences.com\/fr\/wp-json\/wp\/v2\/product\/11561","targetHints":{"allow":["GET"]}}],"collection":[{"href":"https:\/\/a1-envirosciences.com\/fr\/wp-json\/wp\/v2\/product"}],"about":[{"href":"https:\/\/a1-envirosciences.com\/fr\/wp-json\/wp\/v2\/types\/product"}],"wp:featuredmedia":[{"embeddable":true,"href":"https:\/\/a1-envirosciences.com\/fr\/wp-json\/wp\/v2\/media\/8848"}],"wp:attachment":[{"href":"https:\/\/a1-envirosciences.com\/fr\/wp-json\/wp\/v2\/media?parent=11561"}],"wp:term":[{"taxonomy":"product_brand","embeddable":true,"href":"https:\/\/a1-envirosciences.com\/fr\/wp-json\/wp\/v2\/product_brand?post=11561"},{"taxonomy":"product_cat","embeddable":true,"href":"https:\/\/a1-envirosciences.com\/fr\/wp-json\/wp\/v2\/product_cat?post=11561"},{"taxonomy":"product_tag","embeddable":true,"href":"https:\/\/a1-envirosciences.com\/fr\/wp-json\/wp\/v2\/product_tag?post=11561"}],"curies":[{"name":"wp","href":"https:\/\/api.w.org\/{rel}","templated":true}]}}