{"id":11564,"date":"2022-01-30T12:48:18","date_gmt":"2022-01-30T11:48:18","guid":{"rendered":"https:\/\/a1-envirosciences.com\/produkte\/non%20class\u00e9\/ma-3000\/"},"modified":"2025-11-04T17:47:36","modified_gmt":"2025-11-04T16:47:36","slug":"ma-3000","status":"publish","type":"product","link":"https:\/\/a1-envirosciences.com\/fr\/produits\/analyse\/ma-3000\/","title":{"rendered":"MA-3000"},"content":{"rendered":"<h3><strong>Vos avantages<\/strong><\/h3>\n<p><strong>Obtention du pic du mercure :<\/strong> sans r\u00e9actifs, jusqu&rsquo;\u00e0 5 minutes<\/p>\n<p><strong>Absence de contamination<\/strong>: pas d&rsquo;effet de m\u00e9moire du mercure<strong><br \/>\nAAS (spectroscopie d&rsquo;absorption atomique en phase vapeur \u00e0 froid)<\/strong><\/p>\n<p><strong>D\u00e9tecteur CVAAS double cellule \u00e0 trois faisceaux brevet\u00e9<\/strong>: garantit une plage de mesure tr\u00e8s large<\/p>\n<h3><strong>Protection des ressources<\/strong><\/h3>\n<p><strong>Autosampler int\u00e9gr\u00e9 :<\/strong> avec 100 positions pour les nacelles en c\u00e9ramique, qui peuvent \u00eatre recharg\u00e9es \u00e0 la vol\u00e9e.<\/p>\n<p><strong>Adapt\u00e9 au fonctionnement de nuit : <\/strong>car l&rsquo;\u00e9chantillonneur automatique fonctionne de mani\u00e8re automatis\u00e9e<\/p>\n<p><strong>Temps d&rsquo;analyse<\/strong>: seulement 5-10 minutes<br \/>\n<strong>Faible co\u00fbt des consommables<\/strong>: la pr\u00e9paration des \u00e9chantillons n&rsquo;est pas n\u00e9cessaire<\/p>\n<h3><strong>Facilit\u00e9 d&rsquo;utilisation<\/strong><\/h3>\n<p><strong>Poids de l&rsquo;\u00e9chantillon<\/strong>: jusqu&rsquo;\u00e0 1g<\/p>\n<p>Analyseur de mercure <strong>enti\u00e8rement automatique<\/strong> pour les \u00e9chantillons solides, liquides et gazeux<\/p>\n<p><strong>Mesure directe<\/strong>: aucune pr\u00e9paration d&rsquo;\u00e9chantillon n&rsquo;est n\u00e9cessaire<\/p>\n<p><strong>Cycle de s\u00e9chage de l&rsquo;\u00e9chantillon : <\/strong>automatis\u00e9, avant la conversion thermique de l&rsquo;\u00e9chantillon<\/p>\n<h3><strong>Nos services pour vous<\/strong><\/h3>\n<p><strong>Expertise<\/strong>: l&rsquo;analyse du mercure est notre comp\u00e9tence principale depuis des d\u00e9cennies. Quel que soit votre d\u00e9fi analytique, nous vous aidons \u00e0 le relever.<\/p>\n<p><strong>Formation compl\u00e8te :<\/strong> nous prenons en charge la formation de vos op\u00e9rateurs<\/p>\n<p><strong>M\u00eame apr\u00e8s l&rsquo;achat, nous sommes l\u00e0 pour vous aider :<\/strong> de nombreuses questions surgissent lorsque vous travaillez. Nous sommes \u00e0 votre disposition pour r\u00e9pondre \u00e0 toutes vos questions sur l&rsquo;appareil et vos mesures.<\/p>\n","protected":false},"excerpt":{"rendered":"<h5><strong><span style=\"color: #003671;\">Analyse du mercure enti\u00e8rement automatis\u00e9e<\/span><\/strong><\/h5>\n<p><span style=\"color: #003671;\">\u2713 Equip\u00e9 de base avec un \u00e9chantillonneur automatique de 100 nacelles<\/span><\/p>\n<p><span style=\"color: #003671;\">\u2713 Analyse des solides, liquides et, en option des eaux dig\u00e9r\u00e9s et des gaz<\/span><\/p>\n<p><span style=\"color: #003671;\">\u2713 D\u00e9tecteur \u00e0 triple faisceau et \u00e0 double d\u00e9tecteur<\/span><\/p>\n<p><span style=\"color: #003671;\">\u2713 SAA \u00e0 vapeur froide<\/span><\/p>\n<p><span style=\"color: #003671;\">\u2713 Pas de r\u00e9actifs n\u00e9cessaires<\/span><\/p>\n","protected":false},"featured_media":7624,"template":"","meta":{"_acf_changed":false},"product_brand":[],"product_cat":[988],"product_tag":[],"class_list":{"0":"post-11564","1":"product","2":"type-product","3":"status-publish","4":"has-post-thumbnail","6":"product_cat-analyse","7":"pa_1-unterkategorie-analyseurs-elementaires","8":"pa_2-unterkategorie-analyseurs-de-mercure","9":"pa_applikationen-liquide-alimentaire-jus-de-fruits","10":"pa_applikationen-liquide-alimentaire-lait","11":"pa_applikationen-liquide-alimentaire-lait-maternel","12":"pa_applikationen-liquide-objets-menagers-detergent","13":"pa_applikationen-liquide-objets-menagers-peinture","14":"pa_applikationen-liquide-organisme-sang","15":"pa_applikationen-liquide-organisme-urine","16":"pa_applikationen-matiere-solide-engrais-aliments-pour-animaux-aliments-pour-animaux","17":"pa_applikationen-matiere-solide-engrais-aliments-pour-animaux-engrais","18":"pa_applikationen-matiere-solide-ressources-naturelles-bois","19":"pa_applikationen-solide-alimentaire-beurre","20":"pa_applikationen-solide-alimentaire-gelatine","21":"pa_applikationen-solide-alimentaire-legumes","22":"pa_applikationen-solide-alimentaire-margarine","23":"pa_applikationen-solide-alimentaire-poisson","24":"pa_applikationen-solide-alimentaire-riz","25":"pa_applikationen-solide-autre-charbon-actif","26":"pa_applikationen-solide-autre-ciment","27":"pa_applikationen-solide-autre-weee-rohs-elv","28":"pa_applikationen-solide-medicaments-cosmetiques-baton-de-soin-de-la-peau","29":"pa_applikationen-solide-medicaments-cosmetiques-capsule-de-gelatine","30":"pa_applikationen-solide-medicaments-cosmetiques-creme-pour-les-mains","31":"pa_applikationen-solide-medicaments-cosmetiques-rouge-a-levres","32":"pa_applikationen-solide-objets-menagers-adhesif","33":"pa_applikationen-solide-objets-menagers-cire","34":"pa_applikationen-solide-objets-menagers-tissu","35":"pa_applikationen-solide-organisme-cheveux","36":"pa_applikationen-solide-organisme-organe","37":"pa_applikationen-solide-organisme-plancton","38":"pa_applikationen-solide-organisme-tissu-cellulaire","39":"pa_applikationen-solide-ressources-naturelles-minerais","40":"pa_applikationen-solide-ressources-naturelles-terre","41":"pa_applikationen-solides-articles-menagers-papier","42":"pa_applikationen-solides-articles-menagers-produits-dhygiene","43":"pa_applikationen-solides-autres-boues-depuration","44":"pa_applikationen-solides-autres-sol-site-industriel","45":"pa_applikationen-solides-industrie-catalyseurs","46":"pa_applikationen-solides-industrie-plastique","47":"pa_applikationen-solides-ressources-naturelles-charbon","48":"pa_applikationen-solides-ressources-naturelles-feuilles","49":"pa_einsatzgebiete-agriculture-alimentation","50":"pa_einsatzgebiete-chimie","51":"pa_einsatzgebiete-energie-fr","52":"pa_einsatzgebiete-environnement","53":"pa_einsatzgebiete-industrie-lourde-matieres-premieres","54":"pa_einsatzgebiete-medecine","55":"pa_einsatzgebiete-petrochimie-petrole-gaz","56":"pa_einsatzgebiete-pharma-fr","57":"pa_element-parameter-mercure","58":"pa_hersteller-nippon-instrument-cooperation-fr","59":"pa_probentyp-fixe","60":"pa_probentyp-gazeux","61":"pa_probentyp-gpl-gnl","62":"pa_probentyp-liquide","63":"pa_probentyp-solution-de-digestion","64":"pa_produktgruppe-analyse-du-mercure","65":"pa_sprachversion-fr-fr","66":"pa_standardmethoden-apha-3112-fr","67":"pa_standardmethoden-astm-d6722-fr","68":"pa_standardmethoden-en-1483-fr","69":"pa_standardmethoden-en-15411-fr","70":"pa_standardmethoden-jis-k0102-fr","71":"pa_standardmethoden-uop-1009-fr","72":"pa_standardmethoden-usepa-245-1-fr","73":"pa_standardmethoden-usepa-245-2-fr","74":"pa_standardmethoden-usepa-7470a-fr","75":"pa_standardmethoden-usepa-7473-fr","76":"pa_verfahren-und-methoden-decomposition-thermique","77":"pa_verfahren-und-methoden-saa-a-vapeur-froide","79":"first","80":"instock","81":"shipping-taxable","82":"product-type-simple"},"acf":[],"yoast_head":"<!-- This site is optimized with the Yoast SEO plugin v27.3 - https:\/\/yoast.com\/product\/yoast-seo-wordpress\/ -->\n<title>MA-3000 - a1 Envirosciences<\/title>\n<meta name=\"description\" content=\"Flexibilit\u00e9 pour vos analyses : analyseur de mercure avec passeur automatique int\u00e9gr\u00e9 pour les solides (100 pos.), analyse des gaz, des eaux, des eaux us\u00e9es et des digestions.\" \/>\n<meta name=\"robots\" content=\"index, follow, max-snippet:-1, max-image-preview:large, max-video-preview:-1\" \/>\n<link rel=\"canonical\" href=\"https:\/\/a1-envirosciences.com\/fr\/produits\/analyse\/ma-3000\/\" \/>\n<meta property=\"og:locale\" content=\"fr_FR\" \/>\n<meta property=\"og:type\" content=\"article\" \/>\n<meta property=\"og:title\" content=\"MA-3000 - a1 Envirosciences\" \/>\n<meta property=\"og:description\" content=\"Flexibilit\u00e9 pour vos analyses : analyseur de mercure avec passeur automatique int\u00e9gr\u00e9 pour les solides (100 pos.), analyse des gaz, des eaux, des eaux us\u00e9es et des digestions.\" \/>\n<meta property=\"og:url\" content=\"https:\/\/a1-envirosciences.com\/fr\/produits\/analyse\/ma-3000\/\" \/>\n<meta property=\"og:site_name\" content=\"a1 Envirosciences\" \/>\n<meta property=\"article:modified_time\" content=\"2025-11-04T16:47:36+00:00\" \/>\n<meta property=\"og:image\" content=\"https:\/\/a1-envirosciences.com\/wp-content\/uploads\/2022\/03\/MA-3000_Titelbild-scaled.jpg\" \/>\n\t<meta property=\"og:image:width\" content=\"2560\" \/>\n\t<meta property=\"og:image:height\" content=\"2560\" \/>\n\t<meta property=\"og:image:type\" content=\"image\/jpeg\" \/>\n<meta name=\"twitter:card\" content=\"summary_large_image\" \/>\n<meta name=\"twitter:label1\" content=\"Dur\u00e9e de lecture estim\u00e9e\" \/>\n\t<meta name=\"twitter:data1\" content=\"2 minutes\" \/>\n<script type=\"application\/ld+json\" class=\"yoast-schema-graph\">{\"@context\":\"https:\\\/\\\/schema.org\",\"@graph\":[{\"@type\":\"WebPage\",\"@id\":\"https:\\\/\\\/a1-envirosciences.com\\\/fr\\\/produits\\\/analyse\\\/ma-3000\\\/\",\"url\":\"https:\\\/\\\/a1-envirosciences.com\\\/fr\\\/produits\\\/analyse\\\/ma-3000\\\/\",\"name\":\"MA-3000 - a1 Envirosciences\",\"isPartOf\":{\"@id\":\"https:\\\/\\\/a1-envirosciences.com\\\/fr\\\/#website\"},\"primaryImageOfPage\":{\"@id\":\"https:\\\/\\\/a1-envirosciences.com\\\/fr\\\/produits\\\/analyse\\\/ma-3000\\\/#primaryimage\"},\"image\":{\"@id\":\"https:\\\/\\\/a1-envirosciences.com\\\/fr\\\/produits\\\/analyse\\\/ma-3000\\\/#primaryimage\"},\"thumbnailUrl\":\"https:\\\/\\\/a1-envirosciences.com\\\/wp-content\\\/uploads\\\/2022\\\/03\\\/MA-3000_Titelbild-scaled.jpg\",\"datePublished\":\"2022-01-30T11:48:18+00:00\",\"dateModified\":\"2025-11-04T16:47:36+00:00\",\"description\":\"Flexibilit\u00e9 pour vos analyses : analyseur de mercure avec passeur automatique int\u00e9gr\u00e9 pour les solides (100 pos.), analyse des gaz, des eaux, des eaux us\u00e9es et des digestions.\",\"breadcrumb\":{\"@id\":\"https:\\\/\\\/a1-envirosciences.com\\\/fr\\\/produits\\\/analyse\\\/ma-3000\\\/#breadcrumb\"},\"inLanguage\":\"fr-FR\",\"potentialAction\":[{\"@type\":\"ReadAction\",\"target\":[\"https:\\\/\\\/a1-envirosciences.com\\\/fr\\\/produits\\\/analyse\\\/ma-3000\\\/\"]}]},{\"@type\":\"ImageObject\",\"inLanguage\":\"fr-FR\",\"@id\":\"https:\\\/\\\/a1-envirosciences.com\\\/fr\\\/produits\\\/analyse\\\/ma-3000\\\/#primaryimage\",\"url\":\"https:\\\/\\\/a1-envirosciences.com\\\/wp-content\\\/uploads\\\/2022\\\/03\\\/MA-3000_Titelbild-scaled.jpg\",\"contentUrl\":\"https:\\\/\\\/a1-envirosciences.com\\\/wp-content\\\/uploads\\\/2022\\\/03\\\/MA-3000_Titelbild-scaled.jpg\",\"width\":2560,\"height\":2560,\"caption\":\"Analyseur de mercure\"},{\"@type\":\"BreadcrumbList\",\"@id\":\"https:\\\/\\\/a1-envirosciences.com\\\/fr\\\/produits\\\/analyse\\\/ma-3000\\\/#breadcrumb\",\"itemListElement\":[{\"@type\":\"ListItem\",\"position\":1,\"name\":\"Home\",\"item\":\"https:\\\/\\\/a1-envirosciences.com\\\/fr\\\/\"},{\"@type\":\"ListItem\",\"position\":2,\"name\":\"Produits\",\"item\":\"https:\\\/\\\/a1-envirosciences.com\\\/fr\\\/shop\\\/\"},{\"@type\":\"ListItem\",\"position\":3,\"name\":\"MA-3000\"}]},{\"@type\":\"WebSite\",\"@id\":\"https:\\\/\\\/a1-envirosciences.com\\\/fr\\\/#website\",\"url\":\"https:\\\/\\\/a1-envirosciences.com\\\/fr\\\/\",\"name\":\"a1 Envirosciences\",\"description\":\"\",\"potentialAction\":[{\"@type\":\"SearchAction\",\"target\":{\"@type\":\"EntryPoint\",\"urlTemplate\":\"https:\\\/\\\/a1-envirosciences.com\\\/fr\\\/?s={search_term_string}\"},\"query-input\":{\"@type\":\"PropertyValueSpecification\",\"valueRequired\":true,\"valueName\":\"search_term_string\"}}],\"inLanguage\":\"fr-FR\"}]}<\/script>\n<!-- \/ Yoast SEO plugin. -->","yoast_head_json":{"title":"MA-3000 - a1 Envirosciences","description":"Flexibilit\u00e9 pour vos analyses : analyseur de mercure avec passeur automatique int\u00e9gr\u00e9 pour les solides (100 pos.), analyse des gaz, des eaux, des eaux us\u00e9es et des digestions.","robots":{"index":"index","follow":"follow","max-snippet":"max-snippet:-1","max-image-preview":"max-image-preview:large","max-video-preview":"max-video-preview:-1"},"canonical":"https:\/\/a1-envirosciences.com\/fr\/produits\/analyse\/ma-3000\/","og_locale":"fr_FR","og_type":"article","og_title":"MA-3000 - a1 Envirosciences","og_description":"Flexibilit\u00e9 pour vos analyses : analyseur de mercure avec passeur automatique int\u00e9gr\u00e9 pour les solides (100 pos.), analyse des gaz, des eaux, des eaux us\u00e9es et des digestions.","og_url":"https:\/\/a1-envirosciences.com\/fr\/produits\/analyse\/ma-3000\/","og_site_name":"a1 Envirosciences","article_modified_time":"2025-11-04T16:47:36+00:00","og_image":[{"width":2560,"height":2560,"url":"https:\/\/a1-envirosciences.com\/wp-content\/uploads\/2022\/03\/MA-3000_Titelbild-scaled.jpg","type":"image\/jpeg"}],"twitter_card":"summary_large_image","twitter_misc":{"Dur\u00e9e de lecture estim\u00e9e":"2 minutes"},"schema":{"@context":"https:\/\/schema.org","@graph":[{"@type":"WebPage","@id":"https:\/\/a1-envirosciences.com\/fr\/produits\/analyse\/ma-3000\/","url":"https:\/\/a1-envirosciences.com\/fr\/produits\/analyse\/ma-3000\/","name":"MA-3000 - a1 Envirosciences","isPartOf":{"@id":"https:\/\/a1-envirosciences.com\/fr\/#website"},"primaryImageOfPage":{"@id":"https:\/\/a1-envirosciences.com\/fr\/produits\/analyse\/ma-3000\/#primaryimage"},"image":{"@id":"https:\/\/a1-envirosciences.com\/fr\/produits\/analyse\/ma-3000\/#primaryimage"},"thumbnailUrl":"https:\/\/a1-envirosciences.com\/wp-content\/uploads\/2022\/03\/MA-3000_Titelbild-scaled.jpg","datePublished":"2022-01-30T11:48:18+00:00","dateModified":"2025-11-04T16:47:36+00:00","description":"Flexibilit\u00e9 pour vos analyses : analyseur de mercure avec passeur automatique int\u00e9gr\u00e9 pour les solides (100 pos.), analyse des gaz, des eaux, des eaux us\u00e9es et des digestions.","breadcrumb":{"@id":"https:\/\/a1-envirosciences.com\/fr\/produits\/analyse\/ma-3000\/#breadcrumb"},"inLanguage":"fr-FR","potentialAction":[{"@type":"ReadAction","target":["https:\/\/a1-envirosciences.com\/fr\/produits\/analyse\/ma-3000\/"]}]},{"@type":"ImageObject","inLanguage":"fr-FR","@id":"https:\/\/a1-envirosciences.com\/fr\/produits\/analyse\/ma-3000\/#primaryimage","url":"https:\/\/a1-envirosciences.com\/wp-content\/uploads\/2022\/03\/MA-3000_Titelbild-scaled.jpg","contentUrl":"https:\/\/a1-envirosciences.com\/wp-content\/uploads\/2022\/03\/MA-3000_Titelbild-scaled.jpg","width":2560,"height":2560,"caption":"Analyseur de mercure"},{"@type":"BreadcrumbList","@id":"https:\/\/a1-envirosciences.com\/fr\/produits\/analyse\/ma-3000\/#breadcrumb","itemListElement":[{"@type":"ListItem","position":1,"name":"Home","item":"https:\/\/a1-envirosciences.com\/fr\/"},{"@type":"ListItem","position":2,"name":"Produits","item":"https:\/\/a1-envirosciences.com\/fr\/shop\/"},{"@type":"ListItem","position":3,"name":"MA-3000"}]},{"@type":"WebSite","@id":"https:\/\/a1-envirosciences.com\/fr\/#website","url":"https:\/\/a1-envirosciences.com\/fr\/","name":"a1 Envirosciences","description":"","potentialAction":[{"@type":"SearchAction","target":{"@type":"EntryPoint","urlTemplate":"https:\/\/a1-envirosciences.com\/fr\/?s={search_term_string}"},"query-input":{"@type":"PropertyValueSpecification","valueRequired":true,"valueName":"search_term_string"}}],"inLanguage":"fr-FR"}]}},"_links":{"self":[{"href":"https:\/\/a1-envirosciences.com\/fr\/wp-json\/wp\/v2\/product\/11564","targetHints":{"allow":["GET"]}}],"collection":[{"href":"https:\/\/a1-envirosciences.com\/fr\/wp-json\/wp\/v2\/product"}],"about":[{"href":"https:\/\/a1-envirosciences.com\/fr\/wp-json\/wp\/v2\/types\/product"}],"wp:featuredmedia":[{"embeddable":true,"href":"https:\/\/a1-envirosciences.com\/fr\/wp-json\/wp\/v2\/media\/7624"}],"wp:attachment":[{"href":"https:\/\/a1-envirosciences.com\/fr\/wp-json\/wp\/v2\/media?parent=11564"}],"wp:term":[{"taxonomy":"product_brand","embeddable":true,"href":"https:\/\/a1-envirosciences.com\/fr\/wp-json\/wp\/v2\/product_brand?post=11564"},{"taxonomy":"product_cat","embeddable":true,"href":"https:\/\/a1-envirosciences.com\/fr\/wp-json\/wp\/v2\/product_cat?post=11564"},{"taxonomy":"product_tag","embeddable":true,"href":"https:\/\/a1-envirosciences.com\/fr\/wp-json\/wp\/v2\/product_tag?post=11564"}],"curies":[{"name":"wp","href":"https:\/\/api.w.org\/{rel}","templated":true}]}}