{"id":11566,"date":"2022-01-01T08:09:40","date_gmt":"2022-01-01T07:09:40","guid":{"rendered":"https:\/\/a1-envirosciences.com\/produkte\/non%20class\u00e9\/aqf-5000\/"},"modified":"2025-08-27T18:35:42","modified_gmt":"2025-08-27T16:35:42","slug":"aqf-5000","status":"publish","type":"product","link":"https:\/\/a1-envirosciences.com\/fr\/produits\/analyse\/aqf-5000\/","title":{"rendered":"AQF-5000"},"content":{"rendered":"<h3><strong>Vos avantages<\/strong><\/h3>\n<p><strong>Applicable \u00e0 presque toutes les matrices d&rsquo;\u00e9chantillons<\/strong><\/p>\n<p><strong>Rapide, robuste et fiable :<\/strong> temps de mesure r\u00e9duits gr\u00e2ce \u00e0 la d\u00e9termination simultan\u00e9e du fluor, du chlore, du brome, de l&rsquo;iode et du soufre dans les \u00e9chantillons solides, liquides et gazeux<\/p>\n<p><strong>Limites de d\u00e9tection nettement plus basses<\/strong>: que la plupart des m\u00e9thodes classiques avec une meilleure reproductibilit\u00e9 des analyses<\/p>\n<p><strong>Conformit\u00e9 aux normes standard<\/strong>: Conforme \u00e0 un grand nombre de normes et de m\u00e9thodes standards<\/p>\n<p><strong>Plage de mesure : <\/strong>du ppb \u00e0 des pourcentages \u00e9lev\u00e9s<\/p>\n<h3><strong>Protection des ressources<\/strong><\/h3>\n<p><strong>Couplage de l&rsquo;hydropyrolyse et de la chromatographie ionique : <\/strong>un gain de temps pr\u00e9cieux<\/p>\n<p><strong>Con\u00e7u pour durer<\/strong>: fabrication robuste, utilisation claire &amp; simple, service et pi\u00e8ces de rechange.<\/p>\n<p><strong>Durabilit\u00e9 : <\/strong>le syst\u00e8me peut \u00eatre coupl\u00e9 \u00e0 des syst\u00e8mes de CI d\u00e9j\u00e0 pr\u00e9sents dans le laboratoire ou connect\u00e9 \u00e0 de nouveaux syst\u00e8mes de CI sp\u00e9cialement con\u00e7us pour leurs \u00e9chantillons. Il est \u00e9galement possible de configurer des syst\u00e8mes manuels qui pourront \u00eatre automatis\u00e9s ult\u00e9rieurement.<\/p>\n<p><strong>Utilisation minimale des ressources : <\/strong>gr\u00e2ce \u00e0 une construction robuste, l&rsquo;usure est moindre et les pi\u00e8ces seront \u00eatre remplac\u00e9es rarement.<\/p>\n<p><strong>Evolution :<\/strong> l&rsquo;AQF-5000 est d\u00e9j\u00e0 la 4e g\u00e9n\u00e9ration de couplage de la min\u00e9ralisation d&rsquo;\u00e9chantillons et de la chromatographie ionique (Combustion-IC). Plus de 20 ans d&rsquo;exp\u00e9rience ont \u00e9t\u00e9 mis \u00e0 profit pour son d\u00e9veloppement.<\/p>\n<h3><strong>Facilit\u00e9 d&rsquo;utilisation<\/strong><\/h3>\n<p><strong>Automatisation compl\u00e8te : <\/strong>pour les \u00e9chantillons liquides et solides<\/p>\n<p><strong>\u00c9chantillons analysables :<\/strong> Echantillons solides, liquides, visqueux et gazeux ainsi que GPL et GNL \/ \u00e9chantillons organiques et inorganiques (y compris les substances corrosives)<\/p>\n<p><strong>Nettoyage et entretien faciles :<\/strong> gr\u00e2ce au four s\u00e9cable en fa\u00e7ade avant<\/p>\n<p><strong>Des additifs<\/strong> qui facilitent la combustion de mol\u00e9cules inorganiques fortement li\u00e9es<\/p>\n<p><strong>Diff\u00e9rentes applications <\/strong>: par exemple pour<\/p>\n<ul>\n<li>Chimie,<\/li>\n<li>\u00c9nergie,<\/li>\n<li>Environnement,<\/li>\n<li>Agriculture et alimentation,<\/li>\n<li>Industrie lourde,<\/li>\n<li>Industrie des mati\u00e8res premi\u00e8res,<\/li>\n<li>P\u00e9trochimie,<\/li>\n<li>Industrie pharmaceutique,<\/li>\n<li>Biens de consommation,<\/li>\n<li>D\u00e9chets et recyclage<\/li>\n<\/ul>\n<h3><strong>Nos services pour vous<br \/>\n<\/strong><\/h3>\n<p><strong>4e g\u00e9n\u00e9ration de <\/strong>la combinaison de la digestion par combustion et de la chromatographie ionique sous la forme d&rsquo;un IC de combustion. Nous fournissons le savoir-faire applicatif et optimisons le c-IC de combustion pour votre application et garantissons une utilisation robuste en routine.<\/p>\n<p><strong>Coop\u00e9ration r\u00e9ussie<\/strong> avec les sp\u00e9cialistes de la chromatographie ionique et le cr\u00e9ateur du proc\u00e9d\u00e9, Nittoseiko Analytech<\/p>\n<p><strong>20 ans de savoir-faire pour votre probl\u00e8me analytique : <\/strong>profitez de plus de 20 ans d&rsquo;exp\u00e9rience et de connaissances. Nous vous aidons, que vous souhaitiez une application sp\u00e9cifique, que vous disposiez d\u00e9j\u00e0 d&rsquo;un appareil, que vous souhaitiez am\u00e9liorer votre syst\u00e8me ou que vous deviez faire face \u00e0 de nouvelles exigences applicatives.<\/p>\n<p><strong>Assistance au d\u00e9veloppement : <\/strong>pour le d\u00e9veloppement de vos m\u00e9thodes<\/p>\n<p><strong>Un syst\u00e8me rien que pour vous : <\/strong>flexibilit\u00e9 maximale gr\u00e2ce \u00e0 la modularit\u00e9 avec d&rsquo;autres d\u00e9tecteurs et divers passeurs d&rsquo;\u00e9chantillons.<br \/>\n<strong>Formation compl\u00e8te :<\/strong> nous vous aidons \u00e0 former vos op\u00e9rateurs. Cela s&rsquo;applique \u00e9galement aux nouveaux op\u00e9rateurs, plusieurs ann\u00e9es apr\u00e8s l&rsquo;achat.<\/p>\n<p><strong>M\u00eame apr\u00e8s l&rsquo;achat, nous sommes l\u00e0 pour vous aider :<\/strong> de nombreuses questions surgissent lorsque vous travaillez. Nous sommes \u00e0 votre disposition pour r\u00e9pondre \u00e0 toutes vos questions sur l&rsquo;appareil et vos mesures.<\/p>\n<p><strong>Assistance et pi\u00e8ces de rechange :<\/strong> nous sommes l\u00e0 pour vous aider, m\u00eame dans 10 ans.<\/p>\n","protected":false},"excerpt":{"rendered":"<h5><span style=\"color: #003671;\"><strong>Analyse des halog\u00e8nes et du soufre<\/strong><\/span><\/h5>\n<p><span style=\"color: #003671;\">\u2713 Analyse enti\u00e8rement automatis\u00e9e des halog\u00e8nes et du soufre<\/span><\/p>\n<p><span style=\"color: #003671;\">\u2713 M\u00e9thode de screening pour l&rsquo;analyse des PFAS<\/span><\/p>\n<p><span style=\"color: #003671;\">\u2713 Surveillance des crit\u00e8res de qualit\u00e9 ou des limites dans l&rsquo;assurance qualit\u00e9, la surveillance des processus ou les \u00e9chantillons environnementaux<\/span><\/p>\n<p><span style=\"color: #003671;\">\u2713 Pour les \u00e9chantillons liquides, solides et gazeux organiques &amp; inorganiques<\/span><\/p>\n<p><span style=\"color: #003671;\">\u2713 Conforme \u00e0 un grand nombre de normes et de m\u00e9thodes standards<\/span><\/p>\n<p><span style=\"color: #003671;\">\u2713 Mesure rapide<\/span><\/p>\n<p>&nbsp;<\/p>\n","protected":false},"featured_media":8914,"template":"","meta":{"_acf_changed":false},"product_brand":[],"product_cat":[988],"product_tag":[],"class_list":{"0":"post-11566","1":"product","2":"type-product","3":"status-publish","4":"has-post-thumbnail","6":"product_cat-analyse","7":"pa_1-unterkategorie-analyseurs-de-parametres-cumules","8":"pa_1-unterkategorie-analyseurs-elementaires","9":"pa_2-unterkategorie-analyseurs-de-soufre","10":"pa_2-unterkategorie-aof-aocl-aobr-aoi-fr","11":"pa_2-unterkategorie-pfas-fr","12":"pa_applikationen-gaz-exploration-de-matieres-premieres-gaz-souterrain","13":"pa_applikationen-gaz-ressources-petrolieres-gaz-liquefie","14":"pa_applikationen-gaz-ressources-petrolieres-gaz-naturel","15":"pa_applikationen-liquide-alimentaire-eau-potable","16":"pa_applikationen-liquide-eau-eau-de-mer","17":"pa_applikationen-liquide-eau-eau-de-mer-fr","18":"pa_applikationen-liquide-eau-eau-de-pluie","19":"pa_applikationen-liquide-eau-eau-de-riviere","20":"pa_applikationen-liquide-eau-eau-souterraine","21":"pa_applikationen-liquide-eau-eaux-usees","22":"pa_applikationen-liquide-objets-menagers-detergent","23":"pa_applikationen-liquide-objets-menagers-peinture","24":"pa_applikationen-liquide-organisme-sang","25":"pa_applikationen-liquide-organisme-urine","26":"pa_applikationen-liquide-petrole-condensat-de-gaz","27":"pa_applikationen-liquide-petrole-essence","28":"pa_applikationen-liquide-petrole-fioul-lourd","29":"pa_applikationen-liquide-petrole-goudron-de-houille","30":"pa_applikationen-liquide-petrole-naphta","31":"pa_applikationen-liquide-petrole-petrole","32":"pa_applikationen-matiere-solide-engrais-aliments-pour-animaux-aliments-pour-animaux","33":"pa_applikationen-matiere-solide-engrais-aliments-pour-animaux-engrais","34":"pa_applikationen-matiere-solide-ressources-naturelles-bois","35":"pa_applikationen-solide-alimentaire-gelatine","36":"pa_applikationen-solide-alimentaire-legumes","37":"pa_applikationen-solide-alimentaire-poisson","38":"pa_applikationen-solide-alimentaire-riz","39":"pa_applikationen-solide-autre-charbon-actif","40":"pa_applikationen-solide-autre-ciment","41":"pa_applikationen-solide-autre-weee-rohs-elv","42":"pa_applikationen-solide-medicaments-cosmetiques-capsule-de-gelatine","43":"pa_applikationen-solide-medicaments-cosmetiques-creme-pour-les-mains","44":"pa_applikationen-solide-medicaments-cosmetiques-rouge-a-levres","45":"pa_applikationen-solide-objets-menagers-adhesif","46":"pa_applikationen-solide-objets-menagers-cire","47":"pa_applikationen-solide-objets-menagers-tissu","48":"pa_applikationen-solide-organisme-cheveux","49":"pa_applikationen-solide-organisme-organe","50":"pa_applikationen-solide-ressources-naturelles-minerais","51":"pa_applikationen-solide-ressources-naturelles-terre","52":"pa_applikationen-solides-articles-menagers-papier","53":"pa_applikationen-solides-articles-menagers-produits-dhygiene","54":"pa_applikationen-solides-autres-boues-depuration","55":"pa_applikationen-solides-autres-sol-site-industriel","56":"pa_applikationen-solides-industrie-catalyseurs","57":"pa_applikationen-solides-industrie-plastique","58":"pa_applikationen-solides-ressources-naturelles-charbon","59":"pa_applikationen-solides-ressources-naturelles-feuilles","60":"pa_einsatzgebiete-agriculture-alimentation","61":"pa_einsatzgebiete-biens-de-consommation","62":"pa_einsatzgebiete-chimie","63":"pa_einsatzgebiete-dechets-recyclage","64":"pa_einsatzgebiete-energie-fr","65":"pa_einsatzgebiete-energie-renouvelable","66":"pa_einsatzgebiete-environnement","67":"pa_einsatzgebiete-industrie-lourde-matieres-premieres","68":"pa_einsatzgebiete-petrochimie-petrole-gaz","69":"pa_einsatzgebiete-pharma-fr","70":"pa_einsatzgebiete-technologie-des-batteries","71":"pa_element-parameter-aof-aocl-aobr-aoi-fr","72":"pa_element-parameter-fluor-chlore-brome-iode","73":"pa_element-parameter-pfas-fr","74":"pa_element-parameter-soufre","75":"pa_hersteller-nittoseiko-analytech-fr","76":"pa_probentyp-fixe","77":"pa_probentyp-gazeux","78":"pa_probentyp-gpl-gnl","79":"pa_probentyp-liquide","80":"pa_produktgruppe-analyse-elementaire","81":"pa_produktgruppe-parametres-totaux","82":"pa_sprachversion-fr-fr-2","83":"pa_sprachversion-fr-fr","84":"pa_sprachversion-nl-fr","85":"pa_sprachversion-uk-fr","86":"pa_standardmethoden-astm-d5987-fr","87":"pa_standardmethoden-astm-d7359-fr","88":"pa_standardmethoden-astm-d7994-fr","89":"pa_standardmethoden-astm-d8247-fr","90":"pa_standardmethoden-din-38409-59-fr","91":"pa_standardmethoden-din-en-62321-3-2-fr","92":"pa_standardmethoden-uop-1001-fr","93":"pa_standardmethoden-uop-991-fr","94":"pa_verfahren-und-methoden-analyse-non-ciblee","95":"pa_verfahren-und-methoden-digestion-des-echantillons","96":"pa_verfahren-und-methoden-hydropyrolyse-fr","97":"pa_verfahren-und-methoden-ic-de-combustion","99":"first","100":"instock","101":"shipping-taxable","102":"product-type-simple"},"acf":[],"yoast_head":"<!-- This site is optimized with the Yoast SEO plugin v27.3 - https:\/\/yoast.com\/product\/yoast-seo-wordpress\/ -->\n<title>AQF-5000 - a1 Envirosciences<\/title>\n<meta name=\"description\" content=\"AQF-5000 est un syst\u00e8me de min\u00e9ralisation \u00e0 coupler \u00e0 la chromatographie ionique (Combustion-IC). D\u00e9termination de F, Cl, Br, I et S dans les \u00e9chantillons solides, liquides et gazeux. \u00c9chantillons de gaz et de liquides.\" \/>\n<meta name=\"robots\" content=\"index, follow, max-snippet:-1, max-image-preview:large, max-video-preview:-1\" \/>\n<link rel=\"canonical\" href=\"https:\/\/a1-envirosciences.com\/fr\/produits\/analyse\/aqf-5000\/\" \/>\n<meta property=\"og:locale\" content=\"fr_FR\" \/>\n<meta property=\"og:type\" content=\"article\" \/>\n<meta property=\"og:title\" content=\"AQF-5000 - a1 Envirosciences\" \/>\n<meta property=\"og:description\" content=\"AQF-5000 est un syst\u00e8me de min\u00e9ralisation \u00e0 coupler \u00e0 la chromatographie ionique (Combustion-IC). D\u00e9termination de F, Cl, Br, I et S dans les \u00e9chantillons solides, liquides et gazeux. \u00c9chantillons de gaz et de liquides.\" \/>\n<meta property=\"og:url\" content=\"https:\/\/a1-envirosciences.com\/fr\/produits\/analyse\/aqf-5000\/\" \/>\n<meta property=\"og:site_name\" content=\"a1 Envirosciences\" \/>\n<meta property=\"article:modified_time\" content=\"2025-08-27T16:35:42+00:00\" \/>\n<meta property=\"og:image\" content=\"https:\/\/a1-envirosciences.com\/wp-content\/uploads\/2024\/02\/Titelbild-AQF-5000.jpg\" \/>\n\t<meta property=\"og:image:width\" content=\"2500\" \/>\n\t<meta property=\"og:image:height\" content=\"2500\" \/>\n\t<meta property=\"og:image:type\" content=\"image\/jpeg\" \/>\n<meta name=\"twitter:card\" content=\"summary_large_image\" \/>\n<meta name=\"twitter:label1\" content=\"Dur\u00e9e de lecture estim\u00e9e\" \/>\n\t<meta name=\"twitter:data1\" content=\"3 minutes\" \/>\n<script type=\"application\/ld+json\" class=\"yoast-schema-graph\">{\"@context\":\"https:\\\/\\\/schema.org\",\"@graph\":[{\"@type\":\"WebPage\",\"@id\":\"https:\\\/\\\/a1-envirosciences.com\\\/fr\\\/produits\\\/analyse\\\/aqf-5000\\\/\",\"url\":\"https:\\\/\\\/a1-envirosciences.com\\\/fr\\\/produits\\\/analyse\\\/aqf-5000\\\/\",\"name\":\"AQF-5000 - a1 Envirosciences\",\"isPartOf\":{\"@id\":\"https:\\\/\\\/a1-envirosciences.com\\\/fr\\\/#website\"},\"primaryImageOfPage\":{\"@id\":\"https:\\\/\\\/a1-envirosciences.com\\\/fr\\\/produits\\\/analyse\\\/aqf-5000\\\/#primaryimage\"},\"image\":{\"@id\":\"https:\\\/\\\/a1-envirosciences.com\\\/fr\\\/produits\\\/analyse\\\/aqf-5000\\\/#primaryimage\"},\"thumbnailUrl\":\"https:\\\/\\\/a1-envirosciences.com\\\/wp-content\\\/uploads\\\/2024\\\/02\\\/Titelbild-AQF-5000.jpg\",\"datePublished\":\"2022-01-01T07:09:40+00:00\",\"dateModified\":\"2025-08-27T16:35:42+00:00\",\"description\":\"AQF-5000 est un syst\u00e8me de min\u00e9ralisation \u00e0 coupler \u00e0 la chromatographie ionique (Combustion-IC). D\u00e9termination de F, Cl, Br, I et S dans les \u00e9chantillons solides, liquides et gazeux. \u00c9chantillons de gaz et de liquides.\",\"breadcrumb\":{\"@id\":\"https:\\\/\\\/a1-envirosciences.com\\\/fr\\\/produits\\\/analyse\\\/aqf-5000\\\/#breadcrumb\"},\"inLanguage\":\"fr-FR\",\"potentialAction\":[{\"@type\":\"ReadAction\",\"target\":[\"https:\\\/\\\/a1-envirosciences.com\\\/fr\\\/produits\\\/analyse\\\/aqf-5000\\\/\"]}]},{\"@type\":\"ImageObject\",\"inLanguage\":\"fr-FR\",\"@id\":\"https:\\\/\\\/a1-envirosciences.com\\\/fr\\\/produits\\\/analyse\\\/aqf-5000\\\/#primaryimage\",\"url\":\"https:\\\/\\\/a1-envirosciences.com\\\/wp-content\\\/uploads\\\/2024\\\/02\\\/Titelbild-AQF-5000.jpg\",\"contentUrl\":\"https:\\\/\\\/a1-envirosciences.com\\\/wp-content\\\/uploads\\\/2024\\\/02\\\/Titelbild-AQF-5000.jpg\",\"width\":2500,\"height\":2500},{\"@type\":\"BreadcrumbList\",\"@id\":\"https:\\\/\\\/a1-envirosciences.com\\\/fr\\\/produits\\\/analyse\\\/aqf-5000\\\/#breadcrumb\",\"itemListElement\":[{\"@type\":\"ListItem\",\"position\":1,\"name\":\"Home\",\"item\":\"https:\\\/\\\/a1-envirosciences.com\\\/fr\\\/\"},{\"@type\":\"ListItem\",\"position\":2,\"name\":\"Produits\",\"item\":\"https:\\\/\\\/a1-envirosciences.com\\\/fr\\\/shop\\\/\"},{\"@type\":\"ListItem\",\"position\":3,\"name\":\"AQF-5000\"}]},{\"@type\":\"WebSite\",\"@id\":\"https:\\\/\\\/a1-envirosciences.com\\\/fr\\\/#website\",\"url\":\"https:\\\/\\\/a1-envirosciences.com\\\/fr\\\/\",\"name\":\"a1 Envirosciences\",\"description\":\"\",\"potentialAction\":[{\"@type\":\"SearchAction\",\"target\":{\"@type\":\"EntryPoint\",\"urlTemplate\":\"https:\\\/\\\/a1-envirosciences.com\\\/fr\\\/?s={search_term_string}\"},\"query-input\":{\"@type\":\"PropertyValueSpecification\",\"valueRequired\":true,\"valueName\":\"search_term_string\"}}],\"inLanguage\":\"fr-FR\"}]}<\/script>\n<!-- \/ Yoast SEO plugin. -->","yoast_head_json":{"title":"AQF-5000 - a1 Envirosciences","description":"AQF-5000 est un syst\u00e8me de min\u00e9ralisation \u00e0 coupler \u00e0 la chromatographie ionique (Combustion-IC). D\u00e9termination de F, Cl, Br, I et S dans les \u00e9chantillons solides, liquides et gazeux. \u00c9chantillons de gaz et de liquides.","robots":{"index":"index","follow":"follow","max-snippet":"max-snippet:-1","max-image-preview":"max-image-preview:large","max-video-preview":"max-video-preview:-1"},"canonical":"https:\/\/a1-envirosciences.com\/fr\/produits\/analyse\/aqf-5000\/","og_locale":"fr_FR","og_type":"article","og_title":"AQF-5000 - a1 Envirosciences","og_description":"AQF-5000 est un syst\u00e8me de min\u00e9ralisation \u00e0 coupler \u00e0 la chromatographie ionique (Combustion-IC). D\u00e9termination de F, Cl, Br, I et S dans les \u00e9chantillons solides, liquides et gazeux. \u00c9chantillons de gaz et de liquides.","og_url":"https:\/\/a1-envirosciences.com\/fr\/produits\/analyse\/aqf-5000\/","og_site_name":"a1 Envirosciences","article_modified_time":"2025-08-27T16:35:42+00:00","og_image":[{"width":2500,"height":2500,"url":"https:\/\/a1-envirosciences.com\/wp-content\/uploads\/2024\/02\/Titelbild-AQF-5000.jpg","type":"image\/jpeg"}],"twitter_card":"summary_large_image","twitter_misc":{"Dur\u00e9e de lecture estim\u00e9e":"3 minutes"},"schema":{"@context":"https:\/\/schema.org","@graph":[{"@type":"WebPage","@id":"https:\/\/a1-envirosciences.com\/fr\/produits\/analyse\/aqf-5000\/","url":"https:\/\/a1-envirosciences.com\/fr\/produits\/analyse\/aqf-5000\/","name":"AQF-5000 - a1 Envirosciences","isPartOf":{"@id":"https:\/\/a1-envirosciences.com\/fr\/#website"},"primaryImageOfPage":{"@id":"https:\/\/a1-envirosciences.com\/fr\/produits\/analyse\/aqf-5000\/#primaryimage"},"image":{"@id":"https:\/\/a1-envirosciences.com\/fr\/produits\/analyse\/aqf-5000\/#primaryimage"},"thumbnailUrl":"https:\/\/a1-envirosciences.com\/wp-content\/uploads\/2024\/02\/Titelbild-AQF-5000.jpg","datePublished":"2022-01-01T07:09:40+00:00","dateModified":"2025-08-27T16:35:42+00:00","description":"AQF-5000 est un syst\u00e8me de min\u00e9ralisation \u00e0 coupler \u00e0 la chromatographie ionique (Combustion-IC). D\u00e9termination de F, Cl, Br, I et S dans les \u00e9chantillons solides, liquides et gazeux. \u00c9chantillons de gaz et de liquides.","breadcrumb":{"@id":"https:\/\/a1-envirosciences.com\/fr\/produits\/analyse\/aqf-5000\/#breadcrumb"},"inLanguage":"fr-FR","potentialAction":[{"@type":"ReadAction","target":["https:\/\/a1-envirosciences.com\/fr\/produits\/analyse\/aqf-5000\/"]}]},{"@type":"ImageObject","inLanguage":"fr-FR","@id":"https:\/\/a1-envirosciences.com\/fr\/produits\/analyse\/aqf-5000\/#primaryimage","url":"https:\/\/a1-envirosciences.com\/wp-content\/uploads\/2024\/02\/Titelbild-AQF-5000.jpg","contentUrl":"https:\/\/a1-envirosciences.com\/wp-content\/uploads\/2024\/02\/Titelbild-AQF-5000.jpg","width":2500,"height":2500},{"@type":"BreadcrumbList","@id":"https:\/\/a1-envirosciences.com\/fr\/produits\/analyse\/aqf-5000\/#breadcrumb","itemListElement":[{"@type":"ListItem","position":1,"name":"Home","item":"https:\/\/a1-envirosciences.com\/fr\/"},{"@type":"ListItem","position":2,"name":"Produits","item":"https:\/\/a1-envirosciences.com\/fr\/shop\/"},{"@type":"ListItem","position":3,"name":"AQF-5000"}]},{"@type":"WebSite","@id":"https:\/\/a1-envirosciences.com\/fr\/#website","url":"https:\/\/a1-envirosciences.com\/fr\/","name":"a1 Envirosciences","description":"","potentialAction":[{"@type":"SearchAction","target":{"@type":"EntryPoint","urlTemplate":"https:\/\/a1-envirosciences.com\/fr\/?s={search_term_string}"},"query-input":{"@type":"PropertyValueSpecification","valueRequired":true,"valueName":"search_term_string"}}],"inLanguage":"fr-FR"}]}},"_links":{"self":[{"href":"https:\/\/a1-envirosciences.com\/fr\/wp-json\/wp\/v2\/product\/11566","targetHints":{"allow":["GET"]}}],"collection":[{"href":"https:\/\/a1-envirosciences.com\/fr\/wp-json\/wp\/v2\/product"}],"about":[{"href":"https:\/\/a1-envirosciences.com\/fr\/wp-json\/wp\/v2\/types\/product"}],"wp:featuredmedia":[{"embeddable":true,"href":"https:\/\/a1-envirosciences.com\/fr\/wp-json\/wp\/v2\/media\/8914"}],"wp:attachment":[{"href":"https:\/\/a1-envirosciences.com\/fr\/wp-json\/wp\/v2\/media?parent=11566"}],"wp:term":[{"taxonomy":"product_brand","embeddable":true,"href":"https:\/\/a1-envirosciences.com\/fr\/wp-json\/wp\/v2\/product_brand?post=11566"},{"taxonomy":"product_cat","embeddable":true,"href":"https:\/\/a1-envirosciences.com\/fr\/wp-json\/wp\/v2\/product_cat?post=11566"},{"taxonomy":"product_tag","embeddable":true,"href":"https:\/\/a1-envirosciences.com\/fr\/wp-json\/wp\/v2\/product_tag?post=11566"}],"curies":[{"name":"wp","href":"https:\/\/api.w.org\/{rel}","templated":true}]}}