{"id":11577,"date":"2022-02-20T14:44:05","date_gmt":"2022-02-20T13:44:05","guid":{"rendered":"https:\/\/a1-envirosciences.com\/produkte\/non%20class\u00e9\/systemes-dechantillonnage-karl-fischer\/"},"modified":"2025-11-04T17:49:58","modified_gmt":"2025-11-04T16:49:58","slug":"systemes-dechantillonnage-karl-fischer","status":"publish","type":"product","link":"https:\/\/a1-envirosciences.com\/fr\/produits\/analyse\/systemes-dechantillonnage-karl-fischer\/","title":{"rendered":"Syst\u00e8mes d&rsquo;\u00e9chantillonnage Karl-Fischer"},"content":{"rendered":"<h3><strong>Vos avantages<\/strong><\/h3>\n<p><strong>Conformit\u00e9<\/strong>: aux proc\u00e9dures standards de la d\u00e9termination de Karl Fischer<\/p>\n<p><strong>Syst\u00e8mes personnalis\u00e9s : <\/strong>composez votre syst\u00e8me sur-mesure Karl-Fischer selon vos besoins<\/p>\n<p><strong>Plus de 25 ans d&rsquo;exp\u00e9rience : <\/strong>le fabricant Nittoseiko (anciennement Mitsubishi) est le leader technique de la titration Karl Fischer depuis plus de 25 ans.<\/p>\n<p><strong>Echantillons possibles :<\/strong> solides organiques et inorganiques, liquides, gaz, gaz liqu\u00e9fi\u00e9s et \u00e9chantillons visqueux<\/p>\n<p><strong>Diff\u00e9rentes applications<\/strong>: par exemple dans l&rsquo;industrie pharmaceutique, la p\u00e9trochimie, l&rsquo;\u00e9nergie, la chimie, l&rsquo;alimentation, les compl\u00e9ments alimentaires, l&rsquo;agriculture et partout o\u00f9 il y a de l&rsquo;humidit\u00e9.<\/p>\n<h3><strong>Protection des ressources<\/strong><\/h3>\n<p><strong>Con\u00e7u pour durer<\/strong>: fabrication robuste, utilisation claire &amp; simple, service et pi\u00e8ces de rechange.<\/p>\n<p>Un exemple de la long\u00e9vit\u00e9 de nos produits : l&rsquo;analyseur TOX-100. Cette ligne d&rsquo;appareils a \u00e9t\u00e9 commercialis\u00e9e par nos soins de 1997 \u00e0 2013. Aujourd&rsquo;hui encore, environ 80% de ces analyseurs sont en service - et sont r\u00e9par\u00e9s, entretenus et fournis en pi\u00e8ces d\u00e9tach\u00e9es.<\/p>\n<p><strong>Durabilit\u00e9 : <\/strong>compatibilit\u00e9 avec les syst\u00e8mes de mesure Karl Fischer, les changeurs de r\u00e9actifs, les burettes et les canaux de mesure suppl\u00e9mentaires<\/p>\n<p><strong>Rentabilit\u00e9 : <\/strong>options d&rsquo;automatisation \u00e0 haut d\u00e9bit<\/p>\n<h3><strong>Nos services pour vous<\/strong><\/h3>\n<p><strong>Formation compl\u00e8te :<\/strong> nous prenons en charge la formation de vos op\u00e9rateurs<\/p>\n<p><strong>M\u00eame apr\u00e8s l&rsquo;achat, nous sommes l\u00e0 pour vous aider :<\/strong> de nombreuses questions surgissent lorsque vous travaillez. Nous sommes \u00e0 votre disposition pour r\u00e9pondre \u00e0 toutes vos questions sur l&rsquo;appareil et vos mesures.<\/p>\n<p><strong>Compatibilit\u00e9 totale :<\/strong> avec tous les vaporisateurs Nittoseiko<\/p>\n<p><strong>Unique :<\/strong> les appareils de mesure Karl-Fischer, les passeurs d&rsquo;\u00e9chantillons et les r\u00e9actifs proviennent d&rsquo;une seule source<\/p>\n","protected":false},"excerpt":{"rendered":"<h5><strong><span style=\"color: #003671;\">Syst\u00e8mes d&rsquo;alimentation en \u00e9chantillons et d&rsquo;\u00e9vaporation pour les Karl-Fischer<\/span><\/strong><\/h5>\n<p><span style=\"color: #003671;\">\u2713 Choix d&rsquo;\u00e9vaporateurs pour chaque type d&rsquo;\u00e9chantillon<\/span><\/p>\n<p><span style=\"color: #003671;\">\u2713 Echantillonneur automatique disponible pour un d\u00e9bit d&rsquo;analyses tr\u00e8s \u00e9lev\u00e9<\/span><\/p>\n<p><span style=\"color: #003671;\">\u2713 Aucune r\u00e9action ind\u00e9sirable avec des produits chimiques (r\u00e9actifs de Karl Fischer) dans la cellule<\/span><\/p>\n<p>&nbsp;<\/p>\n","protected":false},"featured_media":9142,"template":"","meta":{"_acf_changed":false},"product_brand":[],"product_cat":[988],"product_tag":[],"class_list":{"0":"post-11577","1":"product","2":"type-product","3":"status-publish","4":"has-post-thumbnail","6":"product_cat-analyse","7":"pa_1-unterkategorie-instruments-de-mesure-de-lhumidite-et-de-la-stabilite-a-loxydation","8":"pa_2-unterkategorie-humidimetres","9":"pa_einsatzgebiete-agriculture-alimentation","10":"pa_einsatzgebiete-chimie","11":"pa_einsatzgebiete-energie-fr","12":"pa_einsatzgebiete-petrochimie-petrole-gaz","13":"pa_einsatzgebiete-pharma-fr","14":"pa_element-parameter-teneur-en-eau-humidite-residuelle","15":"pa_hersteller-nittoseiko-analytech-fr","16":"pa_probentyp-fixe","17":"pa_probentyp-gazeux","18":"pa_probentyp-gpl-gnl","19":"pa_probentyp-liquide","20":"pa_produktgruppe-karl-fischer-et-le-titrage","21":"pa_sprachversion-fr-fr","22":"pa_standardmethoden-astm-d6304-fr","23":"pa_standardmethoden-iec-60814-fr","24":"pa_standardmethoden-iso-15512-fr","25":"pa_standardmethoden-iso-7335-fr","26":"pa_verfahren-und-methoden-karl-fischer-titration-fr","28":"first","29":"instock","30":"shipping-taxable","31":"product-type-simple"},"acf":[],"yoast_head":"<!-- This site is optimized with the Yoast SEO plugin v27.3 - https:\/\/yoast.com\/product\/yoast-seo-wordpress\/ -->\n<title>Syst\u00e8mes d&#039;\u00e9chantillonnage Karl-Fischer - a1 Envirosciences<\/title>\n<meta name=\"description\" content=\"a1-envirosciences et Nittoseiko Analytech s&#039;associent pour proposer une gamme de syst\u00e8mes d&#039;alimentation en \u00e9chantillons et d&#039;\u00e9vaporation pour les hygrom\u00e8tres Karl Fischer.\" \/>\n<meta name=\"robots\" content=\"index, follow, max-snippet:-1, max-image-preview:large, max-video-preview:-1\" \/>\n<link rel=\"canonical\" href=\"https:\/\/a1-envirosciences.com\/fr\/produits\/analyse\/systemes-dechantillonnage-karl-fischer\/\" \/>\n<meta property=\"og:locale\" content=\"fr_FR\" \/>\n<meta property=\"og:type\" content=\"article\" \/>\n<meta property=\"og:title\" content=\"Syst\u00e8mes d&#039;\u00e9chantillonnage Karl-Fischer - a1 Envirosciences\" \/>\n<meta property=\"og:description\" content=\"a1-envirosciences et Nittoseiko Analytech s&#039;associent pour proposer une gamme de syst\u00e8mes d&#039;alimentation en \u00e9chantillons et d&#039;\u00e9vaporation pour les hygrom\u00e8tres Karl Fischer.\" \/>\n<meta property=\"og:url\" content=\"https:\/\/a1-envirosciences.com\/fr\/produits\/analyse\/systemes-dechantillonnage-karl-fischer\/\" \/>\n<meta property=\"og:site_name\" content=\"a1 Envirosciences\" \/>\n<meta property=\"article:modified_time\" content=\"2025-11-04T16:49:58+00:00\" \/>\n<meta property=\"og:image\" content=\"https:\/\/a1-envirosciences.com\/wp-content\/uploads\/2025\/04\/KF_Produktbild3c.jpg\" \/>\n\t<meta property=\"og:image:width\" content=\"900\" \/>\n\t<meta property=\"og:image:height\" content=\"765\" \/>\n\t<meta property=\"og:image:type\" content=\"image\/jpeg\" \/>\n<meta name=\"twitter:card\" content=\"summary_large_image\" \/>\n<meta name=\"twitter:label1\" content=\"Dur\u00e9e de lecture estim\u00e9e\" \/>\n\t<meta name=\"twitter:data1\" content=\"2 minutes\" \/>\n<script type=\"application\/ld+json\" class=\"yoast-schema-graph\">{\"@context\":\"https:\\\/\\\/schema.org\",\"@graph\":[{\"@type\":\"WebPage\",\"@id\":\"https:\\\/\\\/a1-envirosciences.com\\\/fr\\\/produits\\\/analyse\\\/systemes-dechantillonnage-karl-fischer\\\/\",\"url\":\"https:\\\/\\\/a1-envirosciences.com\\\/fr\\\/produits\\\/analyse\\\/systemes-dechantillonnage-karl-fischer\\\/\",\"name\":\"Syst\u00e8mes d'\u00e9chantillonnage Karl-Fischer - a1 Envirosciences\",\"isPartOf\":{\"@id\":\"https:\\\/\\\/a1-envirosciences.com\\\/fr\\\/#website\"},\"primaryImageOfPage\":{\"@id\":\"https:\\\/\\\/a1-envirosciences.com\\\/fr\\\/produits\\\/analyse\\\/systemes-dechantillonnage-karl-fischer\\\/#primaryimage\"},\"image\":{\"@id\":\"https:\\\/\\\/a1-envirosciences.com\\\/fr\\\/produits\\\/analyse\\\/systemes-dechantillonnage-karl-fischer\\\/#primaryimage\"},\"thumbnailUrl\":\"https:\\\/\\\/a1-envirosciences.com\\\/wp-content\\\/uploads\\\/2025\\\/04\\\/KF_Produktbild3c.jpg\",\"datePublished\":\"2022-02-20T13:44:05+00:00\",\"dateModified\":\"2025-11-04T16:49:58+00:00\",\"description\":\"a1-envirosciences et Nittoseiko Analytech s'associent pour proposer une gamme de syst\u00e8mes d'alimentation en \u00e9chantillons et d'\u00e9vaporation pour les hygrom\u00e8tres Karl Fischer.\",\"breadcrumb\":{\"@id\":\"https:\\\/\\\/a1-envirosciences.com\\\/fr\\\/produits\\\/analyse\\\/systemes-dechantillonnage-karl-fischer\\\/#breadcrumb\"},\"inLanguage\":\"fr-FR\",\"potentialAction\":[{\"@type\":\"ReadAction\",\"target\":[\"https:\\\/\\\/a1-envirosciences.com\\\/fr\\\/produits\\\/analyse\\\/systemes-dechantillonnage-karl-fischer\\\/\"]}]},{\"@type\":\"ImageObject\",\"inLanguage\":\"fr-FR\",\"@id\":\"https:\\\/\\\/a1-envirosciences.com\\\/fr\\\/produits\\\/analyse\\\/systemes-dechantillonnage-karl-fischer\\\/#primaryimage\",\"url\":\"https:\\\/\\\/a1-envirosciences.com\\\/wp-content\\\/uploads\\\/2025\\\/04\\\/KF_Produktbild3c.jpg\",\"contentUrl\":\"https:\\\/\\\/a1-envirosciences.com\\\/wp-content\\\/uploads\\\/2025\\\/04\\\/KF_Produktbild3c.jpg\",\"width\":900,\"height\":765},{\"@type\":\"BreadcrumbList\",\"@id\":\"https:\\\/\\\/a1-envirosciences.com\\\/fr\\\/produits\\\/analyse\\\/systemes-dechantillonnage-karl-fischer\\\/#breadcrumb\",\"itemListElement\":[{\"@type\":\"ListItem\",\"position\":1,\"name\":\"Home\",\"item\":\"https:\\\/\\\/a1-envirosciences.com\\\/fr\\\/\"},{\"@type\":\"ListItem\",\"position\":2,\"name\":\"Produits\",\"item\":\"https:\\\/\\\/a1-envirosciences.com\\\/fr\\\/shop\\\/\"},{\"@type\":\"ListItem\",\"position\":3,\"name\":\"Syst\u00e8mes d&#8217;\u00e9chantillonnage Karl-Fischer\"}]},{\"@type\":\"WebSite\",\"@id\":\"https:\\\/\\\/a1-envirosciences.com\\\/fr\\\/#website\",\"url\":\"https:\\\/\\\/a1-envirosciences.com\\\/fr\\\/\",\"name\":\"a1 Envirosciences\",\"description\":\"\",\"potentialAction\":[{\"@type\":\"SearchAction\",\"target\":{\"@type\":\"EntryPoint\",\"urlTemplate\":\"https:\\\/\\\/a1-envirosciences.com\\\/fr\\\/?s={search_term_string}\"},\"query-input\":{\"@type\":\"PropertyValueSpecification\",\"valueRequired\":true,\"valueName\":\"search_term_string\"}}],\"inLanguage\":\"fr-FR\"}]}<\/script>\n<!-- \/ Yoast SEO plugin. -->","yoast_head_json":{"title":"Syst\u00e8mes d'\u00e9chantillonnage Karl-Fischer - a1 Envirosciences","description":"a1-envirosciences et Nittoseiko Analytech s'associent pour proposer une gamme de syst\u00e8mes d'alimentation en \u00e9chantillons et d'\u00e9vaporation pour les hygrom\u00e8tres Karl Fischer.","robots":{"index":"index","follow":"follow","max-snippet":"max-snippet:-1","max-image-preview":"max-image-preview:large","max-video-preview":"max-video-preview:-1"},"canonical":"https:\/\/a1-envirosciences.com\/fr\/produits\/analyse\/systemes-dechantillonnage-karl-fischer\/","og_locale":"fr_FR","og_type":"article","og_title":"Syst\u00e8mes d'\u00e9chantillonnage Karl-Fischer - a1 Envirosciences","og_description":"a1-envirosciences et Nittoseiko Analytech s'associent pour proposer une gamme de syst\u00e8mes d'alimentation en \u00e9chantillons et d'\u00e9vaporation pour les hygrom\u00e8tres Karl Fischer.","og_url":"https:\/\/a1-envirosciences.com\/fr\/produits\/analyse\/systemes-dechantillonnage-karl-fischer\/","og_site_name":"a1 Envirosciences","article_modified_time":"2025-11-04T16:49:58+00:00","og_image":[{"width":900,"height":765,"url":"https:\/\/a1-envirosciences.com\/wp-content\/uploads\/2025\/04\/KF_Produktbild3c.jpg","type":"image\/jpeg"}],"twitter_card":"summary_large_image","twitter_misc":{"Dur\u00e9e de lecture estim\u00e9e":"2 minutes"},"schema":{"@context":"https:\/\/schema.org","@graph":[{"@type":"WebPage","@id":"https:\/\/a1-envirosciences.com\/fr\/produits\/analyse\/systemes-dechantillonnage-karl-fischer\/","url":"https:\/\/a1-envirosciences.com\/fr\/produits\/analyse\/systemes-dechantillonnage-karl-fischer\/","name":"Syst\u00e8mes d'\u00e9chantillonnage Karl-Fischer - a1 Envirosciences","isPartOf":{"@id":"https:\/\/a1-envirosciences.com\/fr\/#website"},"primaryImageOfPage":{"@id":"https:\/\/a1-envirosciences.com\/fr\/produits\/analyse\/systemes-dechantillonnage-karl-fischer\/#primaryimage"},"image":{"@id":"https:\/\/a1-envirosciences.com\/fr\/produits\/analyse\/systemes-dechantillonnage-karl-fischer\/#primaryimage"},"thumbnailUrl":"https:\/\/a1-envirosciences.com\/wp-content\/uploads\/2025\/04\/KF_Produktbild3c.jpg","datePublished":"2022-02-20T13:44:05+00:00","dateModified":"2025-11-04T16:49:58+00:00","description":"a1-envirosciences et Nittoseiko Analytech s'associent pour proposer une gamme de syst\u00e8mes d'alimentation en \u00e9chantillons et d'\u00e9vaporation pour les hygrom\u00e8tres Karl Fischer.","breadcrumb":{"@id":"https:\/\/a1-envirosciences.com\/fr\/produits\/analyse\/systemes-dechantillonnage-karl-fischer\/#breadcrumb"},"inLanguage":"fr-FR","potentialAction":[{"@type":"ReadAction","target":["https:\/\/a1-envirosciences.com\/fr\/produits\/analyse\/systemes-dechantillonnage-karl-fischer\/"]}]},{"@type":"ImageObject","inLanguage":"fr-FR","@id":"https:\/\/a1-envirosciences.com\/fr\/produits\/analyse\/systemes-dechantillonnage-karl-fischer\/#primaryimage","url":"https:\/\/a1-envirosciences.com\/wp-content\/uploads\/2025\/04\/KF_Produktbild3c.jpg","contentUrl":"https:\/\/a1-envirosciences.com\/wp-content\/uploads\/2025\/04\/KF_Produktbild3c.jpg","width":900,"height":765},{"@type":"BreadcrumbList","@id":"https:\/\/a1-envirosciences.com\/fr\/produits\/analyse\/systemes-dechantillonnage-karl-fischer\/#breadcrumb","itemListElement":[{"@type":"ListItem","position":1,"name":"Home","item":"https:\/\/a1-envirosciences.com\/fr\/"},{"@type":"ListItem","position":2,"name":"Produits","item":"https:\/\/a1-envirosciences.com\/fr\/shop\/"},{"@type":"ListItem","position":3,"name":"Syst\u00e8mes d&#8217;\u00e9chantillonnage Karl-Fischer"}]},{"@type":"WebSite","@id":"https:\/\/a1-envirosciences.com\/fr\/#website","url":"https:\/\/a1-envirosciences.com\/fr\/","name":"a1 Envirosciences","description":"","potentialAction":[{"@type":"SearchAction","target":{"@type":"EntryPoint","urlTemplate":"https:\/\/a1-envirosciences.com\/fr\/?s={search_term_string}"},"query-input":{"@type":"PropertyValueSpecification","valueRequired":true,"valueName":"search_term_string"}}],"inLanguage":"fr-FR"}]}},"_links":{"self":[{"href":"https:\/\/a1-envirosciences.com\/fr\/wp-json\/wp\/v2\/product\/11577","targetHints":{"allow":["GET"]}}],"collection":[{"href":"https:\/\/a1-envirosciences.com\/fr\/wp-json\/wp\/v2\/product"}],"about":[{"href":"https:\/\/a1-envirosciences.com\/fr\/wp-json\/wp\/v2\/types\/product"}],"wp:featuredmedia":[{"embeddable":true,"href":"https:\/\/a1-envirosciences.com\/fr\/wp-json\/wp\/v2\/media\/9142"}],"wp:attachment":[{"href":"https:\/\/a1-envirosciences.com\/fr\/wp-json\/wp\/v2\/media?parent=11577"}],"wp:term":[{"taxonomy":"product_brand","embeddable":true,"href":"https:\/\/a1-envirosciences.com\/fr\/wp-json\/wp\/v2\/product_brand?post=11577"},{"taxonomy":"product_cat","embeddable":true,"href":"https:\/\/a1-envirosciences.com\/fr\/wp-json\/wp\/v2\/product_cat?post=11577"},{"taxonomy":"product_tag","embeddable":true,"href":"https:\/\/a1-envirosciences.com\/fr\/wp-json\/wp\/v2\/product_tag?post=11577"}],"curies":[{"name":"wp","href":"https:\/\/api.w.org\/{rel}","templated":true}]}}