{"id":11582,"date":"2022-02-15T11:11:13","date_gmt":"2022-02-15T10:11:13","guid":{"rendered":"https:\/\/a1-envirosciences.com\/produkte\/non%20class\u00e9\/ca-310\/"},"modified":"2025-11-04T17:47:50","modified_gmt":"2025-11-04T16:47:50","slug":"ca-310","status":"publish","type":"product","link":"https:\/\/a1-envirosciences.com\/fr\/produits\/analyse\/ca-310\/","title":{"rendered":"CA-310"},"content":{"rendered":"<h3><strong>Vos avantages<\/strong><\/h3>\n<p><strong>Int\u00e9grit\u00e9 des donn\u00e9es : <\/strong>prend en charge les exigences des BPF (bonnes pratiques de fabrication), BPL (bonnes pratiques de laboratoire) et CFR21 Part 11.<\/p>\n<p><strong>Conformit\u00e9<\/strong>: \u00e0 presque toutes les proc\u00e9dures standards de la d\u00e9termination de Karl Fischer<\/p>\n<p><strong>Grande plage de mesure :<\/strong>gr\u00e2ce aux cellules de mesure coulom\u00e9trique et volum\u00e9trique<\/p>\n<p><strong>Mesure de l&rsquo;humidit\u00e9 r\u00e9siduelle<\/strong>: dans les solides organiques et inorganiques, les liquides, les gaz, les gaz liqu\u00e9fi\u00e9s et les \u00e9chantillons visqueux<\/p>\n<p><strong>Plus de 25 ans d&rsquo;exp\u00e9rience : <\/strong>le fabricant Nittoseiko (anciennement Mitsubishi) est le leader technologique de la titration Karl Fischer depuis plus de 25 ans.<\/p>\n<p><strong>Flexibilit\u00e9 maximale : <\/strong>gr\u00e2ce au syst\u00e8me modulaire avec jusqu&rsquo;\u00e0 4 canaux de titration actifs<\/p>\n<h3><strong>Protection des ressources<\/strong><\/h3>\n<p><strong>Con\u00e7u pour durer<\/strong>: fabrication robuste, utilisation claire &amp; simple, service et pi\u00e8ces de rechange. Un exemple : l&rsquo;analyseur TOX-100, que nous avons distribu\u00e9 de 1997 \u00e0 2013. Aujourd&rsquo;hui encore, environ 80% de ces analyseurs sont en service - et sont r\u00e9par\u00e9s, entretenus et fournis avec des pi\u00e8ces de rechange.<\/p>\n<p><strong>Durabilit\u00e9 : <\/strong>compatibilit\u00e9 avec les \u00e9chantillonneurs Karl Fischer, les changeurs de r\u00e9actifs, les burettes et les canaux de mesure suppl\u00e9mentaires<strong>. <\/strong><\/p>\n<p><strong>Rentabilit\u00e9 : <\/strong>offre des options d&rsquo;automatisation \u00e0 haut d\u00e9bit<\/p>\n<h3><strong>Facilit\u00e9 d&rsquo;utilisation<\/strong><\/h3>\n<p><strong>Unit\u00e9 de contr\u00f4le int\u00e9gr\u00e9e :<\/strong> autonome avec son logiciel embarqu\u00e9<\/p>\n<p><strong>Connectivit\u00e9 :<\/strong> permet l&rsquo;exportation de donn\u00e9es en r\u00e9seau vers un LIMS (syst\u00e8me d&rsquo;information et de gestion de laboratoire)<\/p>\n<p><strong>Connexion sans fil entre le contr\u00f4leur et la cellule de titrage : <\/strong>permet l&rsquo;utilisation dans des <a href=\"https:\/\/a1-envirosciences.com\/fr\/produits\/solutions-de-confinement\/\">bo\u00eetes \u00e0 gants, des bo\u00eetes de s\u00e9curit\u00e9 ou des enceintes.<\/a><\/p>\n<p><strong>Convivialit\u00e9 :<\/strong> gr\u00e2ce \u00e0 l&rsquo;\u00e9cran tactile<\/p>\n<p><strong>Echantillons possibles :<\/strong> solides organiques et inorganiques, liquides, gaz, gaz liqu\u00e9fi\u00e9s et \u00e9chantillons visqueux<\/p>\n<p><strong>Diff\u00e9rentes applications<\/strong>: par exemple dans l&rsquo;industrie pharmaceutique, la p\u00e9trochimie, l&rsquo;\u00e9nergie, la chimie, l&rsquo;alimentation, les compl\u00e9ments alimentaires, l&rsquo;agriculture et partout o\u00f9 il y a de l&rsquo;humidit\u00e9.<\/p>\n<h3><strong>Nos services pour vous<\/strong><\/h3>\n<p><strong>Formation compl\u00e8te :<\/strong> nous prenons en charge la formation de vos op\u00e9rateurs<\/p>\n<p><strong>M\u00eame apr\u00e8s l&rsquo;achat, nous sommes l\u00e0 pour vous aider :<\/strong> de nombreuses questions surgissent lorsque vous travaillez. Nous sommes \u00e0 votre disposition pour r\u00e9pondre \u00e0 toutes vos questions sur l&rsquo;appareil et vos mesures.<\/p>\n<p><strong>Compatibilit\u00e9 totale :<\/strong> avec tous les vaporisateurs Nittoseiko<\/p>\n<p><strong>Unique :<\/strong> des instruments de mesure et<a href=\"https:\/\/a1-envirosciences.com\/fr\/?post_type=product&amp;p=11418\"> des r\u00e9actifs Karl-Fischer<\/a> provenant du m\u00eame fournisseur<\/p>\n","protected":false},"excerpt":{"rendered":"<h5><strong><span style=\"color: #003671;\">Syst\u00e8me de mesure d&rsquo;humidit\u00e9 Karl-Fischer pour les exigences les plus \u00e9lev\u00e9es et une flexibilit\u00e9 maximale<\/span><\/strong><\/h5>\n<p><span style=\"color: #003671;\">\u2713 Logiciel CFR21 Part 11 pour l&rsquo;int\u00e9grit\u00e9 des donn\u00e9es<\/span><\/p>\n<p><span style=\"color: #003671;\">\u2713 Pour les solides, les liquides, les gaz, les GPL, etc.<\/span><\/p>\n<p><span style=\"color: #003671;\">\u2713 Titrage coulom\u00e9trique et volum\u00e9trique Karl-Fischer<\/span><\/p>\n<p><span style=\"color: #003671;\">\u2713 \u00c9volutivit\u00e9 jusqu&rsquo;\u00e0 4 canaux de titration actifs<\/span><\/p>\n<p><span style=\"color: #003671;\">\u2713 D\u00e9termination de l&rsquo;indice de brome<\/span><\/p>\n","protected":false},"featured_media":7306,"template":"","meta":{"_acf_changed":false},"product_brand":[],"product_cat":[988],"product_tag":[],"class_list":{"0":"post-11582","1":"product","2":"type-product","3":"status-publish","4":"has-post-thumbnail","6":"product_cat-analyse","7":"pa_1-unterkategorie-instruments-de-mesure-de-lhumidite-et-de-la-stabilite-a-loxydation","8":"pa_2-unterkategorie-humidimetres","9":"pa_einsatzgebiete-agriculture-alimentation","10":"pa_einsatzgebiete-chimie","11":"pa_einsatzgebiete-energie-fr","12":"pa_einsatzgebiete-energie-renouvelable","13":"pa_einsatzgebiete-industrie-lourde-matieres-premieres","14":"pa_einsatzgebiete-petrochimie-petrole-gaz","15":"pa_einsatzgebiete-pharma-fr","16":"pa_einsatzgebiete-technologie-des-batteries","17":"pa_element-parameter-teneur-en-eau-humidite-residuelle","18":"pa_hersteller-nittoseiko-analytech-fr","19":"pa_probentyp-fixe","20":"pa_probentyp-gazeux","21":"pa_probentyp-gpl-gnl","22":"pa_probentyp-liquide","23":"pa_produktgruppe-karl-fischer-et-le-titrage","24":"pa_sprachversion-fr-fr","25":"pa_standardmethoden-astm-d1159-fr","26":"pa_standardmethoden-astm-d1364-fr","27":"pa_standardmethoden-astm-d1533-fr","28":"pa_standardmethoden-astm-d2710-fr","29":"pa_standardmethoden-astm-d3401-fr","30":"pa_standardmethoden-astm-d4017-fr","31":"pa_standardmethoden-astm-d4377-fr","32":"pa_standardmethoden-astm-d5460-fr","33":"pa_standardmethoden-astm-d5530-fr","34":"pa_standardmethoden-astm-d6304-fr","35":"pa_standardmethoden-astm-d6869-fr","36":"pa_standardmethoden-astm-d7375-fr","37":"pa_standardmethoden-astm-d890-fr","38":"pa_standardmethoden-astm-e1064-fr","39":"pa_standardmethoden-astm-e203-fr","40":"pa_standardmethoden-iec-60814-fr","41":"pa_standardmethoden-iso-10101-fr","42":"pa_standardmethoden-iso-10336-fr","43":"pa_standardmethoden-iso-10337-fr","44":"pa_standardmethoden-iso-10362-fr","45":"pa_standardmethoden-iso-11021-fr","46":"pa_standardmethoden-iso-12779-fr","47":"pa_standardmethoden-iso-12937-fr","48":"pa_standardmethoden-iso-14897-fr","49":"pa_standardmethoden-iso-15512-fr","50":"pa_standardmethoden-iso-20764-fr","51":"pa_standardmethoden-iso-20938-fr","52":"pa_standardmethoden-iso-3699-fr","53":"pa_standardmethoden-iso-3839-fr","54":"pa_standardmethoden-iso-4317-fr","55":"pa_standardmethoden-iso-5381-fr","56":"pa_standardmethoden-iso-5536-fr","57":"pa_standardmethoden-iso-6296-fr","58":"pa_standardmethoden-iso-6488-fr","59":"pa_standardmethoden-iso-7105-fr","60":"pa_standardmethoden-iso-7335-fr","61":"pa_standardmethoden-iso-760-fr","62":"pa_standardmethoden-iso-8534-fr","63":"pa_verfahren-und-methoden-karl-fischer-titration-fr","65":"first","66":"instock","67":"shipping-taxable","68":"product-type-simple"},"acf":[],"yoast_head":"<!-- This site is optimized with the Yoast SEO plugin v27.3 - https:\/\/yoast.com\/product\/yoast-seo-wordpress\/ -->\n<title>CA-310 - a1 Envirosciences<\/title>\n<meta name=\"description\" content=\"Le CA-310 permet d&#039;effectuer des analyses de haute qualit\u00e9 d&#039;\u00e9chantillons solides, liquides ou gazeux avec une facilit\u00e9 d&#039;utilisation am\u00e9lior\u00e9e et des performances de premier ordre.\" \/>\n<meta name=\"robots\" content=\"index, follow, max-snippet:-1, max-image-preview:large, max-video-preview:-1\" \/>\n<link rel=\"canonical\" href=\"https:\/\/a1-envirosciences.com\/fr\/produits\/analyse\/ca-310\/\" \/>\n<meta property=\"og:locale\" content=\"fr_FR\" \/>\n<meta property=\"og:type\" content=\"article\" \/>\n<meta property=\"og:title\" content=\"CA-310 - a1 Envirosciences\" \/>\n<meta property=\"og:description\" content=\"Le CA-310 permet d&#039;effectuer des analyses de haute qualit\u00e9 d&#039;\u00e9chantillons solides, liquides ou gazeux avec une facilit\u00e9 d&#039;utilisation am\u00e9lior\u00e9e et des performances de premier ordre.\" \/>\n<meta property=\"og:url\" content=\"https:\/\/a1-envirosciences.com\/fr\/produits\/analyse\/ca-310\/\" \/>\n<meta property=\"og:site_name\" content=\"a1 Envirosciences\" \/>\n<meta property=\"article:modified_time\" content=\"2025-11-04T16:47:50+00:00\" \/>\n<meta property=\"og:image\" content=\"https:\/\/a1-envirosciences.com\/wp-content\/uploads\/2022\/03\/CA-310_Titelbild-scaled.jpg\" \/>\n\t<meta property=\"og:image:width\" content=\"2560\" \/>\n\t<meta property=\"og:image:height\" content=\"2560\" \/>\n\t<meta property=\"og:image:type\" content=\"image\/jpeg\" \/>\n<meta name=\"twitter:card\" content=\"summary_large_image\" \/>\n<meta name=\"twitter:label1\" content=\"Dur\u00e9e de lecture estim\u00e9e\" \/>\n\t<meta name=\"twitter:data1\" content=\"3 minutes\" \/>\n<script type=\"application\/ld+json\" class=\"yoast-schema-graph\">{\"@context\":\"https:\\\/\\\/schema.org\",\"@graph\":[{\"@type\":\"WebPage\",\"@id\":\"https:\\\/\\\/a1-envirosciences.com\\\/fr\\\/produits\\\/analyse\\\/ca-310\\\/\",\"url\":\"https:\\\/\\\/a1-envirosciences.com\\\/fr\\\/produits\\\/analyse\\\/ca-310\\\/\",\"name\":\"CA-310 - a1 Envirosciences\",\"isPartOf\":{\"@id\":\"https:\\\/\\\/a1-envirosciences.com\\\/fr\\\/#website\"},\"primaryImageOfPage\":{\"@id\":\"https:\\\/\\\/a1-envirosciences.com\\\/fr\\\/produits\\\/analyse\\\/ca-310\\\/#primaryimage\"},\"image\":{\"@id\":\"https:\\\/\\\/a1-envirosciences.com\\\/fr\\\/produits\\\/analyse\\\/ca-310\\\/#primaryimage\"},\"thumbnailUrl\":\"https:\\\/\\\/a1-envirosciences.com\\\/wp-content\\\/uploads\\\/2022\\\/03\\\/CA-310_Titelbild-scaled.jpg\",\"datePublished\":\"2022-02-15T10:11:13+00:00\",\"dateModified\":\"2025-11-04T16:47:50+00:00\",\"description\":\"Le CA-310 permet d'effectuer des analyses de haute qualit\u00e9 d'\u00e9chantillons solides, liquides ou gazeux avec une facilit\u00e9 d'utilisation am\u00e9lior\u00e9e et des performances de premier ordre.\",\"breadcrumb\":{\"@id\":\"https:\\\/\\\/a1-envirosciences.com\\\/fr\\\/produits\\\/analyse\\\/ca-310\\\/#breadcrumb\"},\"inLanguage\":\"fr-FR\",\"potentialAction\":[{\"@type\":\"ReadAction\",\"target\":[\"https:\\\/\\\/a1-envirosciences.com\\\/fr\\\/produits\\\/analyse\\\/ca-310\\\/\"]}]},{\"@type\":\"ImageObject\",\"inLanguage\":\"fr-FR\",\"@id\":\"https:\\\/\\\/a1-envirosciences.com\\\/fr\\\/produits\\\/analyse\\\/ca-310\\\/#primaryimage\",\"url\":\"https:\\\/\\\/a1-envirosciences.com\\\/wp-content\\\/uploads\\\/2022\\\/03\\\/CA-310_Titelbild-scaled.jpg\",\"contentUrl\":\"https:\\\/\\\/a1-envirosciences.com\\\/wp-content\\\/uploads\\\/2022\\\/03\\\/CA-310_Titelbild-scaled.jpg\",\"width\":2560,\"height\":2560,\"caption\":\"CA-310\"},{\"@type\":\"BreadcrumbList\",\"@id\":\"https:\\\/\\\/a1-envirosciences.com\\\/fr\\\/produits\\\/analyse\\\/ca-310\\\/#breadcrumb\",\"itemListElement\":[{\"@type\":\"ListItem\",\"position\":1,\"name\":\"Home\",\"item\":\"https:\\\/\\\/a1-envirosciences.com\\\/fr\\\/\"},{\"@type\":\"ListItem\",\"position\":2,\"name\":\"Produits\",\"item\":\"https:\\\/\\\/a1-envirosciences.com\\\/fr\\\/shop\\\/\"},{\"@type\":\"ListItem\",\"position\":3,\"name\":\"CA-310\"}]},{\"@type\":\"WebSite\",\"@id\":\"https:\\\/\\\/a1-envirosciences.com\\\/fr\\\/#website\",\"url\":\"https:\\\/\\\/a1-envirosciences.com\\\/fr\\\/\",\"name\":\"a1 Envirosciences\",\"description\":\"\",\"potentialAction\":[{\"@type\":\"SearchAction\",\"target\":{\"@type\":\"EntryPoint\",\"urlTemplate\":\"https:\\\/\\\/a1-envirosciences.com\\\/fr\\\/?s={search_term_string}\"},\"query-input\":{\"@type\":\"PropertyValueSpecification\",\"valueRequired\":true,\"valueName\":\"search_term_string\"}}],\"inLanguage\":\"fr-FR\"}]}<\/script>\n<!-- \/ Yoast SEO plugin. -->","yoast_head_json":{"title":"CA-310 - a1 Envirosciences","description":"Le CA-310 permet d'effectuer des analyses de haute qualit\u00e9 d'\u00e9chantillons solides, liquides ou gazeux avec une facilit\u00e9 d'utilisation am\u00e9lior\u00e9e et des performances de premier ordre.","robots":{"index":"index","follow":"follow","max-snippet":"max-snippet:-1","max-image-preview":"max-image-preview:large","max-video-preview":"max-video-preview:-1"},"canonical":"https:\/\/a1-envirosciences.com\/fr\/produits\/analyse\/ca-310\/","og_locale":"fr_FR","og_type":"article","og_title":"CA-310 - a1 Envirosciences","og_description":"Le CA-310 permet d'effectuer des analyses de haute qualit\u00e9 d'\u00e9chantillons solides, liquides ou gazeux avec une facilit\u00e9 d'utilisation am\u00e9lior\u00e9e et des performances de premier ordre.","og_url":"https:\/\/a1-envirosciences.com\/fr\/produits\/analyse\/ca-310\/","og_site_name":"a1 Envirosciences","article_modified_time":"2025-11-04T16:47:50+00:00","og_image":[{"width":2560,"height":2560,"url":"https:\/\/a1-envirosciences.com\/wp-content\/uploads\/2022\/03\/CA-310_Titelbild-scaled.jpg","type":"image\/jpeg"}],"twitter_card":"summary_large_image","twitter_misc":{"Dur\u00e9e de lecture estim\u00e9e":"3 minutes"},"schema":{"@context":"https:\/\/schema.org","@graph":[{"@type":"WebPage","@id":"https:\/\/a1-envirosciences.com\/fr\/produits\/analyse\/ca-310\/","url":"https:\/\/a1-envirosciences.com\/fr\/produits\/analyse\/ca-310\/","name":"CA-310 - a1 Envirosciences","isPartOf":{"@id":"https:\/\/a1-envirosciences.com\/fr\/#website"},"primaryImageOfPage":{"@id":"https:\/\/a1-envirosciences.com\/fr\/produits\/analyse\/ca-310\/#primaryimage"},"image":{"@id":"https:\/\/a1-envirosciences.com\/fr\/produits\/analyse\/ca-310\/#primaryimage"},"thumbnailUrl":"https:\/\/a1-envirosciences.com\/wp-content\/uploads\/2022\/03\/CA-310_Titelbild-scaled.jpg","datePublished":"2022-02-15T10:11:13+00:00","dateModified":"2025-11-04T16:47:50+00:00","description":"Le CA-310 permet d'effectuer des analyses de haute qualit\u00e9 d'\u00e9chantillons solides, liquides ou gazeux avec une facilit\u00e9 d'utilisation am\u00e9lior\u00e9e et des performances de premier ordre.","breadcrumb":{"@id":"https:\/\/a1-envirosciences.com\/fr\/produits\/analyse\/ca-310\/#breadcrumb"},"inLanguage":"fr-FR","potentialAction":[{"@type":"ReadAction","target":["https:\/\/a1-envirosciences.com\/fr\/produits\/analyse\/ca-310\/"]}]},{"@type":"ImageObject","inLanguage":"fr-FR","@id":"https:\/\/a1-envirosciences.com\/fr\/produits\/analyse\/ca-310\/#primaryimage","url":"https:\/\/a1-envirosciences.com\/wp-content\/uploads\/2022\/03\/CA-310_Titelbild-scaled.jpg","contentUrl":"https:\/\/a1-envirosciences.com\/wp-content\/uploads\/2022\/03\/CA-310_Titelbild-scaled.jpg","width":2560,"height":2560,"caption":"CA-310"},{"@type":"BreadcrumbList","@id":"https:\/\/a1-envirosciences.com\/fr\/produits\/analyse\/ca-310\/#breadcrumb","itemListElement":[{"@type":"ListItem","position":1,"name":"Home","item":"https:\/\/a1-envirosciences.com\/fr\/"},{"@type":"ListItem","position":2,"name":"Produits","item":"https:\/\/a1-envirosciences.com\/fr\/shop\/"},{"@type":"ListItem","position":3,"name":"CA-310"}]},{"@type":"WebSite","@id":"https:\/\/a1-envirosciences.com\/fr\/#website","url":"https:\/\/a1-envirosciences.com\/fr\/","name":"a1 Envirosciences","description":"","potentialAction":[{"@type":"SearchAction","target":{"@type":"EntryPoint","urlTemplate":"https:\/\/a1-envirosciences.com\/fr\/?s={search_term_string}"},"query-input":{"@type":"PropertyValueSpecification","valueRequired":true,"valueName":"search_term_string"}}],"inLanguage":"fr-FR"}]}},"_links":{"self":[{"href":"https:\/\/a1-envirosciences.com\/fr\/wp-json\/wp\/v2\/product\/11582","targetHints":{"allow":["GET"]}}],"collection":[{"href":"https:\/\/a1-envirosciences.com\/fr\/wp-json\/wp\/v2\/product"}],"about":[{"href":"https:\/\/a1-envirosciences.com\/fr\/wp-json\/wp\/v2\/types\/product"}],"wp:featuredmedia":[{"embeddable":true,"href":"https:\/\/a1-envirosciences.com\/fr\/wp-json\/wp\/v2\/media\/7306"}],"wp:attachment":[{"href":"https:\/\/a1-envirosciences.com\/fr\/wp-json\/wp\/v2\/media?parent=11582"}],"wp:term":[{"taxonomy":"product_brand","embeddable":true,"href":"https:\/\/a1-envirosciences.com\/fr\/wp-json\/wp\/v2\/product_brand?post=11582"},{"taxonomy":"product_cat","embeddable":true,"href":"https:\/\/a1-envirosciences.com\/fr\/wp-json\/wp\/v2\/product_cat?post=11582"},{"taxonomy":"product_tag","embeddable":true,"href":"https:\/\/a1-envirosciences.com\/fr\/wp-json\/wp\/v2\/product_tag?post=11582"}],"curies":[{"name":"wp","href":"https:\/\/api.w.org\/{rel}","templated":true}]}}