{"id":11583,"date":"2022-01-05T11:49:33","date_gmt":"2022-01-05T10:49:33","guid":{"rendered":"https:\/\/a1-envirosciences.com\/produkte\/non%20class\u00e9\/modules-de-preparation-dechantillons-aox\/"},"modified":"2025-11-04T17:46:36","modified_gmt":"2025-11-04T16:46:36","slug":"modules-de-preparation-dechantillons-aox","status":"publish","type":"product","link":"https:\/\/a1-envirosciences.com\/fr\/produits\/analyse\/modules-de-preparation-dechantillons-aox\/","title":{"rendered":"Modules de pr\u00e9paration d&rsquo;\u00e9chantillons AOX"},"content":{"rendered":"<h3><strong>Vos avantages<\/strong><\/h3>\n<p><strong>3 modules disponibles :<\/strong> Enrichissement AOX30, module Ad \u00e0 5 canaux et SA-200 pour r\u00e9pondre \u00e0 vos besoins.<\/p>\n<p><strong>Fonctionnement conforme aux normes : <\/strong>l&rsquo;absence de pompes p\u00e9ristaltiques et de vannes sur le trajet de l&rsquo;\u00e9chantillon permet de faire passer l&rsquo;\u00e9chantillon sur la colonne \u00e0 un d\u00e9bit de 3 ml par minute et d&rsquo;\u00e9viter que des particules ne se coincent dans la vanne ou ne soient entra\u00een\u00e9es dans l&rsquo;\u00e9chantillon suivant.<\/p>\n<p><strong>Pour diff\u00e9rents param\u00e8tres : <\/strong>pour AOX ainsi que AOF, AOCl, AOBr et AOI pour une d\u00e9termination ult\u00e9rieure par combustion - Chromatographie Ionique (c-IC)<\/p>\n<p><strong>Conformit\u00e9 aux normes standard<\/strong>: Conformit\u00e9 totale aux normes EN NF ISO 9562 et DIN 38409-59<\/p>\n<h3><strong>Protection des ressources<\/strong><\/h3>\n<p><strong>Co\u00fbts de suivi r\u00e9duits : <\/strong>gr\u00e2ce aux mat\u00e9riaux de haute qualit\u00e9, les pi\u00e8ces ont une dur\u00e9e de vie tr\u00e8s longue.<\/p>\n<p><strong>Durabilit\u00e9 et utilisation minimale des ressources : <\/strong>la conception robuste r\u00e9duit l&rsquo;usure et le nombre de pi\u00e8ces \u00e0 changer.<\/p>\n<h3><strong>Facilit\u00e9 d&rsquo;utilisation<\/strong><\/h3>\n<p><strong>\u00c9chantillons possibles :<\/strong> Eau, eaux us\u00e9es, boues d&rsquo;\u00e9puration<\/p>\n<p><strong>Concentration : <\/strong>car les substances sont g\u00e9n\u00e9ralement pr\u00e9sentes en tr\u00e8s faible concentration et ne sont pas d\u00e9tectables autrement.<\/p>\n<p><strong>Logiciel flexible : <\/strong>\u00e0 installer sur votre propre PC et possibilit\u00e9 de corriger les erreurs de saisie<\/p>\n<p><strong>Nettoyage et entretien faciles :<\/strong> gr\u00e2ce \u00e0 une construction robuste<\/p>\n<p><strong>Diff\u00e9rentes possibilit\u00e9s d&rsquo;utilisation<\/strong>: par exemple pour<\/p>\n<ul>\n<li>Laboratoires commerciaux<\/li>\n<li>Stations d&rsquo;\u00e9puration<\/li>\n<li>Entreprises industrielles rejetant des eaux (us\u00e9es)<\/li>\n<\/ul>\n<h3><strong>Nos services pour vous<\/strong><\/h3>\n<p><strong>Formation compl\u00e8te :<\/strong> nous prenons en charge la formation de vos op\u00e9rateurs<\/p>\n<p><strong>M\u00eame apr\u00e8s l&rsquo;achat, nous sommes l\u00e0 pour vous aider :<\/strong> beaucoup de questions ne se posent que lorsque vous travaillez. Nous sommes l\u00e0 pour r\u00e9pondre \u00e0 toutes vos questions sur l&rsquo;appareil et vos mesures.<\/p>\n","protected":false},"excerpt":{"rendered":"<h5><strong><span style=\"color: #003671;\">Modules d&rsquo;enrichissement et filtration rapide<\/span><\/strong><\/h5>\n<p><span style=\"color: #003671;\">\u2713 Enrichir ou filtrer les \u00e9chantillons d&rsquo;AOX et d&rsquo;AOF<\/span><\/p>\n<p><span style=\"color: #003671;\">\u2713 M\u00e9thode des colonnes &amp; m\u00e9thode par agitation<\/span><\/p>\n<p><span style=\"color: #003671;\">\u2713 3 modules disponibles : adapt\u00e9s \u00e0 vos besoins<\/span><\/p>\n<p><span style=\"color: #003671;\">\u2713 Fonction m\u00e9moire pour s\u00e9curiser la mesure en cas de panne de courant<\/span><\/p>\n<p><span style=\"color: #003671;\">\u2713 Volume d&rsquo;enrichissement 5 \u00e0 100 ml<\/span><\/p>\n<p><span style=\"color: #003671;\">\u2713 M\u00e9thode de travail conforme aux normes<\/span><\/p>\n","protected":false},"featured_media":9100,"template":"","meta":{"_acf_changed":false},"product_brand":[],"product_cat":[988],"product_tag":[],"class_list":{"0":"post-11583","1":"product","2":"type-product","3":"status-publish","4":"has-post-thumbnail","6":"product_cat-analyse","7":"pa_1-unterkategorie-preparation-des-echantillons","8":"pa_2-unterkategorie-enrichissements","9":"pa_applikationen-liquide-alimentaire-eau-potable","10":"pa_applikationen-liquide-eau-eau-de-mer-fr","11":"pa_applikationen-liquide-eau-eau-de-mer","12":"pa_applikationen-liquide-eau-eau-de-pluie","13":"pa_applikationen-liquide-eau-eau-de-riviere","14":"pa_applikationen-liquide-eau-eau-souterraine","15":"pa_applikationen-liquide-eau-eaux-usees","16":"pa_einsatzgebiete-environnement","17":"pa_element-parameter-aof-aocl-aobr-aoi-fr","18":"pa_element-parameter-aox-eox-pox-fr","19":"pa_hersteller-a1-fr","20":"pa_hersteller-nittoseiko-analytech-fr","21":"pa_probentyp-fixe","22":"pa_probentyp-liquide","23":"pa_produktgruppe-parametres-totaux","24":"pa_sprachversion-fr-fr","25":"pa_standardmethoden-astm-d4744-fr","26":"pa_standardmethoden-din-38409-22-fr","27":"pa_standardmethoden-din-38409-59-fr","28":"pa_standardmethoden-din-38409-h14-fr","29":"pa_standardmethoden-din-38414-18-fr","30":"pa_standardmethoden-din-en-1485-fr","31":"pa_standardmethoden-en-iso-9562-fr","32":"pa_standardmethoden-epa-1650b-fr","33":"pa_standardmethoden-epa-9020b-fr","34":"pa_standardmethoden-epa-9021-fr","35":"pa_standardmethoden-gb-t-15959-fr","36":"pa_standardmethoden-iso-11480-fr","37":"pa_verfahren-und-methoden-enrichissement-des-echantillons","38":"pa_verfahren-und-methoden-methode-dagitation","39":"pa_verfahren-und-methoden-methode-des-colonnes","40":"pa_verfahren-und-methoden-methode-spe","42":"first","43":"instock","44":"shipping-taxable","45":"product-type-simple"},"acf":[],"yoast_head":"<!-- This site is optimized with the Yoast SEO plugin v27.3 - https:\/\/yoast.com\/product\/yoast-seo-wordpress\/ -->\n<title>Modules de pr\u00e9paration d&#039;\u00e9chantillons AOX - a1 Envirosciences<\/title>\n<meta name=\"description\" content=\"Enrichissement multicanaux pour l&#039;analyse des AOX avec\/sans SPE, enrichissement parall\u00e8le pour les AOX en colonne, filtration rapide sur frittes de c\u00e9ramique pour la m\u00e9thode par agitation.\" \/>\n<meta name=\"robots\" content=\"index, follow, max-snippet:-1, max-image-preview:large, max-video-preview:-1\" \/>\n<link rel=\"canonical\" href=\"https:\/\/a1-envirosciences.com\/fr\/produits\/analyse\/modules-de-preparation-dechantillons-aox\/\" \/>\n<meta property=\"og:locale\" content=\"fr_FR\" \/>\n<meta property=\"og:type\" content=\"article\" \/>\n<meta property=\"og:title\" content=\"Modules de pr\u00e9paration d&#039;\u00e9chantillons AOX - a1 Envirosciences\" \/>\n<meta property=\"og:description\" content=\"Enrichissement multicanaux pour l&#039;analyse des AOX avec\/sans SPE, enrichissement parall\u00e8le pour les AOX en colonne, filtration rapide sur frittes de c\u00e9ramique pour la m\u00e9thode par agitation.\" \/>\n<meta property=\"og:url\" content=\"https:\/\/a1-envirosciences.com\/fr\/produits\/analyse\/modules-de-preparation-dechantillons-aox\/\" \/>\n<meta property=\"og:site_name\" content=\"a1 Envirosciences\" \/>\n<meta property=\"article:modified_time\" content=\"2025-11-04T16:46:36+00:00\" \/>\n<meta property=\"og:image\" content=\"https:\/\/a1-envirosciences.com\/wp-content\/uploads\/2025\/03\/Anreicherung30.jpg\" \/>\n\t<meta property=\"og:image:width\" content=\"2160\" \/>\n\t<meta property=\"og:image:height\" content=\"2160\" \/>\n\t<meta property=\"og:image:type\" content=\"image\/jpeg\" \/>\n<meta name=\"twitter:card\" content=\"summary_large_image\" \/>\n<meta name=\"twitter:label1\" content=\"Dur\u00e9e de lecture estim\u00e9e\" \/>\n\t<meta name=\"twitter:data1\" content=\"2 minutes\" \/>\n<script type=\"application\/ld+json\" class=\"yoast-schema-graph\">{\"@context\":\"https:\\\/\\\/schema.org\",\"@graph\":[{\"@type\":\"WebPage\",\"@id\":\"https:\\\/\\\/a1-envirosciences.com\\\/fr\\\/produits\\\/analyse\\\/modules-de-preparation-dechantillons-aox\\\/\",\"url\":\"https:\\\/\\\/a1-envirosciences.com\\\/fr\\\/produits\\\/analyse\\\/modules-de-preparation-dechantillons-aox\\\/\",\"name\":\"Modules de pr\u00e9paration d'\u00e9chantillons AOX - a1 Envirosciences\",\"isPartOf\":{\"@id\":\"https:\\\/\\\/a1-envirosciences.com\\\/fr\\\/#website\"},\"primaryImageOfPage\":{\"@id\":\"https:\\\/\\\/a1-envirosciences.com\\\/fr\\\/produits\\\/analyse\\\/modules-de-preparation-dechantillons-aox\\\/#primaryimage\"},\"image\":{\"@id\":\"https:\\\/\\\/a1-envirosciences.com\\\/fr\\\/produits\\\/analyse\\\/modules-de-preparation-dechantillons-aox\\\/#primaryimage\"},\"thumbnailUrl\":\"https:\\\/\\\/a1-envirosciences.com\\\/wp-content\\\/uploads\\\/2025\\\/03\\\/Anreicherung30.jpg\",\"datePublished\":\"2022-01-05T10:49:33+00:00\",\"dateModified\":\"2025-11-04T16:46:36+00:00\",\"description\":\"Enrichissement multicanaux pour l'analyse des AOX avec\\\/sans SPE, enrichissement parall\u00e8le pour les AOX en colonne, filtration rapide sur frittes de c\u00e9ramique pour la m\u00e9thode par agitation.\",\"breadcrumb\":{\"@id\":\"https:\\\/\\\/a1-envirosciences.com\\\/fr\\\/produits\\\/analyse\\\/modules-de-preparation-dechantillons-aox\\\/#breadcrumb\"},\"inLanguage\":\"fr-FR\",\"potentialAction\":[{\"@type\":\"ReadAction\",\"target\":[\"https:\\\/\\\/a1-envirosciences.com\\\/fr\\\/produits\\\/analyse\\\/modules-de-preparation-dechantillons-aox\\\/\"]}]},{\"@type\":\"ImageObject\",\"inLanguage\":\"fr-FR\",\"@id\":\"https:\\\/\\\/a1-envirosciences.com\\\/fr\\\/produits\\\/analyse\\\/modules-de-preparation-dechantillons-aox\\\/#primaryimage\",\"url\":\"https:\\\/\\\/a1-envirosciences.com\\\/wp-content\\\/uploads\\\/2025\\\/03\\\/Anreicherung30.jpg\",\"contentUrl\":\"https:\\\/\\\/a1-envirosciences.com\\\/wp-content\\\/uploads\\\/2025\\\/03\\\/Anreicherung30.jpg\",\"width\":2160,\"height\":2160},{\"@type\":\"BreadcrumbList\",\"@id\":\"https:\\\/\\\/a1-envirosciences.com\\\/fr\\\/produits\\\/analyse\\\/modules-de-preparation-dechantillons-aox\\\/#breadcrumb\",\"itemListElement\":[{\"@type\":\"ListItem\",\"position\":1,\"name\":\"Home\",\"item\":\"https:\\\/\\\/a1-envirosciences.com\\\/fr\\\/\"},{\"@type\":\"ListItem\",\"position\":2,\"name\":\"Produits\",\"item\":\"https:\\\/\\\/a1-envirosciences.com\\\/fr\\\/shop\\\/\"},{\"@type\":\"ListItem\",\"position\":3,\"name\":\"Modules de pr\u00e9paration d&#8217;\u00e9chantillons AOX\"}]},{\"@type\":\"WebSite\",\"@id\":\"https:\\\/\\\/a1-envirosciences.com\\\/fr\\\/#website\",\"url\":\"https:\\\/\\\/a1-envirosciences.com\\\/fr\\\/\",\"name\":\"a1 Envirosciences\",\"description\":\"\",\"potentialAction\":[{\"@type\":\"SearchAction\",\"target\":{\"@type\":\"EntryPoint\",\"urlTemplate\":\"https:\\\/\\\/a1-envirosciences.com\\\/fr\\\/?s={search_term_string}\"},\"query-input\":{\"@type\":\"PropertyValueSpecification\",\"valueRequired\":true,\"valueName\":\"search_term_string\"}}],\"inLanguage\":\"fr-FR\"}]}<\/script>\n<!-- \/ Yoast SEO plugin. -->","yoast_head_json":{"title":"Modules de pr\u00e9paration d'\u00e9chantillons AOX - a1 Envirosciences","description":"Enrichissement multicanaux pour l'analyse des AOX avec\/sans SPE, enrichissement parall\u00e8le pour les AOX en colonne, filtration rapide sur frittes de c\u00e9ramique pour la m\u00e9thode par agitation.","robots":{"index":"index","follow":"follow","max-snippet":"max-snippet:-1","max-image-preview":"max-image-preview:large","max-video-preview":"max-video-preview:-1"},"canonical":"https:\/\/a1-envirosciences.com\/fr\/produits\/analyse\/modules-de-preparation-dechantillons-aox\/","og_locale":"fr_FR","og_type":"article","og_title":"Modules de pr\u00e9paration d'\u00e9chantillons AOX - a1 Envirosciences","og_description":"Enrichissement multicanaux pour l'analyse des AOX avec\/sans SPE, enrichissement parall\u00e8le pour les AOX en colonne, filtration rapide sur frittes de c\u00e9ramique pour la m\u00e9thode par agitation.","og_url":"https:\/\/a1-envirosciences.com\/fr\/produits\/analyse\/modules-de-preparation-dechantillons-aox\/","og_site_name":"a1 Envirosciences","article_modified_time":"2025-11-04T16:46:36+00:00","og_image":[{"width":2160,"height":2160,"url":"https:\/\/a1-envirosciences.com\/wp-content\/uploads\/2025\/03\/Anreicherung30.jpg","type":"image\/jpeg"}],"twitter_card":"summary_large_image","twitter_misc":{"Dur\u00e9e de lecture estim\u00e9e":"2 minutes"},"schema":{"@context":"https:\/\/schema.org","@graph":[{"@type":"WebPage","@id":"https:\/\/a1-envirosciences.com\/fr\/produits\/analyse\/modules-de-preparation-dechantillons-aox\/","url":"https:\/\/a1-envirosciences.com\/fr\/produits\/analyse\/modules-de-preparation-dechantillons-aox\/","name":"Modules de pr\u00e9paration d'\u00e9chantillons AOX - a1 Envirosciences","isPartOf":{"@id":"https:\/\/a1-envirosciences.com\/fr\/#website"},"primaryImageOfPage":{"@id":"https:\/\/a1-envirosciences.com\/fr\/produits\/analyse\/modules-de-preparation-dechantillons-aox\/#primaryimage"},"image":{"@id":"https:\/\/a1-envirosciences.com\/fr\/produits\/analyse\/modules-de-preparation-dechantillons-aox\/#primaryimage"},"thumbnailUrl":"https:\/\/a1-envirosciences.com\/wp-content\/uploads\/2025\/03\/Anreicherung30.jpg","datePublished":"2022-01-05T10:49:33+00:00","dateModified":"2025-11-04T16:46:36+00:00","description":"Enrichissement multicanaux pour l'analyse des AOX avec\/sans SPE, enrichissement parall\u00e8le pour les AOX en colonne, filtration rapide sur frittes de c\u00e9ramique pour la m\u00e9thode par agitation.","breadcrumb":{"@id":"https:\/\/a1-envirosciences.com\/fr\/produits\/analyse\/modules-de-preparation-dechantillons-aox\/#breadcrumb"},"inLanguage":"fr-FR","potentialAction":[{"@type":"ReadAction","target":["https:\/\/a1-envirosciences.com\/fr\/produits\/analyse\/modules-de-preparation-dechantillons-aox\/"]}]},{"@type":"ImageObject","inLanguage":"fr-FR","@id":"https:\/\/a1-envirosciences.com\/fr\/produits\/analyse\/modules-de-preparation-dechantillons-aox\/#primaryimage","url":"https:\/\/a1-envirosciences.com\/wp-content\/uploads\/2025\/03\/Anreicherung30.jpg","contentUrl":"https:\/\/a1-envirosciences.com\/wp-content\/uploads\/2025\/03\/Anreicherung30.jpg","width":2160,"height":2160},{"@type":"BreadcrumbList","@id":"https:\/\/a1-envirosciences.com\/fr\/produits\/analyse\/modules-de-preparation-dechantillons-aox\/#breadcrumb","itemListElement":[{"@type":"ListItem","position":1,"name":"Home","item":"https:\/\/a1-envirosciences.com\/fr\/"},{"@type":"ListItem","position":2,"name":"Produits","item":"https:\/\/a1-envirosciences.com\/fr\/shop\/"},{"@type":"ListItem","position":3,"name":"Modules de pr\u00e9paration d&#8217;\u00e9chantillons AOX"}]},{"@type":"WebSite","@id":"https:\/\/a1-envirosciences.com\/fr\/#website","url":"https:\/\/a1-envirosciences.com\/fr\/","name":"a1 Envirosciences","description":"","potentialAction":[{"@type":"SearchAction","target":{"@type":"EntryPoint","urlTemplate":"https:\/\/a1-envirosciences.com\/fr\/?s={search_term_string}"},"query-input":{"@type":"PropertyValueSpecification","valueRequired":true,"valueName":"search_term_string"}}],"inLanguage":"fr-FR"}]}},"_links":{"self":[{"href":"https:\/\/a1-envirosciences.com\/fr\/wp-json\/wp\/v2\/product\/11583","targetHints":{"allow":["GET"]}}],"collection":[{"href":"https:\/\/a1-envirosciences.com\/fr\/wp-json\/wp\/v2\/product"}],"about":[{"href":"https:\/\/a1-envirosciences.com\/fr\/wp-json\/wp\/v2\/types\/product"}],"wp:featuredmedia":[{"embeddable":true,"href":"https:\/\/a1-envirosciences.com\/fr\/wp-json\/wp\/v2\/media\/9100"}],"wp:attachment":[{"href":"https:\/\/a1-envirosciences.com\/fr\/wp-json\/wp\/v2\/media?parent=11583"}],"wp:term":[{"taxonomy":"product_brand","embeddable":true,"href":"https:\/\/a1-envirosciences.com\/fr\/wp-json\/wp\/v2\/product_brand?post=11583"},{"taxonomy":"product_cat","embeddable":true,"href":"https:\/\/a1-envirosciences.com\/fr\/wp-json\/wp\/v2\/product_cat?post=11583"},{"taxonomy":"product_tag","embeddable":true,"href":"https:\/\/a1-envirosciences.com\/fr\/wp-json\/wp\/v2\/product_tag?post=11583"}],"curies":[{"name":"wp","href":"https:\/\/api.w.org\/{rel}","templated":true}]}}