{"id":11589,"date":"2025-05-28T15:30:40","date_gmt":"2025-05-28T13:30:40","guid":{"rendered":"https:\/\/a1-envirosciences.com\/produkte\/non%20class\u00e9\/m6\/"},"modified":"2025-09-29T15:01:49","modified_gmt":"2025-09-29T13:01:49","slug":"m6","status":"publish","type":"product","link":"https:\/\/a1-envirosciences.com\/fr\/produits\/analyse\/m6\/","title":{"rendered":"M6"},"content":{"rendered":"<p><strong>Syst\u00e8me de digestion par micro-ondes<\/strong><\/p>\n<p>Le syst\u00e8me de digestion par micro-ondes M6 offre des solutions de pr\u00e9paration d&rsquo;\u00e9chantillons sur mesure, adapt\u00e9es \u00e0 vos besoins. Des mat\u00e9riaux de haute qualit\u00e9 et des fonctionnalit\u00e9s innovantes, telles que la reconnaissance automatique du rotor et des r\u00e9cipients d&rsquo;\u00e9chantillons, permettent des digestions fiables des oligo-\u00e9l\u00e9ments gr\u00e2ce \u00e0 un contr\u00f4le pr\u00e9cis de la temp\u00e9rature. Un indicateur d&rsquo;\u00e9tat par LED visualise l&rsquo;\u00e9tat de fonctionnement, tandis que l&rsquo;\u00e9cran LCD affiche la temp\u00e9rature de chaque r\u00e9cipient sous forme d&rsquo;histogramme. Le rotor flexible et extensible permet des applications polyvalentes telles que la digestion acide, l&rsquo;extraction par solvant et d&rsquo;autres m\u00e9thodes de pr\u00e9paration pour diff\u00e9rents types d&rsquo;\u00e9chantillons (par exemple, sols, aliments, produits pharmaceutiques, mat\u00e9riaux).<\/p>\n<p><strong>4 raisons de choisir le syst\u00e8me de digestion par micro-ondes M6<\/strong><\/p>\n<ol>\n<li>Reconnaissance automatique du rotor et des r\u00e9cipients pour un contr\u00f4le pr\u00e9cis de la temp\u00e9rature et affichage en temps r\u00e9el de la temp\u00e9rature de chaque r\u00e9cipient sous forme d&rsquo;histogramme.<\/li>\n<li>Base de donn\u00e9es de m\u00e9thodes pr\u00e9enregistr\u00e9es pour une utilisation simplifi\u00e9e.<\/li>\n<li>Rotors interchangeables pour diff\u00e9rentes applications.<\/li>\n<li>Syst\u00e8me de levage automatique du rotor pour une insertion et un retrait avec facilit\u00e9 et s\u00e9curit\u00e9.<\/li>\n<\/ol>\n<p><strong>Facilit\u00e9 d&rsquo;utilisation<\/strong><\/p>\n<ul>\n<li>M\u00e9thodes pr\u00e9enregistr\u00e9es pour une configuration rapide<\/li>\n<li>Interface logicielle intuitive<\/li>\n<li>Remplacement facile du rotor<\/li>\n<li>Explications d\u00e9taill\u00e9es des mesures de s\u00e9curit\u00e9<\/li>\n<\/ul>\n<p><strong>Performances de min\u00e9ralisation fiables<\/strong><\/p>\n<ul>\n<li>Solutions compl\u00e8tes pour une large gamme d&rsquo;\u00e9chantillons<\/li>\n<li>La temp\u00e9rature est mesur\u00e9e directement dans l&rsquo;\u00e9chantillon par infrarouge<\/li>\n<li>Dur\u00e9e de cycle g\u00e9n\u00e9ralement inf\u00e9rieure \u00e0 60 minutes<\/li>\n<\/ul>\n<p><strong>Rentabilit\u00e9 \u00e9lev\u00e9e<\/strong><\/p>\n<ul>\n<li>Faible consommation d&rsquo;acide<\/li>\n<li>R\u00e9cipients durables et r\u00e9utilisables<\/li>\n<\/ul>\n","protected":false},"excerpt":{"rendered":"<h5><span style=\"color: #003671;\"><strong>Syst\u00e8me\u00a0intelligent automatis\u00e9 de digestion par micro-ondes<\/strong><\/span><\/h5>\n<p><span style=\"color: #003671;\">\u2713 Facile \u00e0 utiliser et pratique<\/span><\/p>\n<p><span style=\"color: #003671;\">\u2713 S\u00fbr et efficace<\/span><\/p>\n<p><span style=\"color: #003671;\">\u2713 Compatible avec toutes les matrices d&rsquo;\u00e9chantillons<\/span><\/p>\n<p><span style=\"color: #003671;\">\u2713 Manipulation ais\u00e9e des r\u00e9cipients<\/span><\/p>\n","protected":false},"featured_media":9235,"template":"","meta":{"_acf_changed":false},"product_brand":[],"product_cat":[988],"product_tag":[],"class_list":{"0":"post-11589","1":"product","2":"type-product","3":"status-publish","4":"has-post-thumbnail","6":"product_cat-analyse","7":"pa_1-unterkategorie-preparation-des-echantillons","8":"pa_2-unterkategorie-appareils-de-mineralisation","9":"pa_einsatzgebiete-agriculture-alimentation","10":"pa_einsatzgebiete-alimentation","11":"pa_einsatzgebiete-alimentation-boissons","12":"pa_einsatzgebiete-chimie","13":"pa_einsatzgebiete-cosmetiques","14":"pa_einsatzgebiete-medecine","15":"pa_einsatzgebiete-petrochimie-petrole-gaz","16":"pa_einsatzgebiete-pharma-fr","17":"pa_einsatzgebiete-sciences-de-la-vie","18":"pa_element-parameter-graisse","19":"pa_element-parameter-stabilite","20":"pa_probentyp-fixe","21":"pa_probentyp-liquide","22":"pa_probentyp-pateux","23":"pa_produktgruppe-reacteur-a-stabilite-doxydation","24":"pa_produktgruppe-velp","25":"pa_verfahren-und-methoden-stabilite-a-loxydation","27":"first","28":"instock","29":"shipping-taxable","30":"product-type-simple"},"acf":[],"yoast_head":"<!-- This site is optimized with the Yoast SEO plugin v27.3 - https:\/\/yoast.com\/product\/yoast-seo-wordpress\/ -->\n<title>M6 - a1 Envirosciences<\/title>\n<meta name=\"description\" content=\"Le r\u00e9acteur VELP OXITEST acc\u00e9l\u00e8re le processus d&#039;oxydation des graisses, qui peut prendre des semaines ou des mois dans des conditions normales.\" \/>\n<meta name=\"robots\" content=\"index, follow, max-snippet:-1, max-image-preview:large, max-video-preview:-1\" \/>\n<link rel=\"canonical\" href=\"https:\/\/a1-envirosciences.com\/fr\/produits\/analyse\/m6\/\" \/>\n<meta property=\"og:locale\" content=\"fr_FR\" \/>\n<meta property=\"og:type\" content=\"article\" \/>\n<meta property=\"og:title\" content=\"M6 - a1 Envirosciences\" \/>\n<meta property=\"og:description\" content=\"Le r\u00e9acteur VELP OXITEST acc\u00e9l\u00e8re le processus d&#039;oxydation des graisses, qui peut prendre des semaines ou des mois dans des conditions normales.\" \/>\n<meta property=\"og:url\" content=\"https:\/\/a1-envirosciences.com\/fr\/produits\/analyse\/m6\/\" \/>\n<meta property=\"og:site_name\" content=\"a1 Envirosciences\" \/>\n<meta property=\"article:modified_time\" content=\"2025-09-29T13:01:49+00:00\" \/>\n<meta property=\"og:image\" content=\"https:\/\/a1-envirosciences.com\/wp-content\/uploads\/2025\/05\/M6-front.png\" \/>\n\t<meta property=\"og:image:width\" content=\"1000\" \/>\n\t<meta property=\"og:image:height\" content=\"1000\" \/>\n\t<meta property=\"og:image:type\" content=\"image\/png\" \/>\n<meta name=\"twitter:card\" content=\"summary_large_image\" \/>\n<meta name=\"twitter:label1\" content=\"Dur\u00e9e de lecture estim\u00e9e\" \/>\n\t<meta name=\"twitter:data1\" content=\"2 minutes\" \/>\n<script type=\"application\/ld+json\" class=\"yoast-schema-graph\">{\"@context\":\"https:\\\/\\\/schema.org\",\"@graph\":[{\"@type\":\"WebPage\",\"@id\":\"https:\\\/\\\/a1-envirosciences.com\\\/fr\\\/produits\\\/analyse\\\/m6\\\/\",\"url\":\"https:\\\/\\\/a1-envirosciences.com\\\/fr\\\/produits\\\/analyse\\\/m6\\\/\",\"name\":\"M6 - a1 Envirosciences\",\"isPartOf\":{\"@id\":\"https:\\\/\\\/a1-envirosciences.com\\\/fr\\\/#website\"},\"primaryImageOfPage\":{\"@id\":\"https:\\\/\\\/a1-envirosciences.com\\\/fr\\\/produits\\\/analyse\\\/m6\\\/#primaryimage\"},\"image\":{\"@id\":\"https:\\\/\\\/a1-envirosciences.com\\\/fr\\\/produits\\\/analyse\\\/m6\\\/#primaryimage\"},\"thumbnailUrl\":\"https:\\\/\\\/a1-envirosciences.com\\\/wp-content\\\/uploads\\\/2025\\\/05\\\/M6-front.png\",\"datePublished\":\"2025-05-28T13:30:40+00:00\",\"dateModified\":\"2025-09-29T13:01:49+00:00\",\"description\":\"Le r\u00e9acteur VELP OXITEST acc\u00e9l\u00e8re le processus d'oxydation des graisses, qui peut prendre des semaines ou des mois dans des conditions normales.\",\"breadcrumb\":{\"@id\":\"https:\\\/\\\/a1-envirosciences.com\\\/fr\\\/produits\\\/analyse\\\/m6\\\/#breadcrumb\"},\"inLanguage\":\"fr-FR\",\"potentialAction\":[{\"@type\":\"ReadAction\",\"target\":[\"https:\\\/\\\/a1-envirosciences.com\\\/fr\\\/produits\\\/analyse\\\/m6\\\/\"]}]},{\"@type\":\"ImageObject\",\"inLanguage\":\"fr-FR\",\"@id\":\"https:\\\/\\\/a1-envirosciences.com\\\/fr\\\/produits\\\/analyse\\\/m6\\\/#primaryimage\",\"url\":\"https:\\\/\\\/a1-envirosciences.com\\\/wp-content\\\/uploads\\\/2025\\\/05\\\/M6-front.png\",\"contentUrl\":\"https:\\\/\\\/a1-envirosciences.com\\\/wp-content\\\/uploads\\\/2025\\\/05\\\/M6-front.png\",\"width\":1000,\"height\":1000},{\"@type\":\"BreadcrumbList\",\"@id\":\"https:\\\/\\\/a1-envirosciences.com\\\/fr\\\/produits\\\/analyse\\\/m6\\\/#breadcrumb\",\"itemListElement\":[{\"@type\":\"ListItem\",\"position\":1,\"name\":\"Home\",\"item\":\"https:\\\/\\\/a1-envirosciences.com\\\/fr\\\/\"},{\"@type\":\"ListItem\",\"position\":2,\"name\":\"Produits\",\"item\":\"https:\\\/\\\/a1-envirosciences.com\\\/fr\\\/shop\\\/\"},{\"@type\":\"ListItem\",\"position\":3,\"name\":\"M6\"}]},{\"@type\":\"WebSite\",\"@id\":\"https:\\\/\\\/a1-envirosciences.com\\\/fr\\\/#website\",\"url\":\"https:\\\/\\\/a1-envirosciences.com\\\/fr\\\/\",\"name\":\"a1 Envirosciences\",\"description\":\"\",\"potentialAction\":[{\"@type\":\"SearchAction\",\"target\":{\"@type\":\"EntryPoint\",\"urlTemplate\":\"https:\\\/\\\/a1-envirosciences.com\\\/fr\\\/?s={search_term_string}\"},\"query-input\":{\"@type\":\"PropertyValueSpecification\",\"valueRequired\":true,\"valueName\":\"search_term_string\"}}],\"inLanguage\":\"fr-FR\"}]}<\/script>\n<!-- \/ Yoast SEO plugin. -->","yoast_head_json":{"title":"M6 - a1 Envirosciences","description":"Le r\u00e9acteur VELP OXITEST acc\u00e9l\u00e8re le processus d'oxydation des graisses, qui peut prendre des semaines ou des mois dans des conditions normales.","robots":{"index":"index","follow":"follow","max-snippet":"max-snippet:-1","max-image-preview":"max-image-preview:large","max-video-preview":"max-video-preview:-1"},"canonical":"https:\/\/a1-envirosciences.com\/fr\/produits\/analyse\/m6\/","og_locale":"fr_FR","og_type":"article","og_title":"M6 - a1 Envirosciences","og_description":"Le r\u00e9acteur VELP OXITEST acc\u00e9l\u00e8re le processus d'oxydation des graisses, qui peut prendre des semaines ou des mois dans des conditions normales.","og_url":"https:\/\/a1-envirosciences.com\/fr\/produits\/analyse\/m6\/","og_site_name":"a1 Envirosciences","article_modified_time":"2025-09-29T13:01:49+00:00","og_image":[{"width":1000,"height":1000,"url":"https:\/\/a1-envirosciences.com\/wp-content\/uploads\/2025\/05\/M6-front.png","type":"image\/png"}],"twitter_card":"summary_large_image","twitter_misc":{"Dur\u00e9e de lecture estim\u00e9e":"2 minutes"},"schema":{"@context":"https:\/\/schema.org","@graph":[{"@type":"WebPage","@id":"https:\/\/a1-envirosciences.com\/fr\/produits\/analyse\/m6\/","url":"https:\/\/a1-envirosciences.com\/fr\/produits\/analyse\/m6\/","name":"M6 - a1 Envirosciences","isPartOf":{"@id":"https:\/\/a1-envirosciences.com\/fr\/#website"},"primaryImageOfPage":{"@id":"https:\/\/a1-envirosciences.com\/fr\/produits\/analyse\/m6\/#primaryimage"},"image":{"@id":"https:\/\/a1-envirosciences.com\/fr\/produits\/analyse\/m6\/#primaryimage"},"thumbnailUrl":"https:\/\/a1-envirosciences.com\/wp-content\/uploads\/2025\/05\/M6-front.png","datePublished":"2025-05-28T13:30:40+00:00","dateModified":"2025-09-29T13:01:49+00:00","description":"Le r\u00e9acteur VELP OXITEST acc\u00e9l\u00e8re le processus d'oxydation des graisses, qui peut prendre des semaines ou des mois dans des conditions normales.","breadcrumb":{"@id":"https:\/\/a1-envirosciences.com\/fr\/produits\/analyse\/m6\/#breadcrumb"},"inLanguage":"fr-FR","potentialAction":[{"@type":"ReadAction","target":["https:\/\/a1-envirosciences.com\/fr\/produits\/analyse\/m6\/"]}]},{"@type":"ImageObject","inLanguage":"fr-FR","@id":"https:\/\/a1-envirosciences.com\/fr\/produits\/analyse\/m6\/#primaryimage","url":"https:\/\/a1-envirosciences.com\/wp-content\/uploads\/2025\/05\/M6-front.png","contentUrl":"https:\/\/a1-envirosciences.com\/wp-content\/uploads\/2025\/05\/M6-front.png","width":1000,"height":1000},{"@type":"BreadcrumbList","@id":"https:\/\/a1-envirosciences.com\/fr\/produits\/analyse\/m6\/#breadcrumb","itemListElement":[{"@type":"ListItem","position":1,"name":"Home","item":"https:\/\/a1-envirosciences.com\/fr\/"},{"@type":"ListItem","position":2,"name":"Produits","item":"https:\/\/a1-envirosciences.com\/fr\/shop\/"},{"@type":"ListItem","position":3,"name":"M6"}]},{"@type":"WebSite","@id":"https:\/\/a1-envirosciences.com\/fr\/#website","url":"https:\/\/a1-envirosciences.com\/fr\/","name":"a1 Envirosciences","description":"","potentialAction":[{"@type":"SearchAction","target":{"@type":"EntryPoint","urlTemplate":"https:\/\/a1-envirosciences.com\/fr\/?s={search_term_string}"},"query-input":{"@type":"PropertyValueSpecification","valueRequired":true,"valueName":"search_term_string"}}],"inLanguage":"fr-FR"}]}},"_links":{"self":[{"href":"https:\/\/a1-envirosciences.com\/fr\/wp-json\/wp\/v2\/product\/11589","targetHints":{"allow":["GET"]}}],"collection":[{"href":"https:\/\/a1-envirosciences.com\/fr\/wp-json\/wp\/v2\/product"}],"about":[{"href":"https:\/\/a1-envirosciences.com\/fr\/wp-json\/wp\/v2\/types\/product"}],"wp:featuredmedia":[{"embeddable":true,"href":"https:\/\/a1-envirosciences.com\/fr\/wp-json\/wp\/v2\/media\/9235"}],"wp:attachment":[{"href":"https:\/\/a1-envirosciences.com\/fr\/wp-json\/wp\/v2\/media?parent=11589"}],"wp:term":[{"taxonomy":"product_brand","embeddable":true,"href":"https:\/\/a1-envirosciences.com\/fr\/wp-json\/wp\/v2\/product_brand?post=11589"},{"taxonomy":"product_cat","embeddable":true,"href":"https:\/\/a1-envirosciences.com\/fr\/wp-json\/wp\/v2\/product_cat?post=11589"},{"taxonomy":"product_tag","embeddable":true,"href":"https:\/\/a1-envirosciences.com\/fr\/wp-json\/wp\/v2\/product_tag?post=11589"}],"curies":[{"name":"wp","href":"https:\/\/api.w.org\/{rel}","templated":true}]}}