{"id":11597,"date":"2022-01-01T08:11:04","date_gmt":"2022-01-01T07:11:04","guid":{"rendered":"https:\/\/a1-envirosciences.com\/produkte\/non%20class\u00e9\/aox-400\/"},"modified":"2025-11-04T17:46:32","modified_gmt":"2025-11-04T16:46:32","slug":"aox-400","status":"publish","type":"product","link":"https:\/\/a1-envirosciences.com\/fr\/produits\/analyse\/aox-400\/","title":{"rendered":"AOX-400"},"content":{"rendered":"<h3><strong>Vos avantages<\/strong><\/h3>\n<p><strong>Conformit\u00e9 aux normes standards<\/strong> : ISO EN NF 9562<\/p>\n<p><strong>Gain de place : <\/strong>n\u00e9cessite moins d&rsquo;un demi-m\u00e8tre de table de laboratoire<\/p>\n<p><strong>S\u00e9curit\u00e9 accrue : <\/strong>destruction de l&rsquo;acide ac\u00e9tique &amp; changement facile de l&rsquo;\u00e9lectrolyte de la cellule et de l&rsquo;acide sulfurique<\/p>\n<p><strong>Flexibilit\u00e9 maximale : <\/strong>gr\u00e2ce au passeur d&rsquo;\u00e9chantillons int\u00e9gr\u00e9 pour AOX et EOX &amp; combinaison de diff\u00e9rents modes de mesure AOX en une seule s\u00e9quence<\/p>\n<p><strong>Mesure rapide des EOX : <\/strong>r\u00e9cup\u00e9ration compl\u00e8te des substances lourdes en un temps de mesure tr\u00e8s court<\/p>\n<h3><strong>Protection des ressources<\/strong><\/h3>\n<p><strong>Con\u00e7u pour durer<\/strong>: fabrication robuste, utilisation claire &amp; simple, service et pi\u00e8ces de rechange. Un exemple : l&rsquo;analyseur TOX-100. Cette ligne d&rsquo;appareils a \u00e9t\u00e9 distribu\u00e9e par nos soins de 1997 \u00e0 2013. Aujourd&rsquo;hui encore, 85% de ces analyseurs sont en service - et sont r\u00e9par\u00e9s, entretenus et fournis en pi\u00e8ces d\u00e9tach\u00e9es.<\/p>\n<p><strong>Durabilit\u00e9 : <\/strong>Compatibilit\u00e9 avec d&rsquo;autres s\u00e9ries d&rsquo;instruments (avec tous les analyseurs de chlore a1, par exemple TOX-10, TOX-10sigma, TOX-100, TOX-300 et AOX-200) et pr\u00e9parations d&rsquo;\u00e9chantillons (modules de pr\u00e9paration d&rsquo;\u00e9chantillons AOX) &amp; pas besoin de gaz techniques en mode AOX<\/p>\n<p><strong>Utilisation minimale des ressources : <\/strong>gr\u00e2ce \u00e0 une construction robuste, l&rsquo;usure est moindre et les pi\u00e8ces donc \u00eatre remplac\u00e9es rarement.<\/p>\n<p><strong>Rentabilit\u00e9 : <\/strong>gr\u00e2ce \u00e0 l&rsquo;injection seule du charbon actif des colonnes AOX dans la chambre de combustion, aux fritt\u00e9s c\u00e9ramiques \u00e0 faible usure et \u00e0 l&rsquo;acheminement des gaz sans s\u00e9cheur Permapure<\/p>\n<h3><strong>Facilit\u00e9 d&rsquo;utilisation<\/strong><\/h3>\n<p><strong>\u00c9chantillons possibles :<\/strong> Eau, eaux us\u00e9es, \u00e9chantillons de sol (dig\u00e9r\u00e9s)<\/p>\n<p><strong>Nettoyage et entretien faciles :<\/strong> gr\u00e2ce \u00e0 la conception simple et robuste de l&rsquo;AOX-400<\/p>\n<p><strong>Logiciel intuitif : <\/strong>avec mode de navigation et contr\u00f4le qualit\u00e9 optimis\u00e9<\/p>\n<p><strong>Grande efficacit\u00e9 : <\/strong>temps de mesure courts, s\u00e9quences de mesure plus longues et maintenance r\u00e9duite<\/p>\n<p><strong>Four vertical<\/strong>: permet une combustion plus rapide et une usure moindre du tube de combustion.<\/p>\n<p><strong>Diff\u00e9rentes possibilit\u00e9s d&rsquo;utilisation<\/strong>: par exemple pour<\/p>\n<ul>\n<li>Laboratoires de prestations<\/li>\n<li>Stations d&rsquo;\u00e9puration<\/li>\n<li>Entreprises industrielles rejetant des eaux (us\u00e9es)<\/li>\n<li>Centrales \u00e9lectriques<\/li>\n<\/ul>\n<h3><strong>Nos services pour vous<\/strong><\/h3>\n<p><strong>Formation compl\u00e8te :<\/strong> nous prenons en charge la formation de vos op\u00e9rateurs<\/p>\n<p><strong>M\u00eame apr\u00e8s l&rsquo;achat, nous sommes l\u00e0 pour vous aider :<\/strong> de nombreuses questions surgissent lorsque vous travaillez. Nous sommes \u00e0 votre disposition pour r\u00e9pondre \u00e0 toutes vos questions sur l&rsquo;appareil et vos mesures.<\/p>\n","protected":false},"excerpt":{"rendered":"<h5><strong><span style=\"color: #003671;\">Analyse AOX et EOX enti\u00e8rement automatis\u00e9e<\/span><\/strong><\/h5>\n<p><span style=\"color: #003671;\">\u2713 Analyse rapide et facile des \u00e9chantillons d&rsquo;eau, d&rsquo;eaux us\u00e9es et de sol<\/span><\/p>\n<p><span style=\"color: #003671;\">\u2713 Combinaison de diff\u00e9rents modes de mesure AOX<\/span><\/p>\n<p><span style=\"color: #003671;\">\u2713 Rentabilit\u00e9 gr\u00e2ce \u00e0 l&rsquo;injection directe des colonnes AOX<\/span><\/p>\n<p><span style=\"color: #003671;\">\u2713 Syst\u00e8me peu encombrant<\/span><\/p>\n<p><span style=\"color: #003671;\">\u2713 Conception solide pour une long\u00e9vit\u00e9 accrue et un nettoyage ais\u00e9.<\/span><\/p>\n<p><span style=\"color: #003671;\">\u2713 Conformit\u00e9 aux normes standards ISO EN NF 9562<\/span><\/p>\n","protected":false},"featured_media":7219,"template":"","meta":{"_acf_changed":false},"product_brand":[],"product_cat":[988],"product_tag":[],"class_list":{"0":"post-11597","1":"product","2":"type-product","3":"status-publish","4":"has-post-thumbnail","6":"product_cat-analyse","7":"pa_1-unterkategorie-analyseurs-de-parametres-cumules","8":"pa_2-unterkategorie-aox-eox-pox-fr","9":"pa_applikationen-liquide-alimentaire-eau-potable","10":"pa_applikationen-liquide-eau-eau-de-mer-fr","11":"pa_applikationen-liquide-eau-eau-de-mer","12":"pa_applikationen-liquide-eau-eau-de-pluie","13":"pa_applikationen-liquide-eau-eau-de-riviere","14":"pa_applikationen-liquide-eau-eau-souterraine","15":"pa_applikationen-liquide-eau-eaux-usees","16":"pa_applikationen-solide-autre-charbon-actif","17":"pa_applikationen-solide-ressources-naturelles-terre","18":"pa_applikationen-solides-articles-menagers-papier","19":"pa_applikationen-solides-autres-boues-depuration","20":"pa_applikationen-solides-ressources-naturelles-charbon","21":"pa_einsatzgebiete-environnement","22":"pa_element-parameter-aox-eox-pox-fr","23":"pa_element-parameter-fluor-chlore-brome-iode","24":"pa_hersteller-nittoseiko-analytech-fr","25":"pa_probentyp-fixe","26":"pa_probentyp-liquide","27":"pa_produktgruppe-parametres-totaux","28":"pa_sprachversion-fr-fr","29":"pa_sprachversion-fr-fr-2","30":"pa_sprachversion-nl-fr","31":"pa_sprachversion-uk-fr","32":"pa_standardmethoden-astm-d4744-fr","33":"pa_standardmethoden-astm-d6721-fr","34":"pa_standardmethoden-din-38409-22-fr","35":"pa_standardmethoden-din-38409-32-fr","36":"pa_standardmethoden-din-38409-8-fr","37":"pa_standardmethoden-din-38409-h14-fr","38":"pa_standardmethoden-din-38414-17-fr","39":"pa_standardmethoden-din-38414-18-fr","40":"pa_standardmethoden-din-en-1485-fr","41":"pa_standardmethoden-en-iso-9562-fr","42":"pa_standardmethoden-epa-1650b-fr","43":"pa_standardmethoden-epa-9020b-fr","44":"pa_standardmethoden-epa-9021-fr","45":"pa_standardmethoden-epa-9023-fr","46":"pa_standardmethoden-gb-t-15959-fr","47":"pa_standardmethoden-iso-11480-fr","48":"pa_standardmethoden-oenorm-m-6614-fr","49":"pa_verfahren-und-methoden-methode-de-combustion","50":"pa_verfahren-und-methoden-titrage-coulometrique","51":"pa_verfahren-und-methoden-titrage-potentiometrique","53":"first","54":"instock","55":"shipping-taxable","56":"product-type-simple"},"acf":[],"yoast_head":"<!-- This site is optimized with the Yoast SEO plugin v27.3 - https:\/\/yoast.com\/product\/yoast-seo-wordpress\/ -->\n<title>AOX-400 - a1 Envirosciences<\/title>\n<meta name=\"description\" content=\"L&#039;AOX-400 est le dernier syst\u00e8me de la famille d&#039;appareils AOX\/EOX\/POX pour une analyse enti\u00e8rement automatis\u00e9e. Nous sommes votre interlocuteur pour les analyseurs.\" \/>\n<meta name=\"robots\" content=\"index, follow, max-snippet:-1, max-image-preview:large, max-video-preview:-1\" \/>\n<link rel=\"canonical\" href=\"https:\/\/a1-envirosciences.com\/fr\/produits\/analyse\/aox-400\/\" \/>\n<meta property=\"og:locale\" content=\"fr_FR\" \/>\n<meta property=\"og:type\" content=\"article\" \/>\n<meta property=\"og:title\" content=\"AOX-400 - a1 Envirosciences\" \/>\n<meta property=\"og:description\" content=\"L&#039;AOX-400 est le dernier syst\u00e8me de la famille d&#039;appareils AOX\/EOX\/POX pour une analyse enti\u00e8rement automatis\u00e9e. Nous sommes votre interlocuteur pour les analyseurs.\" \/>\n<meta property=\"og:url\" content=\"https:\/\/a1-envirosciences.com\/fr\/produits\/analyse\/aox-400\/\" \/>\n<meta property=\"og:site_name\" content=\"a1 Envirosciences\" \/>\n<meta property=\"article:modified_time\" content=\"2025-11-04T16:46:32+00:00\" \/>\n<meta property=\"og:image\" content=\"https:\/\/a1-envirosciences.com\/wp-content\/uploads\/2022\/02\/AOX-400_Titelbild-scaled.jpg\" \/>\n\t<meta property=\"og:image:width\" content=\"2560\" \/>\n\t<meta property=\"og:image:height\" content=\"2560\" \/>\n\t<meta property=\"og:image:type\" content=\"image\/jpeg\" \/>\n<meta name=\"twitter:card\" content=\"summary_large_image\" \/>\n<meta name=\"twitter:label1\" content=\"Dur\u00e9e de lecture estim\u00e9e\" \/>\n\t<meta name=\"twitter:data1\" content=\"3 minutes\" \/>\n<script type=\"application\/ld+json\" class=\"yoast-schema-graph\">{\"@context\":\"https:\\\/\\\/schema.org\",\"@graph\":[{\"@type\":\"WebPage\",\"@id\":\"https:\\\/\\\/a1-envirosciences.com\\\/fr\\\/produits\\\/analyse\\\/aox-400\\\/\",\"url\":\"https:\\\/\\\/a1-envirosciences.com\\\/fr\\\/produits\\\/analyse\\\/aox-400\\\/\",\"name\":\"AOX-400 - a1 Envirosciences\",\"isPartOf\":{\"@id\":\"https:\\\/\\\/a1-envirosciences.com\\\/fr\\\/#website\"},\"primaryImageOfPage\":{\"@id\":\"https:\\\/\\\/a1-envirosciences.com\\\/fr\\\/produits\\\/analyse\\\/aox-400\\\/#primaryimage\"},\"image\":{\"@id\":\"https:\\\/\\\/a1-envirosciences.com\\\/fr\\\/produits\\\/analyse\\\/aox-400\\\/#primaryimage\"},\"thumbnailUrl\":\"https:\\\/\\\/a1-envirosciences.com\\\/wp-content\\\/uploads\\\/2022\\\/02\\\/AOX-400_Titelbild-scaled.jpg\",\"datePublished\":\"2022-01-01T07:11:04+00:00\",\"dateModified\":\"2025-11-04T16:46:32+00:00\",\"description\":\"L'AOX-400 est le dernier syst\u00e8me de la famille d'appareils AOX\\\/EOX\\\/POX pour une analyse enti\u00e8rement automatis\u00e9e. Nous sommes votre interlocuteur pour les analyseurs.\",\"breadcrumb\":{\"@id\":\"https:\\\/\\\/a1-envirosciences.com\\\/fr\\\/produits\\\/analyse\\\/aox-400\\\/#breadcrumb\"},\"inLanguage\":\"fr-FR\",\"potentialAction\":[{\"@type\":\"ReadAction\",\"target\":[\"https:\\\/\\\/a1-envirosciences.com\\\/fr\\\/produits\\\/analyse\\\/aox-400\\\/\"]}]},{\"@type\":\"ImageObject\",\"inLanguage\":\"fr-FR\",\"@id\":\"https:\\\/\\\/a1-envirosciences.com\\\/fr\\\/produits\\\/analyse\\\/aox-400\\\/#primaryimage\",\"url\":\"https:\\\/\\\/a1-envirosciences.com\\\/wp-content\\\/uploads\\\/2022\\\/02\\\/AOX-400_Titelbild-scaled.jpg\",\"contentUrl\":\"https:\\\/\\\/a1-envirosciences.com\\\/wp-content\\\/uploads\\\/2022\\\/02\\\/AOX-400_Titelbild-scaled.jpg\",\"width\":2560,\"height\":2560,\"caption\":\"AOX\"},{\"@type\":\"BreadcrumbList\",\"@id\":\"https:\\\/\\\/a1-envirosciences.com\\\/fr\\\/produits\\\/analyse\\\/aox-400\\\/#breadcrumb\",\"itemListElement\":[{\"@type\":\"ListItem\",\"position\":1,\"name\":\"Home\",\"item\":\"https:\\\/\\\/a1-envirosciences.com\\\/fr\\\/\"},{\"@type\":\"ListItem\",\"position\":2,\"name\":\"Produits\",\"item\":\"https:\\\/\\\/a1-envirosciences.com\\\/fr\\\/shop\\\/\"},{\"@type\":\"ListItem\",\"position\":3,\"name\":\"AOX-400\"}]},{\"@type\":\"WebSite\",\"@id\":\"https:\\\/\\\/a1-envirosciences.com\\\/fr\\\/#website\",\"url\":\"https:\\\/\\\/a1-envirosciences.com\\\/fr\\\/\",\"name\":\"a1 Envirosciences\",\"description\":\"\",\"potentialAction\":[{\"@type\":\"SearchAction\",\"target\":{\"@type\":\"EntryPoint\",\"urlTemplate\":\"https:\\\/\\\/a1-envirosciences.com\\\/fr\\\/?s={search_term_string}\"},\"query-input\":{\"@type\":\"PropertyValueSpecification\",\"valueRequired\":true,\"valueName\":\"search_term_string\"}}],\"inLanguage\":\"fr-FR\"}]}<\/script>\n<!-- \/ Yoast SEO plugin. -->","yoast_head_json":{"title":"AOX-400 - a1 Envirosciences","description":"L'AOX-400 est le dernier syst\u00e8me de la famille d'appareils AOX\/EOX\/POX pour une analyse enti\u00e8rement automatis\u00e9e. Nous sommes votre interlocuteur pour les analyseurs.","robots":{"index":"index","follow":"follow","max-snippet":"max-snippet:-1","max-image-preview":"max-image-preview:large","max-video-preview":"max-video-preview:-1"},"canonical":"https:\/\/a1-envirosciences.com\/fr\/produits\/analyse\/aox-400\/","og_locale":"fr_FR","og_type":"article","og_title":"AOX-400 - a1 Envirosciences","og_description":"L'AOX-400 est le dernier syst\u00e8me de la famille d'appareils AOX\/EOX\/POX pour une analyse enti\u00e8rement automatis\u00e9e. Nous sommes votre interlocuteur pour les analyseurs.","og_url":"https:\/\/a1-envirosciences.com\/fr\/produits\/analyse\/aox-400\/","og_site_name":"a1 Envirosciences","article_modified_time":"2025-11-04T16:46:32+00:00","og_image":[{"width":2560,"height":2560,"url":"https:\/\/a1-envirosciences.com\/wp-content\/uploads\/2022\/02\/AOX-400_Titelbild-scaled.jpg","type":"image\/jpeg"}],"twitter_card":"summary_large_image","twitter_misc":{"Dur\u00e9e de lecture estim\u00e9e":"3 minutes"},"schema":{"@context":"https:\/\/schema.org","@graph":[{"@type":"WebPage","@id":"https:\/\/a1-envirosciences.com\/fr\/produits\/analyse\/aox-400\/","url":"https:\/\/a1-envirosciences.com\/fr\/produits\/analyse\/aox-400\/","name":"AOX-400 - a1 Envirosciences","isPartOf":{"@id":"https:\/\/a1-envirosciences.com\/fr\/#website"},"primaryImageOfPage":{"@id":"https:\/\/a1-envirosciences.com\/fr\/produits\/analyse\/aox-400\/#primaryimage"},"image":{"@id":"https:\/\/a1-envirosciences.com\/fr\/produits\/analyse\/aox-400\/#primaryimage"},"thumbnailUrl":"https:\/\/a1-envirosciences.com\/wp-content\/uploads\/2022\/02\/AOX-400_Titelbild-scaled.jpg","datePublished":"2022-01-01T07:11:04+00:00","dateModified":"2025-11-04T16:46:32+00:00","description":"L'AOX-400 est le dernier syst\u00e8me de la famille d'appareils AOX\/EOX\/POX pour une analyse enti\u00e8rement automatis\u00e9e. Nous sommes votre interlocuteur pour les analyseurs.","breadcrumb":{"@id":"https:\/\/a1-envirosciences.com\/fr\/produits\/analyse\/aox-400\/#breadcrumb"},"inLanguage":"fr-FR","potentialAction":[{"@type":"ReadAction","target":["https:\/\/a1-envirosciences.com\/fr\/produits\/analyse\/aox-400\/"]}]},{"@type":"ImageObject","inLanguage":"fr-FR","@id":"https:\/\/a1-envirosciences.com\/fr\/produits\/analyse\/aox-400\/#primaryimage","url":"https:\/\/a1-envirosciences.com\/wp-content\/uploads\/2022\/02\/AOX-400_Titelbild-scaled.jpg","contentUrl":"https:\/\/a1-envirosciences.com\/wp-content\/uploads\/2022\/02\/AOX-400_Titelbild-scaled.jpg","width":2560,"height":2560,"caption":"AOX"},{"@type":"BreadcrumbList","@id":"https:\/\/a1-envirosciences.com\/fr\/produits\/analyse\/aox-400\/#breadcrumb","itemListElement":[{"@type":"ListItem","position":1,"name":"Home","item":"https:\/\/a1-envirosciences.com\/fr\/"},{"@type":"ListItem","position":2,"name":"Produits","item":"https:\/\/a1-envirosciences.com\/fr\/shop\/"},{"@type":"ListItem","position":3,"name":"AOX-400"}]},{"@type":"WebSite","@id":"https:\/\/a1-envirosciences.com\/fr\/#website","url":"https:\/\/a1-envirosciences.com\/fr\/","name":"a1 Envirosciences","description":"","potentialAction":[{"@type":"SearchAction","target":{"@type":"EntryPoint","urlTemplate":"https:\/\/a1-envirosciences.com\/fr\/?s={search_term_string}"},"query-input":{"@type":"PropertyValueSpecification","valueRequired":true,"valueName":"search_term_string"}}],"inLanguage":"fr-FR"}]}},"_links":{"self":[{"href":"https:\/\/a1-envirosciences.com\/fr\/wp-json\/wp\/v2\/product\/11597","targetHints":{"allow":["GET"]}}],"collection":[{"href":"https:\/\/a1-envirosciences.com\/fr\/wp-json\/wp\/v2\/product"}],"about":[{"href":"https:\/\/a1-envirosciences.com\/fr\/wp-json\/wp\/v2\/types\/product"}],"wp:featuredmedia":[{"embeddable":true,"href":"https:\/\/a1-envirosciences.com\/fr\/wp-json\/wp\/v2\/media\/7219"}],"wp:attachment":[{"href":"https:\/\/a1-envirosciences.com\/fr\/wp-json\/wp\/v2\/media?parent=11597"}],"wp:term":[{"taxonomy":"product_brand","embeddable":true,"href":"https:\/\/a1-envirosciences.com\/fr\/wp-json\/wp\/v2\/product_brand?post=11597"},{"taxonomy":"product_cat","embeddable":true,"href":"https:\/\/a1-envirosciences.com\/fr\/wp-json\/wp\/v2\/product_cat?post=11597"},{"taxonomy":"product_tag","embeddable":true,"href":"https:\/\/a1-envirosciences.com\/fr\/wp-json\/wp\/v2\/product_tag?post=11597"}],"curies":[{"name":"wp","href":"https:\/\/api.w.org\/{rel}","templated":true}]}}