{"id":11598,"date":"2025-05-28T15:10:34","date_gmt":"2025-05-28T13:10:34","guid":{"rendered":"https:\/\/a1-envirosciences.com\/produkte\/non%20class\u00e9\/m3\/"},"modified":"2025-09-29T15:09:28","modified_gmt":"2025-09-29T13:09:28","slug":"m3","status":"publish","type":"product","link":"https:\/\/a1-envirosciences.com\/fr\/produits\/analyse\/m3\/","title":{"rendered":"M3"},"content":{"rendered":"<p><strong>Syst\u00e8me de digestion par micro-ondes<\/strong><\/p>\n<p>Le M3 red\u00e9finit l&rsquo;entr\u00e9e de gamme des syst\u00e8mes de digestion par micro-ondes. Gr\u00e2ce \u00e0 une technologie avanc\u00e9e de mesure de la temp\u00e9rature directement dans chaque r\u00e9cipient, le syst\u00e8me M3 permet une digestion pr\u00e9cise des oligo-\u00e9l\u00e9ments, m\u00eame avec des \u00e9chantillons complexes. Le syst\u00e8me prend en charge le chauffage pr\u00e9cis par rampes et paliers, gr\u00e2ce \u00e0 l&rsquo;\u00e9talonnage de la temp\u00e9rature, am\u00e9liorant consid\u00e9rablement l&rsquo;exp\u00e9rience utilisateur. La base de donn\u00e9es de m\u00e9thodes pr\u00e9enregistr\u00e9e et pr\u00eate \u00e0 l&rsquo;utilisation, simplifie la configuration et le d\u00e9veloppement de nouvelles applications. Le rotor flexible et modulable permet une utilisation polyvalente du syst\u00e8me, des digestions acides et des extractions par solvant \u00e0 d&rsquo;autres pr\u00e9parations d&rsquo;\u00e9chantillons de matrices tr\u00e8s vari\u00e9es telles que les sols, les aliments ou les produits pharmaceutiques.<\/p>\n<p><strong>M3 \u2013 De nouvelles r\u00e9f\u00e9rences pour la digestion par micro-ondes d&rsquo;entr\u00e9e de gamme<\/strong><\/p>\n<ol>\n<li>Mesure r\u00e9elle de la temp\u00e9rature au niveau du r\u00e9cipient d&rsquo;\u00e9chantillon pour une fiabilit\u00e9 op\u00e9rationnelle maximale<\/li>\n<li>Base de donn\u00e9es de m\u00e9thodes pr\u00e9enregistr\u00e9es pour une utilisation imm\u00e9diate et un fonctionnement simplifi\u00e9<\/li>\n<li>Existe plusieurs modes de chauffage, tout comme l\u2019\u00e9talonnage de la temp\u00e9rature pour am\u00e9liorer les performances de digestion<\/li>\n<li>L&rsquo;\u00e9limination des consommables conventionnels offre des avantages \u00e9conomiques<\/li>\n<\/ol>\n","protected":false},"excerpt":{"rendered":"<h5><span style=\"color: #003671;\"><strong>Nouvelle conception pour la digestion par micro-ondes en entr\u00e9e de gamme<\/strong><\/span><\/h5>\n<p><span style=\"color: #003671;\">\u2713 Conception compacte, haute efficacit\u00e9 \u00e9nerg\u00e9tique, co\u00fbts d&rsquo;exploitation minimes<\/span><\/p>\n<p><span style=\"color: #003671;\">\u2713 10 cuves haute pression ou 16 cuves standard disponibles<\/span><\/p>\n<p><span style=\"color: #003671;\">\u2713 Digestion et refroidissement par lots rapides (&lt; 1 heure) pour tous les types d&rsquo;\u00e9chantillons courants<\/span><\/p>\n","protected":false},"featured_media":9208,"template":"","meta":{"_acf_changed":false},"product_brand":[],"product_cat":[988],"product_tag":[],"class_list":{"0":"post-11598","1":"product","2":"type-product","3":"status-publish","4":"has-post-thumbnail","6":"product_cat-analyse","7":"pa_1-unterkategorie-preparation-des-echantillons","8":"pa_2-unterkategorie-appareils-de-mineralisation","9":"pa_einsatzgebiete-agriculture-alimentation","10":"pa_einsatzgebiete-alimentation","11":"pa_einsatzgebiete-alimentation-boissons","12":"pa_einsatzgebiete-chimie","13":"pa_einsatzgebiete-cosmetiques","14":"pa_einsatzgebiete-medecine","15":"pa_einsatzgebiete-petrochimie-petrole-gaz","16":"pa_einsatzgebiete-pharma-fr","17":"pa_einsatzgebiete-sciences-de-la-vie","18":"pa_element-parameter-graisse","19":"pa_element-parameter-stabilite","20":"pa_probentyp-fixe","21":"pa_probentyp-liquide","22":"pa_probentyp-pateux","23":"pa_produktgruppe-reacteur-a-stabilite-doxydation","24":"pa_produktgruppe-velp","25":"pa_verfahren-und-methoden-stabilite-a-loxydation","27":"first","28":"instock","29":"shipping-taxable","30":"product-type-simple"},"acf":[],"yoast_head":"<!-- This site is optimized with the Yoast SEO plugin v27.3 - https:\/\/yoast.com\/product\/yoast-seo-wordpress\/ -->\n<title>M3 - a1 Envirosciences<\/title>\n<meta name=\"description\" content=\"Le r\u00e9acteur VELP OXITEST acc\u00e9l\u00e8re le processus d&#039;oxydation des graisses, qui peut prendre des semaines ou des mois dans des conditions normales.\" \/>\n<meta name=\"robots\" content=\"index, follow, max-snippet:-1, max-image-preview:large, max-video-preview:-1\" \/>\n<link rel=\"canonical\" href=\"https:\/\/a1-envirosciences.com\/fr\/produits\/analyse\/m3\/\" \/>\n<meta property=\"og:locale\" content=\"fr_FR\" \/>\n<meta property=\"og:type\" content=\"article\" \/>\n<meta property=\"og:title\" content=\"M3 - a1 Envirosciences\" \/>\n<meta property=\"og:description\" content=\"Le r\u00e9acteur VELP OXITEST acc\u00e9l\u00e8re le processus d&#039;oxydation des graisses, qui peut prendre des semaines ou des mois dans des conditions normales.\" \/>\n<meta property=\"og:url\" content=\"https:\/\/a1-envirosciences.com\/fr\/produits\/analyse\/m3\/\" \/>\n<meta property=\"og:site_name\" content=\"a1 Envirosciences\" \/>\n<meta property=\"article:modified_time\" content=\"2025-09-29T13:09:28+00:00\" \/>\n<meta property=\"og:image\" content=\"https:\/\/a1-envirosciences.com\/wp-content\/uploads\/2025\/05\/M3.jpg\" \/>\n\t<meta property=\"og:image:width\" content=\"2154\" \/>\n\t<meta property=\"og:image:height\" content=\"2551\" \/>\n\t<meta property=\"og:image:type\" content=\"image\/jpeg\" \/>\n<meta name=\"twitter:card\" content=\"summary_large_image\" \/>\n<meta name=\"twitter:label1\" content=\"Dur\u00e9e de lecture estim\u00e9e\" \/>\n\t<meta name=\"twitter:data1\" content=\"2 minutes\" \/>\n<script type=\"application\/ld+json\" class=\"yoast-schema-graph\">{\"@context\":\"https:\\\/\\\/schema.org\",\"@graph\":[{\"@type\":\"WebPage\",\"@id\":\"https:\\\/\\\/a1-envirosciences.com\\\/fr\\\/produits\\\/analyse\\\/m3\\\/\",\"url\":\"https:\\\/\\\/a1-envirosciences.com\\\/fr\\\/produits\\\/analyse\\\/m3\\\/\",\"name\":\"M3 - a1 Envirosciences\",\"isPartOf\":{\"@id\":\"https:\\\/\\\/a1-envirosciences.com\\\/fr\\\/#website\"},\"primaryImageOfPage\":{\"@id\":\"https:\\\/\\\/a1-envirosciences.com\\\/fr\\\/produits\\\/analyse\\\/m3\\\/#primaryimage\"},\"image\":{\"@id\":\"https:\\\/\\\/a1-envirosciences.com\\\/fr\\\/produits\\\/analyse\\\/m3\\\/#primaryimage\"},\"thumbnailUrl\":\"https:\\\/\\\/a1-envirosciences.com\\\/wp-content\\\/uploads\\\/2025\\\/05\\\/M3.jpg\",\"datePublished\":\"2025-05-28T13:10:34+00:00\",\"dateModified\":\"2025-09-29T13:09:28+00:00\",\"description\":\"Le r\u00e9acteur VELP OXITEST acc\u00e9l\u00e8re le processus d'oxydation des graisses, qui peut prendre des semaines ou des mois dans des conditions normales.\",\"breadcrumb\":{\"@id\":\"https:\\\/\\\/a1-envirosciences.com\\\/fr\\\/produits\\\/analyse\\\/m3\\\/#breadcrumb\"},\"inLanguage\":\"fr-FR\",\"potentialAction\":[{\"@type\":\"ReadAction\",\"target\":[\"https:\\\/\\\/a1-envirosciences.com\\\/fr\\\/produits\\\/analyse\\\/m3\\\/\"]}]},{\"@type\":\"ImageObject\",\"inLanguage\":\"fr-FR\",\"@id\":\"https:\\\/\\\/a1-envirosciences.com\\\/fr\\\/produits\\\/analyse\\\/m3\\\/#primaryimage\",\"url\":\"https:\\\/\\\/a1-envirosciences.com\\\/wp-content\\\/uploads\\\/2025\\\/05\\\/M3.jpg\",\"contentUrl\":\"https:\\\/\\\/a1-envirosciences.com\\\/wp-content\\\/uploads\\\/2025\\\/05\\\/M3.jpg\",\"width\":2154,\"height\":2551},{\"@type\":\"BreadcrumbList\",\"@id\":\"https:\\\/\\\/a1-envirosciences.com\\\/fr\\\/produits\\\/analyse\\\/m3\\\/#breadcrumb\",\"itemListElement\":[{\"@type\":\"ListItem\",\"position\":1,\"name\":\"Home\",\"item\":\"https:\\\/\\\/a1-envirosciences.com\\\/fr\\\/\"},{\"@type\":\"ListItem\",\"position\":2,\"name\":\"Produits\",\"item\":\"https:\\\/\\\/a1-envirosciences.com\\\/fr\\\/shop\\\/\"},{\"@type\":\"ListItem\",\"position\":3,\"name\":\"M3\"}]},{\"@type\":\"WebSite\",\"@id\":\"https:\\\/\\\/a1-envirosciences.com\\\/fr\\\/#website\",\"url\":\"https:\\\/\\\/a1-envirosciences.com\\\/fr\\\/\",\"name\":\"a1 Envirosciences\",\"description\":\"\",\"potentialAction\":[{\"@type\":\"SearchAction\",\"target\":{\"@type\":\"EntryPoint\",\"urlTemplate\":\"https:\\\/\\\/a1-envirosciences.com\\\/fr\\\/?s={search_term_string}\"},\"query-input\":{\"@type\":\"PropertyValueSpecification\",\"valueRequired\":true,\"valueName\":\"search_term_string\"}}],\"inLanguage\":\"fr-FR\"}]}<\/script>\n<!-- \/ Yoast SEO plugin. -->","yoast_head_json":{"title":"M3 - a1 Envirosciences","description":"Le r\u00e9acteur VELP OXITEST acc\u00e9l\u00e8re le processus d'oxydation des graisses, qui peut prendre des semaines ou des mois dans des conditions normales.","robots":{"index":"index","follow":"follow","max-snippet":"max-snippet:-1","max-image-preview":"max-image-preview:large","max-video-preview":"max-video-preview:-1"},"canonical":"https:\/\/a1-envirosciences.com\/fr\/produits\/analyse\/m3\/","og_locale":"fr_FR","og_type":"article","og_title":"M3 - a1 Envirosciences","og_description":"Le r\u00e9acteur VELP OXITEST acc\u00e9l\u00e8re le processus d'oxydation des graisses, qui peut prendre des semaines ou des mois dans des conditions normales.","og_url":"https:\/\/a1-envirosciences.com\/fr\/produits\/analyse\/m3\/","og_site_name":"a1 Envirosciences","article_modified_time":"2025-09-29T13:09:28+00:00","og_image":[{"width":2154,"height":2551,"url":"https:\/\/a1-envirosciences.com\/wp-content\/uploads\/2025\/05\/M3.jpg","type":"image\/jpeg"}],"twitter_card":"summary_large_image","twitter_misc":{"Dur\u00e9e de lecture estim\u00e9e":"2 minutes"},"schema":{"@context":"https:\/\/schema.org","@graph":[{"@type":"WebPage","@id":"https:\/\/a1-envirosciences.com\/fr\/produits\/analyse\/m3\/","url":"https:\/\/a1-envirosciences.com\/fr\/produits\/analyse\/m3\/","name":"M3 - a1 Envirosciences","isPartOf":{"@id":"https:\/\/a1-envirosciences.com\/fr\/#website"},"primaryImageOfPage":{"@id":"https:\/\/a1-envirosciences.com\/fr\/produits\/analyse\/m3\/#primaryimage"},"image":{"@id":"https:\/\/a1-envirosciences.com\/fr\/produits\/analyse\/m3\/#primaryimage"},"thumbnailUrl":"https:\/\/a1-envirosciences.com\/wp-content\/uploads\/2025\/05\/M3.jpg","datePublished":"2025-05-28T13:10:34+00:00","dateModified":"2025-09-29T13:09:28+00:00","description":"Le r\u00e9acteur VELP OXITEST acc\u00e9l\u00e8re le processus d'oxydation des graisses, qui peut prendre des semaines ou des mois dans des conditions normales.","breadcrumb":{"@id":"https:\/\/a1-envirosciences.com\/fr\/produits\/analyse\/m3\/#breadcrumb"},"inLanguage":"fr-FR","potentialAction":[{"@type":"ReadAction","target":["https:\/\/a1-envirosciences.com\/fr\/produits\/analyse\/m3\/"]}]},{"@type":"ImageObject","inLanguage":"fr-FR","@id":"https:\/\/a1-envirosciences.com\/fr\/produits\/analyse\/m3\/#primaryimage","url":"https:\/\/a1-envirosciences.com\/wp-content\/uploads\/2025\/05\/M3.jpg","contentUrl":"https:\/\/a1-envirosciences.com\/wp-content\/uploads\/2025\/05\/M3.jpg","width":2154,"height":2551},{"@type":"BreadcrumbList","@id":"https:\/\/a1-envirosciences.com\/fr\/produits\/analyse\/m3\/#breadcrumb","itemListElement":[{"@type":"ListItem","position":1,"name":"Home","item":"https:\/\/a1-envirosciences.com\/fr\/"},{"@type":"ListItem","position":2,"name":"Produits","item":"https:\/\/a1-envirosciences.com\/fr\/shop\/"},{"@type":"ListItem","position":3,"name":"M3"}]},{"@type":"WebSite","@id":"https:\/\/a1-envirosciences.com\/fr\/#website","url":"https:\/\/a1-envirosciences.com\/fr\/","name":"a1 Envirosciences","description":"","potentialAction":[{"@type":"SearchAction","target":{"@type":"EntryPoint","urlTemplate":"https:\/\/a1-envirosciences.com\/fr\/?s={search_term_string}"},"query-input":{"@type":"PropertyValueSpecification","valueRequired":true,"valueName":"search_term_string"}}],"inLanguage":"fr-FR"}]}},"_links":{"self":[{"href":"https:\/\/a1-envirosciences.com\/fr\/wp-json\/wp\/v2\/product\/11598","targetHints":{"allow":["GET"]}}],"collection":[{"href":"https:\/\/a1-envirosciences.com\/fr\/wp-json\/wp\/v2\/product"}],"about":[{"href":"https:\/\/a1-envirosciences.com\/fr\/wp-json\/wp\/v2\/types\/product"}],"wp:featuredmedia":[{"embeddable":true,"href":"https:\/\/a1-envirosciences.com\/fr\/wp-json\/wp\/v2\/media\/9208"}],"wp:attachment":[{"href":"https:\/\/a1-envirosciences.com\/fr\/wp-json\/wp\/v2\/media?parent=11598"}],"wp:term":[{"taxonomy":"product_brand","embeddable":true,"href":"https:\/\/a1-envirosciences.com\/fr\/wp-json\/wp\/v2\/product_brand?post=11598"},{"taxonomy":"product_cat","embeddable":true,"href":"https:\/\/a1-envirosciences.com\/fr\/wp-json\/wp\/v2\/product_cat?post=11598"},{"taxonomy":"product_tag","embeddable":true,"href":"https:\/\/a1-envirosciences.com\/fr\/wp-json\/wp\/v2\/product_tag?post=11598"}],"curies":[{"name":"wp","href":"https:\/\/api.w.org\/{rel}","templated":true}]}}