{"id":11607,"date":"2022-01-01T08:10:59","date_gmt":"2022-01-01T07:10:59","guid":{"rendered":"https:\/\/a1-envirosciences.com\/produkte\/non%20class\u00e9\/nsx-5000\/"},"modified":"2025-11-04T17:46:28","modified_gmt":"2025-11-04T16:46:28","slug":"nsx-5000","status":"publish","type":"product","link":"https:\/\/a1-envirosciences.com\/fr\/produits\/analyse\/nsx-5000\/","title":{"rendered":"NSX-5000"},"content":{"rendered":"<h3><strong>Vos avantages<\/strong><\/h3>\n<p><strong>Conformit\u00e9 aux normes standard<\/strong>: Conformit\u00e9 aux normes avec un grand nombre de proc\u00e9dures standardis\u00e9es<\/p>\n<p><strong>Une seule configuration d&rsquo;injection : <\/strong>quel que soit l&rsquo;\u00e9chantillon<\/p>\n<p><strong>Reproductibilit\u00e9 optimale <\/strong>et faibles \u00e9carts de valeurs mesur\u00e9es<\/p>\n<p><strong>Syst\u00e8me modulaire : <\/strong>offre la possibilit\u00e9 d&rsquo;\u00e9voluer en fonction de vos besoins<\/p>\n<p><strong>Mesure des halog\u00e8nes :<\/strong>ais\u00e9ment transformable en syst\u00e8me de combustion-Chromatographie Ionique Vertical<\/p>\n<p><strong>Micro Coulom\u00e8tre<\/strong>: disponible, pour une d\u00e9termination simplifi\u00e9e du chlore<\/p>\n<p><strong>Disposition flexible du four : <\/strong>soit verticale pour les grands volumes d&rsquo;\u00e9chantillons, soit horizontale pour une flexibilit\u00e9 maximale<\/p>\n<h3><strong>Protection des ressources<\/strong><\/h3>\n<p><strong>Con\u00e7u pour durer<\/strong>: fabrication robuste, utilisation claire &amp; simple, service et pi\u00e8ces de rechange.<\/p>\n<p>Un exemple de la long\u00e9vit\u00e9 de nos produits : l&rsquo;analyseur TOX-100. Cette ligne d&rsquo;appareils a \u00e9t\u00e9 commercialis\u00e9e par nos soins de 1997 \u00e0 2013. Aujourd&rsquo;hui encore, 85% de ces analyseurs sont en service - et sont r\u00e9par\u00e9s, entretenus et fournis en pi\u00e8ces d\u00e9tach\u00e9es.<\/p>\n<p><strong>Utilisation minimale des ressources : <\/strong>gr\u00e2ce \u00e0 une construction robuste, l&rsquo;usure est moindre et les pi\u00e8ces seront donc \u00eatre remplac\u00e9es rarement.<\/p>\n<p><strong>Rentabilit\u00e9 : <\/strong>gr\u00e2ce \u00e0 la fonction brevet\u00e9e Micro-Auto-Dilution, qui dilue automatiquement les \u00e9chantillons et les \u00e9talons dans la seringue de pr\u00e9l\u00e8vement.<\/p>\n<h3><strong>Facilit\u00e9 d&rsquo;utilisation<\/strong><\/h3>\n<p><strong>\u00c9chantillons possibles :<\/strong> par exemple, diesel, essence, p\u00e9trole brut, lubrifiants<\/p>\n<p><strong>Conditions de combustion id\u00e9ales :<\/strong> pour toutes les substances<\/p>\n<p><strong>Des donn\u00e9es coh\u00e9rentes et d&rsquo;excellents r\u00e9sultats :<\/strong> malgr\u00e9 des matrices tr\u00e8s diff\u00e9rentes et des composants instables<\/p>\n<p><strong>Nettoyage et maintenance faciles :<\/strong> gr\u00e2ce \u00e0 l&rsquo;acc\u00e8s ais\u00e9 aux parties essentielles et \u00e0 la conception robuste des composants du NSX-5000<\/p>\n<p><strong>Micro-auto-dilution (MAD) brevet\u00e9e : <\/strong>les \u00e9chantillons et les \u00e9talons sont automatiquement dilu\u00e9s in-situ pendant le pr\u00e9l\u00e8vement des \u00e9chantillons<strong>. <\/strong><\/p>\n<p><strong>Logiciel intuitif : <\/strong>\u00e9talonnage et rapports complets inclus<\/p>\n<p><strong>Diff\u00e9rentes possibilit\u00e9s d&rsquo;utilisation<\/strong>: par exemple pour<\/p>\n<ul>\n<li>Raffineries<\/li>\n<li>Industrie (p\u00e9tro)chimique<\/li>\n<li>Laboratoires environnementaux<\/li>\n<\/ul>\n<h3><strong>Nos services pour vous<br \/>\n<\/strong><\/h3>\n<p><strong>Un syst\u00e8me rien que pour vous : <\/strong>flexibilit\u00e9 maximale gr\u00e2ce \u00e0 la conception modulaire et aux diff\u00e9rents modules d&rsquo;introduction d&rsquo;\u00e9chantillons, du four, du d\u00e9tecteur et du couplage<\/p>\n<p><strong>Formation compl\u00e8te :<\/strong> nous prenons en charge la formation de vos op\u00e9rateurs<\/p>\n<p><strong>M\u00eame apr\u00e8s l&rsquo;achat, nous sommes l\u00e0 pour vous aider :<\/strong> de nombreuses questions surgissent lorsque vous travaillez. Nous sommes \u00e0 votre disposition pour r\u00e9pondre \u00e0 toutes vos questions sur l&rsquo;appareil et vos mesures.<\/p>\n<p><strong>Assistance et pi\u00e8ces de rechange :<\/strong> 10 ans au moins \u00e0 partir de la date d&rsquo;achat<\/p>\n<p><strong>20 ans de savoir-faire pour votre probl\u00e8me analytique : <\/strong>profitez de plus de 20 ans d&rsquo;exp\u00e9rience et de connaissances. Nous vous aidons, que vous souhaitiez une application sp\u00e9cifique, que vous disposiez d\u00e9j\u00e0 d&rsquo;un appareil, que vous souhaitiez modifier votre syst\u00e8me ou que vous deviez faire face \u00e0 de nouvelles exigences applicatives.<\/p>\n","protected":false},"excerpt":{"rendered":"<h5><strong><span style=\"color: #003671;\">Flexibilit\u00e9 maximale pour une analyse parfaite du S N Cl<\/span><\/strong><\/h5>\n<p><span style=\"color: #003671;\">\u2713 La conception modulaire du syst\u00e8me permet une flexibilit\u00e9 maximale<\/span><\/p>\n<p><span style=\"color: #003671;\">\u2713 Pour les \u00e9chantillons solides, liquides et gazeux<\/span><\/p>\n<p><span style=\"color: #003671;\">\u2713 Fonction brevet\u00e9e de micro-auto-dilution<\/span><\/p>\n<p><span style=\"color: #003671;\">\u2713 Conformit\u00e9 \u00e0 un grand nombre de m\u00e9thodes standardis\u00e9es<\/span><\/p>\n","protected":false},"featured_media":8884,"template":"","meta":{"_acf_changed":false},"product_brand":[],"product_cat":[988],"product_tag":[],"class_list":{"0":"post-11607","1":"product","2":"type-product","3":"status-publish","4":"has-post-thumbnail","6":"product_cat-analyse","7":"pa_1-unterkategorie-analyseurs-de-parametres-cumules","8":"pa_1-unterkategorie-analyseurs-elementaires","9":"pa_2-unterkategorie-analyseurs-dazote","10":"pa_2-unterkategorie-analyseurs-de-soufre","11":"pa_2-unterkategorie-aox-eox-pox-fr","12":"pa_applikationen-gaz-exploration-de-matieres-premieres-gaz-souterrain","13":"pa_applikationen-gaz-ressources-petrolieres-gaz-liquefie","14":"pa_applikationen-gaz-ressources-petrolieres-gaz-naturel","15":"pa_applikationen-liquide-alimentaire-eau-potable","16":"pa_applikationen-liquide-eau-eau-de-mer","17":"pa_applikationen-liquide-eau-eau-de-mer-fr","18":"pa_applikationen-liquide-eau-eau-de-pluie","19":"pa_applikationen-liquide-eau-eau-de-riviere","20":"pa_applikationen-liquide-eau-eau-souterraine","21":"pa_applikationen-liquide-eau-eaux-usees","22":"pa_applikationen-liquide-objets-menagers-peinture","23":"pa_applikationen-liquide-petrole-condensat-de-gaz","24":"pa_applikationen-liquide-petrole-essence","25":"pa_applikationen-liquide-petrole-fioul-lourd","26":"pa_applikationen-liquide-petrole-goudron-de-houille","27":"pa_applikationen-liquide-petrole-naphta","28":"pa_applikationen-liquide-petrole-petrole","29":"pa_applikationen-matiere-solide-engrais-aliments-pour-animaux-aliments-pour-animaux","30":"pa_applikationen-matiere-solide-engrais-aliments-pour-animaux-engrais","31":"pa_applikationen-matiere-solide-ressources-naturelles-bois","32":"pa_applikationen-solide-autre-charbon-actif","33":"pa_applikationen-solide-objets-menagers-adhesif","34":"pa_applikationen-solide-objets-menagers-cire","35":"pa_applikationen-solide-objets-menagers-tissu","36":"pa_applikationen-solide-ressources-naturelles-terre","37":"pa_applikationen-solides-articles-menagers-papier","38":"pa_applikationen-solides-articles-menagers-produits-dhygiene","39":"pa_applikationen-solides-autres-boues-depuration","40":"pa_applikationen-solides-industrie-catalyseurs","41":"pa_applikationen-solides-industrie-plastique","42":"pa_applikationen-solides-ressources-naturelles-charbon","43":"pa_einsatzgebiete-agriculture-alimentation","44":"pa_einsatzgebiete-biens-de-consommation","45":"pa_einsatzgebiete-chimie","46":"pa_einsatzgebiete-dechets-recyclage","47":"pa_einsatzgebiete-energie-fr","48":"pa_einsatzgebiete-energie-renouvelable","49":"pa_einsatzgebiete-environnement","50":"pa_einsatzgebiete-petrochimie-petrole-gaz","51":"pa_einsatzgebiete-pharma-fr","52":"pa_einsatzgebiete-technologie-des-batteries","53":"pa_element-parameter-aox-eox-pox-fr","54":"pa_element-parameter-azote","55":"pa_element-parameter-fluor-chlore-brome-iode","56":"pa_element-parameter-soufre","57":"pa_hersteller-nittoseiko-analytech-fr","58":"pa_probentyp-fixe","59":"pa_probentyp-gazeux","60":"pa_probentyp-gpl-gnl","61":"pa_probentyp-liquide","62":"pa_produktgruppe-analyse-elementaire","63":"pa_produktgruppe-parametres-totaux","64":"pa_sprachversion-fr-fr","65":"pa_standardmethoden-astm-d3120-fr","66":"pa_standardmethoden-astm-d3246-fr","67":"pa_standardmethoden-astm-d3961-fr","68":"pa_standardmethoden-astm-d4629-fr","69":"pa_standardmethoden-astm-d4744-fr","70":"pa_standardmethoden-astm-d4929-fr","71":"pa_standardmethoden-astm-d5176-fr","72":"pa_standardmethoden-astm-d5194-fr","73":"pa_standardmethoden-astm-d5453-fr","74":"pa_standardmethoden-astm-d5762-fr","75":"pa_standardmethoden-astm-d5808-fr","76":"pa_standardmethoden-astm-d6069-fr","77":"pa_standardmethoden-astm-d6667-fr","78":"pa_standardmethoden-astm-d6721-fr","79":"pa_standardmethoden-astm-d7183-fr","80":"pa_standardmethoden-astm-d7184-fr","81":"pa_standardmethoden-astm-d7457-fr","82":"pa_standardmethoden-astm-d7551-fr","83":"pa_standardmethoden-astm-d7620-fr","84":"pa_standardmethoden-din-38409-22-fr","85":"pa_standardmethoden-din-38409-32-fr","86":"pa_standardmethoden-din-38409-8-fr","87":"pa_standardmethoden-din-38409-h14-fr","88":"pa_standardmethoden-din-38414-17-fr","89":"pa_standardmethoden-din-38414-18-fr","90":"pa_standardmethoden-din-51400-7-fr","91":"pa_standardmethoden-din-51408-fr","92":"pa_standardmethoden-din-51444-fr","93":"pa_standardmethoden-din-en-14077-fr","94":"pa_standardmethoden-din-en-1485-fr","95":"pa_standardmethoden-din-en-5486-fr","96":"pa_standardmethoden-en-17178-fr","97":"pa_standardmethoden-en-iso-9562-fr","98":"pa_standardmethoden-epa-1650b-fr","99":"pa_standardmethoden-epa-9020b-fr","100":"pa_standardmethoden-epa-9021-fr","101":"pa_standardmethoden-epa-9023-fr","102":"pa_standardmethoden-gb-t-11060-4-fr","103":"pa_standardmethoden-gb-t-11061-fr","104":"pa_standardmethoden-gb-t-15959-fr","105":"pa_standardmethoden-gb-t-17674-fr","106":"pa_standardmethoden-ip-490-fr","107":"pa_standardmethoden-iso-11480-fr","108":"pa_standardmethoden-iso-20846-fr","109":"pa_standardmethoden-jis-k2541-fr","110":"pa_standardmethoden-oenorm-m-6614-fr","111":"pa_standardmethoden-uop-910-fr","112":"pa_verfahren-und-methoden-chimioluminescence","113":"pa_verfahren-und-methoden-fluorescence-uv","114":"pa_verfahren-und-methoden-hydropyrolyse-fr","115":"pa_verfahren-und-methoden-ic-de-combustion","116":"pa_verfahren-und-methoden-methode-de-combustion","117":"pa_verfahren-und-methoden-titrage-potentiometrique","118":"pa_verfahren-und-methoden-traitement-des-gaz","120":"first","121":"instock","122":"shipping-taxable","123":"product-type-simple"},"acf":[],"yoast_head":"<!-- This site is optimized with the Yoast SEO plugin v27.3 - https:\/\/yoast.com\/product\/yoast-seo-wordpress\/ -->\n<title>NSX-5000 - a1 Envirosciences<\/title>\n<meta name=\"description\" content=\"Le NSX-2100 est un syst\u00e8me de mesure pour la d\u00e9termination de S, N, Cl (coulom\u00e9trique) ainsi que F, Br, I, S (c-IC) dans des \u00e9chantillons solides, liquides et gazeux.\" \/>\n<meta name=\"robots\" content=\"index, follow, max-snippet:-1, max-image-preview:large, max-video-preview:-1\" \/>\n<link rel=\"canonical\" href=\"https:\/\/a1-envirosciences.com\/fr\/produits\/analyse\/nsx-5000\/\" \/>\n<meta property=\"og:locale\" content=\"fr_FR\" \/>\n<meta property=\"og:type\" content=\"article\" \/>\n<meta property=\"og:title\" content=\"NSX-5000 - a1 Envirosciences\" \/>\n<meta property=\"og:description\" content=\"Le NSX-2100 est un syst\u00e8me de mesure pour la d\u00e9termination de S, N, Cl (coulom\u00e9trique) ainsi que F, Br, I, S (c-IC) dans des \u00e9chantillons solides, liquides et gazeux.\" \/>\n<meta property=\"og:url\" content=\"https:\/\/a1-envirosciences.com\/fr\/produits\/analyse\/nsx-5000\/\" \/>\n<meta property=\"og:site_name\" content=\"a1 Envirosciences\" \/>\n<meta property=\"article:modified_time\" content=\"2025-11-04T16:46:28+00:00\" \/>\n<meta property=\"og:image\" content=\"https:\/\/a1-envirosciences.com\/wp-content\/uploads\/2024\/01\/Quadratische-Vorlage4.jpg\" \/>\n\t<meta property=\"og:image:width\" content=\"1250\" \/>\n\t<meta property=\"og:image:height\" content=\"1250\" \/>\n\t<meta property=\"og:image:type\" content=\"image\/jpeg\" \/>\n<meta name=\"twitter:card\" content=\"summary_large_image\" \/>\n<meta name=\"twitter:label1\" content=\"Dur\u00e9e de lecture estim\u00e9e\" \/>\n\t<meta name=\"twitter:data1\" content=\"3 minutes\" \/>\n<script type=\"application\/ld+json\" class=\"yoast-schema-graph\">{\"@context\":\"https:\\\/\\\/schema.org\",\"@graph\":[{\"@type\":\"WebPage\",\"@id\":\"https:\\\/\\\/a1-envirosciences.com\\\/fr\\\/produits\\\/analyse\\\/nsx-5000\\\/\",\"url\":\"https:\\\/\\\/a1-envirosciences.com\\\/fr\\\/produits\\\/analyse\\\/nsx-5000\\\/\",\"name\":\"NSX-5000 - a1 Envirosciences\",\"isPartOf\":{\"@id\":\"https:\\\/\\\/a1-envirosciences.com\\\/fr\\\/#website\"},\"primaryImageOfPage\":{\"@id\":\"https:\\\/\\\/a1-envirosciences.com\\\/fr\\\/produits\\\/analyse\\\/nsx-5000\\\/#primaryimage\"},\"image\":{\"@id\":\"https:\\\/\\\/a1-envirosciences.com\\\/fr\\\/produits\\\/analyse\\\/nsx-5000\\\/#primaryimage\"},\"thumbnailUrl\":\"https:\\\/\\\/a1-envirosciences.com\\\/wp-content\\\/uploads\\\/2024\\\/01\\\/Quadratische-Vorlage4.jpg\",\"datePublished\":\"2022-01-01T07:10:59+00:00\",\"dateModified\":\"2025-11-04T16:46:28+00:00\",\"description\":\"Le NSX-2100 est un syst\u00e8me de mesure pour la d\u00e9termination de S, N, Cl (coulom\u00e9trique) ainsi que F, Br, I, S (c-IC) dans des \u00e9chantillons solides, liquides et gazeux.\",\"breadcrumb\":{\"@id\":\"https:\\\/\\\/a1-envirosciences.com\\\/fr\\\/produits\\\/analyse\\\/nsx-5000\\\/#breadcrumb\"},\"inLanguage\":\"fr-FR\",\"potentialAction\":[{\"@type\":\"ReadAction\",\"target\":[\"https:\\\/\\\/a1-envirosciences.com\\\/fr\\\/produits\\\/analyse\\\/nsx-5000\\\/\"]}]},{\"@type\":\"ImageObject\",\"inLanguage\":\"fr-FR\",\"@id\":\"https:\\\/\\\/a1-envirosciences.com\\\/fr\\\/produits\\\/analyse\\\/nsx-5000\\\/#primaryimage\",\"url\":\"https:\\\/\\\/a1-envirosciences.com\\\/wp-content\\\/uploads\\\/2024\\\/01\\\/Quadratische-Vorlage4.jpg\",\"contentUrl\":\"https:\\\/\\\/a1-envirosciences.com\\\/wp-content\\\/uploads\\\/2024\\\/01\\\/Quadratische-Vorlage4.jpg\",\"width\":1250,\"height\":1250},{\"@type\":\"BreadcrumbList\",\"@id\":\"https:\\\/\\\/a1-envirosciences.com\\\/fr\\\/produits\\\/analyse\\\/nsx-5000\\\/#breadcrumb\",\"itemListElement\":[{\"@type\":\"ListItem\",\"position\":1,\"name\":\"Home\",\"item\":\"https:\\\/\\\/a1-envirosciences.com\\\/fr\\\/\"},{\"@type\":\"ListItem\",\"position\":2,\"name\":\"Produits\",\"item\":\"https:\\\/\\\/a1-envirosciences.com\\\/fr\\\/shop\\\/\"},{\"@type\":\"ListItem\",\"position\":3,\"name\":\"NSX-5000\"}]},{\"@type\":\"WebSite\",\"@id\":\"https:\\\/\\\/a1-envirosciences.com\\\/fr\\\/#website\",\"url\":\"https:\\\/\\\/a1-envirosciences.com\\\/fr\\\/\",\"name\":\"a1 Envirosciences\",\"description\":\"\",\"potentialAction\":[{\"@type\":\"SearchAction\",\"target\":{\"@type\":\"EntryPoint\",\"urlTemplate\":\"https:\\\/\\\/a1-envirosciences.com\\\/fr\\\/?s={search_term_string}\"},\"query-input\":{\"@type\":\"PropertyValueSpecification\",\"valueRequired\":true,\"valueName\":\"search_term_string\"}}],\"inLanguage\":\"fr-FR\"}]}<\/script>\n<!-- \/ Yoast SEO plugin. -->","yoast_head_json":{"title":"NSX-5000 - a1 Envirosciences","description":"Le NSX-2100 est un syst\u00e8me de mesure pour la d\u00e9termination de S, N, Cl (coulom\u00e9trique) ainsi que F, Br, I, S (c-IC) dans des \u00e9chantillons solides, liquides et gazeux.","robots":{"index":"index","follow":"follow","max-snippet":"max-snippet:-1","max-image-preview":"max-image-preview:large","max-video-preview":"max-video-preview:-1"},"canonical":"https:\/\/a1-envirosciences.com\/fr\/produits\/analyse\/nsx-5000\/","og_locale":"fr_FR","og_type":"article","og_title":"NSX-5000 - a1 Envirosciences","og_description":"Le NSX-2100 est un syst\u00e8me de mesure pour la d\u00e9termination de S, N, Cl (coulom\u00e9trique) ainsi que F, Br, I, S (c-IC) dans des \u00e9chantillons solides, liquides et gazeux.","og_url":"https:\/\/a1-envirosciences.com\/fr\/produits\/analyse\/nsx-5000\/","og_site_name":"a1 Envirosciences","article_modified_time":"2025-11-04T16:46:28+00:00","og_image":[{"width":1250,"height":1250,"url":"https:\/\/a1-envirosciences.com\/wp-content\/uploads\/2024\/01\/Quadratische-Vorlage4.jpg","type":"image\/jpeg"}],"twitter_card":"summary_large_image","twitter_misc":{"Dur\u00e9e de lecture estim\u00e9e":"3 minutes"},"schema":{"@context":"https:\/\/schema.org","@graph":[{"@type":"WebPage","@id":"https:\/\/a1-envirosciences.com\/fr\/produits\/analyse\/nsx-5000\/","url":"https:\/\/a1-envirosciences.com\/fr\/produits\/analyse\/nsx-5000\/","name":"NSX-5000 - a1 Envirosciences","isPartOf":{"@id":"https:\/\/a1-envirosciences.com\/fr\/#website"},"primaryImageOfPage":{"@id":"https:\/\/a1-envirosciences.com\/fr\/produits\/analyse\/nsx-5000\/#primaryimage"},"image":{"@id":"https:\/\/a1-envirosciences.com\/fr\/produits\/analyse\/nsx-5000\/#primaryimage"},"thumbnailUrl":"https:\/\/a1-envirosciences.com\/wp-content\/uploads\/2024\/01\/Quadratische-Vorlage4.jpg","datePublished":"2022-01-01T07:10:59+00:00","dateModified":"2025-11-04T16:46:28+00:00","description":"Le NSX-2100 est un syst\u00e8me de mesure pour la d\u00e9termination de S, N, Cl (coulom\u00e9trique) ainsi que F, Br, I, S (c-IC) dans des \u00e9chantillons solides, liquides et gazeux.","breadcrumb":{"@id":"https:\/\/a1-envirosciences.com\/fr\/produits\/analyse\/nsx-5000\/#breadcrumb"},"inLanguage":"fr-FR","potentialAction":[{"@type":"ReadAction","target":["https:\/\/a1-envirosciences.com\/fr\/produits\/analyse\/nsx-5000\/"]}]},{"@type":"ImageObject","inLanguage":"fr-FR","@id":"https:\/\/a1-envirosciences.com\/fr\/produits\/analyse\/nsx-5000\/#primaryimage","url":"https:\/\/a1-envirosciences.com\/wp-content\/uploads\/2024\/01\/Quadratische-Vorlage4.jpg","contentUrl":"https:\/\/a1-envirosciences.com\/wp-content\/uploads\/2024\/01\/Quadratische-Vorlage4.jpg","width":1250,"height":1250},{"@type":"BreadcrumbList","@id":"https:\/\/a1-envirosciences.com\/fr\/produits\/analyse\/nsx-5000\/#breadcrumb","itemListElement":[{"@type":"ListItem","position":1,"name":"Home","item":"https:\/\/a1-envirosciences.com\/fr\/"},{"@type":"ListItem","position":2,"name":"Produits","item":"https:\/\/a1-envirosciences.com\/fr\/shop\/"},{"@type":"ListItem","position":3,"name":"NSX-5000"}]},{"@type":"WebSite","@id":"https:\/\/a1-envirosciences.com\/fr\/#website","url":"https:\/\/a1-envirosciences.com\/fr\/","name":"a1 Envirosciences","description":"","potentialAction":[{"@type":"SearchAction","target":{"@type":"EntryPoint","urlTemplate":"https:\/\/a1-envirosciences.com\/fr\/?s={search_term_string}"},"query-input":{"@type":"PropertyValueSpecification","valueRequired":true,"valueName":"search_term_string"}}],"inLanguage":"fr-FR"}]}},"_links":{"self":[{"href":"https:\/\/a1-envirosciences.com\/fr\/wp-json\/wp\/v2\/product\/11607","targetHints":{"allow":["GET"]}}],"collection":[{"href":"https:\/\/a1-envirosciences.com\/fr\/wp-json\/wp\/v2\/product"}],"about":[{"href":"https:\/\/a1-envirosciences.com\/fr\/wp-json\/wp\/v2\/types\/product"}],"wp:featuredmedia":[{"embeddable":true,"href":"https:\/\/a1-envirosciences.com\/fr\/wp-json\/wp\/v2\/media\/8884"}],"wp:attachment":[{"href":"https:\/\/a1-envirosciences.com\/fr\/wp-json\/wp\/v2\/media?parent=11607"}],"wp:term":[{"taxonomy":"product_brand","embeddable":true,"href":"https:\/\/a1-envirosciences.com\/fr\/wp-json\/wp\/v2\/product_brand?post=11607"},{"taxonomy":"product_cat","embeddable":true,"href":"https:\/\/a1-envirosciences.com\/fr\/wp-json\/wp\/v2\/product_cat?post=11607"},{"taxonomy":"product_tag","embeddable":true,"href":"https:\/\/a1-envirosciences.com\/fr\/wp-json\/wp\/v2\/product_tag?post=11607"}],"curies":[{"name":"wp","href":"https:\/\/api.w.org\/{rel}","templated":true}]}}