{"id":11600,"date":"2022-01-01T08:11:04","date_gmt":"2022-01-01T07:11:04","guid":{"rendered":"https:\/\/a1-envirosciences.com\/produkte\/niet-gecategoriseerd\/aox-400\/"},"modified":"2025-11-05T14:41:41","modified_gmt":"2025-11-05T13:41:41","slug":"aox-400","status":"publish","type":"product","link":"https:\/\/a1-envirosciences.com\/nl\/producten\/analyse\/aox-400\/","title":{"rendered":"AOX-400"},"content":{"rendered":"<h3><strong>Uw voordelen<\/strong><\/h3>\n<p><strong>Voldoet aan de standaardnormen<\/strong>: ISO 9562 voor AOX, DIN 38409 en DIN 38414 voor EOX.<\/p>\n<p><strong>Ruimtebesparend: <\/strong>vereist minder dan een halve meter laboratoriumtafel<\/p>\n<p><strong>Verhoogde veiligheid: <\/strong>azijnzuur na verbranding en eenvoudige vervanging van celelektrolyt en zwavelzuur<\/p>\n<p><strong>Maximale flexibiliteit: <\/strong>dankzij ge\u00efntegreerde autosampler voor AOX en EOX en combinatie van verschillende AOX-meetmodi in \u00e9\u00e9n sequentie<\/p>\n<p><strong>Snelle EOX-meting: <\/strong>volledige terugwinning van zware stoffen in de kortst mogelijke meettijd<\/p>\n<h3><strong>Bescherming van hulpbronnen<\/strong><\/h3>\n<p><strong>Ontworpen voor een lange levensduur<\/strong>: robuust vakmanschap, duidelijke en eenvoudige bediening, service en reserveonderdelen. Een voorbeeld is de TOX-100 analyser, die we verkochten van 1997 tot 2013. Vandaag de dag is 85% van deze analysers nog steeds in gebruik - en worden ze gerepareerd, onderhouden en voorzien van reserveonderdelen.<\/p>\n<p><strong>Duurzaamheid: <\/strong>compatibiliteit met andere apparaatseries (met alle chlooranalysers van a1, bijv. TOX-10, TOX-10sigma, TOX-100, TOX-300 en AOX-200) en monstervoorbereidingen (AOX-monstervoorbereidingsmodules) en geen technische gassen nodig bij AOX-bedrijf<\/p>\n<p><strong>Minimaal gebruik van hulpbronnen: <\/strong>dankzij het robuuste ontwerp is er minder slijtage en hoeven onderdelen zelden te worden vervangen<\/p>\n<p><strong>Kosteneffici\u00ebntie: <\/strong>dankzij de directe injectie van de AOX-kolommen in de verbrandingskamer, het slijtvaste keramische filter en de gasgeleiding zonder Permapure-droger<\/p>\n<h3><strong>Eenvoudige bediening<\/strong><\/h3>\n<p><strong>Mogelijke monsters:<\/strong> Water, afvalwater, bodemmonsters<\/p>\n<p><strong>Eenvoudige reiniging en onderhoud:<\/strong> dankzij het eenvoudige en robuuste ontwerp van de AOX-400<\/p>\n<p><strong>Intu\u00eftieve software: <\/strong>met navigatiemodus en geoptimaliseerde kwaliteitscontrole<\/p>\n<p><strong>Hoge effici\u00ebntie: <\/strong>korte meettijden, langere meetreeksen en weinig onderhoud nodig<\/p>\n<p><strong>Verticale oven<\/strong>: zorgt voor snellere verbranding en minder slijtage van de verbrandingsbuis<\/p>\n<p><strong>Een breed scala aan toepassingen<\/strong>: bijvoorbeeld voor<\/p>\n<ul>\n<li>Contractlaboratoria<\/li>\n<li>Rioolwaterzuiveringsinstallaties<\/li>\n<li>Industri\u00eble bedrijven die (afval)water lozen<\/li>\n<li>Energiecentrales<\/li>\n<\/ul>\n<h3><strong>Onze service voor jou<\/strong><\/h3>\n<p><strong>Uitgebreide training:<\/strong> wij nemen het inwerken van uw werknemers over<\/p>\n<p><strong>Ook na de aankoop:<\/strong> veel vragen ontstaan pas tijdens het werk. We zijn er om al je vragen over het apparaat en je meting te beantwoorden<\/p>\n","protected":false},"excerpt":{"rendered":"<h5><strong><span style=\"color: #003671;\">Volledig geautomatiseerde AOX- en EOX-analyse<\/span><\/strong><\/h5>\n<p><span style=\"color: #003671;\">\u2713 Analyseer snel en eenvoudig water-, afvalwater- en bodemmonsters<\/span><\/p>\n<p><span style=\"color: #003671;\">\u2713 Combinatie van verschillende AOX-meetmethoden<\/span><\/p>\n<p><span style=\"color: #003671;\">\u2713 Kosteneffici\u00ebntie dankzij directe injectie van de AOX-kolommen<\/span><\/p>\n<p><span style=\"color: #003671;\">\u2713 Ruimtebesparend<\/span><\/p>\n<p><span style=\"color: #003671;\">Robuuste constructie voor duurzaamheid en eenvoudig schoonmaken<\/span><\/p>\n<p><span style=\"color: #003671;\">\u2713 Voldoet aan de standaardnormen: ISO 9562 voor AOX, DIN 38409 en DIN 38414 voor EOX<\/span><\/p>\n","protected":false},"featured_media":7217,"template":"","meta":{"_acf_changed":false},"product_brand":[],"product_cat":[1073],"product_tag":[],"class_list":{"0":"post-11600","1":"product","2":"type-product","3":"status-publish","4":"has-post-thumbnail","6":"product_cat-analyse","7":"pa_1-unterkategorie-somparameteranalysers","8":"pa_2-unterkategorie-aox-eox-pox-nl","9":"pa_applikationen-vaste-stoffen-andere-actieve-kool","10":"pa_applikationen-vaste-stoffen-andere-zuiveringsslib","11":"pa_applikationen-vaste-stoffen-huishoudelijke-artikelen-papier","12":"pa_applikationen-vaste-stoffen-natuurlijke-hulpbronnen-aarde","13":"pa_applikationen-vaste-stoffen-natuurlijke-hulpbronnen-steenkool","14":"pa_applikationen-vloeistof-voedsel-drinkwater","15":"pa_applikationen-vloeistof-water-afvalwater","16":"pa_applikationen-vloeistof-water-grondwater","17":"pa_applikationen-vloeistof-water-regenwater","18":"pa_applikationen-vloeistof-water-rivierwater","19":"pa_applikationen-vloeistof-water-zeewater-nl","20":"pa_applikationen-vloeistof-water-zeewater","21":"pa_einsatzgebiete-milieu","22":"pa_element-parameter-aox-eox-pox-nl","23":"pa_element-parameter-fluor-chloor-broom-jodium","24":"pa_hersteller-nittoseiko-analytech-nl","25":"pa_probentyp-firma","26":"pa_probentyp-vloeistof","27":"pa_produktgruppe-som-parameters","28":"pa_sprachversion-fr-nl","29":"pa_sprachversion-nl-nl","30":"pa_sprachversion-nl-nl-2","31":"pa_sprachversion-uk-nl","32":"pa_standardmethoden-astm-d4744-nl","33":"pa_standardmethoden-astm-d6721-nl","34":"pa_standardmethoden-din-38409-22-nl","35":"pa_standardmethoden-din-38409-32-nl","36":"pa_standardmethoden-din-38409-8-nl","37":"pa_standardmethoden-din-38409-h14-nl","38":"pa_standardmethoden-din-38414-17-nl","39":"pa_standardmethoden-din-38414-18-nl","40":"pa_standardmethoden-din-en-1485-nl","41":"pa_standardmethoden-en-iso-9562-nl","42":"pa_standardmethoden-epa-1650b-nl","43":"pa_standardmethoden-epa-9020b-nl","44":"pa_standardmethoden-epa-9021-nl","45":"pa_standardmethoden-epa-9023-nl","46":"pa_standardmethoden-gb-t-15959-nl","47":"pa_standardmethoden-iso-11480-nl","48":"pa_standardmethoden-oenorm-m-6614-nl","49":"pa_verfahren-und-methoden-coulometrische-titratie","50":"pa_verfahren-und-methoden-potentiometrische-titratie","51":"pa_verfahren-und-methoden-verbrandingsmethode","53":"first","54":"instock","55":"shipping-taxable","56":"product-type-simple"},"acf":[],"yoast_head":"<!-- This site is optimized with the Yoast SEO plugin v27.3 - https:\/\/yoast.com\/product\/yoast-seo-wordpress\/ -->\n<title>AOX-400 - a1 Envirosciences<\/title>\n<meta name=\"description\" content=\"De AOX-400 is het nieuwste systeem in de AOX\/EOX\/POX-serie analysers voor volledig automatische analyse. U kunt bij ons terecht voor analysers.\" \/>\n<meta name=\"robots\" content=\"index, follow, max-snippet:-1, max-image-preview:large, max-video-preview:-1\" \/>\n<link rel=\"canonical\" href=\"https:\/\/a1-envirosciences.com\/nl\/producten\/analyse\/aox-400\/\" \/>\n<meta property=\"og:locale\" content=\"nl_NL\" \/>\n<meta property=\"og:type\" content=\"article\" \/>\n<meta property=\"og:title\" content=\"AOX-400 - a1 Envirosciences\" \/>\n<meta property=\"og:description\" content=\"De AOX-400 is het nieuwste systeem in de AOX\/EOX\/POX-serie analysers voor volledig automatische analyse. U kunt bij ons terecht voor analysers.\" \/>\n<meta property=\"og:url\" content=\"https:\/\/a1-envirosciences.com\/nl\/producten\/analyse\/aox-400\/\" \/>\n<meta property=\"og:site_name\" content=\"a1 Envirosciences\" \/>\n<meta property=\"article:modified_time\" content=\"2025-11-05T13:41:41+00:00\" \/>\n<meta property=\"og:image\" content=\"https:\/\/a1-envirosciences.com\/wp-content\/uploads\/2022\/02\/AOX-400_Titelbild-scaled.jpg\" \/>\n\t<meta property=\"og:image:width\" content=\"2560\" \/>\n\t<meta property=\"og:image:height\" content=\"2560\" \/>\n\t<meta property=\"og:image:type\" content=\"image\/jpeg\" \/>\n<meta name=\"twitter:card\" content=\"summary_large_image\" \/>\n<meta name=\"twitter:label1\" content=\"Geschatte leestijd\" \/>\n\t<meta name=\"twitter:data1\" content=\"2 minuten\" \/>\n<script type=\"application\/ld+json\" class=\"yoast-schema-graph\">{\"@context\":\"https:\\\/\\\/schema.org\",\"@graph\":[{\"@type\":\"WebPage\",\"@id\":\"https:\\\/\\\/a1-envirosciences.com\\\/nl\\\/producten\\\/analyse\\\/aox-400\\\/\",\"url\":\"https:\\\/\\\/a1-envirosciences.com\\\/nl\\\/producten\\\/analyse\\\/aox-400\\\/\",\"name\":\"AOX-400 - a1 Envirosciences\",\"isPartOf\":{\"@id\":\"https:\\\/\\\/a1-envirosciences.com\\\/nl\\\/#website\"},\"primaryImageOfPage\":{\"@id\":\"https:\\\/\\\/a1-envirosciences.com\\\/nl\\\/producten\\\/analyse\\\/aox-400\\\/#primaryimage\"},\"image\":{\"@id\":\"https:\\\/\\\/a1-envirosciences.com\\\/nl\\\/producten\\\/analyse\\\/aox-400\\\/#primaryimage\"},\"thumbnailUrl\":\"https:\\\/\\\/a1-envirosciences.com\\\/wp-content\\\/uploads\\\/2022\\\/02\\\/AOX-400_Titelbild-scaled.jpg\",\"datePublished\":\"2022-01-01T07:11:04+00:00\",\"dateModified\":\"2025-11-05T13:41:41+00:00\",\"description\":\"De AOX-400 is het nieuwste systeem in de AOX\\\/EOX\\\/POX-serie analysers voor volledig automatische analyse. U kunt bij ons terecht voor analysers.\",\"breadcrumb\":{\"@id\":\"https:\\\/\\\/a1-envirosciences.com\\\/nl\\\/producten\\\/analyse\\\/aox-400\\\/#breadcrumb\"},\"inLanguage\":\"nl-NL\",\"potentialAction\":[{\"@type\":\"ReadAction\",\"target\":[\"https:\\\/\\\/a1-envirosciences.com\\\/nl\\\/producten\\\/analyse\\\/aox-400\\\/\"]}]},{\"@type\":\"ImageObject\",\"inLanguage\":\"nl-NL\",\"@id\":\"https:\\\/\\\/a1-envirosciences.com\\\/nl\\\/producten\\\/analyse\\\/aox-400\\\/#primaryimage\",\"url\":\"https:\\\/\\\/a1-envirosciences.com\\\/wp-content\\\/uploads\\\/2022\\\/02\\\/AOX-400_Titelbild-scaled.jpg\",\"contentUrl\":\"https:\\\/\\\/a1-envirosciences.com\\\/wp-content\\\/uploads\\\/2022\\\/02\\\/AOX-400_Titelbild-scaled.jpg\",\"width\":2560,\"height\":2560,\"caption\":\"AOX\"},{\"@type\":\"BreadcrumbList\",\"@id\":\"https:\\\/\\\/a1-envirosciences.com\\\/nl\\\/producten\\\/analyse\\\/aox-400\\\/#breadcrumb\",\"itemListElement\":[{\"@type\":\"ListItem\",\"position\":1,\"name\":\"Home\",\"item\":\"https:\\\/\\\/a1-envirosciences.com\\\/nl\\\/\"},{\"@type\":\"ListItem\",\"position\":2,\"name\":\"Producten\",\"item\":\"https:\\\/\\\/a1-envirosciences.com\\\/nl\\\/shop\\\/\"},{\"@type\":\"ListItem\",\"position\":3,\"name\":\"AOX-400\"}]},{\"@type\":\"WebSite\",\"@id\":\"https:\\\/\\\/a1-envirosciences.com\\\/nl\\\/#website\",\"url\":\"https:\\\/\\\/a1-envirosciences.com\\\/nl\\\/\",\"name\":\"a1 Envirosciences\",\"description\":\"\",\"potentialAction\":[{\"@type\":\"SearchAction\",\"target\":{\"@type\":\"EntryPoint\",\"urlTemplate\":\"https:\\\/\\\/a1-envirosciences.com\\\/nl\\\/?s={search_term_string}\"},\"query-input\":{\"@type\":\"PropertyValueSpecification\",\"valueRequired\":true,\"valueName\":\"search_term_string\"}}],\"inLanguage\":\"nl-NL\"}]}<\/script>\n<!-- \/ Yoast SEO plugin. -->","yoast_head_json":{"title":"AOX-400 - a1 Envirosciences","description":"De AOX-400 is het nieuwste systeem in de AOX\/EOX\/POX-serie analysers voor volledig automatische analyse. U kunt bij ons terecht voor analysers.","robots":{"index":"index","follow":"follow","max-snippet":"max-snippet:-1","max-image-preview":"max-image-preview:large","max-video-preview":"max-video-preview:-1"},"canonical":"https:\/\/a1-envirosciences.com\/nl\/producten\/analyse\/aox-400\/","og_locale":"nl_NL","og_type":"article","og_title":"AOX-400 - a1 Envirosciences","og_description":"De AOX-400 is het nieuwste systeem in de AOX\/EOX\/POX-serie analysers voor volledig automatische analyse. U kunt bij ons terecht voor analysers.","og_url":"https:\/\/a1-envirosciences.com\/nl\/producten\/analyse\/aox-400\/","og_site_name":"a1 Envirosciences","article_modified_time":"2025-11-05T13:41:41+00:00","og_image":[{"width":2560,"height":2560,"url":"https:\/\/a1-envirosciences.com\/wp-content\/uploads\/2022\/02\/AOX-400_Titelbild-scaled.jpg","type":"image\/jpeg"}],"twitter_card":"summary_large_image","twitter_misc":{"Geschatte leestijd":"2 minuten"},"schema":{"@context":"https:\/\/schema.org","@graph":[{"@type":"WebPage","@id":"https:\/\/a1-envirosciences.com\/nl\/producten\/analyse\/aox-400\/","url":"https:\/\/a1-envirosciences.com\/nl\/producten\/analyse\/aox-400\/","name":"AOX-400 - a1 Envirosciences","isPartOf":{"@id":"https:\/\/a1-envirosciences.com\/nl\/#website"},"primaryImageOfPage":{"@id":"https:\/\/a1-envirosciences.com\/nl\/producten\/analyse\/aox-400\/#primaryimage"},"image":{"@id":"https:\/\/a1-envirosciences.com\/nl\/producten\/analyse\/aox-400\/#primaryimage"},"thumbnailUrl":"https:\/\/a1-envirosciences.com\/wp-content\/uploads\/2022\/02\/AOX-400_Titelbild-scaled.jpg","datePublished":"2022-01-01T07:11:04+00:00","dateModified":"2025-11-05T13:41:41+00:00","description":"De AOX-400 is het nieuwste systeem in de AOX\/EOX\/POX-serie analysers voor volledig automatische analyse. U kunt bij ons terecht voor analysers.","breadcrumb":{"@id":"https:\/\/a1-envirosciences.com\/nl\/producten\/analyse\/aox-400\/#breadcrumb"},"inLanguage":"nl-NL","potentialAction":[{"@type":"ReadAction","target":["https:\/\/a1-envirosciences.com\/nl\/producten\/analyse\/aox-400\/"]}]},{"@type":"ImageObject","inLanguage":"nl-NL","@id":"https:\/\/a1-envirosciences.com\/nl\/producten\/analyse\/aox-400\/#primaryimage","url":"https:\/\/a1-envirosciences.com\/wp-content\/uploads\/2022\/02\/AOX-400_Titelbild-scaled.jpg","contentUrl":"https:\/\/a1-envirosciences.com\/wp-content\/uploads\/2022\/02\/AOX-400_Titelbild-scaled.jpg","width":2560,"height":2560,"caption":"AOX"},{"@type":"BreadcrumbList","@id":"https:\/\/a1-envirosciences.com\/nl\/producten\/analyse\/aox-400\/#breadcrumb","itemListElement":[{"@type":"ListItem","position":1,"name":"Home","item":"https:\/\/a1-envirosciences.com\/nl\/"},{"@type":"ListItem","position":2,"name":"Producten","item":"https:\/\/a1-envirosciences.com\/nl\/shop\/"},{"@type":"ListItem","position":3,"name":"AOX-400"}]},{"@type":"WebSite","@id":"https:\/\/a1-envirosciences.com\/nl\/#website","url":"https:\/\/a1-envirosciences.com\/nl\/","name":"a1 Envirosciences","description":"","potentialAction":[{"@type":"SearchAction","target":{"@type":"EntryPoint","urlTemplate":"https:\/\/a1-envirosciences.com\/nl\/?s={search_term_string}"},"query-input":{"@type":"PropertyValueSpecification","valueRequired":true,"valueName":"search_term_string"}}],"inLanguage":"nl-NL"}]}},"_links":{"self":[{"href":"https:\/\/a1-envirosciences.com\/nl\/wp-json\/wp\/v2\/product\/11600","targetHints":{"allow":["GET"]}}],"collection":[{"href":"https:\/\/a1-envirosciences.com\/nl\/wp-json\/wp\/v2\/product"}],"about":[{"href":"https:\/\/a1-envirosciences.com\/nl\/wp-json\/wp\/v2\/types\/product"}],"wp:featuredmedia":[{"embeddable":true,"href":"https:\/\/a1-envirosciences.com\/nl\/wp-json\/wp\/v2\/media\/7217"}],"wp:attachment":[{"href":"https:\/\/a1-envirosciences.com\/nl\/wp-json\/wp\/v2\/media?parent=11600"}],"wp:term":[{"taxonomy":"product_brand","embeddable":true,"href":"https:\/\/a1-envirosciences.com\/nl\/wp-json\/wp\/v2\/product_brand?post=11600"},{"taxonomy":"product_cat","embeddable":true,"href":"https:\/\/a1-envirosciences.com\/nl\/wp-json\/wp\/v2\/product_cat?post=11600"},{"taxonomy":"product_tag","embeddable":true,"href":"https:\/\/a1-envirosciences.com\/nl\/wp-json\/wp\/v2\/product_tag?post=11600"}],"curies":[{"name":"wp","href":"https:\/\/api.w.org\/{rel}","templated":true}]}}